{"id":179,"date":"2019-02-14T11:27:27","date_gmt":"2019-02-14T13:27:27","guid":{"rendered":"https:\/\/www.ufsm.br\/cursos\/pos-graduacao\/santa-maria\/ppgart\/?page_id=179"},"modified":"2021-02-23T16:26:50","modified_gmt":"2021-02-23T19:26:50","slug":"processo-seletivo","status":"publish","type":"page","link":"https:\/\/www.ufsm.br\/cursos\/pos-graduacao\/santa-maria\/ppgart\/processo-seletivo","title":{"rendered":"Doutorado"},"content":{"rendered":"\t\t<div data-elementor-type=\"wp-post\" data-elementor-id=\"179\" class=\"elementor elementor-179\">\n\t\t\t\t\t\t<section class=\"elementor-section elementor-top-section elementor-element elementor-element-45ef49c elementor-section-boxed elementor-section-height-default elementor-section-height-default\" data-id=\"45ef49c\" data-element_type=\"section\">\n\t\t\t\t\t\t<div class=\"elementor-container elementor-column-gap-default\">\n\t\t\t\t\t<div class=\"elementor-column elementor-col-100 elementor-top-column elementor-element elementor-element-fc7462e\" data-id=\"fc7462e\" data-element_type=\"column\">\n\t\t\t<div class=\"elementor-widget-wrap elementor-element-populated\">\n\t\t\t\t\t\t<div class=\"elementor-element elementor-element-f297ec9 elementor-widget elementor-widget-wp-widget-text\" data-id=\"f297ec9\" data-element_type=\"widget\" data-widget_type=\"wp-widget-text.default\">\n\t\t\t\t<div class=\"elementor-widget-container\">\n\t\t\t<h5>Processo seletivo Curso Doutorado em Artes Visuais<\/h5>\t\t\t<div class=\"textwidget\"><p><span style=\"font-family: helvetica, arial, sans-serif\">O processo seletivo para\u00a0 ingresso no curso de doutorado \u00e9 realizado em tr\u00eas etapas, sendo cada etapa eliminat\u00f3ria. A nota m\u00ednima \u00a0para classifica\u00e7\u00e3o em cada prova \u00e9 sete (7,0).<\/span><\/p>\n<p><span style=\"font-family: helvetica, arial, sans-serif\"><strong>Primeira etapa:<\/strong><\/span><\/p>\n<ul>\n<li><span style=\"font-family: helvetica, arial, sans-serif\">Prova 1: Projeto de Pesquisa, com peso tr\u00eas (3,0).<\/span><\/li>\n<li><span style=\"font-family: helvetica, arial, sans-serif\">Prova 2: Curr\u00edculo; Portf\u00f3lio Art\u00edstico ou Portf\u00f3lio Textos, com peso tr\u00eas (3,0).<\/span><\/li>\n<\/ul>\n<p><a href=\"https:\/\/www.ufsm.br\/app\/uploads\/sites\/529\/2021\/01\/PLANILHA-DE-AVALIACAO-DO-CURRICULO-doutorado.docx\">PLANILHA DE AVALIA\u00c7\u00c3O DO CURR\u00cdCULO \u2013 doutorado<\/a><\/p>\n<p><span style=\"font-family: helvetica, arial, sans-serif\"><strong>\u00a0<\/strong><\/span><span style=\"font-family: helvetica, arial, sans-serif\"><strong>Segunda etapa:<\/strong><\/span><\/p>\n<ul>\n<li><span style=\"font-family: helvetica, arial, sans-serif\">Prova 3: Prova Escrita, peso tr\u00eas (3,0).<\/span><\/li>\n<li><span style=\"font-family: helvetica, arial, sans-serif\">Bibliografia indicada:<\/span><\/li>\n<\/ul>\n<p style=\"padding-left: 40px\">AGAMBEN, Giorgio. <em>O que \u00e9 o contempor\u00e2neo e outros ensaios.<\/em> Chapec\u00f3: Argos, 2009. <a href=\"https:\/\/www.ufsm.br\/app\/uploads\/sites\/529\/2021\/01\/Giorgio-agamben.pdf\">Parte 1<\/a>.<\/p>\n<p style=\"padding-left: 40px\">ARCHER, Michael. <em>Arte Contempor\u00e2nea: Uma hist\u00f3ria Concisa<\/em>. S\u00e3o Paulo: Martins Fontes, 2001. <a href=\"https:\/\/www.ufsm.br\/app\/uploads\/sites\/529\/2021\/01\/2-ARCHER-Michael.-Arte-Contemporanea-uma-historia-concisa.-36-83.pdf\">Parte 1<\/a><\/p>\n<p style=\"padding-left: 40px\">BASBAUM, Ricardo. <em>Manual do artista-etc<\/em>. Rio de Janeiro: Azougue, 2013. <a href=\"https:\/\/www.ufsm.br\/app\/uploads\/sites\/529\/2021\/01\/3-BASBAUM-Ricardo.-Manual-do-artista-etc.2.pdf\">Parte 1<\/a> e <a href=\"https:\/\/www.ufsm.br\/app\/uploads\/sites\/529\/2021\/01\/3-BASBAUM-Ricardo.-Manual-do-artista-etc..pdf\">parte 2<\/a>.<\/p>\n<p style=\"padding-left: 40px\">BEIGUELMAN, Giselle; MAGALH\u00c3ES, Ana Gon\u00e7alves (org.). <em>Futuros Poss\u00edveis: arte, museu e arquivos digitais<\/em>. S\u00e3o Paulo:EDUSP, 2014. <a href=\"https:\/\/www.ufsm.br\/app\/uploads\/sites\/529\/2021\/01\/4-BEIGUELMAN-Giselle-MAGALHAES-Ana-Goncalves.-Futuros-Possiveis-arte-museu-e-arquivos-digitais-120-174.pdf\">Parte 1<\/a> e <a href=\"https:\/\/www.ufsm.br\/app\/uploads\/sites\/529\/2021\/01\/4-BEIGUELMAN-Giselle-MAGALHAES-Ana-Goncalves.-Futuros-Possiveis-arte-museu-e-arquivos-digitais-13-34.pdf\">parte 2<\/a>.<\/p>\n<p style=\"padding-left: 40px\">BELTING, Hans.<em> O fim da hist\u00f3ria da arte: uma revis\u00e3o dez anos depois.<\/em> S\u00e3o Paulo: Cosac &amp;Naify, 2006. <a href=\"https:\/\/www.ufsm.br\/app\/uploads\/sites\/529\/2021\/01\/3-BELTING-Hans.-O-fim-da-historia-da-arte-17-26.pdf\">Parte 1<\/a>, <a href=\"https:\/\/www.ufsm.br\/app\/uploads\/sites\/529\/2021\/01\/5-BELTING-Hans.-O-fim-da-historia-da-arte-74-87.pdf\">parte 2<\/a> e <a href=\"https:\/\/www.ufsm.br\/app\/uploads\/sites\/529\/2021\/01\/3-BELTING-Hans.-O-fim-da-historia-da-arte-101-103.pdf\">parte 3<\/a>.<\/p>\n<p style=\"padding-left: 40px\">BRITES, Blanca; TESSLER, Elida (org.). <em>O meio como ponto zero: Metodologia da pesquisa em Artes Pl\u00e1sticas<\/em>. Porto Alegre: Editora da Universidade\/UFRGS, 2002. <a href=\"https:\/\/www.ufsm.br\/app\/uploads\/sites\/529\/2021\/01\/4-BRITES-Blanca-TESSLER-Elida-org..-O-meio-como-ponto-zero-15-34.pdf\">Parte 1<\/a>, <a href=\"https:\/\/www.ufsm.br\/app\/uploads\/sites\/529\/2021\/01\/6-BRITES-Blanca-TESSLER-Elida-org..-O-meio-como-ponto-zero-37-52.pdf\">parte 2<\/a> e <a href=\"https:\/\/www.ufsm.br\/app\/uploads\/sites\/529\/2021\/01\/4-BRITES-Blanca-TESSLER-Elida-org..-O-meio-como-ponto-zero-123-140.pdf\">parte 3<\/a>.<\/p>\n<p style=\"padding-left: 40px\">DANTO, Arthur C. <em>El abuso de La belleza<\/em>. Buenos Aires: PAID\u00d3S, 2005. <a href=\"https:\/\/www.ufsm.br\/app\/uploads\/sites\/529\/2021\/01\/11-DANTO-Arthur-C.-El-abuso-de-La-belleza.-181-202.pdf\">Parte 1<\/a>.<\/p>\n<p style=\"padding-left: 40px\">FERREIRA, Gl\u00f3ria; COTRIM, Cecilia (org.). <em>Escritos de artistas \u2013 anos 60\/70. <\/em>Rio de Janeiro: Zahar, 2006.\u00a0 <a href=\"https:\/\/www.ufsm.br\/app\/uploads\/sites\/529\/2021\/01\/7-FERREIRA-Gloria.-COTRIM-Cecilia.-Escritos-de-artistas-\u2013-anos-6070.-83-96.pdf\">Parte 1<\/a>, <a href=\"https:\/\/www.ufsm.br\/app\/uploads\/sites\/529\/2021\/01\/7-FERREIRA-Gloria.-COTRIM-Cecilia.-Escritos-de-artistas-\u2013-anos-6070.-121-122.pdf\">parte 2<\/a> e <a href=\"https:\/\/www.ufsm.br\/app\/uploads\/sites\/529\/2021\/01\/7-FERREIRA-Gloria.-COTRIM-Cecilia.-Escritos-de-artistas-\u2013-anos-6070.-236-249.pdf\">parte 3<\/a><\/p>\n<p style=\"padding-left: 40px\">FLUSSER, Vil\u00e9m. <em>Filosofia da caixa preta: ensaios para uma futura filosofia da fotografia<\/em>. Rio de Janeiro: Relume Dumar\u00e1, 2002. <a href=\"https:\/\/www.ufsm.br\/app\/uploads\/sites\/529\/2021\/01\/8-FLUSSER-Vilem.-Filosofia-da-caixa-preta-ensaios-para-uma-futura-filosofia-da-fotografia.-8-11-girado-1.pdf\">Parte 1<\/a> e <a href=\"https:\/\/www.ufsm.br\/app\/uploads\/sites\/529\/2021\/01\/8-FLUSSER-Vilem.-Filosofia-da-caixa-preta-ensaios-para-uma-futura-filosofia-da-fotografia.-32-40-girado.pdf\">Parte 2<\/a>.<\/p>\n<p style=\"padding-left: 40px\">GRAU, Oliver. <em>Arte virtual: Da ilus\u00e3o \u00e0 imers\u00e3o<\/em>. S\u00e3o Paulo: UNESP, 2007. <a href=\"https:\/\/www.ufsm.br\/app\/uploads\/sites\/529\/2021\/01\/9-GRAU-Oliver.-Arte-virtual-Da-ilusao-a-imersao-121-153-girado.pdf\">Parte 1\u00a0<\/a> e <a href=\"https:\/\/www.ufsm.br\/app\/uploads\/sites\/529\/2021\/01\/9-GRAU-Oliver.-Arte-virtual-Da-ilusao-a-imersao-153-167-girado.pdf\">parte 2<\/a>.<\/p>\n<p style=\"padding-left: 40px\">HALL, Stuart. <em>A identidade cultural na p\u00f3s-modernidade<\/em>. Rio de Janeiro: DP&amp;A, 2006. <a href=\"https:\/\/www.ufsm.br\/app\/uploads\/sites\/529\/2021\/01\/10-HALL-Stuart.-A-identidade-cultural-na-pos-modernidade-7-22.pdf\">Parte 1<\/a> e <a href=\"https:\/\/www.ufsm.br\/app\/uploads\/sites\/529\/2021\/01\/10-HALL-Stuart.-A-identidade-cultural-na-pos-modernidade-77-98.pdf\">Parte 2.<\/a><\/p>\n<p style=\"padding-left: 40px\"><span style=\"font-family: helvetica, arial, sans-serif\">MANOVICH, Lev. <em>El lenguaje de los nuevos m\u00e9dios de comunicaci\u00f3n.<\/em> Buenos Aires: PAID\u00d3S, 2006. <a href=\"https:\/\/www.ufsm.br\/app\/uploads\/sites\/529\/2021\/01\/12-MANOVICH-Lev.-El-lenguaje-de-los-nuevos-medios-de-comunicacion-31-84-1.pdf\">Parte 1<\/a>.\u00a0 \u00a0<\/span><\/p>\n<p>\u00a0 \u00a0 \u00a0 \u00a0<span style=\"font-family: helvetica, arial, sans-serif\"><strong>Terceira etapa:<\/strong><\/span><\/p>\n<ul>\n<li><span style=\"font-family: helvetica, arial, sans-serif\">Prova 4: Prova Oral (Defesa do Projeto de Pesquisa), com peso um (1,0).<\/span><\/li>\n<li><a href=\"https:\/\/www.ufsm.br\/app\/uploads\/sites\/529\/2021\/02\/CRONOGRAMA-DOUTORADO.pdf\">Cronograma Prova 4<\/a><\/li>\n<\/ul>\n<\/div>\n\t\t\t\t<\/div>\n\t\t\t\t<\/div>\n\t\t\t\t<div class=\"elementor-element elementor-element-21e4a29 elementor-widget elementor-widget-wp-widget-text\" data-id=\"21e4a29\" data-element_type=\"widget\" data-widget_type=\"wp-widget-text.default\">\n\t\t\t\t<div class=\"elementor-widget-container\">\n\t\t\t<h5>Edital<\/h5>\t\t\t<div class=\"textwidget\"><ul>\n<li>Para mais informa\u00e7\u00f5es sobre o\u00a0Edital Extraordin\u00e1rio 001\/2021, acesse: <a href=\"https:\/\/www.ufsm.br\/pro-reitorias\/prpgp\/editais\/001-2021\/\">https:\/\/www.ufsm.br\/pro-reitorias\/prpgp\/editais\/001-2021\/<\/a><\/li>\n<li>Edital espec\u00edfico para ingresso no doutorado em Artes Visuais (edital espec\u00edfico 001.03\/2021): <a href=\"https:\/\/www.ufsm.br\/app\/uploads\/sites\/345\/2021\/01\/EdEsp01.03-21-DoutArtesVisuais.pdf\">https:\/\/www.ufsm.br\/app\/uploads\/sites\/345\/2021\/01\/EdEsp01.03-21-DoutArtesVisuais.pdf<\/a><\/li>\n<\/ul>\n<\/div>\n\t\t\t\t<\/div>\n\t\t\t\t<\/div>\n\t\t\t\t<div class=\"elementor-element elementor-element-e56704e elementor-widget elementor-widget-wp-widget-text\" data-id=\"e56704e\" data-element_type=\"widget\" data-widget_type=\"wp-widget-text.default\">\n\t\t\t\t<div class=\"elementor-widget-container\">\n\t\t\t<h5>Resultado<\/h5>\t\t\t<div class=\"textwidget\"><ul>\n<li><strong>Primeira Etapa\u00a0<\/strong><\/li>\n<\/ul>\n<p><a href=\"https:\/\/www.ufsm.br\/app\/uploads\/sites\/529\/2021\/01\/RESULTADO-PROVISORIO-PRIMEIRA-ETAPA-DOUTORADO.pdf\" target=\"_blank\" rel=\"noopener\">Resultado Provis\u00f3rio<\/a><\/p>\n<p><a href=\"https:\/\/www.ufsm.br\/app\/uploads\/sites\/529\/2021\/02\/RESULTADO-FINAL-PRIMEIRA-ETAPA-DOUTORADO-para-site.pdf\">Resultado Final\u00a0<\/a><\/p>\n<ul>\n<li><strong>Segunda Etapa\u00a0<\/strong><\/li>\n<\/ul>\n<p><a href=\"https:\/\/www.ufsm.br\/app\/uploads\/sites\/529\/2021\/02\/RESULTADO-PROVISORIO-SEGUNTA-ETAPA-DOUTORADO.pdf\">Resultado Provis\u00f3rio<\/a><\/p>\n<p><a href=\"https:\/\/www.ufsm.br\/app\/uploads\/sites\/529\/2021\/02\/RESULTADO-FINAL-SEGUNTA-ETAPA-DOUTORADO.pdf\">Resultado Final<\/a><\/p>\n<ul>\n<li><strong>Terceira Etapa<\/strong><\/li>\n<\/ul>\n<p><a href=\"https:\/\/www.ufsm.br\/app\/uploads\/sites\/529\/2021\/02\/RESULTADO-PROVISORIO-TERCEIRA-ETAPA-DOUTORADO-1.pdf\">Resultado Provis\u00f3rio<\/a><\/p>\n<p><a href=\"https:\/\/www.ufsm.br\/app\/uploads\/sites\/529\/2021\/02\/RESULTADO-FINAL-TERCEIRA-ETAPA-DOUTORADO.pdf\">Resultado Final<\/a><\/p>\n<p>&nbsp;<\/p>\n<p>&nbsp;<\/p>\n<\/div>\n\t\t\t\t<\/div>\n\t\t\t\t<\/div>\n\t\t\t\t\t<\/div>\n\t\t<\/div>\n\t\t\t\t\t<\/div>\n\t\t<\/section>\n\t\t\t\t<section class=\"elementor-section elementor-top-section elementor-element elementor-element-6ad0109 elementor-section-boxed elementor-section-height-default elementor-section-height-default\" data-id=\"6ad0109\" data-element_type=\"section\">\n\t\t\t\t\t\t<div class=\"elementor-container elementor-column-gap-default\">\n\t\t\t\t\t<div class=\"elementor-column elementor-col-100 elementor-top-column elementor-element elementor-element-ba24a7d\" data-id=\"ba24a7d\" data-element_type=\"column\">\n\t\t\t<div class=\"elementor-widget-wrap\">\n\t\t\t\t\t\t\t<\/div>\n\t\t<\/div>\n\t\t\t\t\t<\/div>\n\t\t<\/section>\n\t\t\t\t<section class=\"elementor-section elementor-top-section elementor-element elementor-element-ec72d21 elementor-section-boxed elementor-section-height-default elementor-section-height-default\" data-id=\"ec72d21\" data-element_type=\"section\">\n\t\t\t\t\t\t<div class=\"elementor-container elementor-column-gap-default\">\n\t\t\t\t\t<div class=\"elementor-column elementor-col-100 elementor-top-column elementor-element elementor-element-7e66c8a\" data-id=\"7e66c8a\" data-element_type=\"column\">\n\t\t\t<div class=\"elementor-widget-wrap\">\n\t\t\t\t\t\t\t<\/div>\n\t\t<\/div>\n\t\t\t\t\t<\/div>\n\t\t<\/section>\n\t\t\t\t<\/div>\n\t\t","protected":false},"excerpt":{"rendered":"","protected":false},"author":117,"featured_media":0,"parent":0,"menu_order":0,"comment_status":"closed","ping_status":"closed","template":"","meta":{"footnotes":""},"categories":[],"tags":[],"class_list":["post-179","page","type-page","status-publish","hentry"],"acf":[],"_links":{"self":[{"href":"https:\/\/www.ufsm.br\/cursos\/pos-graduacao\/santa-maria\/ppgart\/wp-json\/wp\/v2\/pages\/179","targetHints":{"allow":["GET"]}}],"collection":[{"href":"https:\/\/www.ufsm.br\/cursos\/pos-graduacao\/santa-maria\/ppgart\/wp-json\/wp\/v2\/pages"}],"about":[{"href":"https:\/\/www.ufsm.br\/cursos\/pos-graduacao\/santa-maria\/ppgart\/wp-json\/wp\/v2\/types\/page"}],"author":[{"embeddable":true,"href":"https:\/\/www.ufsm.br\/cursos\/pos-graduacao\/santa-maria\/ppgart\/wp-json\/wp\/v2\/users\/117"}],"replies":[{"embeddable":true,"href":"https:\/\/www.ufsm.br\/cursos\/pos-graduacao\/santa-maria\/ppgart\/wp-json\/wp\/v2\/comments?post=179"}],"version-history":[{"count":0,"href":"https:\/\/www.ufsm.br\/cursos\/pos-graduacao\/santa-maria\/ppgart\/wp-json\/wp\/v2\/pages\/179\/revisions"}],"wp:attachment":[{"href":"https:\/\/www.ufsm.br\/cursos\/pos-graduacao\/santa-maria\/ppgart\/wp-json\/wp\/v2\/media?parent=179"}],"wp:term":[{"taxonomy":"category","embeddable":true,"href":"https:\/\/www.ufsm.br\/cursos\/pos-graduacao\/santa-maria\/ppgart\/wp-json\/wp\/v2\/categories?post=179"},{"taxonomy":"post_tag","embeddable":true,"href":"https:\/\/www.ufsm.br\/cursos\/pos-graduacao\/santa-maria\/ppgart\/wp-json\/wp\/v2\/tags?post=179"}],"curies":[{"name":"wp","href":"https:\/\/api.w.org\/{rel}","templated":true}]}}