{"id":1836,"date":"2023-04-14T11:20:05","date_gmt":"2023-04-14T14:20:05","guid":{"rendered":"https:\/\/www.ufsm.br\/cursos\/pos-graduacao\/santa-maria\/ppgart\/?page_id=1836"},"modified":"2023-09-21T15:41:01","modified_gmt":"2023-09-21T18:41:01","slug":"processo-seletivo-2o-sem-2023","status":"publish","type":"page","link":"https:\/\/www.ufsm.br\/cursos\/pos-graduacao\/santa-maria\/ppgart\/processo-seletivo-2o-sem-2023","title":{"rendered":"PROCESSO SELETIVO 2\u00ba. SEM. 2023"},"content":{"rendered":"\t\t<div data-elementor-type=\"wp-page\" data-elementor-id=\"1836\" class=\"elementor elementor-1836\">\n\t\t\t\t\t\t<section class=\"elementor-section elementor-top-section elementor-element elementor-element-bc1a50c elementor-section-boxed elementor-section-height-default elementor-section-height-default\" data-id=\"bc1a50c\" data-element_type=\"section\">\n\t\t\t\t\t\t<div class=\"elementor-container elementor-column-gap-default\">\n\t\t\t\t\t<div class=\"elementor-column elementor-col-100 elementor-top-column elementor-element elementor-element-7f4453e\" data-id=\"7f4453e\" data-element_type=\"column\">\n\t\t\t<div class=\"elementor-widget-wrap elementor-element-populated\">\n\t\t\t\t\t\t<div class=\"elementor-element elementor-element-dd06ffc elementor-widget elementor-widget-wp-widget-text\" data-id=\"dd06ffc\" data-element_type=\"widget\" data-widget_type=\"wp-widget-text.default\">\n\t\t\t\t<div class=\"elementor-widget-container\">\n\t\t\t<h5>Curso de Mestrado em Artes Visuais<\/h5>\t\t\t<div class=\"textwidget\"><div data-id=\"53cc39c\" data-element_type=\"widget\" data-widget_type=\"wp-widget-text.default\">\n<div>\n<div>\n<p>O Curso de Mestrado em Artes Visuais ocorrer\u00e1 em per\u00edodo de regime presencial regular, na cidade de Santa Maria\/RS e tem dura\u00e7\u00e3o de 4 semestres.<\/p>\n<p>O processo seletivo para\u00a0 ingresso no curso de mestrado em Artes Visuais \u00e9 realizado em tr\u00eas etapas, sendo cada etapa eliminat\u00f3ria. A nota m\u00ednima \u00a0para classifica\u00e7\u00e3o em cada prova \u00e9 sete (7,0).<\/p>\n<p><strong>Primeira etapa:<\/strong><\/p>\n<ul>\n<li>Prova 1: Projeto de Pesquisa, com peso tr\u00eas (3,0).<\/li>\n<li>Prova 2: Curr\u00edculo; Portf\u00f3lio Art\u00edstico ou Portf\u00f3lio Textos, com peso tr\u00eas (3,0).<\/li>\n<\/ul>\n<p><a href=\"https:\/\/www.ufsm.br\/app\/uploads\/sites\/529\/2023\/04\/PLANILHA-DE-AVALIACAO-DO-CURRICULO.docx\"><b>PLANILHA DE AVALIA\u00c7\u00c3O DO CURR\u00cdCULO \u2013 mestrado<\/b>\u00a0<\/a><\/p>\n<p><strong>\u00a0<\/strong><strong>Segunda etapa:<\/strong><\/p>\n<ul>\n<li>Prova 3: Prova Escrita, peso tr\u00eas (3,0).<\/li>\n<li>Bibliografia indicada:<\/li>\n<\/ul>\n<p>ARCHER, Michael.\u00a0<em>Arte Contempor\u00e2nea: uma hist\u00f3ria concisa.<\/em> S\u00e3o Paulo: Martins Fontes, 2001. <span style=\"color: #0000ff\"><strong><a style=\"color: #0000ff\" href=\"https:\/\/www.ufsm.br\/app\/uploads\/sites\/529\/2022\/03\/ARCHER-Michael-Arte-contemporanea-O-campo-expandido.pdf\">PARTE 1<\/a><span style=\"color: #000000\"> |<\/span> <a style=\"color: #0000ff\" href=\"https:\/\/www.ufsm.br\/app\/uploads\/sites\/529\/2022\/03\/ARCHER-Michael-Arte-contemporanea-O-real-e-seus-objetos.pdf\">PARTE 2<\/a><\/strong><\/span><\/p>\n<p>BAUMAN, Zygmunt.\u00a0<em>Ensaios sobre o conceito de cultura.<\/em> Rio de Janeiro: Zahar, 2012. <span style=\"color: #0000ff\"><strong><a style=\"color: #0000ff\" href=\"https:\/\/www.ufsm.br\/app\/uploads\/sites\/529\/2022\/03\/BAUMAN-Zygmunt-Ensaios-sobre-o-conceito-de-cultura-Cultura-como-conceito.pdf\">PARTE 1<\/a><span style=\"color: #000000\"> |<\/span> <a style=\"color: #0000ff\" href=\"https:\/\/www.ufsm.br\/app\/uploads\/sites\/529\/2022\/03\/BAUMAN-Zygmunt-Ensaios-sobre-o-conceito-de-cultura-Introducao.pdf\">PARTE 2<\/a><\/strong><\/span><\/p>\n<p>BELTING, Hans.\u00a0<em>O fim da hist\u00f3ria da arte: uma revis\u00e3o dez anos depois.<\/em> S\u00e3o Paulo: Cosac &amp; Naify,<br \/>\n2006. <span style=\"color: #0000ff\"><strong><a style=\"color: #0000ff\" href=\"https:\/\/www.ufsm.br\/app\/uploads\/sites\/529\/2022\/03\/BELTING-Hans-O-fim-da-historia-da-arte-Experiencia-artistica-atual-e-pesquisa-historica-da-arte.pdf\">PARTE 1<\/a><span style=\"color: #000000\"> |<\/span> <a style=\"color: #0000ff\" href=\"https:\/\/www.ufsm.br\/app\/uploads\/sites\/529\/2022\/03\/BELTING-Hans-O-fim-da-historia-da-arte-O-fim-da-historia-da-arte-e-a-cultura-atual.pdf\">PARTE 2<\/a><\/strong><\/span><\/p>\n<p>BRITES, Blanca; TESSLER, Elida (org.).\u00a0<em>O meio como ponto zero: Metodologia da pesquisa em Artes<\/em><br \/>\n<em>Pl\u00e1sticas.<\/em> Porto Alegre: Editora da Universidade\/UFRGS, 2002. <span style=\"color: #0000ff\"><strong><a style=\"color: #0000ff\" href=\"https:\/\/www.ufsm.br\/app\/uploads\/sites\/529\/2022\/03\/BRITES-Blanca_-TESSLER-Elida-org-O-meio-como-ponto-zero-Coloquio-sobre-a-metodologia-da-pesquisa-em-artes-plasticas-na-universidade.pdf\">PARTE 1<\/a><span style=\"color: #000000\"> |<\/span> <a style=\"color: #0000ff\" href=\"https:\/\/www.ufsm.br\/app\/uploads\/sites\/529\/2022\/03\/BRITES-Blanca_-TESSLER-Elida-org-O-meio-como-ponto-zero-Por-uma-abordagem-metodologica-da-pesquisa-em-artes-visuais.pdf\">PARTE 2<\/a><\/strong><\/span><\/p>\n<p>CAUQUELIN, Anne.\u00a0<em>Arte Contempor\u00e2nea: uma Introdu\u00e7\u00e3o.<\/em> S\u00e3o Paulo: Martins Fontes, 2005. <a href=\"https:\/\/www.ufsm.br\/app\/uploads\/sites\/529\/2022\/03\/CAUQUELIN-Anne-Arte-contemporanea-uma-Introducao-A-atualidade.pdf\"><span style=\"color: #0000ff\"><strong>PARTE \u00daNICA<\/strong><\/span><\/a><\/p>\n<p>DANTO, Arthur C.\u00a0<em>Ap\u00f3s o fim da arte.<\/em> S\u00e3o Paulo: Edusp, 2006.\u00a0<a href=\"https:\/\/www.ufsm.br\/app\/uploads\/sites\/529\/2023\/05\/danto-arthur-c-apos-o-fim-da-arte.pdf\"><span style=\"color: #0000ff\"><strong>PARTE\u00a0\u00daNICA<\/strong><\/span><\/a><\/p>\n<p>DIDI-HUBERMANN, Georges.\u00a0<em>O que vemos, o que nos olha.<\/em> S\u00e3o Paulo: Editora 34, 1998. <span style=\"color: #0000ff\"><strong><a style=\"color: #0000ff\" href=\"https:\/\/www.ufsm.br\/app\/uploads\/sites\/529\/2022\/03\/DIDI-HUBERMANN-Georges-O-que-vemos-o-que-nos-olha-A-dupla-distancia.pdf\">PARTE 1<\/a><span style=\"color: #000000\"> |<\/span> <a style=\"color: #0000ff\" href=\"https:\/\/www.ufsm.br\/app\/uploads\/sites\/529\/2022\/03\/DIDI-HUBERMANN-Georges-O-que-vemos-o-que-nos-olha-A-inelutavel-cisao-do-ver.pdf\">PARTE 2<\/a><\/strong><\/span><\/p>\n<p>FERREIRA, Gl\u00f3ria. COTRIM, Cecilia (org.).\u00a0<em>Escritos de artistas \u2013 anos 60\/70.<\/em>\u00a0Rio de Janeiro: ZAHAR,<br \/>\n2006. <span style=\"color: #0000ff\"><strong><a style=\"color: #0000ff\" href=\"https:\/\/www.ufsm.br\/app\/uploads\/sites\/529\/2022\/03\/FERREIRA-Gloria_-COTRIM-Cecilia-Escritos-de-artistas-Anos-6070-A-arte-depois-da-filosofia.pdf\">PARTE 1<\/a><span style=\"color: #000000\"> |<\/span> <a style=\"color: #0000ff\" href=\"https:\/\/www.ufsm.br\/app\/uploads\/sites\/529\/2022\/03\/FERREIRA-Gloria_-COTRIM-Cecilia-Escritos-de-artistas-Anos-6070-Joseph-Beuys-Conversa-entre-Joseph-Beuys-e-o-Hagen-Lieberknecht.pdf\">PARTE 2<\/a><\/strong><\/span><\/p>\n<p>GRAU, Oliver.\u00a0<em>Arte virtual: Da ilus\u00e3o \u00e0 imers\u00e3o.<\/em> S\u00e3o Paulo: UNESP, 2007. <span style=\"color: #0000ff\"><strong><a style=\"color: #0000ff\" href=\"https:\/\/www.ufsm.br\/app\/uploads\/sites\/529\/2022\/03\/GRAU-Oliver-Arte-virtual-da-ilusao-a-imersao-Conectada-com-o-corpo-humano.pdf\">PARTE 1<\/a><span style=\"color: #000000\"> |<\/span> <a style=\"color: #0000ff\" href=\"https:\/\/www.ufsm.br\/app\/uploads\/sites\/529\/2022\/03\/GRAU-Oliver-Arte-virtual-da-ilusao-a-imersao-Perspectivas.pdf\">PARTE 2<\/a> <span style=\"color: #000000\">| <a style=\"color: #0000ff\" href=\"https:\/\/www.ufsm.br\/app\/uploads\/sites\/529\/2022\/03\/GRAU-Oliver-Arte-virtual-da-ilusao-a-imersao-Telepresenca-Arte-e-historia-de-uma-ideia.pdf\">PARTE 3<\/a><\/span><\/strong><\/span><\/p>\n<p><span style=\"background-color: var(--bs-body-bg)\">RUSH,\u00a0Michael.\u00a0<\/span><em style=\"background-color: var(--bs-body-bg)\">Novas m\u00eddias na arte contempor\u00e2nea<\/em><span style=\"background-color: var(--bs-body-bg)\">. S\u00e3o. Paulo: Martins Fontes, 2006. <\/span><span style=\"color: #0000ff;background-color: var(--bs-body-bg)\"><strong><a style=\"color: #0000ff\" href=\"https:\/\/www.ufsm.br\/app\/uploads\/sites\/529\/2022\/03\/RUSH-Michael-Novas-midias-na-arte-contemporanea-Videoarte.pdf\">PARTE 1<\/a> <span style=\"color: #000000\">|<\/span> <a style=\"color: #0000ff\" href=\"https:\/\/www.ufsm.br\/app\/uploads\/sites\/529\/2022\/03\/RUSH-Michael-Novas-midias-na-arte-contemporanea-Videoinstalacao.pdf\">PARTE 2<\/a><\/strong><\/span><span style=\"background-color: var(--bs-body-bg)\">\u00a0<\/span><\/p>\n<p><strong>\u00a0Terceira etapa:<\/strong><\/p>\n<ul>\n<li>Prova 4: Prova Oral (Defesa do Projeto de Pesquisa), com peso um (1,0)<\/li>\n<li><a href=\"https:\/\/www.ufsm.br\/app\/uploads\/sites\/529\/2023\/06\/CRONOGRAMA-PROVA-ORAL-MESTRADO.pdf\">Cronograma Prova 4\u00a0<\/a><\/li>\n<\/ul>\n<\/div>\n<\/div>\n<\/div>\n<div data-id=\"39c65df\" data-element_type=\"widget\" data-widget_type=\"wp-widget-text.default\">\n<h5>Inscri\u00e7\u00f5es deferidas e indeferidas<\/h5>\n<p><a href=\"https:\/\/www.ufsm.br\/app\/uploads\/sites\/529\/2023\/06\/inscricoes-deferidas-e-indeferidas.pdf\">Acesse aqui.\u00a0<\/a><\/p>\n<p>&nbsp;<\/p>\n<\/div>\n<h5>Resultados<\/h5>\n<div data-id=\"39c65df\" data-element_type=\"widget\" data-widget_type=\"wp-widget-text.default\">\n<div>\n<ul>\n<li><strong>Primeira Etapa<\/strong><\/li>\n<\/ul>\n<p><a href=\"https:\/\/www.ufsm.br\/app\/uploads\/sites\/529\/2023\/06\/RESULTADO-PREVIO-ETAPA-1.pdf\">Resultado Provis\u00f3rio<\/a><\/p>\n<p><a href=\"https:\/\/www.ufsm.br\/app\/uploads\/sites\/529\/2023\/06\/RESULTADO-FINAL-ETAPA-1.pdf\">Resultado Final<\/a><\/p>\n<ul>\n<li><strong>Segunda Etapa\u00a0<\/strong><\/li>\n<\/ul>\n<p><a href=\"https:\/\/www.ufsm.br\/app\/uploads\/sites\/529\/2023\/06\/RESULTADO-PROVISORIO-SEGUNDA-ETAPA-MESTRADO.pdf\">Resultado Provis\u00f3rio<\/a><\/p>\n<p><a href=\"https:\/\/www.ufsm.br\/app\/uploads\/sites\/529\/2023\/06\/RESULTADO-FINAL-SEGUNDA-ETAPA-MESTRADO.pdf\">Resultado Final<\/a><\/p>\n<ul>\n<li><strong>Terceira Etapa<\/strong><\/li>\n<\/ul>\n<p><a href=\"https:\/\/www.ufsm.br\/app\/uploads\/sites\/529\/2023\/06\/RESULTADO-PROVISORIO-TERCEIRA-ETAPA-mestrado.pdf\">Resultado Provis\u00f3rio<\/a><\/p>\n<p><a href=\"https:\/\/www.ufsm.br\/app\/uploads\/sites\/529\/2023\/06\/RESULTADO-FINAL-TERCEIRA-ETAPA-mestrado.pdf\">Resultado Final<\/a><\/p>\n<div style=\"color: #1c1c1c;font-size: 16px\"><\/div>\n<\/div>\n<\/div>\n<\/div>\n\t\t\t\t<\/div>\n\t\t\t\t<\/div>\n\t\t\t\t\t<\/div>\n\t\t<\/div>\n\t\t\t\t\t<\/div>\n\t\t<\/section>\n\t\t\t\t<section class=\"elementor-section elementor-top-section elementor-element elementor-element-cbdf961 elementor-section-boxed elementor-section-height-default elementor-section-height-default\" data-id=\"cbdf961\" data-element_type=\"section\">\n\t\t\t\t\t\t<div class=\"elementor-container elementor-column-gap-default\">\n\t\t\t\t\t<div class=\"elementor-column elementor-col-100 elementor-top-column elementor-element elementor-element-5d49ab8\" data-id=\"5d49ab8\" data-element_type=\"column\">\n\t\t\t<div class=\"elementor-widget-wrap elementor-element-populated\">\n\t\t\t\t\t\t<div class=\"elementor-element elementor-element-28f9a44 elementor-widget elementor-widget-wp-widget-text\" data-id=\"28f9a44\" data-element_type=\"widget\" data-widget_type=\"wp-widget-text.default\">\n\t\t\t\t<div class=\"elementor-widget-container\">\n\t\t\t<h5>Classificados Processo Seletivo PPGART 2023 &#8211; 2\u00ba. Semestre<\/h5>\t\t\t<div class=\"textwidget\"><div style=\"color: #1c1c1c;font-size: 16px\"><a href=\"http:\/\/www.ufsm.br\/app\/uploads\/sites\/529\/2023\/08\/NOTA-FINAL.pdf\">Resultado Final<\/a><\/div>\n<\/div>\n\t\t\t\t<\/div>\n\t\t\t\t<\/div>\n\t\t\t\t\t<\/div>\n\t\t<\/div>\n\t\t\t\t\t<\/div>\n\t\t<\/section>\n\t\t\t\t<section class=\"elementor-section elementor-top-section elementor-element elementor-element-25bf195 elementor-section-boxed elementor-section-height-default elementor-section-height-default\" data-id=\"25bf195\" data-element_type=\"section\">\n\t\t\t\t\t\t<div class=\"elementor-container elementor-column-gap-default\">\n\t\t\t\t\t<div class=\"elementor-column elementor-col-50 elementor-top-column elementor-element elementor-element-2ee12ec\" data-id=\"2ee12ec\" data-element_type=\"column\">\n\t\t\t<div class=\"elementor-widget-wrap elementor-element-populated\">\n\t\t\t\t\t\t<div class=\"elementor-element elementor-element-e737d51 elementor-widget elementor-widget-wp-widget-text\" data-id=\"e737d51\" data-element_type=\"widget\" data-widget_type=\"wp-widget-text.default\">\n\t\t\t\t<div class=\"elementor-widget-container\">\n\t\t\t<h5>Comiss\u00e3o Examinadora<\/h5>\t\t\t<div class=\"textwidget\"><p>Prof.a Dr.a REINILDA DE F\u00c1TIMA BERGUENMAYER MINUZZI \u2013 DAV\/UFSM (presidente)<br \/>\nProf.a Dr.a KARINE GOMES PEREZ VIEIRA \u2013 DAV\/UFSM<br \/>\nProf.a Dr.a FL\u00c1VIA MARIA DE BRITO PEDROSA VASCONCELOS \u2013 DAV\/UFSM<br \/>\nProf.a Dr.a REBECA LENIZE STUMM \u2013\u00a0 DAV\/UFSM<br \/>\nProf.a Dr.a ANDREIA MACHADO OLIVEIRA \u2013 DAV\/UFSM (suplente)<\/p>\n<p><a href=\"https:\/\/www.ufsm.br\/app\/uploads\/sites\/529\/2023\/05\/PORTARIA-COMISSAO-SELECAO-MAIO-2022.pdf\">Designados pela PORTARIA DE PESSOAL CAL\/UFSM N\u00b0 063 DE 27 DE ABRIL DE 2023.<\/a><\/p>\n<p>&nbsp;<\/p>\n<\/div>\n\t\t\t\t<\/div>\n\t\t\t\t<\/div>\n\t\t\t\t\t<\/div>\n\t\t<\/div>\n\t\t\t\t<div class=\"elementor-column elementor-col-50 elementor-top-column elementor-element elementor-element-9956751\" data-id=\"9956751\" data-element_type=\"column\">\n\t\t\t<div class=\"elementor-widget-wrap elementor-element-populated\">\n\t\t\t\t\t\t<div class=\"elementor-element elementor-element-e24f182 elementor-widget elementor-widget-wp-widget-text\" data-id=\"e24f182\" data-element_type=\"widget\" data-widget_type=\"wp-widget-text.default\">\n\t\t\t\t<div class=\"elementor-widget-container\">\n\t\t\t<h5>Inscri\u00e7\u00f5es e Editais<\/h5>\t\t\t<div class=\"textwidget\"><\/div>\n\t\t\t\t<\/div>\n\t\t\t\t<\/div>\n\t\t\t\t<div class=\"elementor-element elementor-element-35b1960 elementor-view-default elementor-position-top elementor-mobile-position-top elementor-widget elementor-widget-icon-box\" data-id=\"35b1960\" data-element_type=\"widget\" data-widget_type=\"icon-box.default\">\n\t\t\t\t<div class=\"elementor-widget-container\">\n\t\t\t\t\t<div class=\"elementor-icon-box-wrapper\">\n\n\t\t\t\t\t\t<div class=\"elementor-icon-box-icon\">\n\t\t\t\t<a href=\"https:\/\/www.ufsm.br\/pro-reitorias\/prpgp\/editais\/010-2023\" class=\"elementor-icon elementor-animation-\" tabindex=\"-1\">\n\t\t\t\t<i aria-hidden=\"true\" class=\"far fa-edit\"><\/i>\t\t\t\t<\/a>\n\t\t\t<\/div>\n\t\t\t\n\t\t\t\n\t\t<\/div>\n\t\t\t\t<\/div>\n\t\t\t\t<\/div>\n\t\t\t\t\t<\/div>\n\t\t<\/div>\n\t\t\t\t\t<\/div>\n\t\t<\/section>\n\t\t\t\t<\/div>\n\t\t","protected":false},"excerpt":{"rendered":"","protected":false},"author":820,"featured_media":0,"parent":0,"menu_order":0,"comment_status":"closed","ping_status":"closed","template":"","meta":{"footnotes":""},"categories":[],"tags":[],"class_list":["post-1836","page","type-page","status-publish","hentry"],"acf":[],"_links":{"self":[{"href":"https:\/\/www.ufsm.br\/cursos\/pos-graduacao\/santa-maria\/ppgart\/wp-json\/wp\/v2\/pages\/1836","targetHints":{"allow":["GET"]}}],"collection":[{"href":"https:\/\/www.ufsm.br\/cursos\/pos-graduacao\/santa-maria\/ppgart\/wp-json\/wp\/v2\/pages"}],"about":[{"href":"https:\/\/www.ufsm.br\/cursos\/pos-graduacao\/santa-maria\/ppgart\/wp-json\/wp\/v2\/types\/page"}],"author":[{"embeddable":true,"href":"https:\/\/www.ufsm.br\/cursos\/pos-graduacao\/santa-maria\/ppgart\/wp-json\/wp\/v2\/users\/820"}],"replies":[{"embeddable":true,"href":"https:\/\/www.ufsm.br\/cursos\/pos-graduacao\/santa-maria\/ppgart\/wp-json\/wp\/v2\/comments?post=1836"}],"version-history":[{"count":0,"href":"https:\/\/www.ufsm.br\/cursos\/pos-graduacao\/santa-maria\/ppgart\/wp-json\/wp\/v2\/pages\/1836\/revisions"}],"wp:attachment":[{"href":"https:\/\/www.ufsm.br\/cursos\/pos-graduacao\/santa-maria\/ppgart\/wp-json\/wp\/v2\/media?parent=1836"}],"wp:term":[{"taxonomy":"category","embeddable":true,"href":"https:\/\/www.ufsm.br\/cursos\/pos-graduacao\/santa-maria\/ppgart\/wp-json\/wp\/v2\/categories?post=1836"},{"taxonomy":"post_tag","embeddable":true,"href":"https:\/\/www.ufsm.br\/cursos\/pos-graduacao\/santa-maria\/ppgart\/wp-json\/wp\/v2\/tags?post=1836"}],"curies":[{"name":"wp","href":"https:\/\/api.w.org\/{rel}","templated":true}]}}