{"id":2044,"date":"2024-07-04T14:55:20","date_gmt":"2024-07-04T17:55:20","guid":{"rendered":"https:\/\/www.ufsm.br\/cursos\/pos-graduacao\/santa-maria\/ppgart\/?page_id=2044"},"modified":"2024-08-14T08:27:24","modified_gmt":"2024-08-14T11:27:24","slug":"recursos-financeiros","status":"publish","type":"page","link":"https:\/\/www.ufsm.br\/cursos\/pos-graduacao\/santa-maria\/ppgart\/recursos-financeiros","title":{"rendered":"Recursos Financeiros"},"content":{"rendered":"\t\t<div data-elementor-type=\"wp-page\" data-elementor-id=\"2044\" class=\"elementor elementor-2044\">\n\t\t\t\t\t\t<section class=\"elementor-section elementor-top-section elementor-element elementor-element-53aa7c14 elementor-section-boxed elementor-section-height-default elementor-section-height-default\" data-id=\"53aa7c14\" data-element_type=\"section\">\n\t\t\t\t\t\t<div class=\"elementor-container elementor-column-gap-default\">\n\t\t\t\t\t<div class=\"elementor-column elementor-col-100 elementor-top-column elementor-element elementor-element-266bd4cf\" data-id=\"266bd4cf\" data-element_type=\"column\">\n\t\t\t<div class=\"elementor-widget-wrap elementor-element-populated\">\n\t\t\t\t\t\t<div class=\"elementor-element elementor-element-52e12122 elementor-widget elementor-widget-text-editor\" data-id=\"52e12122\" data-element_type=\"widget\" data-widget_type=\"text-editor.default\">\n\t\t\t\t<div class=\"elementor-widget-container\">\n\t\t\t\t\t\t\t<!-- wp:tadv\/classic-paragraph -->\n<p>O Recurso PROAP permite que financiemos ao discente o pagamento de taxa de inscri\u00e7\u00e3o em eventos acad\u00eamicos, taxa de publica\u00e7\u00e3o de trabalhos acad\u00eamicos e tamb\u00e9m passagens rodovi\u00e1rias para o deslocamento quando o discente for o autor do trabalho e o evento for somente na modalidade presencial.<\/p>\n<p>Estas s\u00e3o as diretrizes para solicita\u00e7\u00f5es:<\/p>\n<ul>\n<li><a href=\"https:\/\/www.ufsm.br\/app\/uploads\/sites\/529\/2024\/08\/INFORMACOES-ENVIO-PROAP-Discentes-1.pdf\">Tr\u00e2mites para Pedidos de Taxas de Publica\u00e7\u00e3o e de Inscri\u00e7\u00e3o<\/a><\/li>\n<li><a href=\"https:\/\/www.ufsm.br\/app\/uploads\/sites\/559\/2024\/07\/ANEXO-1-REQUERIMENTO-PASSAGENS-RODOVIARIAS-PPGL-3.docx\">Requerimento de Passagens Rodovi\u00e1rias<\/a><\/li>\n<li><a href=\"https:\/\/www.ufsm.br\/app\/uploads\/sites\/559\/2024\/07\/ANEXO-3-FORM.-TAXA-INSCRICAO-PPGL-1.docx\">Requerimento de Pagamento de Taxa de Inscri\u00e7\u00e3o em Evento Externo<\/a><\/li>\n<li><a href=\"https:\/\/www.ufsm.br\/app\/uploads\/sites\/559\/2024\/07\/ANEXO-5-FORM.TAXA-DE-PUBLICACAO-PPGL-1.docx\">Requerimento de Pagamento de Taxa de Publica\u00e7\u00e3o em Revistas\/Peri\u00f3dico\/Evento Externo<\/a><\/li>\n<li><a href=\"https:\/\/www.ufsm.br\/app\/uploads\/sites\/559\/2024\/07\/ANEXO-4-PARA-ALUNO-DESCONTO-EM-FOLHA-PPGL-1.doc\">Autoriza\u00e7\u00e3o para Desconto em Folha<\/a><\/li>\n<\/ul>\n<!-- \/wp:tadv\/classic-paragraph --><!-- wp:tadv\/classic-paragraph -->\n<p><strong>Observa\u00e7\u00e3o:<\/strong><\/p>\n<p>Ap\u00f3s o financiamento tanto de passagens rodovi\u00e1rias, quanto das taxas de publica\u00e7\u00e3o e de inscri\u00e7\u00e3o no prazo de at\u00e9 10 dias, o solicitante dever\u00e1 encaminhar para presta\u00e7\u00e3o de contas os documentos que est\u00e3o discriminados nos tr\u00e2mites.<\/p>\n<!-- \/wp:tadv\/classic-paragraph -->\t\t\t\t\t\t<\/div>\n\t\t\t\t<\/div>\n\t\t\t\t\t<\/div>\n\t\t<\/div>\n\t\t\t\t\t<\/div>\n\t\t<\/section>\n\t\t\t\t<\/div>\n\t\t","protected":false},"excerpt":{"rendered":"<p>O Recurso PROAP permite que financiemos ao discente o pagamento de taxa de inscri\u00e7\u00e3o em eventos acad\u00eamicos, taxa de publica\u00e7\u00e3o de trabalhos acad\u00eamicos e tamb\u00e9m passagens rodovi\u00e1rias para o deslocamento quando o discente for o autor do trabalho e o evento for somente na modalidade presencial. Estas s\u00e3o as diretrizes para solicita\u00e7\u00f5es: Tr\u00e2mites para Pedidos [&hellip;]<\/p>\n","protected":false},"author":8166,"featured_media":0,"parent":0,"menu_order":0,"comment_status":"closed","ping_status":"closed","template":"","meta":{"footnotes":""},"categories":[],"tags":[],"class_list":["post-2044","page","type-page","status-publish","hentry"],"acf":[],"_links":{"self":[{"href":"https:\/\/www.ufsm.br\/cursos\/pos-graduacao\/santa-maria\/ppgart\/wp-json\/wp\/v2\/pages\/2044","targetHints":{"allow":["GET"]}}],"collection":[{"href":"https:\/\/www.ufsm.br\/cursos\/pos-graduacao\/santa-maria\/ppgart\/wp-json\/wp\/v2\/pages"}],"about":[{"href":"https:\/\/www.ufsm.br\/cursos\/pos-graduacao\/santa-maria\/ppgart\/wp-json\/wp\/v2\/types\/page"}],"author":[{"embeddable":true,"href":"https:\/\/www.ufsm.br\/cursos\/pos-graduacao\/santa-maria\/ppgart\/wp-json\/wp\/v2\/users\/8166"}],"replies":[{"embeddable":true,"href":"https:\/\/www.ufsm.br\/cursos\/pos-graduacao\/santa-maria\/ppgart\/wp-json\/wp\/v2\/comments?post=2044"}],"version-history":[{"count":0,"href":"https:\/\/www.ufsm.br\/cursos\/pos-graduacao\/santa-maria\/ppgart\/wp-json\/wp\/v2\/pages\/2044\/revisions"}],"wp:attachment":[{"href":"https:\/\/www.ufsm.br\/cursos\/pos-graduacao\/santa-maria\/ppgart\/wp-json\/wp\/v2\/media?parent=2044"}],"wp:term":[{"taxonomy":"category","embeddable":true,"href":"https:\/\/www.ufsm.br\/cursos\/pos-graduacao\/santa-maria\/ppgart\/wp-json\/wp\/v2\/categories?post=2044"},{"taxonomy":"post_tag","embeddable":true,"href":"https:\/\/www.ufsm.br\/cursos\/pos-graduacao\/santa-maria\/ppgart\/wp-json\/wp\/v2\/tags?post=2044"}],"curies":[{"name":"wp","href":"https:\/\/api.w.org\/{rel}","templated":true}]}}