{"id":230,"date":"2019-02-22T12:32:01","date_gmt":"2019-02-22T15:32:01","guid":{"rendered":"https:\/\/www.ufsm.br\/cursos\/pos-graduacao\/santa-maria\/ppgart\/?page_id=230"},"modified":"2019-02-22T12:32:03","modified_gmt":"2019-02-22T15:32:03","slug":"laboratorio-de-imagem-digital-lid","status":"publish","type":"page","link":"https:\/\/www.ufsm.br\/cursos\/pos-graduacao\/santa-maria\/ppgart\/laboratorio-de-imagem-digital-lid","title":{"rendered":"Laborat\u00f3rio de Imagem Digital (LID)"},"content":{"rendered":"\n<div class=\"container\">\n<div class=\"row\">\n<div class=\"col-md-9\">\n<div class=\"item-page\">\n<p>O Laborat\u00f3rio de Imagem Digital (LID) \u00e9 um setor pertencente ao Programa de P\u00f3s-Gradua\u00e7\u00e3o em Artes Visuais &#8211; PPGART tendo por objetivo prestar apoio \u00e0s demandas acad\u00eamicas de discentes e docentes, incluindo atividades did\u00e1ticas, de pesquisa e art\u00edsticas ligadas \u00e0 \u00e1rea de ensino, pesquisa e extens\u00e3o, al\u00e9m de assessorar na elabora\u00e7\u00e3o e execu\u00e7\u00e3o de projetos do Programa.<\/p>\n<ul>\n<li><a href=\"https:\/\/www.ufsm.br\/cursos\/pos-graduacao\/santa-maria\/ppgart\/wp-content\/uploads\/sites\/529\/2019\/02\/Regulamento_do_Laboratorio_de_Imagem_Digital_2.pdf\" target=\"_blank\" rel=\"noopener\"><strong>Regulamento de funcionamento do LID<\/strong><\/a><\/li>\n<\/ul>\n<p>\u00a0 \u00a0 \u00a0 \u00a0\u00a0<\/p>\n<p>\u00a0<\/p>\n<p><img decoding=\"async\" src=\"https:\/\/www.ufsm.br\/cursos\/pos-graduacao\/santa-maria\/ppgart\/wp-content\/uploads\/sites\/529\/2019\/02\/IMG_5844_1-1024x683.jpg\" \/> \u00a0<\/p>\n<p><img decoding=\"async\" src=\"https:\/\/www.ufsm.br\/cursos\/pos-graduacao\/santa-maria\/ppgart\/wp-content\/uploads\/sites\/529\/2019\/02\/IMG_5845_1-1024x683.jpg\" \/><\/p>\n<p>\u00a0<\/p>\n<p><img decoding=\"async\" src=\"https:\/\/www.ufsm.br\/cursos\/pos-graduacao\/santa-maria\/ppgart\/wp-content\/uploads\/sites\/529\/2019\/02\/IMG_5848_1-1024x683.jpg\" \/><\/p>\n<p>\u00a0<\/p>\n<p>\u00a0<\/p>\n<\/div>\n<\/div>\n<div class=\"col-md-3\">\n<div class=\"moduletable\">\n<div>\n<div id=\"flatcal_minical\">\u00a0<\/div>\n<\/div>\n<\/div>\n<\/div>\n<\/div>\n<\/div>\n<div class=\"container\">\n<div class=\"row\">\n<div class=\"col-sm-12\">\n<div class=\"logo\">\n<div class=\"col-sm-2\" style=\"text-align: center\">\u00a0<\/div>\n<\/div>\n<\/div>\n<\/div>\n<\/div>\n","protected":false},"excerpt":{"rendered":"<p>O Laborat\u00f3rio de Imagem Digital (LID) \u00e9 um setor pertencente ao Programa de P\u00f3s-Gradua\u00e7\u00e3o em Artes Visuais &#8211; PPGART tendo por objetivo prestar apoio \u00e0s demandas acad\u00eamicas de discentes e docentes, incluindo atividades did\u00e1ticas, de pesquisa e art\u00edsticas ligadas \u00e0 \u00e1rea de ensino, pesquisa e extens\u00e3o, al\u00e9m de assessorar na elabora\u00e7\u00e3o e execu\u00e7\u00e3o de projetos [&hellip;]<\/p>\n","protected":false},"author":118,"featured_media":0,"parent":0,"menu_order":0,"comment_status":"closed","ping_status":"closed","template":"","meta":{"footnotes":""},"categories":[],"tags":[],"class_list":["post-230","page","type-page","status-publish","hentry"],"acf":[],"_links":{"self":[{"href":"https:\/\/www.ufsm.br\/cursos\/pos-graduacao\/santa-maria\/ppgart\/wp-json\/wp\/v2\/pages\/230","targetHints":{"allow":["GET"]}}],"collection":[{"href":"https:\/\/www.ufsm.br\/cursos\/pos-graduacao\/santa-maria\/ppgart\/wp-json\/wp\/v2\/pages"}],"about":[{"href":"https:\/\/www.ufsm.br\/cursos\/pos-graduacao\/santa-maria\/ppgart\/wp-json\/wp\/v2\/types\/page"}],"author":[{"embeddable":true,"href":"https:\/\/www.ufsm.br\/cursos\/pos-graduacao\/santa-maria\/ppgart\/wp-json\/wp\/v2\/users\/118"}],"replies":[{"embeddable":true,"href":"https:\/\/www.ufsm.br\/cursos\/pos-graduacao\/santa-maria\/ppgart\/wp-json\/wp\/v2\/comments?post=230"}],"version-history":[{"count":0,"href":"https:\/\/www.ufsm.br\/cursos\/pos-graduacao\/santa-maria\/ppgart\/wp-json\/wp\/v2\/pages\/230\/revisions"}],"wp:attachment":[{"href":"https:\/\/www.ufsm.br\/cursos\/pos-graduacao\/santa-maria\/ppgart\/wp-json\/wp\/v2\/media?parent=230"}],"wp:term":[{"taxonomy":"category","embeddable":true,"href":"https:\/\/www.ufsm.br\/cursos\/pos-graduacao\/santa-maria\/ppgart\/wp-json\/wp\/v2\/categories?post=230"},{"taxonomy":"post_tag","embeddable":true,"href":"https:\/\/www.ufsm.br\/cursos\/pos-graduacao\/santa-maria\/ppgart\/wp-json\/wp\/v2\/tags?post=230"}],"curies":[{"name":"wp","href":"https:\/\/api.w.org\/{rel}","templated":true}]}}