{"id":231,"date":"2019-02-22T12:33:59","date_gmt":"2019-02-22T15:33:59","guid":{"rendered":"https:\/\/www.ufsm.br\/cursos\/pos-graduacao\/santa-maria\/ppgart\/?page_id=231"},"modified":"2019-10-02T09:17:47","modified_gmt":"2019-10-02T12:17:47","slug":"laboratorio-de-pesquisa-em-arte-contemporanea-tecnologia-e-midias-digitais-labart","status":"publish","type":"page","link":"https:\/\/www.ufsm.br\/cursos\/pos-graduacao\/santa-maria\/ppgart\/laboratorio-de-pesquisa-em-arte-contemporanea-tecnologia-e-midias-digitais-labart","title":{"rendered":"Laborat\u00f3rio de Pesquisa em Arte Contempor\u00e2nea, Tecnologia e M\u00eddias Digitais (LABART)"},"content":{"rendered":"\t\t<div data-elementor-type=\"wp-page\" data-elementor-id=\"231\" class=\"elementor elementor-231\">\n\t\t\t\t\t\t<section class=\"elementor-section elementor-top-section elementor-element elementor-element-2c93272e elementor-section-boxed elementor-section-height-default elementor-section-height-default\" data-id=\"2c93272e\" data-element_type=\"section\">\n\t\t\t\t\t\t<div class=\"elementor-container elementor-column-gap-default\">\n\t\t\t\t\t<div class=\"elementor-column elementor-col-100 elementor-top-column elementor-element elementor-element-725741fc\" data-id=\"725741fc\" data-element_type=\"column\">\n\t\t\t<div class=\"elementor-widget-wrap elementor-element-populated\">\n\t\t\t\t\t\t<div class=\"elementor-element elementor-element-ca6b0ed elementor-widget elementor-widget-image\" data-id=\"ca6b0ed\" data-element_type=\"widget\" data-widget_type=\"image.default\">\n\t\t\t\t<div class=\"elementor-widget-container\">\n\t\t\t\t\t\t\t\t\t\t\t\t\t<img fetchpriority=\"high\" decoding=\"async\" width=\"768\" height=\"231\" src=\"https:\/\/www.ufsm.br\/app\/uploads\/sites\/529\/2019\/10\/logo-768x231.jpg\" class=\"attachment-medium_large size-medium_large wp-image-789\" alt=\"\" srcset=\"https:\/\/www.ufsm.br\/app\/uploads\/sites\/529\/2019\/10\/logo-768x231.jpg 768w, https:\/\/www.ufsm.br\/app\/uploads\/sites\/529\/2019\/10\/logo-300x90.jpg 300w, https:\/\/www.ufsm.br\/app\/uploads\/sites\/529\/2019\/10\/logo-1024x308.jpg 1024w, https:\/\/www.ufsm.br\/app\/uploads\/sites\/529\/2019\/10\/logo.jpg 1495w\" sizes=\"(max-width: 768px) 100vw, 768px\" \/>\t\t\t\t\t\t\t\t\t\t\t\t\t<\/div>\n\t\t\t\t<\/div>\n\t\t\t\t<div class=\"elementor-element elementor-element-d37f8d elementor-widget elementor-widget-text-editor\" data-id=\"d37f8d\" data-element_type=\"widget\" data-widget_type=\"text-editor.default\">\n\t\t\t\t<div class=\"elementor-widget-container\">\n\t\t\t\t\t\t\t<p><!-- wp:tadv\/classic-paragraph --><\/p>\n<p><strong>Coordenadora:<\/strong>\u00a0Nara Cristina Santos<\/p>\n<div class=\"entry-content\">\n<p>O Laborat\u00f3rio de Pesquisa em Arte Contempor\u00e2nea, Tecnologia e M\u00eddias Digitais (LABART) teve in\u00edcio no ano de 2005, na sala 1228 do CAL\/UFSM, onde mant\u00e9m suas atividades. Tem como objetivo o desenvolvimento da projetos qualificados na \u00e1rea das Artes Visuais, com \u00eanfase na Hist\u00f3ria, Teoria e Cr\u00edtica da Arte, e tamb\u00e9m com abertura \u00e0s Po\u00e9ticas Visuais, atrav\u00e9s de atividades de pesquisa e de extens\u00e3o que dialogam com a ci\u00eancia e a tecnologia, seja nas orienta\u00e7\u00f5es de estudantes da p\u00f3s-gradua\u00e7\u00e3o como de IC na gradua\u00e7\u00e3o, nas reuni\u00f5es dos grupo de pesquisa, nas participa\u00e7\u00f5es em eventos nacionais e internacionais, na organiza\u00e7\u00e3o de simp\u00f3sios, f\u00f3runs, exposi\u00e7\u00f5s e festivais. Os resultados gerados pelos integrantes do LABART, parte dispon\u00edveis neste site, se constituem de publica\u00e7\u00f5es de relat\u00f3rios, artigos, cap\u00edtulos de livros, livros; monografias, disserta\u00e7\u00f5es e teses; cat\u00e1logos de exposi\u00e7\u00f5es e registro de obras.<\/p>\n<p>O LABART surgiu da necessidade de reunir em um espa\u00e7o f\u00edsico pesquisadores, professores e estudantes do Grupo de Pesquisa Arte e Tecnologia\/CNPq, liderado pela professora Prof\u00aa Dr\u00aa Nara Cristina Santos, tamb\u00e9m coordenadora do laborat\u00f3rio. O LABART acompanhou o in\u00edcio do Curso de Especializa\u00e7\u00e3o Arte e Visualidade (2005-2006) e a implanta\u00e7\u00e3o do PPGART\/Mestrado em Artes Visuais (2007-) e tem, em mais de uma d\u00e9cada de exist\u00eancia, trabalhado tanto para a consolida\u00e7\u00e3o da p\u00f3s-gradua\u00e7\u00e3o na UFSM quanto para sua divulga\u00e7\u00e3o no pa\u00eds. Em 2016 inicia uma parceria com outros Programas de P\u00f3s-gradua\u00e7\u00e3o, visando a internacionaliza\u00e7\u00e3o. Neste percurso, o LABART tamb\u00e9m abriu espa\u00e7o para algumas parcerias internas na UFSM, com pesquisadores de outros PPGs, o de Educa\u00e7\u00e3o para a Ci\u00eancia e o de Inform\u00e1tica, as quais tem propiciado o desenvolvimento de investiga\u00e7\u00f5es pautadas na transdisciplinaridade.<\/p>\n<p>At\u00e9 2017, passaram pelo laborat\u00f3rio mais de 50 alunos de gradua\u00e7\u00e3o, entre bolsistas, participantes e colaboradores, alunos de especializa\u00e7\u00e3o, 17 alunos de mestrado, dos quais 4 s\u00e3o mestrandos e 13 s\u00e3o mestres (Em 10 anos do PPGART\/UFSM). Destes, 4 j\u00e1 se doutoraram (UFRGS, UNB, UNESP) e outros 4 seguem em doutoramento (UFRGS, UNB, USP e UA\/Portugal). Dos mestres integrantes do LABART, 10 atuam em IES particulares e p\u00fablicas em Bras\u00edlia, S\u00e3o Paulo, Paran\u00e1, Santa Catarina e Rio Grande do Sul.<\/p>\n<p>O LABART est\u00e1 situado no 2\u00ba andar do Centro de Artes e Letras,\u00a0 sala 1228,\u00a0 Universidade Federal de Santa Maria.<\/p>\n<p>Mais informa\u00e7\u00f5es acesse a\u00a0 <a href=\"https:\/\/www.ufsm.br\/laboratorios\/labart\/\">p\u00e1gina do LABART.<\/a><\/p>\n<\/div>\n<p><!-- \/wp:tadv\/classic-paragraph --><\/p>\t\t\t\t\t\t<\/div>\n\t\t\t\t<\/div>\n\t\t\t\t\t<\/div>\n\t\t<\/div>\n\t\t\t\t\t<\/div>\n\t\t<\/section>\n\t\t\t\t<\/div>\n\t\t","protected":false},"excerpt":{"rendered":"<p>Coordenadora:\u00a0Nara Cristina Santos O Laborat\u00f3rio de Pesquisa em Arte Contempor\u00e2nea, Tecnologia e M\u00eddias Digitais (LABART) teve in\u00edcio no ano de 2005, na sala 1228 do CAL\/UFSM, onde mant\u00e9m suas atividades. Tem como objetivo o desenvolvimento da projetos qualificados na \u00e1rea das Artes Visuais, com \u00eanfase na Hist\u00f3ria, Teoria e Cr\u00edtica da Arte, e tamb\u00e9m com [&hellip;]<\/p>\n","protected":false},"author":118,"featured_media":0,"parent":0,"menu_order":0,"comment_status":"closed","ping_status":"closed","template":"","meta":{"footnotes":""},"categories":[],"tags":[],"class_list":["post-231","page","type-page","status-publish","hentry"],"acf":[],"_links":{"self":[{"href":"https:\/\/www.ufsm.br\/cursos\/pos-graduacao\/santa-maria\/ppgart\/wp-json\/wp\/v2\/pages\/231","targetHints":{"allow":["GET"]}}],"collection":[{"href":"https:\/\/www.ufsm.br\/cursos\/pos-graduacao\/santa-maria\/ppgart\/wp-json\/wp\/v2\/pages"}],"about":[{"href":"https:\/\/www.ufsm.br\/cursos\/pos-graduacao\/santa-maria\/ppgart\/wp-json\/wp\/v2\/types\/page"}],"author":[{"embeddable":true,"href":"https:\/\/www.ufsm.br\/cursos\/pos-graduacao\/santa-maria\/ppgart\/wp-json\/wp\/v2\/users\/118"}],"replies":[{"embeddable":true,"href":"https:\/\/www.ufsm.br\/cursos\/pos-graduacao\/santa-maria\/ppgart\/wp-json\/wp\/v2\/comments?post=231"}],"version-history":[{"count":0,"href":"https:\/\/www.ufsm.br\/cursos\/pos-graduacao\/santa-maria\/ppgart\/wp-json\/wp\/v2\/pages\/231\/revisions"}],"wp:attachment":[{"href":"https:\/\/www.ufsm.br\/cursos\/pos-graduacao\/santa-maria\/ppgart\/wp-json\/wp\/v2\/media?parent=231"}],"wp:term":[{"taxonomy":"category","embeddable":true,"href":"https:\/\/www.ufsm.br\/cursos\/pos-graduacao\/santa-maria\/ppgart\/wp-json\/wp\/v2\/categories?post=231"},{"taxonomy":"post_tag","embeddable":true,"href":"https:\/\/www.ufsm.br\/cursos\/pos-graduacao\/santa-maria\/ppgart\/wp-json\/wp\/v2\/tags?post=231"}],"curies":[{"name":"wp","href":"https:\/\/api.w.org\/{rel}","templated":true}]}}