{"id":233,"date":"2019-02-22T12:34:54","date_gmt":"2019-02-22T15:34:54","guid":{"rendered":"https:\/\/www.ufsm.br\/cursos\/pos-graduacao\/santa-maria\/ppgart\/?page_id=233"},"modified":"2019-10-02T10:51:40","modified_gmt":"2019-10-02T13:51:40","slug":"laboratorio-interdisciplinar-interativo-labinter","status":"publish","type":"page","link":"https:\/\/www.ufsm.br\/cursos\/pos-graduacao\/santa-maria\/ppgart\/laboratorio-interdisciplinar-interativo-labinter","title":{"rendered":"Laborat\u00f3rio Interdisciplinar Interativo (LabInter)"},"content":{"rendered":"\t\t<div data-elementor-type=\"wp-page\" data-elementor-id=\"233\" class=\"elementor elementor-233\">\n\t\t\t\t\t\t<section class=\"elementor-section elementor-top-section elementor-element elementor-element-4493f5e2 elementor-section-boxed elementor-section-height-default elementor-section-height-default\" data-id=\"4493f5e2\" data-element_type=\"section\">\n\t\t\t\t\t\t<div class=\"elementor-container elementor-column-gap-default\">\n\t\t\t\t\t<div class=\"elementor-column elementor-col-100 elementor-top-column elementor-element elementor-element-234dc76c\" data-id=\"234dc76c\" data-element_type=\"column\">\n\t\t\t<div class=\"elementor-widget-wrap elementor-element-populated\">\n\t\t\t\t\t\t<div class=\"elementor-element elementor-element-148cb908 elementor-widget elementor-widget-text-editor\" data-id=\"148cb908\" data-element_type=\"widget\" data-widget_type=\"text-editor.default\">\n\t\t\t\t<div class=\"elementor-widget-container\">\n\t\t\t\t\t\t\t<p><!-- wp:tadv\/classic-paragraph --><\/p>\n<p>O <span style=\"font-size: 12pt\">Laborat\u00f3rio Interdisciplinar Interativo (LabInter) foi <\/span>criado em 2012 vinculado ao Programa de P\u00f3s-Gradua\u00e7\u00e3o em Artes Visuais da Universidade Federal de Santa Maria.\u00a0 O LabInter foi idealizado e fundado pela Profa. Dra. Andreia Machado Oliveira, est\u00e1 direcionado para produ\u00e7\u00f5es interativas que envolvem as \u00e1reas de Arte, Ci\u00eancia e Tecnologia, e que promovem inova\u00e7\u00e3o tecnol\u00f3gica via di\u00e1logos interdisciplinares e colaborativos.\u00a0 Objetiva processos que promovam um novo discurso eletr\u00f4nico, outras maneiras de se lidar com a informa\u00e7\u00e3o e comunica\u00e7\u00e3o, novos deslocamentos e descentramentos perceptivos, outros modos de subjetiva\u00e7\u00e3o em rede a partir de complexidades e multiplicidades. Constitui-se como um espa\u00e7o de pesquisa e cria\u00e7\u00e3o de projetos interativos, interdisciplinares e colaborativos, desenvolvendo trabalhos em: gamearte; aplicativos interativos; ambientes imersivos e interativos; realidade aumentada; instala\u00e7\u00f5es interativas e narrativas digitais. No \u00e2mbito da extens\u00e3o, promove oficinas, \u00a0eventos, exposi\u00e7\u00f5es,\u00a0 ciclo de leituras e palestras. Seus projetos s\u00e3o apresentados em eventos e exposi\u00e7\u00f5es nacionais e internacionais, e publicados em <em>journals<\/em>\u00a0e revistas acad\u00eamicas.<\/p>\n<p>Os projetos realizados no LabInter s\u00e3o desenvolvidos pelo\u00a0<span style=\"font-size: 12pt\">gpc-InterArtec\/CNPq (Grupo de Pesquisa e Cria\u00e7\u00e3o em Interatividade, Arte e Tecnologia)<\/span>. Conta com parcerias de outros grupos e institui\u00e7\u00f5es, estimulando um trabalho em conjunto entre artistas, cientistas e inovadores em tecnologia.<\/p>\n<p>\u00a0O LabInter\u00a0 encontra-se localizado no 3\u00ba andar do\u00a0 Centro de Artes e Letras (CAL), sala 1340A &#8211; Universidade Federal de Santa Maria (UFSM). Conta com equipamentos\u00a0 de multim\u00eddia que viabilizam o desenvolvimento de propostas em telem\u00e1tica, interatividade e imers\u00e3o; com a infraestrutura do CAL na UFSM,\u00a0 salas especializadas\u00a0\u00a0para desenvolver atividades diferenciadas e com um servidor pr\u00f3prio localizado no Centro de Processamento de Dados (CPD) para o armazenamento de dados.<\/p>\n<p>\u00a0<\/p>\n<p><!-- \/wp:tadv\/classic-paragraph --><\/p>\t\t\t\t\t\t<\/div>\n\t\t\t\t<\/div>\n\t\t\t\t<div class=\"elementor-element elementor-element-b3cdc89 elementor-widget elementor-widget-wp-widget-ufsm_facebook_widget\" data-id=\"b3cdc89\" data-element_type=\"widget\" data-widget_type=\"wp-widget-ufsm_facebook_widget.default\">\n\t\t\t\t<div class=\"elementor-widget-container\">\n\t\t\t\n        <div id=\"fb-root\"><\/div>\n        <script>(function(d, s, id) {\n        var js, fjs = d.getElementsByTagName(s)[0];\n        if (d.getElementById(id)) return;\n        js = d.createElement(s); js.id = id;\n        js.src = 'https:\/\/connect.facebook.net\/pt_BR\/sdk.js#xfbml=1&version=v2.12';\n        fjs.parentNode.insertBefore(js, fjs);\n        }(document, 'script', 'facebook-jssdk'));<\/script>\n\n        <div class=\"fb-page\" data-href=\"https:\/\/pt-br.facebook.com\/labinterartec\/\" data-tabs=\"timeline\" data-small-header=\"true\" data-adapt-container-width=\"true\" data-hide-cover=\"false\" data-show-facepile=\"false\"><blockquote cite=\"https:\/\/pt-br.facebook.com\/labinterartec\/\" class=\"fb-xfbml-parse-ignore\"><a href=\"https:\/\/pt-br.facebook.com\/labinterartec\/\">Facebook<\/a><\/blockquote><\/div>\n\n        \t\t<\/div>\n\t\t\t\t<\/div>\n\t\t\t\t\t<\/div>\n\t\t<\/div>\n\t\t\t\t\t<\/div>\n\t\t<\/section>\n\t\t\t\t<\/div>\n\t\t","protected":false},"excerpt":{"rendered":"<p>O Laborat\u00f3rio Interdisciplinar Interativo (LabInter) foi criado em 2012 vinculado ao Programa de P\u00f3s-Gradua\u00e7\u00e3o em Artes Visuais da Universidade Federal de Santa Maria.\u00a0 O LabInter foi idealizado e fundado pela Profa. Dra. Andreia Machado Oliveira, est\u00e1 direcionado para produ\u00e7\u00f5es interativas que envolvem as \u00e1reas de Arte, Ci\u00eancia e Tecnologia, e que promovem inova\u00e7\u00e3o tecnol\u00f3gica via [&hellip;]<\/p>\n","protected":false},"author":118,"featured_media":0,"parent":0,"menu_order":0,"comment_status":"closed","ping_status":"closed","template":"","meta":{"footnotes":""},"categories":[],"tags":[],"class_list":["post-233","page","type-page","status-publish","hentry"],"acf":[],"_links":{"self":[{"href":"https:\/\/www.ufsm.br\/cursos\/pos-graduacao\/santa-maria\/ppgart\/wp-json\/wp\/v2\/pages\/233","targetHints":{"allow":["GET"]}}],"collection":[{"href":"https:\/\/www.ufsm.br\/cursos\/pos-graduacao\/santa-maria\/ppgart\/wp-json\/wp\/v2\/pages"}],"about":[{"href":"https:\/\/www.ufsm.br\/cursos\/pos-graduacao\/santa-maria\/ppgart\/wp-json\/wp\/v2\/types\/page"}],"author":[{"embeddable":true,"href":"https:\/\/www.ufsm.br\/cursos\/pos-graduacao\/santa-maria\/ppgart\/wp-json\/wp\/v2\/users\/118"}],"replies":[{"embeddable":true,"href":"https:\/\/www.ufsm.br\/cursos\/pos-graduacao\/santa-maria\/ppgart\/wp-json\/wp\/v2\/comments?post=233"}],"version-history":[{"count":0,"href":"https:\/\/www.ufsm.br\/cursos\/pos-graduacao\/santa-maria\/ppgart\/wp-json\/wp\/v2\/pages\/233\/revisions"}],"wp:attachment":[{"href":"https:\/\/www.ufsm.br\/cursos\/pos-graduacao\/santa-maria\/ppgart\/wp-json\/wp\/v2\/media?parent=233"}],"wp:term":[{"taxonomy":"category","embeddable":true,"href":"https:\/\/www.ufsm.br\/cursos\/pos-graduacao\/santa-maria\/ppgart\/wp-json\/wp\/v2\/categories?post=233"},{"taxonomy":"post_tag","embeddable":true,"href":"https:\/\/www.ufsm.br\/cursos\/pos-graduacao\/santa-maria\/ppgart\/wp-json\/wp\/v2\/tags?post=233"}],"curies":[{"name":"wp","href":"https:\/\/api.w.org\/{rel}","templated":true}]}}