{"id":236,"date":"2019-02-22T12:37:34","date_gmt":"2019-02-22T15:37:34","guid":{"rendered":"https:\/\/www.ufsm.br\/cursos\/pos-graduacao\/santa-maria\/ppgart\/?page_id=236"},"modified":"2019-02-22T12:37:36","modified_gmt":"2019-02-22T15:37:36","slug":"o-laboratorio-de-artes-visuais-e-i-mediacoes-lavi-m","status":"publish","type":"page","link":"https:\/\/www.ufsm.br\/cursos\/pos-graduacao\/santa-maria\/ppgart\/o-laboratorio-de-artes-visuais-e-i-mediacoes-lavi-m","title":{"rendered":"O Laborat\u00f3rio de Artes Visuais e  I\/Media\u00e7\u00f5es (LAVI\/M)"},"content":{"rendered":"\n<p>O Laborat\u00f3rio de Artes Visuais e\u00a0 I\/Media\u00e7\u00f5es (LAVI\/M) \u00e9 coordenado pelo\u00a0<a href=\"http:\/\/buscatextual.cnpq.br\/buscatextual\/visualizacv.do?id=K4265464Z9\">Prof. Dr. Lutiere Dalla Valle<\/a>\u00a0e\u00a0busca estimular o desenvolvimento de projetos de pesquisa, ensino e extens\u00e3o que tenham como finalidade articula\u00e7\u00f5es entre artes visuais, cultura visual e projetos inter\/multi\/transdisciplinares. A partir deste posicionamento que privilegia a esfera art\u00edstica como via principal, seus desdobramentos (voltados a espa\u00e7os expositivos ou \u00e1reas que propunham intersec\u00e7\u00f5es e\/ou di\u00e1logos entre arte, cultura visual e suas imedia\u00e7\u00f5es), prop\u00f5e-se explorar o conceito\u00a0<em>edu(vo)cativo<\/em>\u00a0para as artes em geral com \u00eanfase nas rela\u00e7\u00f5es entre cultura, sociedade, subjetiva\u00e7\u00e3o e pr\u00e1ticas de interven\u00e7\u00e3o nos mais variados contextos de produ\u00e7\u00e3o e difus\u00e3o de artefatos produzidos pelas distintas culturas.<\/p>\n<p>O marco te\u00f3rico metodol\u00f3gico constitui-se a partir abordagens de cunho biogr\u00e1fico narrativo, envolvendo perspectivas etnogr\u00e1ficas, bricolagem, A\/R\/Togr\u00e1ficas, Investiga\u00e7\u00e3o Baseada nas Artes, Pedagogias Culturais, Processos de Media\u00e7\u00e3o em Museus e espa\u00e7os Expositivos, Imagin\u00e1rio e Cultura Contempor\u00e2nea, Narrativas Audiovisuais e Cultura Visual.\u00a0<\/p>\n<p>Fundado em 2016, o Laborat\u00f3rio pretende, portanto, agregar projetos que visam processos colaborativos de aprendizagem e investiga\u00e7\u00e3o, compartilhamento dos processos acad\u00eamicos, buscando auxiliar o desenvolvimento das a\u00e7\u00f5es embasadas pelo di\u00e1logo e igualmente, pela reciprocidade.<\/p>\n<p>OBJETIVO GERAL<\/p>\n<p>Dar suporte \u00e0 produ\u00e7\u00e3o acad\u00eamica no campo das artes e cultura visual nos diferentes n\u00edveis de forma\u00e7\u00e3o a partir do acompanhamento e desenvolvimento de projetos de ensino, pesquisa e extens\u00e3o.<\/p>\n<p>OBJETIVOS ESPEC\u00cdFICOS<\/p>\n<ul>\n<li>Aprofundar o estudo da perspectiva da cultura visual no \u00e2mbito das artes e suas articula\u00e7\u00f5es inter\/multi\/transdisciplinares;<\/li>\n<li>Desenvolver o conceito\u00a0<em>edu(vo)cativo\u00a0<\/em>para as artes pautando-se sobretudo pelos estudos da cultura visual e campos afins (sociologia, antropologia, psicologia, estudos culturais, filosofia, e perspectivas p\u00f3s-estruturalistas: feministas, estudos<em>\u00a0queer<\/em>\u00a0e\u00a0<em>novos materialismos<\/em>);<\/li>\n<li>Estimular aproxima\u00e7\u00f5es entre acad\u00eamicos do curso de gradua\u00e7\u00e3o e p\u00f3s-gradua\u00e7\u00e3o em artes visuais;<\/li>\n<li>Fomentar processos de media\u00e7\u00e3o entre artistas e p\u00fablicos a partir de projetos educativos entorno \u00e0s produ\u00e7\u00f5es art\u00edsticas locais;<\/li>\n<\/ul>\n<p>LINHAS DE TRABALHO<\/p>\n<p>Tendo como par\u00e2metro os projetos atuais sob minha coordena\u00e7\u00e3o, prop\u00f5e-se os seguintes eixos:<\/p>\n<ol>\n<li>I\/MEDIA\u00c7\u00d5ES COM AS ARTES<\/li>\n<\/ol>\n<p>Vincula processos investigativos que tomam a arte como fio condutor em di\u00e1logo com outros campos do conhecimento (inter\/multi\/transdisciplinar).<\/p>\n<ol start=\"2\">\n<li>ESPA\u00c7OS EXPOSITIVOS E DE INTER\/A\u00c7\u00c3O<\/li>\n<\/ol>\n<p>Desenvolve a\u00e7\u00f5es vinculadas aos espa\u00e7os expositivos e processos de media\u00e7\u00e3o art\u00edstica e de intera\u00e7\u00e3o.<\/p>\n<ol start=\"3\">\n<li>ENTORNOS EDU(VO)CATIVOS<\/li>\n<\/ol>\n<p>Subsidia pr\u00e1ticas educativas de Ensino, Pesquisa e Extens\u00e3o vinculadas a projetos com a comunidade local tendo como mote central a produ\u00e7\u00e3o art\u00edstica contempor\u00e2nea.<\/p>\n<p>Acesse a p\u00e1gina do\u00a0<a href=\"http:\/\/lavim.ufsm.br\/index.php\">LAVI\/M<\/a><\/p>\n","protected":false},"excerpt":{"rendered":"<p>O Laborat\u00f3rio de Artes Visuais e\u00a0 I\/Media\u00e7\u00f5es (LAVI\/M) \u00e9 coordenado pelo\u00a0Prof. Dr. Lutiere Dalla Valle\u00a0e\u00a0busca estimular o desenvolvimento de projetos de pesquisa, ensino e extens\u00e3o que tenham como finalidade articula\u00e7\u00f5es entre artes visuais, cultura visual e projetos inter\/multi\/transdisciplinares. A partir deste posicionamento que privilegia a esfera art\u00edstica como via principal, seus desdobramentos (voltados a espa\u00e7os [&hellip;]<\/p>\n","protected":false},"author":118,"featured_media":0,"parent":0,"menu_order":0,"comment_status":"closed","ping_status":"closed","template":"","meta":{"footnotes":""},"categories":[],"tags":[],"class_list":["post-236","page","type-page","status-publish","hentry"],"acf":[],"_links":{"self":[{"href":"https:\/\/www.ufsm.br\/cursos\/pos-graduacao\/santa-maria\/ppgart\/wp-json\/wp\/v2\/pages\/236","targetHints":{"allow":["GET"]}}],"collection":[{"href":"https:\/\/www.ufsm.br\/cursos\/pos-graduacao\/santa-maria\/ppgart\/wp-json\/wp\/v2\/pages"}],"about":[{"href":"https:\/\/www.ufsm.br\/cursos\/pos-graduacao\/santa-maria\/ppgart\/wp-json\/wp\/v2\/types\/page"}],"author":[{"embeddable":true,"href":"https:\/\/www.ufsm.br\/cursos\/pos-graduacao\/santa-maria\/ppgart\/wp-json\/wp\/v2\/users\/118"}],"replies":[{"embeddable":true,"href":"https:\/\/www.ufsm.br\/cursos\/pos-graduacao\/santa-maria\/ppgart\/wp-json\/wp\/v2\/comments?post=236"}],"version-history":[{"count":0,"href":"https:\/\/www.ufsm.br\/cursos\/pos-graduacao\/santa-maria\/ppgart\/wp-json\/wp\/v2\/pages\/236\/revisions"}],"wp:attachment":[{"href":"https:\/\/www.ufsm.br\/cursos\/pos-graduacao\/santa-maria\/ppgart\/wp-json\/wp\/v2\/media?parent=236"}],"wp:term":[{"taxonomy":"category","embeddable":true,"href":"https:\/\/www.ufsm.br\/cursos\/pos-graduacao\/santa-maria\/ppgart\/wp-json\/wp\/v2\/categories?post=236"},{"taxonomy":"post_tag","embeddable":true,"href":"https:\/\/www.ufsm.br\/cursos\/pos-graduacao\/santa-maria\/ppgart\/wp-json\/wp\/v2\/tags?post=236"}],"curies":[{"name":"wp","href":"https:\/\/api.w.org\/{rel}","templated":true}]}}