{"id":2366,"date":"2025-04-04T22:43:10","date_gmt":"2025-04-05T01:43:10","guid":{"rendered":"https:\/\/www.ufsm.br\/cursos\/pos-graduacao\/santa-maria\/ppgart\/?page_id=2366"},"modified":"2025-09-06T06:59:58","modified_gmt":"2025-09-06T09:59:58","slug":"contato-2","status":"publish","type":"page","link":"https:\/\/www.ufsm.br\/cursos\/pos-graduacao\/santa-maria\/ppgart\/contato-2","title":{"rendered":"Contato"},"content":{"rendered":"\t\t<div data-elementor-type=\"wp-page\" data-elementor-id=\"2366\" class=\"elementor elementor-2366\">\n\t\t\t\t\t\t<section class=\"elementor-section elementor-top-section elementor-element elementor-element-13d6139 elementor-section-boxed elementor-section-height-default elementor-section-height-default\" data-id=\"13d6139\" data-element_type=\"section\">\n\t\t\t\t\t\t<div class=\"elementor-container elementor-column-gap-default\">\n\t\t\t\t\t<div class=\"elementor-column elementor-col-100 elementor-top-column elementor-element elementor-element-d191321\" data-id=\"d191321\" data-element_type=\"column\">\n\t\t\t<div class=\"elementor-widget-wrap elementor-element-populated\">\n\t\t\t\t\t\t<div class=\"elementor-element elementor-element-fd92fd6 elementor-widget elementor-widget-text-editor\" data-id=\"fd92fd6\" data-element_type=\"widget\" data-widget_type=\"text-editor.default\">\n\t\t\t\t<div class=\"elementor-widget-container\">\n\t\t\t\t\t\t\t<header class=\"entry-header\"><strong style=\"font-size: 16px\">Coordena\u00e7\u00e3o PPGART:<\/strong><\/header><div class=\"entry-content\"><div class=\"elementor elementor-237\" data-elementor-type=\"wp-post\" data-elementor-id=\"237\"><section class=\"elementor-section elementor-top-section elementor-element elementor-element-265e569a elementor-section-boxed elementor-section-height-default elementor-section-height-default\" data-id=\"265e569a\" data-element_type=\"section\"><div class=\"elementor-container elementor-column-gap-default\"><div class=\"elementor-column elementor-col-100 elementor-top-column elementor-element elementor-element-39c2821b\" data-id=\"39c2821b\" data-element_type=\"column\"><div class=\"elementor-widget-wrap elementor-element-populated\"><div class=\"elementor-element elementor-element-4c9bd016 elementor-widget elementor-widget-text-editor\" data-id=\"4c9bd016\" data-element_type=\"widget\" data-widget_type=\"text-editor.default\"><div class=\"elementor-widget-container\"><p>Coordenador: Prof. Altamir Moreira\u00a0<span id=\"cloakaf2c87ae24e1391c4496ea5ae81026f4\"><br \/><\/span>Coordenador Substituto: Fernando Franco Codevilla<\/p><p><strong>Secretaria Integrada da PG do CAL:<br \/><\/strong>Aux. Adm. Hellen de Mello<\/p><p>Assist. Adm. Alcindo<\/p><p>Assist. Adm. Felipe<\/p><p><strong>Contato:<\/strong><br \/>Fone : (55) 3220 8359 ou (55) 3220 9484<br \/>e-mail:\u00a0<span id=\"cloak911c5db616b1cfd89d2d600f10024bb6\">ppgart@ufsm.br<\/span><\/p><p><strong>M\u00eddias Sociais:<\/strong><\/p><p>Instagram: <a href=\"https:\/\/www.instagram.com\/ppgart.ufsm\/\">@ppgart.ufsm<\/a><\/p><p><strong>Endere\u00e7o:<br \/><\/strong>Universidade Federal de Santa Maria \u2013 UFSM<br \/>Programa de P\u00f3s-Gradua\u00e7\u00e3o em Artes Visuais\u2013 PPGART<br \/>Av. Roraima n\u00ba 1000 \u2013 Campus Universit\u00e1rio \u2013 Bairro Camobi<br \/>Pr\u00e9dio 40- Centro de Educa\u00e7\u00e3o<br \/>Sala 1324<br \/>CEP 97105-900 \u2013 Santa Maria \u2013 RS<\/p><\/div><\/div><\/div><\/div><\/div><\/section><\/div><\/div>\t\t\t\t\t\t<\/div>\n\t\t\t\t<\/div>\n\t\t\t\t\t<\/div>\n\t\t<\/div>\n\t\t\t\t\t<\/div>\n\t\t<\/section>\n\t\t\t\t<section class=\"elementor-section elementor-top-section elementor-element elementor-element-7990fc6 elementor-section-boxed elementor-section-height-default elementor-section-height-default\" data-id=\"7990fc6\" data-element_type=\"section\">\n\t\t\t\t\t\t<div class=\"elementor-container elementor-column-gap-default\">\n\t\t\t\t\t<div class=\"elementor-column elementor-col-100 elementor-top-column elementor-element elementor-element-a80afe6\" data-id=\"a80afe6\" data-element_type=\"column\">\n\t\t\t<div class=\"elementor-widget-wrap elementor-element-populated\">\n\t\t\t\t\t\t<div class=\"elementor-element elementor-element-df7bebd elementor-widget elementor-widget-heading\" data-id=\"df7bebd\" data-element_type=\"widget\" data-widget_type=\"heading.default\">\n\t\t\t\t<div class=\"elementor-widget-container\">\n\t\t\t<p class=\"elementor-heading-title elementor-size-default\">Localiza\u00e7\u00e3o:<\/p>\t\t<\/div>\n\t\t\t\t<\/div>\n\t\t\t\t<div class=\"elementor-element elementor-element-c1c5279 elementor-widget elementor-widget-google_maps\" data-id=\"c1c5279\" data-element_type=\"widget\" data-widget_type=\"google_maps.default\">\n\t\t\t\t<div class=\"elementor-widget-container\">\n\t\t\t\t\t<div class=\"elementor-custom-embed\">\n\t\t\t<iframe loading=\"lazy\"\n\t\t\t\t\tsrc=\"https:\/\/maps.google.com\/maps?q=pr%C3%A9dio%2016%2C%20UFSM&#038;t=m&#038;z=10&#038;output=embed&#038;iwloc=near\"\n\t\t\t\t\ttitle=\"pr\u00e9dio 16, UFSM\"\n\t\t\t\t\taria-label=\"pr\u00e9dio 16, UFSM\"\n\t\t\t><\/iframe>\n\t\t<\/div>\n\t\t\t\t<\/div>\n\t\t\t\t<\/div>\n\t\t\t\t\t<\/div>\n\t\t<\/div>\n\t\t\t\t\t<\/div>\n\t\t<\/section>\n\t\t\t\t<\/div>\n\t\t","protected":false},"excerpt":{"rendered":"<p>Coordena\u00e7\u00e3o PPGART: Coordenador: Prof. Altamir Moreira\u00a0Coordenador Substituto: Fernando Franco Codevilla Secretaria Integrada da PG do CAL:Aux. Adm. Hellen de Mello Assist. Adm. Alcindo Assist. Adm. Felipe Contato:Fone : (55) 3220 8359 ou (55) 3220 9484e-mail:\u00a0ppgart@ufsm.br M\u00eddias Sociais: Instagram: @ppgart.ufsm Endere\u00e7o:Universidade Federal de Santa Maria \u2013 UFSMPrograma de P\u00f3s-Gradua\u00e7\u00e3o em Artes Visuais\u2013 PPGARTAv. Roraima n\u00ba 1000 [&hellip;]<\/p>\n","protected":false},"author":820,"featured_media":0,"parent":0,"menu_order":0,"comment_status":"closed","ping_status":"closed","template":"","meta":{"footnotes":""},"categories":[],"tags":[],"class_list":["post-2366","page","type-page","status-publish","hentry"],"acf":[],"_links":{"self":[{"href":"https:\/\/www.ufsm.br\/cursos\/pos-graduacao\/santa-maria\/ppgart\/wp-json\/wp\/v2\/pages\/2366","targetHints":{"allow":["GET"]}}],"collection":[{"href":"https:\/\/www.ufsm.br\/cursos\/pos-graduacao\/santa-maria\/ppgart\/wp-json\/wp\/v2\/pages"}],"about":[{"href":"https:\/\/www.ufsm.br\/cursos\/pos-graduacao\/santa-maria\/ppgart\/wp-json\/wp\/v2\/types\/page"}],"author":[{"embeddable":true,"href":"https:\/\/www.ufsm.br\/cursos\/pos-graduacao\/santa-maria\/ppgart\/wp-json\/wp\/v2\/users\/820"}],"replies":[{"embeddable":true,"href":"https:\/\/www.ufsm.br\/cursos\/pos-graduacao\/santa-maria\/ppgart\/wp-json\/wp\/v2\/comments?post=2366"}],"version-history":[{"count":0,"href":"https:\/\/www.ufsm.br\/cursos\/pos-graduacao\/santa-maria\/ppgart\/wp-json\/wp\/v2\/pages\/2366\/revisions"}],"wp:attachment":[{"href":"https:\/\/www.ufsm.br\/cursos\/pos-graduacao\/santa-maria\/ppgart\/wp-json\/wp\/v2\/media?parent=2366"}],"wp:term":[{"taxonomy":"category","embeddable":true,"href":"https:\/\/www.ufsm.br\/cursos\/pos-graduacao\/santa-maria\/ppgart\/wp-json\/wp\/v2\/categories?post=2366"},{"taxonomy":"post_tag","embeddable":true,"href":"https:\/\/www.ufsm.br\/cursos\/pos-graduacao\/santa-maria\/ppgart\/wp-json\/wp\/v2\/tags?post=2366"}],"curies":[{"name":"wp","href":"https:\/\/api.w.org\/{rel}","templated":true}]}}