{"id":237,"date":"2019-02-22T12:38:59","date_gmt":"2019-02-22T15:38:59","guid":{"rendered":"https:\/\/www.ufsm.br\/cursos\/pos-graduacao\/santa-maria\/ppgart\/?page_id=237"},"modified":"2019-10-02T08:39:16","modified_gmt":"2019-10-02T11:39:16","slug":"laboratorio-de-pesquisa-arte-e-design-lad","status":"publish","type":"page","link":"https:\/\/www.ufsm.br\/cursos\/pos-graduacao\/santa-maria\/ppgart\/laboratorio-de-pesquisa-arte-e-design-lad","title":{"rendered":"Laborat\u00f3rio de Pesquisa Arte e Design (LAD)"},"content":{"rendered":"\n<p class=\"m7172904074269101228gmail-msonormal\">Espa\u00e7o de pesquisa e desenvolvimento voltado a alunos dos Cursos de P\u00f3s-gradua\u00e7\u00e3o\/Mestrado e Doutorado em Artes Visuais, P\u00f3s-gradua\u00e7\u00e3o em Design de Superf\u00edcie e\u00a0\u00a0Gradua\u00e7\u00e3o em Artes Visuais e Design, vinculados aos projetos pesquisa\/ensino e \u00e0s a\u00e7\u00f5es de extens\u00e3o do Grupo de Pesquisa Arte e Design\/CNPq-UFSM.<\/p>\n<p class=\"m7172904074269101228gmail-msonormal\">O Laborat\u00f3rio de Pesquisa Arte e Design (<span class=\"il\">LAD<\/span> ), coordenado pela Profa. Dra.\u00a0 Reinilda de F\u00e1tima Berguenmayer Minuzzi, foi instalado em 2005, com o in\u00edcio de atividades sistem\u00e1ticas do GAD [Grupo de Pesquisa Arte e Design\/CNPq\/UFSM]. Inicialmente esteve ligado \u00e0 Especializa\u00e7\u00e3o Arte e Visualidade e \u00e0 Especializa\u00e7\u00e3o em Design de Superf\u00edcie\/CAL\/UFSM, sendo que a partir de 2007 vinculou-se ao Mestrado em Artes Visuais (PPGART\/UFSM).<\/p>\n<p class=\"m7172904074269101228gmail-msonormal\">O\u00a0<span class=\"il\">LAD<\/span>\u00a0 ocupa-se da efetiva\u00e7\u00e3o das atividades relativas \u00e0s a\u00e7\u00f5es do\u00a0Grupo de Pesquisa Arte e Design, bem como demais a\u00e7\u00f5es em parceria com a Especializa\u00e7\u00e3o em Design de Superf\u00edcie, vinculando os campos da\u00a0Arte e\u00a0do\u00a0Design.\u00a0Assim, realiza eventos de extens\u00e3o como semin\u00e1rios, encontros, ciclos de estudos, oficinas, workshops e mostras art\u00edsticas e de design.\u00a0<\/p>\n<p class=\"m7172904074269101228gmail-msonormal\">Ao longo de seu percurso, o\u00a0<span class=\"il\">LAD<\/span>\u00a0tem se mantido ativo no que se refere \u00e0 realiza\u00e7\u00e3o sistem\u00e1tica de eventos anuais, vinculados aos projetos de ensino, pesquisa e extens\u00e3o do\u00a0Grupo Arte e Design, que conta com mais de vinte participantes, internos e externos, pesquisadores, profissionais, docentes e discentes.<b>\u00a0<\/b><\/p>\n<p class=\"m7172904074269101228gmail-msonormal\">Igualmente, al\u00e9m da produ\u00e7\u00e3o cient\u00edfica relacionada \u00e0 p\u00f3s-gradua\u00e7\u00e3o (Especializa\u00e7\u00e3o e Mestrado), mant\u00e9m projetos ativos de pesquisa e extens\u00e3o, referentes \u00e0s produ\u00e7\u00f5es de Inicia\u00e7\u00e3o Cient\u00edfica em programas PIBIC\/PIBITI (CNPq), PROBIC\/PROBITI (FAPERGS), FIPE\/FIEX\/ FIT\/PIVIC (UFSM).<\/p>\n","protected":false},"excerpt":{"rendered":"<p>Espa\u00e7o de pesquisa e desenvolvimento voltado a alunos dos Cursos de P\u00f3s-gradua\u00e7\u00e3o\/Mestrado e Doutorado em Artes Visuais, P\u00f3s-gradua\u00e7\u00e3o em Design de Superf\u00edcie e\u00a0\u00a0Gradua\u00e7\u00e3o em Artes Visuais e Design, vinculados aos projetos pesquisa\/ensino e \u00e0s a\u00e7\u00f5es de extens\u00e3o do Grupo de Pesquisa Arte e Design\/CNPq-UFSM. O Laborat\u00f3rio de Pesquisa Arte e Design (LAD ), coordenado pela [&hellip;]<\/p>\n","protected":false},"author":118,"featured_media":0,"parent":0,"menu_order":0,"comment_status":"closed","ping_status":"closed","template":"","meta":{"footnotes":""},"categories":[],"tags":[],"class_list":["post-237","page","type-page","status-publish","hentry"],"acf":[],"_links":{"self":[{"href":"https:\/\/www.ufsm.br\/cursos\/pos-graduacao\/santa-maria\/ppgart\/wp-json\/wp\/v2\/pages\/237","targetHints":{"allow":["GET"]}}],"collection":[{"href":"https:\/\/www.ufsm.br\/cursos\/pos-graduacao\/santa-maria\/ppgart\/wp-json\/wp\/v2\/pages"}],"about":[{"href":"https:\/\/www.ufsm.br\/cursos\/pos-graduacao\/santa-maria\/ppgart\/wp-json\/wp\/v2\/types\/page"}],"author":[{"embeddable":true,"href":"https:\/\/www.ufsm.br\/cursos\/pos-graduacao\/santa-maria\/ppgart\/wp-json\/wp\/v2\/users\/118"}],"replies":[{"embeddable":true,"href":"https:\/\/www.ufsm.br\/cursos\/pos-graduacao\/santa-maria\/ppgart\/wp-json\/wp\/v2\/comments?post=237"}],"version-history":[{"count":0,"href":"https:\/\/www.ufsm.br\/cursos\/pos-graduacao\/santa-maria\/ppgart\/wp-json\/wp\/v2\/pages\/237\/revisions"}],"wp:attachment":[{"href":"https:\/\/www.ufsm.br\/cursos\/pos-graduacao\/santa-maria\/ppgart\/wp-json\/wp\/v2\/media?parent=237"}],"wp:term":[{"taxonomy":"category","embeddable":true,"href":"https:\/\/www.ufsm.br\/cursos\/pos-graduacao\/santa-maria\/ppgart\/wp-json\/wp\/v2\/categories?post=237"},{"taxonomy":"post_tag","embeddable":true,"href":"https:\/\/www.ufsm.br\/cursos\/pos-graduacao\/santa-maria\/ppgart\/wp-json\/wp\/v2\/tags?post=237"}],"curies":[{"name":"wp","href":"https:\/\/api.w.org\/{rel}","templated":true}]}}