{"id":2557,"date":"2025-09-29T16:05:23","date_gmt":"2025-09-29T19:05:23","guid":{"rendered":"https:\/\/www.ufsm.br\/cursos\/pos-graduacao\/santa-maria\/ppgart\/?page_id=2557"},"modified":"2025-12-12T16:38:52","modified_gmt":"2025-12-12T19:38:52","slug":"ingresso-curso-mestrado-em-artes-visuais-2026","status":"publish","type":"page","link":"https:\/\/www.ufsm.br\/cursos\/pos-graduacao\/santa-maria\/ppgart\/ingresso-curso-mestrado-em-artes-visuais-2026","title":{"rendered":"Ingresso curso Mestrado em Artes Visuais 2026"},"content":{"rendered":"\t\t<div data-elementor-type=\"wp-page\" data-elementor-id=\"2557\" class=\"elementor elementor-2557\">\n\t\t\t\t\t\t<section class=\"elementor-section elementor-top-section elementor-element elementor-element-4df71c5 elementor-section-boxed elementor-section-height-default elementor-section-height-default\" data-id=\"4df71c5\" data-element_type=\"section\">\n\t\t\t\t\t\t<div class=\"elementor-container elementor-column-gap-default\">\n\t\t\t\t\t<div class=\"elementor-column elementor-col-100 elementor-top-column elementor-element elementor-element-2a297f0\" data-id=\"2a297f0\" data-element_type=\"column\">\n\t\t\t<div class=\"elementor-widget-wrap elementor-element-populated\">\n\t\t\t\t\t\t<div class=\"elementor-element elementor-element-c2c4e88 elementor-widget elementor-widget-wp-widget-text\" data-id=\"c2c4e88\" data-element_type=\"widget\" data-widget_type=\"wp-widget-text.default\">\n\t\t\t\t<div class=\"elementor-widget-container\">\n\t\t\t<h5>Mestrado em Artes Visuais<\/h5>\t\t\t<div class=\"textwidget\"><div data-id=\"f297ec9\" data-element_type=\"widget\" data-widget_type=\"wp-widget-text.default\">\n<p>O processo seletivo para\u00a0 ingresso no curso de Mestrado \u00e9 realizado em tr\u00eas etapas, sendo cada etapa eliminat\u00f3ria. A nota m\u00ednima \u00a0para classifica\u00e7\u00e3o em cada prova \u00e9 sete (7,0).<\/p>\n<p><strong>Primeira etapa:<\/strong><\/p>\n<ul>\n<li>Prova 1: Projeto de Pesquisa, com peso tr\u00eas (3,0).<\/li>\n<li>Prova 2: Curr\u00edculo; Portf\u00f3lio Art\u00edstico ou Portf\u00f3lio Textos, com peso tr\u00eas (3,0).<\/li>\n<li><a href=\"https:\/\/www.ufsm.br\/app\/uploads\/sites\/529\/2024\/09\/PLANILHA-CURRICULO-EDITAL-MESTRADO2025-1.docx\">Link pra acesso ao arquivo Planilha\u00a0 de pontua\u00e7\u00e3o do curr\u00edculo edit\u00e1vel<\/a><\/li>\n<\/ul>\n<p><strong>\u00a0<\/strong><strong>Segunda etapa:<\/strong><\/p>\n<ul>\n<li>Prova 3: Prova Escrita, peso tr\u00eas (3,0).<\/li>\n<li>Local: Sala 1327, Pr\u00e9dio 40 (Centro de Artes e Letras)<\/li>\n<\/ul>\n<p><strong>Terceira etapa:<\/strong><\/p>\n<ul>\n<li>Prova 4: Prova Oral (Defesa do Projeto de Pesquisa), com peso um (1,0).<\/li>\n<\/ul>\n<\/div>\n<div data-id=\"21e4a29\" data-element_type=\"widget\" data-widget_type=\"wp-widget-text.default\">\n<div><\/div>\n<\/div>\n<div data-id=\"e56704e\" data-element_type=\"widget\" data-widget_type=\"wp-widget-text.default\">\n<div>\n<div>\n<div><\/div>\n<\/div>\n<\/div>\n<\/div>\n<\/div>\n\t\t\t\t<\/div>\n\t\t\t\t<\/div>\n\t\t\t\t\t<\/div>\n\t\t<\/div>\n\t\t\t\t\t<\/div>\n\t\t<\/section>\n\t\t\t\t<section class=\"elementor-section elementor-top-section elementor-element elementor-element-684410f elementor-section-boxed elementor-section-height-default elementor-section-height-default\" data-id=\"684410f\" data-element_type=\"section\">\n\t\t\t\t\t\t<div class=\"elementor-container elementor-column-gap-default\">\n\t\t\t\t\t<div class=\"elementor-column elementor-col-100 elementor-top-column elementor-element elementor-element-3dbab11\" data-id=\"3dbab11\" data-element_type=\"column\">\n\t\t\t<div class=\"elementor-widget-wrap elementor-element-populated\">\n\t\t\t\t\t\t<div class=\"elementor-element elementor-element-4d35d71 elementor-widget elementor-widget-heading\" data-id=\"4d35d71\" data-element_type=\"widget\" data-widget_type=\"heading.default\">\n\t\t\t\t<div class=\"elementor-widget-container\">\n\t\t\t<h5 class=\"elementor-heading-title elementor-size-default\">Vagas e Cronograma<\/h5>\t\t<\/div>\n\t\t\t\t<\/div>\n\t\t\t\t<div class=\"elementor-element elementor-element-1c14c38 elementor-widget elementor-widget-text-editor\" data-id=\"1c14c38\" data-element_type=\"widget\" data-widget_type=\"text-editor.default\">\n\t\t\t\t<div class=\"elementor-widget-container\">\n\t\t\t\t\t\t\t<p><a href=\"https:\/\/www.ufsm.br\/app\/uploads\/sites\/345\/2025\/09\/VAGAS_CRON_MEST_ART_VISUAIS_RETIF.pdf\">Acesse aqui.<\/a><\/p>\t\t\t\t\t\t<\/div>\n\t\t\t\t<\/div>\n\t\t\t\t\t<\/div>\n\t\t<\/div>\n\t\t\t\t\t<\/div>\n\t\t<\/section>\n\t\t\t\t<section class=\"elementor-section elementor-top-section elementor-element elementor-element-b5d209f elementor-section-boxed elementor-section-height-default elementor-section-height-default\" data-id=\"b5d209f\" data-element_type=\"section\">\n\t\t\t\t\t\t<div class=\"elementor-container elementor-column-gap-default\">\n\t\t\t\t\t<div class=\"elementor-column elementor-col-100 elementor-top-column elementor-element elementor-element-b0fd1d1\" data-id=\"b0fd1d1\" data-element_type=\"column\">\n\t\t\t<div class=\"elementor-widget-wrap elementor-element-populated\">\n\t\t\t\t\t\t<div class=\"elementor-element elementor-element-89ce7b3 elementor-widget elementor-widget-wp-widget-text\" data-id=\"89ce7b3\" data-element_type=\"widget\" data-widget_type=\"wp-widget-text.default\">\n\t\t\t\t<div class=\"elementor-widget-container\">\n\t\t\t<h5>Inscri\u00e7\u00f5es deferidas e indeferidas<\/h5>\t\t\t<div class=\"textwidget\"><p><a href=\"https:\/\/www.ufsm.br\/app\/uploads\/sites\/529\/2025\/11\/Inscricoes-deferidas-Mestrado-PPGART.pdf\">Inscri\u00e7\u00f5es deferidas\u00a0<\/a><\/p>\n<p><a href=\"https:\/\/www.ufsm.br\/app\/uploads\/sites\/529\/2025\/11\/Inscricoes-indeferidas-Mestrado-PPGART.pdf\">Inscri\u00e7\u00f5es indeferidas<\/a><\/p>\n<\/div>\n\t\t\t\t<\/div>\n\t\t\t\t<\/div>\n\t\t\t\t\t<\/div>\n\t\t<\/div>\n\t\t\t\t\t<\/div>\n\t\t<\/section>\n\t\t\t\t<section class=\"elementor-section elementor-top-section elementor-element elementor-element-4c42c4e elementor-section-boxed elementor-section-height-default elementor-section-height-default\" data-id=\"4c42c4e\" data-element_type=\"section\">\n\t\t\t\t\t\t<div class=\"elementor-container elementor-column-gap-default\">\n\t\t\t\t\t<div class=\"elementor-column elementor-col-100 elementor-top-column elementor-element elementor-element-e5731e3\" data-id=\"e5731e3\" data-element_type=\"column\">\n\t\t\t<div class=\"elementor-widget-wrap elementor-element-populated\">\n\t\t\t\t\t\t<div class=\"elementor-element elementor-element-8ced9f0 elementor-widget elementor-widget-wp-widget-text\" data-id=\"8ced9f0\" data-element_type=\"widget\" data-widget_type=\"wp-widget-text.default\">\n\t\t\t\t<div class=\"elementor-widget-container\">\n\t\t\t<h5>Bibliografia indicada para a Prova 3: Prova Escrita.<\/h5>\t\t\t<div class=\"textwidget\"><p><a href=\"https:\/\/www.ufsm.br\/app\/uploads\/sites\/529\/2025\/09\/BAUMAN-Cultura-como-conceito-In-Ensaios-sobre-o-conceito-de-cultura-2012.pdf\"><span style=\"font-weight: 400\">BAUMAN, Zygmunt. Cultura como conceito. <\/span><i><span style=\"font-weight: 400\">In<\/span><\/i><span style=\"font-weight: 400\">:\u00a0 BAUMAN, Zygmunt. <\/span><b>Ensaios sobre o conceito de cultura<\/b><span style=\"font-weight: 400\">.\u00a0 Rio de Janeiro: Zahar, 2012, p. 3 \u2013 57.<\/span><\/a><\/p>\n<p><a href=\"https:\/\/www.ufsm.br\/app\/uploads\/sites\/529\/2025\/09\/CAUQUELIN-Figura-e-modos-da-arte-contemporanea-In-Arte-contemporanea.-uma-introducao-2005.pdf\"><span style=\"font-weight: 400\">CAUQUELIN, Anne. Figura e modos da arte contempor\u00e2nea. <\/span><i><span style=\"font-weight: 400\">In<\/span><\/i><span style=\"font-weight: 400\">:\u00a0 CAUQUELIN, Anne. <\/span><b>Arte Contempor\u00e2nea: uma Introdu\u00e7\u00e3o<\/b><span style=\"font-weight: 400\">. S\u00e3o Paulo: Martins Fontes, 2005, p. 86 &#8211; 125.<\/span><\/a><\/p>\n<p><a href=\"https:\/\/www.ufsm.br\/app\/uploads\/sites\/529\/2025\/09\/DIDI-HUBERMAN.A-historia-da-arte-como-disciplina-anacronica.-In.Diante-do-Tempo-Historia-da-Arte-e-Anacronismos-das-Imagens.pdf\"><span style=\"font-weight: 400\">DIDI-HUBERMAN, Georges. A hist\u00f3ria da arte como disciplina anacr\u00f4nica. <\/span><i><span style=\"font-weight: 400\">In<\/span><\/i><span style=\"font-weight: 400\">:\u00a0 DIDI-HUBERMAN, Georges.<\/span><b> Diante do tempo: Hist\u00f3ria da arte e anacronismo das imagens<\/b><span style=\"font-weight: 400\">. Belo Horizonte: Editora da UFMG, 2015, p. 15 &#8211; 68.<\/span><\/a><\/p>\n<p><a href=\"https:\/\/www.ufsm.br\/app\/uploads\/sites\/529\/2025\/09\/FERREIRA.-Como-a-arte-e-estudada-como-ciencia.-Introducao-brasileira-a-teoria-historia-e-critica-das-artes-2019.pdf\"><span style=\"font-weight: 400\">FERREIRA, Carolin Overhoff. Como a arte \u00e9 estudada como ci\u00eancia? <\/span><i><span style=\"font-weight: 400\">In<\/span><\/i><span style=\"font-weight: 400\">:\u00a0 FERREIRA, Carolin Overhoff. <\/span><b>Introdu\u00e7\u00e3o brasileira \u00e0 teoria, hist\u00f3ria e cr\u00edtica das artes<\/b><span style=\"font-weight: 400\">. S\u00e3o Paulo: Edi\u00e7\u00f5es 70, 2019, p. 221-278.<\/span><\/a><\/p>\n<p><a href=\"https:\/\/www.ufsm.br\/app\/uploads\/sites\/529\/2025\/09\/GIUNTA-A.-CONTRA-O-CANONE.-Introducao-e-cap-1_compressed-1.pdf\"><span style=\"font-weight: 400\">GIUNTA, Andrea. \u201cIntrodu\u00e7\u00e3o\u201d e \u201ccap\u00edtulo 1: Adeus \u00e0 periferia. A multiplica\u00e7\u00e3o\u00a0<\/span><span style=\"font-weight: 400\">dos centros na arte de p\u00f3s-guerra\u201d. <\/span><i><span style=\"font-weight: 400\">In<\/span><\/i><span style=\"font-weight: 400\">:\u00a0 GIUNTA, Andrea.<\/span><b> Contra o c\u00e2none: arte contempor\u00e2nea em um mundo sem centro.<\/b><span style=\"font-weight: 400\"> Florian\u00f3polis: Ed. Nave, 2022, p. 27-78.<\/span><\/a><\/p>\n<p><a href=\"https:\/\/www.ufsm.br\/app\/uploads\/sites\/529\/2025\/09\/GRAU-Telepresenca.-arte-e-historia-de-uma-ideia-2007.pdf\"><span style=\"font-weight: 400\">GRAU, Oliver.\u00a0 Telepresen\u00e7a: arte e hist\u00f3ria de uma id\u00e9ia.<\/span><i><span style=\"font-weight: 400\"> In<\/span><\/i><span style=\"font-weight: 400\">: \u00a0 GRAU, Oliver.\u00a0 <\/span><b>Arte virtual: Da ilus\u00e3o \u00e0 imers\u00e3o<\/b><span style=\"font-weight: 400\">. S\u00e3o Paulo: UNESP, 2007, p. 307 \u2013 333.<\/span><\/a><\/p>\n<p><a href=\"https:\/\/www.ufsm.br\/app\/uploads\/sites\/529\/2025\/09\/KUSPIT-Del-arte-analogico-al-arte-digital-.-2006.pdf\"><span style=\"font-weight: 400\">KUSPIT, Donald. Del arte anal\u00f3gico al arte digital: de la representaci\u00f3n de los objetos a la codificaci\u00f3n de las sensaciones. <\/span><i><span style=\"font-weight: 400\">In:<\/span><\/i><span style=\"font-weight: 400\">\u00a0 KUSPIT, Donald. <\/span><b>Arte digital y videoarte: transgrediendo los l\u00edmites de la representaci\u00f3n<\/b><span style=\"font-weight: 400\">. Madrid: C\u00edrculo de Bellas Artes, 2006, p. 11 \u2013 37.<\/span><\/a><\/p>\n<p><a href=\"https:\/\/www.ufsm.br\/app\/uploads\/sites\/529\/2025\/09\/PAIVA-Panorama-Geral-In-A-virada-decolonial-brasileira-2022.pdf\"><span style=\"font-weight: 400\">PAIVA, Alessandra Sim\u00f5es. Panorama Geral. <\/span><i><span style=\"font-weight: 400\">In<\/span><\/i><span style=\"font-weight: 400\">: <\/span><b>A virada decolonial na arte brasileira<\/b><span style=\"font-weight: 400\">. Bauru, SP: Mireveja, 2022, p. 23 &#8211; 45.<\/span><\/a><\/p>\n<p><a href=\"https:\/\/www.ufsm.br\/app\/uploads\/sites\/529\/2025\/09\/RUSH-introducao-In-Novas-midias-na-arte-contemporanea-2006.pdf\"><span style=\"font-weight: 400\">RUSH, Michael. Introdu\u00e7\u00e3o. <\/span><i><span style=\"font-weight: 400\">In<\/span><\/i><span style=\"font-weight: 400\">:\u00a0 RUSH, Michael. <\/span><b>Novas m\u00eddias na arte contempor\u00e2nea<\/b><span style=\"font-weight: 400\">. S\u00e3o Paulo: Martins Fontes, 2006, p. 1 \u2013 29.<\/span><\/a><\/p>\n<p><a href=\"https:\/\/www.ufsm.br\/app\/uploads\/sites\/529\/2025\/09\/SANTAELLA.-Artes-Hibridas-In-Lucia-Cultura-e-artes-do-pos-humano-Da-cultura-das-midias-a-cibercultura-2003.pdf\"><span style=\"font-weight: 400\">SANTAELLA, Lucia. Artes H\u00edbridas. <\/span><i><span style=\"font-weight: 400\">In<\/span><\/i><span style=\"font-weight: 400\">: SANTAELLA, Lucia.<\/span><b> Culturas e artes do p\u00f3s-humano<\/b><span style=\"font-weight: 400\">. S\u00e3o Paulo: Paulus, 2003, p. 135 &#8211; 150.<\/span><\/a><\/p>\n<p><a href=\"https:\/\/www.ufsm.br\/app\/uploads\/sites\/529\/2025\/09\/SCHWARCZ-O-nacionalismo-brasileiro-tem-cor-In-Imagens-da-branquitude-2022.pdf\"><span style=\"font-weight: 400\">SCHWARCZ, Lilia Moritz. 8. <\/span><b>O nacionalismo tem cor: discursos sobre branqueamento no Brasil. Imagens da branquitude: a presen\u00e7a da aus\u00eancia<\/b><span style=\"font-weight: 400\">. S\u00e3o Paulo: Cia das Letras, 2024, p. 269-294.<\/span><\/a><\/p>\n<p><a href=\"https:\/\/www.ufsm.br\/app\/uploads\/sites\/529\/2025\/09\/THORNTON-A-revista-In-Sete-dias-no-mundo-da-arte-2010.pdf\"><span style=\"font-weight: 400\">THORNTON, Sarah. A revista.\u00a0 <\/span><i><span style=\"font-weight: 400\">In<\/span><\/i><span style=\"font-weight: 400\">: THORNTON, Sarah. <\/span><b>Sete Dias no mundo da arte<\/b><span style=\"font-weight: 400\">. Lisboa: Babel, 2010, p. 151 \u2013 184.<\/span><\/a><\/p>\n<\/div>\n\t\t\t\t<\/div>\n\t\t\t\t<\/div>\n\t\t\t\t\t<\/div>\n\t\t<\/div>\n\t\t\t\t\t<\/div>\n\t\t<\/section>\n\t\t\t\t<section class=\"elementor-section elementor-top-section elementor-element elementor-element-ae93040 elementor-section-boxed elementor-section-height-default elementor-section-height-default\" data-id=\"ae93040\" data-element_type=\"section\">\n\t\t\t\t\t\t<div class=\"elementor-container elementor-column-gap-default\">\n\t\t\t\t\t<div class=\"elementor-column elementor-col-100 elementor-top-column elementor-element elementor-element-62001dd\" data-id=\"62001dd\" data-element_type=\"column\">\n\t\t\t<div class=\"elementor-widget-wrap elementor-element-populated\">\n\t\t\t\t\t\t<div class=\"elementor-element elementor-element-48a4279 elementor-widget elementor-widget-wp-widget-text\" data-id=\"48a4279\" data-element_type=\"widget\" data-widget_type=\"wp-widget-text.default\">\n\t\t\t\t<div class=\"elementor-widget-container\">\n\t\t\t<h5>Cronograma Prova 4 &#8211; Prova Oral<\/h5>\t\t\t<div class=\"textwidget\"><p><a href=\"https:\/\/www.ufsm.br\/app\/uploads\/sites\/529\/2025\/12\/Datas-e-horarios-da-Prova-Oral-PPGART-Mestrado.pdf\">Consulte aqui a data e hor\u00e1rio da Prova 4 &#8211; prova oral.<\/a><\/p>\n<\/div>\n\t\t\t\t<\/div>\n\t\t\t\t<\/div>\n\t\t\t\t\t<\/div>\n\t\t<\/div>\n\t\t\t\t\t<\/div>\n\t\t<\/section>\n\t\t\t\t<section class=\"elementor-section elementor-top-section elementor-element elementor-element-39a1058 elementor-section-boxed elementor-section-height-default elementor-section-height-default\" data-id=\"39a1058\" data-element_type=\"section\">\n\t\t\t\t\t\t<div class=\"elementor-container elementor-column-gap-default\">\n\t\t\t\t\t<div class=\"elementor-column elementor-col-100 elementor-top-column elementor-element elementor-element-08ea190\" data-id=\"08ea190\" data-element_type=\"column\">\n\t\t\t<div class=\"elementor-widget-wrap elementor-element-populated\">\n\t\t\t\t\t\t<div class=\"elementor-element elementor-element-499bbd9 elementor-widget elementor-widget-wp-widget-text\" data-id=\"499bbd9\" data-element_type=\"widget\" data-widget_type=\"wp-widget-text.default\">\n\t\t\t\t<div class=\"elementor-widget-container\">\n\t\t\t<h5>Resultados<\/h5>\t\t\t<div class=\"textwidget\"><ul>\n<li><strong>Primeira Etapa<\/strong><\/li>\n<\/ul>\n<p><a href=\"https:\/\/www.ufsm.br\/app\/uploads\/sites\/529\/2025\/11\/Etapa-1-Mestrado-PPGART.pdf\">Resultado Preliminar<\/a><\/p>\n<p><a href=\"https:\/\/www.ufsm.br\/app\/uploads\/sites\/529\/2025\/11\/Resultado-da-etapa-1-Mestrado-PPGART.pdf\">Resultado Final<\/a><\/p>\n<ul>\n<li><strong>Segunda Etapa\u00a0<\/strong><\/li>\n<\/ul>\n<p><a href=\"https:\/\/www.ufsm.br\/app\/uploads\/sites\/529\/2025\/11\/Resultado-preliminar-Etapa-2-PPGART-Mestrado.pdf\">Resultado Preliminar<\/a><\/p>\n<p><a href=\"https:\/\/www.ufsm.br\/app\/uploads\/sites\/529\/2025\/12\/Resultado-Etapa-2-PPGART-Mestrado.pdf\">Resultado Final<\/a><\/p>\n<ul>\n<li><strong>Terceira Etapa<\/strong><\/li>\n<\/ul>\n<p><a href=\"https:\/\/www.ufsm.br\/app\/uploads\/sites\/529\/2025\/12\/Resultado-preliminar-Etapa-3-PPGART-Mestrado.pdf\">Resultado Preliminar<\/a><\/p>\n<p><a href=\"https:\/\/www.ufsm.br\/app\/uploads\/sites\/529\/2025\/12\/Resultado-Etapa-3-PPGART-Mestrado.pdf\">Resultado Final<\/a><\/p>\n<\/div>\n\t\t\t\t<\/div>\n\t\t\t\t<\/div>\n\t\t\t\t<div class=\"elementor-element elementor-element-ce870b4 elementor-widget elementor-widget-wp-widget-text\" data-id=\"ce870b4\" data-element_type=\"widget\" data-widget_type=\"wp-widget-text.default\">\n\t\t\t\t<div class=\"elementor-widget-container\">\n\t\t\t<h5>Classificados<\/h5>\t\t\t<div class=\"textwidget\"><p><a href=\"https:\/\/www.ufsm.br\/app\/uploads\/sites\/345\/2025\/09\/MESTRADO-EM-ARTES-VISUAIS.pdf\">Rela\u00e7\u00e3o de candidatos classificados e suplentes (Link da PRPGP)<\/a><\/p>\n<p>&nbsp;<\/p>\n<\/div>\n\t\t\t\t<\/div>\n\t\t\t\t<\/div>\n\t\t\t\t\t<\/div>\n\t\t<\/div>\n\t\t\t\t\t<\/div>\n\t\t<\/section>\n\t\t\t\t<\/div>\n\t\t","protected":false},"excerpt":{"rendered":"<p>Vagas e Cronograma Acesse aqui.<\/p>\n","protected":false},"author":820,"featured_media":0,"parent":0,"menu_order":0,"comment_status":"closed","ping_status":"closed","template":"","meta":{"footnotes":""},"categories":[],"tags":[],"class_list":["post-2557","page","type-page","status-publish","hentry"],"acf":[],"_links":{"self":[{"href":"https:\/\/www.ufsm.br\/cursos\/pos-graduacao\/santa-maria\/ppgart\/wp-json\/wp\/v2\/pages\/2557","targetHints":{"allow":["GET"]}}],"collection":[{"href":"https:\/\/www.ufsm.br\/cursos\/pos-graduacao\/santa-maria\/ppgart\/wp-json\/wp\/v2\/pages"}],"about":[{"href":"https:\/\/www.ufsm.br\/cursos\/pos-graduacao\/santa-maria\/ppgart\/wp-json\/wp\/v2\/types\/page"}],"author":[{"embeddable":true,"href":"https:\/\/www.ufsm.br\/cursos\/pos-graduacao\/santa-maria\/ppgart\/wp-json\/wp\/v2\/users\/820"}],"replies":[{"embeddable":true,"href":"https:\/\/www.ufsm.br\/cursos\/pos-graduacao\/santa-maria\/ppgart\/wp-json\/wp\/v2\/comments?post=2557"}],"version-history":[{"count":0,"href":"https:\/\/www.ufsm.br\/cursos\/pos-graduacao\/santa-maria\/ppgart\/wp-json\/wp\/v2\/pages\/2557\/revisions"}],"wp:attachment":[{"href":"https:\/\/www.ufsm.br\/cursos\/pos-graduacao\/santa-maria\/ppgart\/wp-json\/wp\/v2\/media?parent=2557"}],"wp:term":[{"taxonomy":"category","embeddable":true,"href":"https:\/\/www.ufsm.br\/cursos\/pos-graduacao\/santa-maria\/ppgart\/wp-json\/wp\/v2\/categories?post=2557"},{"taxonomy":"post_tag","embeddable":true,"href":"https:\/\/www.ufsm.br\/cursos\/pos-graduacao\/santa-maria\/ppgart\/wp-json\/wp\/v2\/tags?post=2557"}],"curies":[{"name":"wp","href":"https:\/\/api.w.org\/{rel}","templated":true}]}}