{"id":29,"date":"2018-01-18T09:10:07","date_gmt":"2018-01-18T11:10:07","guid":{"rendered":"https:\/\/www.ufsm.br\/cursos\/graduacao\/nutricao\/12352\/?page_id=29"},"modified":"2019-02-14T12:22:24","modified_gmt":"2019-02-14T14:22:24","slug":"contato","status":"publish","type":"page","link":"https:\/\/www.ufsm.br\/cursos\/pos-graduacao\/santa-maria\/ppgart\/contato","title":{"rendered":"Contato"},"content":{"rendered":"<p class=\"Padro\"><strong>Universidade Federal de Santa Maria<\/strong><br \/>\nCentro de Artes e Letras<br \/>\nPrograma de P\u00f3s-Gradua\u00e7\u00e3o em Artes Visuais \u2013 Mestrado<br \/>\nAv. Roraima 1000\/ Pr\u00e9dio 40\/ Sala 1324<br \/>\nCEP 97105-900<\/p>\n<p class=\"Padro\">Secret\u00e1ria: Daiani Saul da Luz \u2013\u00a0ppgart@ufsm.br<\/p>\n<p class=\"Padro\">Secret\u00e1ria: Camila Linhati Bitencourt \u2013\u00a0lid@smail.ufsm.br, produzppgart@ufsm.br<\/p>\n<p><strong>Outros Contatos<\/strong><\/p>\n<p>(55)3220 9484 e (55)3220 2487<\/p>\n","protected":false},"excerpt":{"rendered":"<p>Universidade Federal de Santa Maria Centro de Artes e Letras Programa de P\u00f3s-Gradua\u00e7\u00e3o em Artes Visuais \u2013 Mestrado Av. Roraima 1000\/ Pr\u00e9dio 40\/ Sala 1324 CEP 97105-900 Secret\u00e1ria: Daiani Saul da Luz \u2013\u00a0ppgart@ufsm.br Secret\u00e1ria: Camila Linhati Bitencourt \u2013\u00a0lid@smail.ufsm.br, produzppgart@ufsm.br Outros Contatos (55)3220 9484 e (55)3220 2487<\/p>\n","protected":false},"author":8,"featured_media":0,"parent":0,"menu_order":0,"comment_status":"closed","ping_status":"closed","template":"","meta":{"footnotes":""},"categories":[],"tags":[],"class_list":["post-29","page","type-page","status-publish","hentry"],"acf":[],"_links":{"self":[{"href":"https:\/\/www.ufsm.br\/cursos\/pos-graduacao\/santa-maria\/ppgart\/wp-json\/wp\/v2\/pages\/29","targetHints":{"allow":["GET"]}}],"collection":[{"href":"https:\/\/www.ufsm.br\/cursos\/pos-graduacao\/santa-maria\/ppgart\/wp-json\/wp\/v2\/pages"}],"about":[{"href":"https:\/\/www.ufsm.br\/cursos\/pos-graduacao\/santa-maria\/ppgart\/wp-json\/wp\/v2\/types\/page"}],"author":[{"embeddable":true,"href":"https:\/\/www.ufsm.br\/cursos\/pos-graduacao\/santa-maria\/ppgart\/wp-json\/wp\/v2\/users\/8"}],"replies":[{"embeddable":true,"href":"https:\/\/www.ufsm.br\/cursos\/pos-graduacao\/santa-maria\/ppgart\/wp-json\/wp\/v2\/comments?post=29"}],"version-history":[{"count":0,"href":"https:\/\/www.ufsm.br\/cursos\/pos-graduacao\/santa-maria\/ppgart\/wp-json\/wp\/v2\/pages\/29\/revisions"}],"wp:attachment":[{"href":"https:\/\/www.ufsm.br\/cursos\/pos-graduacao\/santa-maria\/ppgart\/wp-json\/wp\/v2\/media?parent=29"}],"wp:term":[{"taxonomy":"category","embeddable":true,"href":"https:\/\/www.ufsm.br\/cursos\/pos-graduacao\/santa-maria\/ppgart\/wp-json\/wp\/v2\/categories?post=29"},{"taxonomy":"post_tag","embeddable":true,"href":"https:\/\/www.ufsm.br\/cursos\/pos-graduacao\/santa-maria\/ppgart\/wp-json\/wp\/v2\/tags?post=29"}],"curies":[{"name":"wp","href":"https:\/\/api.w.org\/{rel}","templated":true}]}}