{"id":646,"date":"2019-06-24T13:39:07","date_gmt":"2019-06-24T16:39:07","guid":{"rendered":"https:\/\/www.ufsm.br\/cursos\/pos-graduacao\/santa-maria\/ppgart\/?page_id=646"},"modified":"2022-08-14T23:02:53","modified_gmt":"2022-08-15T02:02:53","slug":"aluno-especial","status":"publish","type":"page","link":"https:\/\/www.ufsm.br\/cursos\/pos-graduacao\/santa-maria\/ppgart\/aluno-especial","title":{"rendered":"Aluno Especial"},"content":{"rendered":"\n<p>Duas vezes ao ano (pr\u00f3ximo ao in\u00edcio de cada semestre) o Departamento de Registro e Controle Acad\u00eamico \u2013 DERCA lan\u00e7a, em sua p\u00e1gina, o edital de abertura de inscri\u00e7\u00e3o a categoria de Aluno Especial I em disciplinas de p\u00f3s-gradua\u00e7\u00e3o. As datas espec\u00edficas a cada uma das etapas da solicita\u00e7\u00e3o de matr\u00edcula como Aluno Especial I est\u00e3o estipuladas no Calend\u00e1rio Acad\u00eamico da P\u00f3s-Gradua\u00e7\u00e3o, dispon\u00edvel em: <a href=\"https:\/\/www.ufsm.br\/calendario\/\">https:\/\/www.ufsm.br\/calendario\/<\/a>.<\/p>\n<p>O Regulamento do PPGART, art. 48,\u00a0 <strong>prev\u00ea que a matr\u00edcula como aluno especial poder\u00e1 ser concedida apenas nos seguintes casos<\/strong>:<\/p>\n<p><em>I &#8211; Estudantes vinculados a programas de p\u00f3s-gradua\u00e7\u00e3o de outras IES, nacionais ou\u00a0estrangeiras, cabendo \u00e0 coordena\u00e7\u00e3o do Programa de origem do discente a responsabilidade\u00a0pela solicita\u00e7\u00e3o \u00e0 coordena\u00e7\u00e3o do PPGART da UFSM.<\/em><\/p>\n<p><em>II \u2013 Portadores de diploma de curso superior e que sejam participantes de projetos de pesquisa\u00a0aprovados no \u00e2mbito da Institui\u00e7\u00e3o, cabendo ao coordenador do projeto a responsabilidade\u00a0pela solicita\u00e7\u00e3o \u00e0 coordena\u00e7\u00e3o do Programa de P\u00f3s-gradua\u00e7\u00e3o em Artes Visuais, apenas em\u00a0disciplinas eletivas, limitada a uma disciplina por semestre para cada discente e, no m\u00e1ximo, a\u00a0duas matr\u00edculas especiais no Programa.<\/em><\/p>\n<p><em>\u00a7 1\u00ba a matr\u00edcula especial em disciplinas de P\u00f3s-gradua\u00e7\u00e3o \u00e9 limitada a uma disciplina por semestre para cada discente e, no m\u00e1ximo, a duas matr\u00edculas especiais em um Programa de P\u00f3s-Gradua\u00e7\u00e3o.<\/em><\/p>\n<p><span style=\"color: #999999\"><em>*Cabe ao Colegiado do PPGART a decis\u00e3o de ofertar vaga para matr\u00edcula como aluno especial I nas disciplinas dos cursos de Mestrado e Doutorado.\u00a0\u00a0<\/em><\/span><\/p>\n<p>\u00a0<\/p>\n","protected":false},"excerpt":{"rendered":"<p>Duas vezes ao ano (pr\u00f3ximo ao in\u00edcio de cada semestre) o Departamento de Registro e Controle Acad\u00eamico \u2013 DERCA lan\u00e7a, em sua p\u00e1gina, o edital de abertura de inscri\u00e7\u00e3o a categoria de Aluno Especial I em disciplinas de p\u00f3s-gradua\u00e7\u00e3o. As datas espec\u00edficas a cada uma das etapas da solicita\u00e7\u00e3o de matr\u00edcula como Aluno Especial I [&hellip;]<\/p>\n","protected":false},"author":820,"featured_media":0,"parent":0,"menu_order":0,"comment_status":"closed","ping_status":"closed","template":"","meta":{"footnotes":""},"categories":[],"tags":[],"class_list":["post-646","page","type-page","status-publish","hentry"],"acf":[],"_links":{"self":[{"href":"https:\/\/www.ufsm.br\/cursos\/pos-graduacao\/santa-maria\/ppgart\/wp-json\/wp\/v2\/pages\/646","targetHints":{"allow":["GET"]}}],"collection":[{"href":"https:\/\/www.ufsm.br\/cursos\/pos-graduacao\/santa-maria\/ppgart\/wp-json\/wp\/v2\/pages"}],"about":[{"href":"https:\/\/www.ufsm.br\/cursos\/pos-graduacao\/santa-maria\/ppgart\/wp-json\/wp\/v2\/types\/page"}],"author":[{"embeddable":true,"href":"https:\/\/www.ufsm.br\/cursos\/pos-graduacao\/santa-maria\/ppgart\/wp-json\/wp\/v2\/users\/820"}],"replies":[{"embeddable":true,"href":"https:\/\/www.ufsm.br\/cursos\/pos-graduacao\/santa-maria\/ppgart\/wp-json\/wp\/v2\/comments?post=646"}],"version-history":[{"count":0,"href":"https:\/\/www.ufsm.br\/cursos\/pos-graduacao\/santa-maria\/ppgart\/wp-json\/wp\/v2\/pages\/646\/revisions"}],"wp:attachment":[{"href":"https:\/\/www.ufsm.br\/cursos\/pos-graduacao\/santa-maria\/ppgart\/wp-json\/wp\/v2\/media?parent=646"}],"wp:term":[{"taxonomy":"category","embeddable":true,"href":"https:\/\/www.ufsm.br\/cursos\/pos-graduacao\/santa-maria\/ppgart\/wp-json\/wp\/v2\/categories?post=646"},{"taxonomy":"post_tag","embeddable":true,"href":"https:\/\/www.ufsm.br\/cursos\/pos-graduacao\/santa-maria\/ppgart\/wp-json\/wp\/v2\/tags?post=646"}],"curies":[{"name":"wp","href":"https:\/\/api.w.org\/{rel}","templated":true}]}}