{"id":761,"date":"2019-09-17T10:40:24","date_gmt":"2019-09-17T13:40:24","guid":{"rendered":"https:\/\/www.ufsm.br\/cursos\/pos-graduacao\/santa-maria\/ppgart\/?page_id=761"},"modified":"2019-10-02T09:13:51","modified_gmt":"2019-10-02T12:13:51","slug":"laboratorio-de-fotografia-labfoto","status":"publish","type":"page","link":"https:\/\/www.ufsm.br\/cursos\/pos-graduacao\/santa-maria\/ppgart\/laboratorio-de-fotografia-labfoto","title":{"rendered":"Laborat\u00f3rio de Fotografia (LabFoto)"},"content":{"rendered":"\t\t<div data-elementor-type=\"wp-page\" data-elementor-id=\"761\" class=\"elementor elementor-761\">\n\t\t\t\t\t\t<section class=\"elementor-section elementor-top-section elementor-element elementor-element-78791c9f elementor-section-boxed elementor-section-height-default elementor-section-height-default\" data-id=\"78791c9f\" data-element_type=\"section\">\n\t\t\t\t\t\t<div class=\"elementor-container elementor-column-gap-default\">\n\t\t\t\t\t<div class=\"elementor-column elementor-col-100 elementor-top-column elementor-element elementor-element-c26a6b\" data-id=\"c26a6b\" data-element_type=\"column\">\n\t\t\t<div class=\"elementor-widget-wrap elementor-element-populated\">\n\t\t\t\t\t\t<div class=\"elementor-element elementor-element-00c4990 elementor-widget elementor-widget-image\" data-id=\"00c4990\" data-element_type=\"widget\" data-widget_type=\"image.default\">\n\t\t\t\t<div class=\"elementor-widget-container\">\n\t\t\t\t\t\t\t\t\t\t\t\t\t<img fetchpriority=\"high\" decoding=\"async\" width=\"300\" height=\"270\" src=\"https:\/\/www.ufsm.br\/app\/uploads\/sites\/529\/2019\/10\/marca-LabFoto_001-300x270.jpg\" class=\"attachment-medium size-medium wp-image-788\" alt=\"\" srcset=\"https:\/\/www.ufsm.br\/app\/uploads\/sites\/529\/2019\/10\/marca-LabFoto_001-300x270.jpg 300w, https:\/\/www.ufsm.br\/app\/uploads\/sites\/529\/2019\/10\/marca-LabFoto_001-768x691.jpg 768w, https:\/\/www.ufsm.br\/app\/uploads\/sites\/529\/2019\/10\/marca-LabFoto_001-1024x922.jpg 1024w, https:\/\/www.ufsm.br\/app\/uploads\/sites\/529\/2019\/10\/marca-LabFoto_001.jpg 1620w\" sizes=\"(max-width: 300px) 100vw, 300px\" \/>\t\t\t\t\t\t\t\t\t\t\t\t\t<\/div>\n\t\t\t\t<\/div>\n\t\t\t\t<div class=\"elementor-element elementor-element-2fdb9c03 elementor-widget elementor-widget-text-editor\" data-id=\"2fdb9c03\" data-element_type=\"widget\" data-widget_type=\"text-editor.default\">\n\t\t\t\t<div class=\"elementor-widget-container\">\n\t\t\t\t\t\t\t<p><!-- wp:tadv\/classic-paragraph --><\/p>\n<p>O Laborat\u00f3rio de Pesquisa em Fotografia (LabFoto) re\u00fane estudantes da gradua\u00e7\u00e3o e da P\u00f3s-gradua\u00e7\u00e3o em Artes Visuais, mestrado e doutorado, que se dedicam \u00e0 pesquisa em artes numa abordagem da fotografia como arte e como objeto da artes, ancoradas nos princ\u00edpios da arte contempor\u00e2nea. Sob a coordena\u00e7\u00e3o da Profa. Dra. Darci Raquel Fonseca, os integrantes do LabFoto est\u00e3o comprometidos com um trabalho pr\u00e1tico de qualidade enriquecido de um pensamento cr\u00edtico derivado da po\u00e9tica realizada. Est\u00e1 localizado no 3\u00ba andar do Centro de Artes e Letras,\u00a0 sala 1326B,\u00a0 Universidade Federal de Santa Maria.<\/p>\n<p>\u00a0<\/p>\n<p><!-- \/wp:tadv\/classic-paragraph --><\/p>\t\t\t\t\t\t<\/div>\n\t\t\t\t<\/div>\n\t\t\t\t\t<\/div>\n\t\t<\/div>\n\t\t\t\t\t<\/div>\n\t\t<\/section>\n\t\t\t\t<\/div>\n\t\t","protected":false},"excerpt":{"rendered":"<p>O Laborat\u00f3rio de Pesquisa em Fotografia (LabFoto) re\u00fane estudantes da gradua\u00e7\u00e3o e da P\u00f3s-gradua\u00e7\u00e3o em Artes Visuais, mestrado e doutorado, que se dedicam \u00e0 pesquisa em artes numa abordagem da fotografia como arte e como objeto da artes, ancoradas nos princ\u00edpios da arte contempor\u00e2nea. Sob a coordena\u00e7\u00e3o da Profa. Dra. Darci Raquel Fonseca, os integrantes [&hellip;]<\/p>\n","protected":false},"author":820,"featured_media":0,"parent":0,"menu_order":0,"comment_status":"closed","ping_status":"closed","template":"","meta":{"footnotes":""},"categories":[],"tags":[],"class_list":["post-761","page","type-page","status-publish","hentry"],"acf":[],"_links":{"self":[{"href":"https:\/\/www.ufsm.br\/cursos\/pos-graduacao\/santa-maria\/ppgart\/wp-json\/wp\/v2\/pages\/761","targetHints":{"allow":["GET"]}}],"collection":[{"href":"https:\/\/www.ufsm.br\/cursos\/pos-graduacao\/santa-maria\/ppgart\/wp-json\/wp\/v2\/pages"}],"about":[{"href":"https:\/\/www.ufsm.br\/cursos\/pos-graduacao\/santa-maria\/ppgart\/wp-json\/wp\/v2\/types\/page"}],"author":[{"embeddable":true,"href":"https:\/\/www.ufsm.br\/cursos\/pos-graduacao\/santa-maria\/ppgart\/wp-json\/wp\/v2\/users\/820"}],"replies":[{"embeddable":true,"href":"https:\/\/www.ufsm.br\/cursos\/pos-graduacao\/santa-maria\/ppgart\/wp-json\/wp\/v2\/comments?post=761"}],"version-history":[{"count":0,"href":"https:\/\/www.ufsm.br\/cursos\/pos-graduacao\/santa-maria\/ppgart\/wp-json\/wp\/v2\/pages\/761\/revisions"}],"wp:attachment":[{"href":"https:\/\/www.ufsm.br\/cursos\/pos-graduacao\/santa-maria\/ppgart\/wp-json\/wp\/v2\/media?parent=761"}],"wp:term":[{"taxonomy":"category","embeddable":true,"href":"https:\/\/www.ufsm.br\/cursos\/pos-graduacao\/santa-maria\/ppgart\/wp-json\/wp\/v2\/categories?post=761"},{"taxonomy":"post_tag","embeddable":true,"href":"https:\/\/www.ufsm.br\/cursos\/pos-graduacao\/santa-maria\/ppgart\/wp-json\/wp\/v2\/tags?post=761"}],"curies":[{"name":"wp","href":"https:\/\/api.w.org\/{rel}","templated":true}]}}