{"id":793,"date":"2019-10-02T11:45:07","date_gmt":"2019-10-02T14:45:07","guid":{"rendered":"https:\/\/www.ufsm.br\/cursos\/pos-graduacao\/santa-maria\/ppgart\/?page_id=793"},"modified":"2021-02-12T16:49:55","modified_gmt":"2021-02-12T19:49:55","slug":"mestrado","status":"publish","type":"page","link":"https:\/\/www.ufsm.br\/cursos\/pos-graduacao\/santa-maria\/ppgart\/mestrado","title":{"rendered":"Mestrado"},"content":{"rendered":"\t\t<div data-elementor-type=\"wp-page\" data-elementor-id=\"793\" class=\"elementor elementor-793\">\n\t\t\t\t\t\t<section class=\"elementor-section elementor-top-section elementor-element elementor-element-136e568 elementor-section-boxed elementor-section-height-default elementor-section-height-default\" data-id=\"136e568\" data-element_type=\"section\">\n\t\t\t\t\t\t<div class=\"elementor-container elementor-column-gap-default\">\n\t\t\t\t\t<div class=\"elementor-column elementor-col-100 elementor-top-column elementor-element elementor-element-a00faf6\" data-id=\"a00faf6\" data-element_type=\"column\">\n\t\t\t<div class=\"elementor-widget-wrap elementor-element-populated\">\n\t\t\t\t\t\t<div class=\"elementor-element elementor-element-53cc39c elementor-widget elementor-widget-wp-widget-text\" data-id=\"53cc39c\" data-element_type=\"widget\" data-widget_type=\"wp-widget-text.default\">\n\t\t\t\t<div class=\"elementor-widget-container\">\n\t\t\t<h5>Processo seletivo Curso mestrado em Artes Visuais<\/h5>\t\t\t<div class=\"textwidget\"><p><span style=\"font-family: helvetica, arial, sans-serif\">O processo seletivo para\u00a0 ingresso no curso de mestrado em Artes Visuais \u00e9 realizado em tr\u00eas etapas, sendo cada etapa eliminat\u00f3ria. A nota m\u00ednima \u00a0para classifica\u00e7\u00e3o em cada prova \u00e9 sete (7,0).<\/span><\/p>\n<p><span style=\"font-family: helvetica, arial, sans-serif\"><strong>Primeira etapa:<\/strong><\/span><\/p>\n<ul>\n<li><span style=\"font-family: helvetica, arial, sans-serif\">Prova 1: Projeto de Pesquisa, com peso tr\u00eas (3,0).<\/span><\/li>\n<li><span style=\"font-family: helvetica, arial, sans-serif\">Prova 2: Curr\u00edculo; Portf\u00f3lio Art\u00edstico ou Portf\u00f3lio Textos, com peso tr\u00eas (3,0).<\/span><\/li>\n<\/ul>\n<p><a href=\"https:\/\/www.ufsm.br\/app\/uploads\/sites\/529\/2021\/01\/PLANILHA-DE-AVALIACAO-DO-CURRICULO-doutorado-1.docx\">PLANILHA DE AVALIA\u00c7\u00c3O DO CURR\u00cdCULO &#8211; mestrado<\/a><\/p>\n<p><span style=\"font-family: helvetica, arial, sans-serif\"><strong>\u00a0<\/strong><\/span><span style=\"font-family: helvetica, arial, sans-serif\"><strong>Segunda etapa:<\/strong><\/span><\/p>\n<ul>\n<li><span style=\"font-family: helvetica, arial, sans-serif\">Prova 3: Prova Escrita, peso tr\u00eas (3,0).<\/span><\/li>\n<li><span style=\"font-family: helvetica, arial, sans-serif\">Bibliografia indicada:<\/span><\/li>\n<\/ul>\n<p><span style=\"font-family: helvetica, arial, sans-serif\">ARCHER, Michael. <em>Arte Contempor\u00e2nea: uma hist\u00f3ria concisa.<\/em> S\u00e3o Paulo: Martins Fontes, 2001.<a href=\"https:\/\/www.ufsm.br\/app\/uploads\/sites\/529\/2021\/01\/1-ARCHER-Michael.-Arte-Contemporanea-uma-historia-concisa.-6-64.pdf\">Parte 1<\/a>.<\/span><\/p>\n<p><span style=\"font-family: helvetica, arial, sans-serif\">BAUMAN, Zygmunt. <em>Ensaios sobre o conceito de cultura.<\/em> Rio de Janeiro: Zahar, 2012. <a href=\"https:\/\/www.ufsm.br\/app\/uploads\/sites\/529\/2021\/01\/2-BAUMAN-Zygmunt.-Ensaios-sobre-o-conceito-de-cultura.-6-94.pdf\">Parte 1<\/a>.<br \/>\n<\/span><\/p>\n<p><span style=\"font-family: helvetica, arial, sans-serif\">BELTING, Hans. <em>O fim da hist\u00f3ria da arte: uma revis\u00e3o dez anos depois.<\/em> S\u00e3o Paulo: Cosac &amp; Naify,<br \/>\n2006.\u00a0<\/span><a href=\"https:\/\/www.ufsm.br\/app\/uploads\/sites\/529\/2021\/01\/3-BELTING-Hans.-O-fim-da-historia-da-arte-17-26.pdf\">Parte 1<\/a> e <a href=\"https:\/\/www.ufsm.br\/app\/uploads\/sites\/529\/2021\/01\/3-BELTING-Hans.-O-fim-da-historia-da-arte-101-103.pdf\">parte 2<\/a>.<\/p>\n<p><span style=\"font-family: helvetica, arial, sans-serif\">BRITES, Blanca; TESSLER, Elida (org.). <em>O meio como ponto zero: Metodologia da pesquisa em Artes<\/em><br \/>\n<em>Pl\u00e1sticas.<\/em> Porto Alegre: Editora da Universidade\/UFRGS, 2002. <a href=\"https:\/\/www.ufsm.br\/app\/uploads\/sites\/529\/2021\/01\/4-BRITES-Blanca-TESSLER-Elida-org..-O-meio-como-ponto-zero-15-34.pdf\">Parte 1<\/a> e <a href=\"https:\/\/www.ufsm.br\/app\/uploads\/sites\/529\/2021\/01\/4-BRITES-Blanca-TESSLER-Elida-org..-O-meio-como-ponto-zero-123-140.pdf\">parte 2<\/a>.<br \/>\n<\/span><\/p>\n<p><span style=\"font-family: helvetica, arial, sans-serif\">CAUQUELIN, Anne. <em>Arte Contempor\u00e2nea: uma Introdu\u00e7\u00e3o.<\/em> S\u00e3o Paulo: Martins Fontes, 2005. <a href=\"https:\/\/www.ufsm.br\/app\/uploads\/sites\/529\/2021\/01\/5-CAUQUELIN-Anne.-Arte-Contemporanea-uma-Introducao.-127-165.pdf\">parte 1.<\/a><br \/>\n<\/span><\/p>\n<p><span style=\"font-family: helvetica, arial, sans-serif\">DANTO, Arthur C. <em>Ap\u00f3s o fim da arte.<\/em> S\u00e3o Paulo: Edusp, 2006.<br \/>\n<\/span><\/p>\n<p><span style=\"font-family: helvetica, arial, sans-serif\">DIDI-HUBERMANN, Georges. <em>O que vemos, o que nos olha.<\/em> S\u00e3o Paulo: Editora 34, 1998.\u00a0 <a href=\"https:\/\/www.ufsm.br\/app\/uploads\/sites\/529\/2021\/01\/7-DIDI-HUBERMANN-Georges.-O-que-vemos-o-que-nos-olha.-29-60.pdf\">Parte 1<\/a> e <a href=\"https:\/\/www.ufsm.br\/app\/uploads\/sites\/529\/2021\/01\/7-DIDI-HUBERMANN-Georges.-O-que-vemos-o-que-nos-olha.-147-168.pdf\">parte 2<\/a>.<br \/>\n<\/span><\/p>\n<p><span style=\"font-family: helvetica, arial, sans-serif\">FERREIRA, Gl\u00f3ria. COTRIM, Cecilia (org.). <em>Escritos de artistas \u2013\u00a0 \u00a0 \u00a0 anos 60\/70.<\/em> Rio de Janeiro: ZAHAR,<br \/>\n2006. <a href=\"https:\/\/www.ufsm.br\/app\/uploads\/sites\/529\/2021\/01\/7-FERREIRA-Gloria.-COTRIM-Cecilia.-Escritos-de-artistas-\u2013-anos-6070.-121-122.pdf\">Parte 1<\/a> e <a href=\"https:\/\/www.ufsm.br\/app\/uploads\/sites\/529\/2021\/01\/7-FERREIRA-Gloria.-COTRIM-Cecilia.-Escritos-de-artistas-\u2013-anos-6070.-211-235.pdf\">parte 2<\/a>.<br \/>\n<\/span><\/p>\n<p><span style=\"font-family: helvetica, arial, sans-serif\">GRAU, Oliver. <em>Arte virtual: Da ilus\u00e3o \u00e0 imers\u00e3o.<\/em> S\u00e3o Paulo: UNESP, 2007. <a href=\"https:\/\/www.ufsm.br\/app\/uploads\/sites\/529\/2021\/01\/9-GRAU-Oliver.-Arte-virtual-Da-ilusao-a-imersao-153-167-girado.pdf\">Parte 1<\/a> e <a href=\"https:\/\/www.ufsm.br\/app\/uploads\/sites\/529\/2021\/01\/9-GRAU-Oliver.-Arte-virtual-Da-ilusao-a-imersao-191-205-girado.pdf\">Parte 2<\/a><br \/>\n<\/span><\/p>\n<p><span style=\"font-family: helvetica, arial, sans-serif\">RUSH,\u00a0Michael. <em>Novas m\u00eddias na arte contempor\u00e2nea<\/em>. S\u00e3o. Paulo: Martins Fontes, 2006. <a href=\"https:\/\/www.ufsm.br\/app\/uploads\/sites\/529\/2021\/01\/3_videoinstalacaoPDFsam_Novas-Midias-Na-Arte-Contemporanea-Michael-Rush_rotated_compressed-1.pdf\">Parte 1<\/a> e <a href=\"https:\/\/www.ufsm.br\/app\/uploads\/sites\/529\/2021\/01\/2_videoarte_Novas-Midias-Na-Arte-Contemporanea-Michael-Rush_rotated-1.pdf\">parte 2<\/a>.<\/span><\/p>\n<p><span style=\"font-family: helvetica, arial, sans-serif\">THORNTON, Sarah. <em>Sete Dias no mundo da arte.<\/em> Lisboa: BABEL, 2010. <a href=\"https:\/\/www.ufsm.br\/app\/uploads\/sites\/529\/2021\/01\/11-TRORNTON-Sarah.-Sete-dias-no-mundo-da-arte.151-184.pdf\">Parte 1<\/a>.<\/span><\/p>\n<p><strong><span style=\"font-family: helvetica, arial, sans-serif\">\u00a0<\/span>Terceira etapa:<\/strong><\/p>\n<ul>\n<li>Prova 4: Prova Oral (Defesa do Projeto de Pesquisa), com peso um (1,0)<\/li>\n<li><a href=\"https:\/\/www.ufsm.br\/app\/uploads\/sites\/529\/2021\/02\/CRONOGRAMA-MESTRADO.pdf\">Cronograma Prova 4<\/a><\/li>\n<\/ul>\n<\/div>\n\t\t\t\t<\/div>\n\t\t\t\t<\/div>\n\t\t\t\t<div class=\"elementor-element elementor-element-5472e78 elementor-widget elementor-widget-wp-widget-text\" data-id=\"5472e78\" data-element_type=\"widget\" data-widget_type=\"wp-widget-text.default\">\n\t\t\t\t<div class=\"elementor-widget-container\">\n\t\t\t<h5>Edital<\/h5>\t\t\t<div class=\"textwidget\"><ul>\n<li>Para mais informa\u00e7\u00f5es sobre o\u00a0Edital Extraordin\u00e1rio 001\/2021, acesse: <a href=\"https:\/\/www.ufsm.br\/pro-reitorias\/prpgp\/editais\/001-2021\/\">https:\/\/www.ufsm.br\/pro-reitorias\/prpgp\/editais\/001-2021\/<\/a><\/li>\n<li>Edital espec\u00edfico para ingresso no mestrado em Artes Visuais (edital espec\u00edfico 001.29\/2021): <a href=\"https:\/\/www.ufsm.br\/app\/uploads\/sites\/345\/2021\/01\/EdEsp01.29-21-MestArtesVisuais.pdf\">https:\/\/www.ufsm.br\/app\/uploads\/sites\/345\/2021\/01\/EdEsp01.29-21-MestArtesVisuais.pdf<\/a><\/li>\n<\/ul>\n<\/div>\n\t\t\t\t<\/div>\n\t\t\t\t<\/div>\n\t\t\t\t<div class=\"elementor-element elementor-element-39c65df elementor-widget elementor-widget-wp-widget-text\" data-id=\"39c65df\" data-element_type=\"widget\" data-widget_type=\"wp-widget-text.default\">\n\t\t\t\t<div class=\"elementor-widget-container\">\n\t\t\t<h5>Resultado<\/h5>\t\t\t<div class=\"textwidget\"><ul>\n<li><strong>Primeira Etapa<\/strong><\/li>\n<\/ul>\n<p><a href=\"https:\/\/www.ufsm.br\/app\/uploads\/sites\/529\/2021\/01\/RESULTADO-PROVISORIO-PRIMEIRA-ETAPA-MESTRADO.pdf\" target=\"_blank\" rel=\"noopener\">Resultado Provis\u00f3rio<\/a><\/p>\n<p><a href=\"https:\/\/www.ufsm.br\/app\/uploads\/sites\/529\/2021\/02\/RESULTADO-FINAL-PRIMEIRA-ETAPA-MESTRADO-para-site.pdf\">Resultado Final<\/a><\/p>\n<ul>\n<li><strong>Segunda Etapa\u00a0<\/strong><\/li>\n<\/ul>\n<p><a href=\"https:\/\/www.ufsm.br\/app\/uploads\/sites\/529\/2021\/02\/RESULTADO-PROVISORIO-SEGUNTA-ETAPA-MESTRADO.pdf\">Resultado Provis\u00f3rio<\/a><\/p>\n<p><a href=\"https:\/\/www.ufsm.br\/app\/uploads\/sites\/529\/2021\/02\/RESULTADO-FINAL-SEGUNTA-ETAPA-MESTRADO.pdf\">Resultado Final<\/a><\/p>\n<ul>\n<li><strong>Terceira Etapa<\/strong><\/li>\n<\/ul>\n<p><a href=\"https:\/\/www.ufsm.br\/app\/uploads\/sites\/529\/2021\/02\/RESULTADO-PROVISORIO-TERCEIRA-ETAPA-MESTRADO.pdf\">Resultado Provis\u00f3rio<\/a><\/p>\n<p><a href=\"https:\/\/www.ufsm.br\/app\/uploads\/sites\/529\/2021\/02\/RESULTADO-FINAL-TERCEIRA-ETAPA-MESTRADO-convertido-1.pdf\">Resultado Final<\/a><\/p>\n<p>&nbsp;<\/p>\n<p>&nbsp;<\/p>\n<\/div>\n\t\t\t\t<\/div>\n\t\t\t\t<\/div>\n\t\t\t\t\t<\/div>\n\t\t<\/div>\n\t\t\t\t\t<\/div>\n\t\t<\/section>\n\t\t\t\t<section class=\"elementor-section elementor-top-section elementor-element elementor-element-3f60c1e elementor-section-boxed elementor-section-height-default elementor-section-height-default\" data-id=\"3f60c1e\" data-element_type=\"section\">\n\t\t\t\t\t\t<div class=\"elementor-container elementor-column-gap-default\">\n\t\t\t\t\t<div class=\"elementor-column elementor-col-100 elementor-top-column elementor-element elementor-element-e6872da\" data-id=\"e6872da\" data-element_type=\"column\">\n\t\t\t<div class=\"elementor-widget-wrap\">\n\t\t\t\t\t\t\t<\/div>\n\t\t<\/div>\n\t\t\t\t\t<\/div>\n\t\t<\/section>\n\t\t\t\t<section class=\"elementor-section elementor-top-section elementor-element elementor-element-7e41c1f elementor-section-boxed elementor-section-height-default elementor-section-height-default\" data-id=\"7e41c1f\" data-element_type=\"section\">\n\t\t\t\t\t\t<div class=\"elementor-container elementor-column-gap-default\">\n\t\t\t\t\t<div class=\"elementor-column elementor-col-100 elementor-top-column elementor-element elementor-element-392d538\" data-id=\"392d538\" data-element_type=\"column\">\n\t\t\t<div class=\"elementor-widget-wrap\">\n\t\t\t\t\t\t\t<\/div>\n\t\t<\/div>\n\t\t\t\t\t<\/div>\n\t\t<\/section>\n\t\t\t\t<\/div>\n\t\t","protected":false},"excerpt":{"rendered":"","protected":false},"author":820,"featured_media":0,"parent":0,"menu_order":0,"comment_status":"closed","ping_status":"closed","template":"","meta":{"footnotes":""},"categories":[],"tags":[],"class_list":["post-793","page","type-page","status-publish","hentry"],"acf":[],"_links":{"self":[{"href":"https:\/\/www.ufsm.br\/cursos\/pos-graduacao\/santa-maria\/ppgart\/wp-json\/wp\/v2\/pages\/793","targetHints":{"allow":["GET"]}}],"collection":[{"href":"https:\/\/www.ufsm.br\/cursos\/pos-graduacao\/santa-maria\/ppgart\/wp-json\/wp\/v2\/pages"}],"about":[{"href":"https:\/\/www.ufsm.br\/cursos\/pos-graduacao\/santa-maria\/ppgart\/wp-json\/wp\/v2\/types\/page"}],"author":[{"embeddable":true,"href":"https:\/\/www.ufsm.br\/cursos\/pos-graduacao\/santa-maria\/ppgart\/wp-json\/wp\/v2\/users\/820"}],"replies":[{"embeddable":true,"href":"https:\/\/www.ufsm.br\/cursos\/pos-graduacao\/santa-maria\/ppgart\/wp-json\/wp\/v2\/comments?post=793"}],"version-history":[{"count":0,"href":"https:\/\/www.ufsm.br\/cursos\/pos-graduacao\/santa-maria\/ppgart\/wp-json\/wp\/v2\/pages\/793\/revisions"}],"wp:attachment":[{"href":"https:\/\/www.ufsm.br\/cursos\/pos-graduacao\/santa-maria\/ppgart\/wp-json\/wp\/v2\/media?parent=793"}],"wp:term":[{"taxonomy":"category","embeddable":true,"href":"https:\/\/www.ufsm.br\/cursos\/pos-graduacao\/santa-maria\/ppgart\/wp-json\/wp\/v2\/categories?post=793"},{"taxonomy":"post_tag","embeddable":true,"href":"https:\/\/www.ufsm.br\/cursos\/pos-graduacao\/santa-maria\/ppgart\/wp-json\/wp\/v2\/tags?post=793"}],"curies":[{"name":"wp","href":"https:\/\/api.w.org\/{rel}","templated":true}]}}