{"id":849,"date":"2019-10-24T16:27:02","date_gmt":"2019-10-24T19:27:02","guid":{"rendered":"https:\/\/www.ufsm.br\/cursos\/pos-graduacao\/santa-maria\/ppgart\/?page_id=849"},"modified":"2024-10-02T09:56:40","modified_gmt":"2024-10-02T12:56:40","slug":"projetos-de-pesquisa-arte-e-visualidade","status":"publish","type":"page","link":"https:\/\/www.ufsm.br\/cursos\/pos-graduacao\/santa-maria\/ppgart\/projetos-de-pesquisa-arte-e-visualidade","title":{"rendered":"Projetos de Pesquisa: Arte e Visualidade"},"content":{"rendered":"\t\t<div data-elementor-type=\"wp-page\" data-elementor-id=\"849\" class=\"elementor elementor-849\">\n\t\t\t\t\t\t<section class=\"elementor-section elementor-top-section elementor-element elementor-element-e75f3a6 elementor-section-boxed elementor-section-height-default elementor-section-height-default\" data-id=\"e75f3a6\" data-element_type=\"section\">\n\t\t\t\t\t\t<div class=\"elementor-container elementor-column-gap-default\">\n\t\t\t\t\t<div class=\"elementor-column elementor-col-100 elementor-top-column elementor-element elementor-element-c1c32bd\" data-id=\"c1c32bd\" data-element_type=\"column\">\n\t\t\t<div class=\"elementor-widget-wrap elementor-element-populated\">\n\t\t\t\t\t\t<div class=\"elementor-element elementor-element-cb8a734 elementor-align-center elementor-icon-list--layout-traditional elementor-list-item-link-full_width elementor-widget elementor-widget-icon-list\" data-id=\"cb8a734\" data-element_type=\"widget\" data-widget_type=\"icon-list.default\">\n\t\t\t\t<div class=\"elementor-widget-container\">\n\t\t\t\t\t<ul class=\"elementor-icon-list-items\">\n\t\t\t\t\t\t\t<li class=\"elementor-icon-list-item\">\n\t\t\t\t\t\t\t\t\t\t<span class=\"elementor-icon-list-text\">\u00canfase em  Po\u00e9ticas Visuais <\/span>\n\t\t\t\t\t\t\t\t\t<\/li>\n\t\t\t\t\t\t<\/ul>\n\t\t\t\t<\/div>\n\t\t\t\t<\/div>\n\t\t\t\t<div class=\"elementor-element elementor-element-3412737 elementor-widget elementor-widget-wp-widget-text\" data-id=\"3412737\" data-element_type=\"widget\" data-widget_type=\"wp-widget-text.default\">\n\t\t\t\t<div class=\"elementor-widget-container\">\n\t\t\t<h5>Imagem Multiplicada\u2013 Arte e Ecosofia<\/h5>\t\t\t<div class=\"textwidget\"><p>A Proposta de contribui\u00e7\u00e3o como professor na linha de pesquisa Arte e Visualidade do PPGART \/ Mestrado em Artes Visuais iniciou em 2014 com o projeto Imagem Multiplicada que em 2018 foi ampliada para Imagem Multiplicada: Arte e Ecosofia. O projeto tenciona contribuir na instaura\u00e7\u00e3o de um pensamento cr\u00edtico e de discuss\u00e3o em torno \u00e0s formas de produ\u00e7\u00e3o art\u00edsticas atuais que tenham como referente processos de obten\u00e7\u00e3o e impress\u00e3o de imagens e que discutam quest\u00f5es ambientais. A \u00eanfase est\u00e1 em investiga\u00e7\u00f5es operadas (ou que mantenham resqu\u00edcios) de processos de impress\u00e3o da imagem tradicionais, mec\u00e2nicos e foto mec\u00e2nicos. Essa caracter\u00edstica \u201clow-tech\u201d \u00e9 entendida como procedimento e proposi\u00e7\u00e3o, como potencializadora de modos de fazer arte que instiguem a consci\u00eancia art\u00edstica na produ\u00e7\u00e3o contempor\u00e2nea. Seja em circunstancias de atua\u00e7\u00e3o h\u00edbrida ou por permea\u00e7\u00e3o simples, pretende-se possibilitar um amplo espa\u00e7o no qual as investiga\u00e7\u00f5es possam reconhecer elementos significativos no campo da arte e ecologia, inter-relacionando aspectos econ\u00f4micos, sociais, culturais, tecnol\u00f3gicos, profissionais e pessoais que associados a processos de subjetiva\u00e7\u00e3o, repercutem na constitui\u00e7\u00e3o de diferentes po\u00e9ticas visuais.<\/p>\n<p><strong>Coordenadora:<\/strong> Helga Corr\u00eaa<\/p>\n<\/div>\n\t\t\t\t<\/div>\n\t\t\t\t<\/div>\n\t\t\t\t<div class=\"elementor-element elementor-element-2082589 elementor-widget elementor-widget-wp-widget-text\" data-id=\"2082589\" data-element_type=\"widget\" data-widget_type=\"wp-widget-text.default\">\n\t\t\t\t<div class=\"elementor-widget-container\">\n\t\t\t<h5>Pesquisa e produ\u00e7\u00e3o da Arte em Momentos Espec\u00edficos<\/h5>\t\t\t<div class=\"textwidget\"><p>Este projeto, caracteriza-se por desenhar as condi\u00e7\u00f5es para a produ\u00e7\u00e3o de momentos \u2013 espec\u00edficos de atua\u00e7\u00f5es po\u00e9ticas, refletindo a cerca das transforma\u00e7\u00f5es poss\u00edveis em diferentes situa\u00e7\u00f5es e acontecimentos. O diferencial \u00e9 a aproxima\u00e7\u00e3o as formas de produ\u00e7nao como momentos que a cada momento se diferenciam, que a obra em si, se d\u00e1 n\u00e3o somente por uma finaliza\u00e7\u00e3o em algum suporte, mas por momentos em rela\u00e7\u00e3o a espa\u00e7os, contextos, rela\u00e7\u00f5es com o publico e com o entorno produtivo. No decorrer do projeto, vislumbrou-se como estrutura fomentadora da pesquisa, a organiza\u00e7\u00e3o de ventos de arte para que obras que se d\u00e3o por momentos espec\u00edficos possam ser potencializadas. Desta forma, performances, interven\u00e7\u00f5es, a\u00e7\u00f5es, objetos e documenta\u00e7\u00f5es, passam a fazer parte das formas de arte produzidas, assim como os pr\u00f3prios eventos arte. Ent\u00e3o como momentos, a arte n\u00e3o \u00e9 elaborada somente no espa\u00e7o em que esta se da a ver, mas na proje\u00e7\u00e3o de conex\u00f5es entre momentos de materializa\u00e7\u00e3o em diferentes suportes, lugares e possivelmente, at\u00e9 mesmo sob a interpreta\u00e7\u00e3o de diferentes autores.<\/p>\n<p><strong>Coordenadora: <\/strong>Rebeca Lenize Stumm<\/p>\n<\/div>\n\t\t\t\t<\/div>\n\t\t\t\t<\/div>\n\t\t\t\t<div class=\"elementor-element elementor-element-c6bc56b elementor-widget elementor-widget-wp-widget-text\" data-id=\"c6bc56b\" data-element_type=\"widget\" data-widget_type=\"wp-widget-text.default\">\n\t\t\t\t<div class=\"elementor-widget-container\">\n\t\t\t<h5>Transversalidades em pintura: possibilidades po\u00e9tico-visuais na arte contempor\u00e2nea<\/h5>\t\t\t<div class=\"textwidget\"><p>Este projeto congrega investiga\u00e7\u00f5es pr\u00e1tico-te\u00f3ricas sobre processos art\u00edsticos de cria\u00e7\u00e3o em pintura, realizadas por membros do GPICTO \u2013 Grupo de Pesquisa Processos Pict\u00f3ricos \u2013 UFSM\/CNPQ, cujos encontros ocorrem no LAPICTO \u2013 Laborat\u00f3rio de Processos Pict\u00f3ricos, localizado no Pr\u00e9dio 40 \u2013 Centro de Artes e Letras \u2013 CAL, UFSM. Abrange pesquisas art\u00edsticas autorais dos participantes sobre pr\u00e1ticas, t\u00e9cnicas, materiais e processos pict\u00f3ricos tradicionais ou alternativos, com experimenta\u00e7\u00f5es e an\u00e1lises de suas possibilidades po\u00e9ticas, envolvendo, tamb\u00e9m, os atravessamentos entre a pintura e outras \u00e1reas do conhecimento ou outras linguagens art\u00edsticas. Isso aponta para o potencial transversal da pintura na arte contempor\u00e2nea, considerando a multiplicidade de processos e seus entrecruzamentos po\u00e9ticos, articulados a conceitos da hist\u00f3ria e teoria da arte e da pintura, bem como o seu potencial reflexivo e discursivo na contemporaneidade, podendo envolver atravessamentos entre a pintura contempor\u00e2nea e a hist\u00f3ria da arte, os g\u00eaneros pict\u00f3ricos tradicionais, problematizando temas transversais, que entrecruzam os processos criativos em pintura, sendo coerentes com a arte, o contexto e o sujeito contempor\u00e2neo. Assim, cabe indagar: como colocar em trabalho as possibilidades po\u00e9tico-visuais da pintura, na arte contempor\u00e2nea, focando nas transversalidades de pr\u00e1ticas e sentidos que a atravessam?<\/p>\n<p><strong>Coordenadora:<\/strong> Karine Gomes Perez Vieira<\/p>\n<\/div>\n\t\t\t\t<\/div>\n\t\t\t\t<\/div>\n\t\t\t\t<div class=\"elementor-element elementor-element-a1c1110 elementor-align-center elementor-icon-list--layout-traditional elementor-list-item-link-full_width elementor-widget elementor-widget-icon-list\" data-id=\"a1c1110\" data-element_type=\"widget\" data-widget_type=\"icon-list.default\">\n\t\t\t\t<div class=\"elementor-widget-container\">\n\t\t\t\t\t<ul class=\"elementor-icon-list-items\">\n\t\t\t\t\t\t\t<li class=\"elementor-icon-list-item\">\n\t\t\t\t\t\t\t\t\t\t<span class=\"elementor-icon-list-text\">\u00canfase em  Hist\u00f3ria, Teoria e Critica de Arte<\/span>\n\t\t\t\t\t\t\t\t\t<\/li>\n\t\t\t\t\t\t<\/ul>\n\t\t\t\t<\/div>\n\t\t\t\t<\/div>\n\t\t\t\t<div class=\"elementor-element elementor-element-4c3fe53 elementor-widget elementor-widget-wp-widget-text\" data-id=\"4c3fe53\" data-element_type=\"widget\" data-widget_type=\"wp-widget-text.default\">\n\t\t\t\t<div class=\"elementor-widget-container\">\n\t\t\t<h5>Teoria, Cr\u00edtica e Media\u00e7\u00e3o em Arte Contempor\u00e2nea: processos e produtos criativos<\/h5>\t\t\t<div class=\"textwidget\"><p>Este\u00a0<span class=\"il\">projeto<\/span>\u00a0de pesquisa tem como objetivo aprofundar o estudo e a investiga\u00e7\u00e3o qualitativa em e sobre teoria, cr\u00edtica e media\u00e7\u00e3o das Artes Visuais, num vi\u00e9s decolonial. Diante disso, se insere na mem\u00f3ria e na hist\u00f3ria da Arte e de seu ensino de modo a contribuir para o debate geopol\u00edtico de alteridade, da ancestralidade, identidade e apropria\u00e7\u00e3o. Neste sentido, intenta suscitar investiga\u00e7\u00f5es acerca de e na produ\u00e7\u00e3o de artistas e professores de Artes Visuais a partir de obras de Arte e visualidades na Am\u00e9rica Latina, especialmente os que n\u00e3o est\u00e3o em registro oficial. Como procedimento metodol\u00f3gico, busca a intera\u00e7\u00e3o entre os diferentes tipos de Pesquisa Baseada nas Artes Visuais, de modo contextual, cr\u00edtico e reflexivo, dando espa\u00e7os para autores e fronteiras, demonstrando discursos por interm\u00e9dio da an\u00e1lise e do registro, re(a)vendo os processos criativos, o ensino de Arte e a media\u00e7\u00e3o nos diferentes espa\u00e7os formais e n\u00e3o \u00a0formais, entre escola e museu, entre ateli\u00ea e oficina, revisitando as produ\u00e7\u00f5es e a\u00e7\u00f5es no desenvolvimento de percursos que colaboram para o campo da Teoria, Cr\u00edtica e Media\u00e7\u00e3o em Artes Visuais.<\/p>\n<p><strong>Coordenadora:<\/strong> Fl\u00e1via Maria de Brito Pedrosa Vasconcelos<\/p>\n<\/div>\n\t\t\t\t<\/div>\n\t\t\t\t<\/div>\n\t\t\t\t\t<\/div>\n\t\t<\/div>\n\t\t\t\t\t<\/div>\n\t\t<\/section>\n\t\t\t\t<\/div>\n\t\t","protected":false},"excerpt":{"rendered":"<p>\u00canfase em Po\u00e9ticas Visuais \u00canfase em Hist\u00f3ria, Teoria e Critica de Arte<\/p>\n","protected":false},"author":820,"featured_media":0,"parent":0,"menu_order":0,"comment_status":"closed","ping_status":"closed","template":"","meta":{"footnotes":""},"categories":[],"tags":[],"class_list":["post-849","page","type-page","status-publish","hentry"],"acf":[],"_links":{"self":[{"href":"https:\/\/www.ufsm.br\/cursos\/pos-graduacao\/santa-maria\/ppgart\/wp-json\/wp\/v2\/pages\/849","targetHints":{"allow":["GET"]}}],"collection":[{"href":"https:\/\/www.ufsm.br\/cursos\/pos-graduacao\/santa-maria\/ppgart\/wp-json\/wp\/v2\/pages"}],"about":[{"href":"https:\/\/www.ufsm.br\/cursos\/pos-graduacao\/santa-maria\/ppgart\/wp-json\/wp\/v2\/types\/page"}],"author":[{"embeddable":true,"href":"https:\/\/www.ufsm.br\/cursos\/pos-graduacao\/santa-maria\/ppgart\/wp-json\/wp\/v2\/users\/820"}],"replies":[{"embeddable":true,"href":"https:\/\/www.ufsm.br\/cursos\/pos-graduacao\/santa-maria\/ppgart\/wp-json\/wp\/v2\/comments?post=849"}],"version-history":[{"count":0,"href":"https:\/\/www.ufsm.br\/cursos\/pos-graduacao\/santa-maria\/ppgart\/wp-json\/wp\/v2\/pages\/849\/revisions"}],"wp:attachment":[{"href":"https:\/\/www.ufsm.br\/cursos\/pos-graduacao\/santa-maria\/ppgart\/wp-json\/wp\/v2\/media?parent=849"}],"wp:term":[{"taxonomy":"category","embeddable":true,"href":"https:\/\/www.ufsm.br\/cursos\/pos-graduacao\/santa-maria\/ppgart\/wp-json\/wp\/v2\/categories?post=849"},{"taxonomy":"post_tag","embeddable":true,"href":"https:\/\/www.ufsm.br\/cursos\/pos-graduacao\/santa-maria\/ppgart\/wp-json\/wp\/v2\/tags?post=849"}],"curies":[{"name":"wp","href":"https:\/\/api.w.org\/{rel}","templated":true}]}}