{"id":946,"date":"2019-12-05T13:39:04","date_gmt":"2019-12-05T16:39:04","guid":{"rendered":"https:\/\/www.ufsm.br\/cursos\/pos-graduacao\/santa-maria\/ppgart\/?page_id=946"},"modified":"2019-12-05T13:53:22","modified_gmt":"2019-12-05T16:53:22","slug":"capes-print-portugal","status":"publish","type":"page","link":"https:\/\/www.ufsm.br\/cursos\/pos-graduacao\/santa-maria\/ppgart\/capes-print-portugal","title":{"rendered":"Miss\u00e3o Capes Print Prof.\u00aa Nara Cristina Santos"},"content":{"rendered":"\n<p>Entre os dias 08 e 26 de outubro de 2019, a pesquisadora do PPGART, Prof.\u00aa Dr.\u00aa Nara Cristina Santos, realizou a Miss\u00e3o de Trabalho Portugal\/It\u00e1lia, atrav\u00e9s do projeto CAPES Print \u201cEstrat\u00e9gias farmacol\u00f3gicas e nutricionais para a promo\u00e7\u00e3o da sa\u00fade\u201d. O PPGART vincula-se ao projeto atrav\u00e9s da linha Arte e Tecnologia com a\u00e7\u00f5es transdisciplinares em arte, ci\u00eancia e tecnologia. Em Portugal, a professora reuniu-se com pesquisadores da \u00e1rea de Artes que atuam com foco na transdisciplinaridade, realizou visita t\u00e9cnica \u00e0 Universidade do Porto e \u00e0 Universidade de Aveiro (UA), onde participou de reuni\u00e3o com o professor Paulo Bernardino para tratar sobre o conv\u00eanio entre a UA e a UFSM. Na mesma institui\u00e7\u00e3o, a professora ministrou a palestra \u201cFestival Arte-Ci\u00eancia-Tecnologia: curadoria, expografia, problem\u00e1ticas a repercuss\u00f5es\u201d no Mestrado em Cria\u00e7\u00e3o Art\u00edstica Contempor\u00e2nea, divulgando o PPGART\/UFSM e projeto Capes Print. Ainda em Portugal, visitou museus de arte, de arte-ci\u00eancia-tecnologia nas cidades de Aveiro, Porto, Penafiel e Lisboa, entre os quais o Museu de Arte e Arquitetura\/MAAT. Na It\u00e1lia, visitou a 58\u00aa edi\u00e7\u00e3o da Bienal de Veneza, e o Museu Nacional Ci\u00eancia e Tecnologia Leonardo da Vinci na cidade de Mil\u00e3o, entre outros. A miss\u00e3o encerrou-se com a apresenta\u00e7\u00e3o dos artigos \u201c<em>Neuroscience and Art: Perception as a Sensitive Experience<\/em>\u201d, no #18.ART &#8211; Encontro Internacional de Arte e Tecnologia, na Escola de Belas Artes de Lisboa, e \u201c<em>Art-Science Technology: Curatorial Strategies in FACTORS<\/em> \u201d, no evento ARTECH 2019 &#8211; 9th International Conference on Digital and Interactive Arts, realizado na Universidade Cat\u00f3lica Portuguesa, na cidade de Braga. A miss\u00e3o de trabalho cumpriu com as metas de internacionaliza\u00e7\u00e3o previstas.<\/p>\n","protected":false},"excerpt":{"rendered":"<p>Entre os dias 08 e 26 de outubro de 2019, a pesquisadora do PPGART, Prof.\u00aa Dr.\u00aa Nara Cristina Santos, realizou a Miss\u00e3o de Trabalho Portugal\/It\u00e1lia, atrav\u00e9s do projeto CAPES Print \u201cEstrat\u00e9gias farmacol\u00f3gicas e nutricionais para a promo\u00e7\u00e3o da sa\u00fade\u201d. O PPGART vincula-se ao projeto atrav\u00e9s da linha Arte e Tecnologia com a\u00e7\u00f5es transdisciplinares em arte, [&hellip;]<\/p>\n","protected":false},"author":820,"featured_media":0,"parent":0,"menu_order":0,"comment_status":"closed","ping_status":"closed","template":"","meta":{"footnotes":""},"categories":[],"tags":[],"class_list":["post-946","page","type-page","status-publish","hentry"],"acf":[],"_links":{"self":[{"href":"https:\/\/www.ufsm.br\/cursos\/pos-graduacao\/santa-maria\/ppgart\/wp-json\/wp\/v2\/pages\/946","targetHints":{"allow":["GET"]}}],"collection":[{"href":"https:\/\/www.ufsm.br\/cursos\/pos-graduacao\/santa-maria\/ppgart\/wp-json\/wp\/v2\/pages"}],"about":[{"href":"https:\/\/www.ufsm.br\/cursos\/pos-graduacao\/santa-maria\/ppgart\/wp-json\/wp\/v2\/types\/page"}],"author":[{"embeddable":true,"href":"https:\/\/www.ufsm.br\/cursos\/pos-graduacao\/santa-maria\/ppgart\/wp-json\/wp\/v2\/users\/820"}],"replies":[{"embeddable":true,"href":"https:\/\/www.ufsm.br\/cursos\/pos-graduacao\/santa-maria\/ppgart\/wp-json\/wp\/v2\/comments?post=946"}],"version-history":[{"count":0,"href":"https:\/\/www.ufsm.br\/cursos\/pos-graduacao\/santa-maria\/ppgart\/wp-json\/wp\/v2\/pages\/946\/revisions"}],"wp:attachment":[{"href":"https:\/\/www.ufsm.br\/cursos\/pos-graduacao\/santa-maria\/ppgart\/wp-json\/wp\/v2\/media?parent=946"}],"wp:term":[{"taxonomy":"category","embeddable":true,"href":"https:\/\/www.ufsm.br\/cursos\/pos-graduacao\/santa-maria\/ppgart\/wp-json\/wp\/v2\/categories?post=946"},{"taxonomy":"post_tag","embeddable":true,"href":"https:\/\/www.ufsm.br\/cursos\/pos-graduacao\/santa-maria\/ppgart\/wp-json\/wp\/v2\/tags?post=946"}],"curies":[{"name":"wp","href":"https:\/\/api.w.org\/{rel}","templated":true}]}}