{"id":985,"date":"2020-01-23T14:53:55","date_gmt":"2020-01-23T17:53:55","guid":{"rendered":"https:\/\/www.ufsm.br\/cursos\/pos-graduacao\/santa-maria\/ppgart\/?page_id=985"},"modified":"2020-08-06T16:14:38","modified_gmt":"2020-08-06T19:14:38","slug":"docente-at","status":"publish","type":"page","link":"https:\/\/www.ufsm.br\/cursos\/pos-graduacao\/santa-maria\/ppgart\/docente-at","title":{"rendered":"Docentes Linha Arte e Tecnologia"},"content":{"rendered":"\t\t<div data-elementor-type=\"wp-page\" data-elementor-id=\"985\" class=\"elementor elementor-985\">\n\t\t\t\t\t\t<section class=\"elementor-section elementor-top-section elementor-element elementor-element-8598a51 elementor-section-boxed elementor-section-height-default elementor-section-height-default\" data-id=\"8598a51\" data-element_type=\"section\">\n\t\t\t\t\t\t<div class=\"elementor-container elementor-column-gap-default\">\n\t\t\t\t\t<div class=\"elementor-column elementor-col-100 elementor-top-column elementor-element elementor-element-fbd632f\" data-id=\"fbd632f\" data-element_type=\"column\">\n\t\t\t<div class=\"elementor-widget-wrap elementor-element-populated\">\n\t\t\t\t\t\t<div class=\"elementor-element elementor-element-02eece0 elementor-widget elementor-widget-wp-widget-text\" data-id=\"02eece0\" data-element_type=\"widget\" data-widget_type=\"wp-widget-text.default\">\n\t\t\t\t<div class=\"elementor-widget-container\">\n\t\t\t<h5>Prof.\u00aa Dr.\u00aa Andr\u00e9ia Machado Oliveira<\/h5>\t\t\t<div class=\"textwidget\"><\/div>\n\t\t\t\t<\/div>\n\t\t\t\t<\/div>\n\t\t\t\t\t<\/div>\n\t\t<\/div>\n\t\t\t\t\t<\/div>\n\t\t<\/section>\n\t\t\t\t<section class=\"elementor-section elementor-top-section elementor-element elementor-element-bea7d1b elementor-section-boxed elementor-section-height-default elementor-section-height-default\" data-id=\"bea7d1b\" data-element_type=\"section\">\n\t\t\t\t\t\t<div class=\"elementor-container elementor-column-gap-default\">\n\t\t\t\t\t<div class=\"elementor-column elementor-col-33 elementor-top-column elementor-element elementor-element-651532b\" data-id=\"651532b\" data-element_type=\"column\">\n\t\t\t<div class=\"elementor-widget-wrap elementor-element-populated\">\n\t\t\t\t\t\t<div class=\"elementor-element elementor-element-f87713b elementor-widget elementor-widget-image\" data-id=\"f87713b\" data-element_type=\"widget\" data-widget_type=\"image.default\">\n\t\t\t\t<div class=\"elementor-widget-container\">\n\t\t\t\t\t\t\t\t\t\t\t\t\t<img fetchpriority=\"high\" decoding=\"async\" width=\"300\" height=\"300\" src=\"https:\/\/www.ufsm.br\/app\/uploads\/sites\/529\/2020\/01\/Andreia-300x300.jpg\" class=\"attachment-medium size-medium wp-image-986\" alt=\"\" srcset=\"https:\/\/www.ufsm.br\/app\/uploads\/sites\/529\/2020\/01\/Andreia-300x300.jpg 300w, https:\/\/www.ufsm.br\/app\/uploads\/sites\/529\/2020\/01\/elementor\/thumbs\/Andreia-ok3pgfuy54e2s0bc3lrmb4kuk4io1kf48tptcijcd8.jpg 150w, https:\/\/www.ufsm.br\/app\/uploads\/sites\/529\/2020\/01\/Andreia.jpg 500w\" sizes=\"(max-width: 300px) 100vw, 300px\" \/>\t\t\t\t\t\t\t\t\t\t\t\t\t<\/div>\n\t\t\t\t<\/div>\n\t\t\t\t\t<\/div>\n\t\t<\/div>\n\t\t\t\t<div class=\"elementor-column elementor-col-66 elementor-top-column elementor-element elementor-element-933426c\" data-id=\"933426c\" data-element_type=\"column\">\n\t\t\t<div class=\"elementor-widget-wrap elementor-element-populated\">\n\t\t\t\t\t\t<div class=\"elementor-element elementor-element-284fcea elementor-widget elementor-widget-text-editor\" data-id=\"284fcea\" data-element_type=\"widget\" data-widget_type=\"text-editor.default\">\n\t\t\t\t<div class=\"elementor-widget-container\">\n\t\t\t\t\t\t\t<p>Doutora em Inform\u00e1tica na Educa\u00e7\u00e3o pela UFRGS &#8211; Brasil e pela Universit\u00e9 de Montreal\/UdM &#8211; Canad\u00e1, Mestre em Psicologia Social e Institucional pela UFRGS e Graduada em Bacharelado e Licenciatura em Artes Visuais pela UFRGS. Idealizadora e coordenadora do LabInter (Laborat\u00f3rio Interdisciplinar Interativo) \u2013 UFSM e l\u00edder do gpc. InterArtec\/Cnpq, desde 2012. Artista multim\u00eddia e pesquisadora com experi\u00eancia nas \u00e1reas de arte e tecnologia e sistemas interativos; bem como em produ\u00e7\u00e3o de projetos culturais e educacionais. Seus projetos de pesquisa e extens\u0101o contam com o apoio das ag\u00eancias de fomento CNPq, CAPES, FAPERGS, bem como MEC, MinC e RNP. Sua produ\u00e7\u0101o acad\u00eamica e art\u00edstica tem sido publicada em livros, anais e revistas acad\u00eamicas indexadas, e apresentada em eventos nacionais e internacionais. <\/p><p>E-mail: <span style=\"font-family: arial, helvetica, sans-serif\">andreiaoliveira.br@gmail.com<\/span><\/p><p><span style=\"font-family: arial, helvetica, sans-serif\">Curr\u00edculo Lattes: <\/span><a href=\"http:\/\/lattes.cnpq.br\/7243757837987821\" target=\"_blank\" rel=\"noopener\">http:\/\/lattes.cnpq.br\/7243757837987821<\/a><\/p>\t\t\t\t\t\t<\/div>\n\t\t\t\t<\/div>\n\t\t\t\t\t<\/div>\n\t\t<\/div>\n\t\t\t\t\t<\/div>\n\t\t<\/section>\n\t\t\t\t<section class=\"elementor-section elementor-top-section elementor-element elementor-element-d0dbcf5 elementor-section-boxed elementor-section-height-default elementor-section-height-default\" data-id=\"d0dbcf5\" data-element_type=\"section\">\n\t\t\t\t\t\t<div class=\"elementor-container elementor-column-gap-default\">\n\t\t\t\t\t<div class=\"elementor-column elementor-col-100 elementor-top-column elementor-element elementor-element-dd91e7b\" data-id=\"dd91e7b\" data-element_type=\"column\">\n\t\t\t<div class=\"elementor-widget-wrap elementor-element-populated\">\n\t\t\t\t\t\t<div class=\"elementor-element elementor-element-bb69ee0 elementor-widget elementor-widget-spacer\" data-id=\"bb69ee0\" data-element_type=\"widget\" data-widget_type=\"spacer.default\">\n\t\t\t\t<div class=\"elementor-widget-container\">\n\t\t\t\t\t<div class=\"elementor-spacer\">\n\t\t\t<div class=\"elementor-spacer-inner\"><\/div>\n\t\t<\/div>\n\t\t\t\t<\/div>\n\t\t\t\t<\/div>\n\t\t\t\t<div class=\"elementor-element elementor-element-52a26d3 elementor-widget__width-inherit elementor-widget elementor-widget-wp-widget-text\" data-id=\"52a26d3\" data-element_type=\"widget\" data-widget_type=\"wp-widget-text.default\">\n\t\t\t\t<div class=\"elementor-widget-container\">\n\t\t\t<h5>Prof.\u00aa Dr.\u00aa Darci Raquel Fonseca<\/h5>\t\t\t<div class=\"textwidget\"><\/div>\n\t\t\t\t<\/div>\n\t\t\t\t<\/div>\n\t\t\t\t\t<\/div>\n\t\t<\/div>\n\t\t\t\t\t<\/div>\n\t\t<\/section>\n\t\t\t\t<section class=\"elementor-section elementor-top-section elementor-element elementor-element-e53f545 elementor-section-boxed elementor-section-height-default elementor-section-height-default\" data-id=\"e53f545\" data-element_type=\"section\">\n\t\t\t\t\t\t<div class=\"elementor-container elementor-column-gap-default\">\n\t\t\t\t\t<div class=\"elementor-column elementor-col-66 elementor-top-column elementor-element elementor-element-c06b1f0\" data-id=\"c06b1f0\" data-element_type=\"column\">\n\t\t\t<div class=\"elementor-widget-wrap elementor-element-populated\">\n\t\t\t\t\t\t<div class=\"elementor-element elementor-element-800ebfe elementor-widget elementor-widget-text-editor\" data-id=\"800ebfe\" data-element_type=\"widget\" data-widget_type=\"text-editor.default\">\n\t\t\t\t<div class=\"elementor-widget-container\">\n\t\t\t\t\t\t\t<p><span style=\"font-size: 20px;font-family: sans-serif\">Tem p\u00f3s doutorado na Universidade de Paris 8. \u00c9 fot\u00f3grafa, doutora em <\/span><span style=\"font-size: 20px;font-family: sans-serif\">Esth\u00e9tica, Ci\u00eancias e Tecnologia das Artes, especializada em Artes Pl\u00e1sticas-<\/span><span style=\"font-size: 20px;font-family: sans-serif\">Fotografia, Universidade de Paris 8, sob a orienta\u00e7\u00e3o do Prof. Fran\u00e7ois <\/span><span style=\"font-size: 20px;font-family: sans-serif\">Soulages. Mestrado em Teoria e pr\u00e1tica fotogr\u00e1fica na Universidade de <\/span><span style=\"font-size: 20px;font-family: sans-serif\">Paris I-Panth\u00e9on-Sorbonne, sob a orienta\u00e7\u00e3o do Prof. Ren\u00e9 Passeron, <\/span><span style=\"font-size: 20px;font-family: sans-serif\">forma\u00e7\u00e3o universit\u00e1ria em Artes Pl\u00e1sticas e Educa\u00e7\u00e3o art\u00edstica, na Funda\u00e7\u00e3o <\/span><span style=\"font-size: 20px;font-family: sans-serif\">Armando \u00c1lvares Penteado em S\u00e3o Paulo. Exp\u00f5e na Fran\u00e7a, Brasil, Tun\u00edsia, <\/span><span style=\"font-size: 20px;font-family: sans-serif\">tem fotografias publicadas em revistas, livros, jornais, cat\u00e1logos e cart\u00f5es <\/span><span style=\"font-size: 20px;font-family: sans-serif\">postais e a s\u00e9rie de fotografias \u201cLes enfants de Kaalat el Andalous, Tun\u00edsia, <\/span><span style=\"font-size: 20px;font-family: sans-serif\">foi adquirida pela Biblioteca Nacional da Fran\u00e7a. Participou de in\u00fameros <\/span><span style=\"font-size: 20px;font-family: sans-serif\">col\u00f3quios sobre a imagem e fotografia. Trabalhou como encarregada de <\/span><span style=\"font-size: 20px;font-family: sans-serif\">miss\u00e3o junto \u00e0 Presid\u00eancia da Universidade de Paris 8, para a organiza\u00e7\u00e3o <\/span><span style=\"font-size: 20px;font-family: sans-serif\">do col\u00f3quio \u201cles Assises Internationales du corps transform\u00e9\u201d em <\/span><span style=\"font-size: 20px;font-family: sans-serif\">2004\/05, ano do Brasil na Fran\u00e7a. \u00c9 professora de fotografia na gradua\u00e7\u00e3o <\/span><span style=\"font-size: 20px;font-family: sans-serif\">em Artes Visuais e professora pesquisadora permanente do Programa de <\/span><span style=\"font-size: 20px;font-family: sans-serif\">P\u00f3s-gradua\u00e7\u00e3o em Artes Visuais, da Universidade Federal de Santa Maria, <\/span><span style=\"font-size: 20px;font-family: sans-serif\">RS, Coordenadora do grupo de pesquisa CNPq LabFoto (laborat\u00f3rio de <\/span><span style=\"font-size: 20px;font-family: sans-serif\">pesquisa em fotografia).<\/span><\/p><p>E-mail: d.raqueldafonseca@gmail.com <\/p><p>Curr\u00edculo Lattes: <a href=\"http:\/\/lattes.cnpq.br\/2950824253708267\" target=\"_blank\" rel=\"noopener\">http:\/\/lattes.cnpq.br\/2950824253708267<\/a><\/p>\t\t\t\t\t\t<\/div>\n\t\t\t\t<\/div>\n\t\t\t\t\t<\/div>\n\t\t<\/div>\n\t\t\t\t<div class=\"elementor-column elementor-col-33 elementor-top-column elementor-element elementor-element-2fe4831\" data-id=\"2fe4831\" data-element_type=\"column\">\n\t\t\t<div class=\"elementor-widget-wrap elementor-element-populated\">\n\t\t\t\t\t\t<div class=\"elementor-element elementor-element-dec6387 elementor-widget elementor-widget-image\" data-id=\"dec6387\" data-element_type=\"widget\" data-widget_type=\"image.default\">\n\t\t\t\t<div class=\"elementor-widget-container\">\n\t\t\t\t\t\t\t\t\t\t\t\t\t<img decoding=\"async\" src=\"https:\/\/www.ufsm.br\/app\/plugins\/elementor\/assets\/images\/placeholder.png\" title=\"\" alt=\"\" loading=\"lazy\" \/>\t\t\t\t\t\t\t\t\t\t\t\t\t<\/div>\n\t\t\t\t<\/div>\n\t\t\t\t\t<\/div>\n\t\t<\/div>\n\t\t\t\t\t<\/div>\n\t\t<\/section>\n\t\t\t\t<section class=\"elementor-section elementor-top-section elementor-element elementor-element-adf2d6f elementor-section-boxed elementor-section-height-default elementor-section-height-default\" data-id=\"adf2d6f\" data-element_type=\"section\">\n\t\t\t\t\t\t<div class=\"elementor-container elementor-column-gap-default\">\n\t\t\t\t\t<div class=\"elementor-column elementor-col-100 elementor-top-column elementor-element elementor-element-57edb74\" data-id=\"57edb74\" data-element_type=\"column\">\n\t\t\t<div class=\"elementor-widget-wrap elementor-element-populated\">\n\t\t\t\t\t\t<div class=\"elementor-element elementor-element-8c37d96 elementor-widget elementor-widget-spacer\" data-id=\"8c37d96\" data-element_type=\"widget\" data-widget_type=\"spacer.default\">\n\t\t\t\t<div class=\"elementor-widget-container\">\n\t\t\t\t\t<div class=\"elementor-spacer\">\n\t\t\t<div class=\"elementor-spacer-inner\"><\/div>\n\t\t<\/div>\n\t\t\t\t<\/div>\n\t\t\t\t<\/div>\n\t\t\t\t\t<\/div>\n\t\t<\/div>\n\t\t\t\t\t<\/div>\n\t\t<\/section>\n\t\t\t\t<section class=\"elementor-section elementor-top-section elementor-element elementor-element-89e2bdf elementor-section-boxed elementor-section-height-default elementor-section-height-default\" data-id=\"89e2bdf\" data-element_type=\"section\">\n\t\t\t\t\t\t<div class=\"elementor-container elementor-column-gap-default\">\n\t\t\t\t\t<div class=\"elementor-column elementor-col-100 elementor-top-column elementor-element elementor-element-93dac02\" data-id=\"93dac02\" data-element_type=\"column\">\n\t\t\t<div class=\"elementor-widget-wrap elementor-element-populated\">\n\t\t\t\t\t\t<div class=\"elementor-element elementor-element-5e2da26 elementor-widget__width-inherit elementor-widget elementor-widget-wp-widget-text\" data-id=\"5e2da26\" data-element_type=\"widget\" data-widget_type=\"wp-widget-text.default\">\n\t\t\t\t<div class=\"elementor-widget-container\">\n\t\t\t<h5>Prof.\u00aa Dr.\u00aa Nara Cristina Santos<\/h5>\t\t\t<div class=\"textwidget\"><\/div>\n\t\t\t\t<\/div>\n\t\t\t\t<\/div>\n\t\t\t\t\t<\/div>\n\t\t<\/div>\n\t\t\t\t\t<\/div>\n\t\t<\/section>\n\t\t\t\t<section class=\"elementor-section elementor-top-section elementor-element elementor-element-a85806f elementor-section-boxed elementor-section-height-default elementor-section-height-default\" data-id=\"a85806f\" data-element_type=\"section\">\n\t\t\t\t\t\t<div class=\"elementor-container elementor-column-gap-default\">\n\t\t\t\t\t<div class=\"elementor-column elementor-col-33 elementor-top-column elementor-element elementor-element-8540df4\" data-id=\"8540df4\" data-element_type=\"column\">\n\t\t\t<div class=\"elementor-widget-wrap elementor-element-populated\">\n\t\t\t\t\t\t<div class=\"elementor-element elementor-element-28b0bba elementor-widget elementor-widget-image\" data-id=\"28b0bba\" data-element_type=\"widget\" data-widget_type=\"image.default\">\n\t\t\t\t<div class=\"elementor-widget-container\">\n\t\t\t\t\t\t\t\t\t\t\t\t\t<img decoding=\"async\" src=\"https:\/\/www.ufsm.br\/app\/plugins\/elementor\/assets\/images\/placeholder.png\" title=\"\" alt=\"\" loading=\"lazy\" \/>\t\t\t\t\t\t\t\t\t\t\t\t\t<\/div>\n\t\t\t\t<\/div>\n\t\t\t\t\t<\/div>\n\t\t<\/div>\n\t\t\t\t<div class=\"elementor-column elementor-col-66 elementor-top-column elementor-element elementor-element-57c5c55\" data-id=\"57c5c55\" data-element_type=\"column\">\n\t\t\t<div class=\"elementor-widget-wrap elementor-element-populated\">\n\t\t\t\t\t\t<div class=\"elementor-element elementor-element-31c5899 elementor-widget elementor-widget-text-editor\" data-id=\"31c5899\" data-element_type=\"widget\" data-widget_type=\"text-editor.default\">\n\t\t\t\t<div class=\"elementor-widget-container\">\n\t\t\t\t\t\t\t<p>P\u00f3s-doutora em Artes Visuais pela Universidade Federal do Rio de Janeiro (UFRJ), doutora pela Universidade Federal do Rio Grande do Sul (UFRGS) e doutorado sandu\u00edche na Paris VIII (Fran\u00e7a). Desde 1993 \u00e9 professora do Departamento de Artes Visuais\/UFSM, onde atua na P\u00f3s-Gradua\u00e7\u00e3o em Artes Visuais\/PPGART e nos Cursos de Gradua\u00e7\u00e3o Bacharelado e Licenciatura em Artes Visuais. Pesquisadora na \u00e1rea de Artes Visuais, em Hist\u00f3ria, Teoria e Cr\u00edtica com projetos transdisciplinares em arte-ci\u00eancia-tecnologia. Coordena o Laborat\u00f3rio de Pesquisa em Arte Contempor\u00e2nea, Tecnologia e M\u00eddias Digitais (LABART) e lidera o grupo de pesquisa Arte e Tecnologia\/UFSM-CNPq. Membro do Comit\u00ea Brasileiro de Hist\u00f3ria da Arte (CBHA). Presidente da Associa\u00e7\u00e3o Nacional de Pesquisadores em Artes Pl\u00e1sticas (ANPAP) bi\u00eanio 2015-2016.<\/p>\t\t\t\t\t\t<\/div>\n\t\t\t\t<\/div>\n\t\t\t\t\t<\/div>\n\t\t<\/div>\n\t\t\t\t\t<\/div>\n\t\t<\/section>\n\t\t\t\t<section class=\"elementor-section elementor-top-section elementor-element elementor-element-28c5303 elementor-section-boxed elementor-section-height-default elementor-section-height-default\" data-id=\"28c5303\" data-element_type=\"section\">\n\t\t\t\t\t\t<div class=\"elementor-container elementor-column-gap-default\">\n\t\t\t\t\t<div class=\"elementor-column elementor-col-100 elementor-top-column elementor-element elementor-element-fc76a88\" data-id=\"fc76a88\" data-element_type=\"column\">\n\t\t\t<div class=\"elementor-widget-wrap elementor-element-populated\">\n\t\t\t\t\t\t<div class=\"elementor-element elementor-element-259dd49 elementor-widget__width-inherit elementor-widget elementor-widget-wp-widget-text\" data-id=\"259dd49\" data-element_type=\"widget\" data-widget_type=\"wp-widget-text.default\">\n\t\t\t\t<div class=\"elementor-widget-container\">\n\t\t\t<h5>Prof.\u00aa Dr.\u00aa Reinilda de F\u00e1tima Berguenmayer Minuzzi<\/h5>\t\t\t<div class=\"textwidget\"><\/div>\n\t\t\t\t<\/div>\n\t\t\t\t<\/div>\n\t\t\t\t\t<\/div>\n\t\t<\/div>\n\t\t\t\t\t<\/div>\n\t\t<\/section>\n\t\t\t\t<section class=\"elementor-section elementor-top-section elementor-element elementor-element-0f0c75c elementor-section-boxed elementor-section-height-default elementor-section-height-default\" data-id=\"0f0c75c\" data-element_type=\"section\">\n\t\t\t\t\t\t<div class=\"elementor-container elementor-column-gap-default\">\n\t\t\t\t\t<div class=\"elementor-column elementor-col-66 elementor-top-column elementor-element elementor-element-4594e73\" data-id=\"4594e73\" data-element_type=\"column\">\n\t\t\t<div class=\"elementor-widget-wrap elementor-element-populated\">\n\t\t\t\t\t\t<div class=\"elementor-element elementor-element-f341a08 elementor-widget elementor-widget-text-editor\" data-id=\"f341a08\" data-element_type=\"widget\" data-widget_type=\"text-editor.default\">\n\t\t\t\t<div class=\"elementor-widget-container\">\n\t\t\t\t\t\t\t<p>Artista visual, pesquisadora e docente no Departamento de Artes Visuais\/UFSM desde 1991. Tem forma\u00e7\u00e3o de gradua\u00e7\u00e3o em Artes Visuais e Design, Especializa\u00e7\u00e3o em Estamparia, Mestrado e Doutorado na \u00e1rea de Design. L\u00edder do Grupo de Pesquisa Arte e Design desde 2005, tendo atua\u00e7\u00e3o no Programa desde 2007. Atualmente Coordenadora do PPGART-UFSM e Coordenadora Substituta da Especializa\u00e7\u00e3o em Design de Superf\u00edcie-UFSM. Lidera o Grupo de Pesquisa Arte e Design\/CNPq-UFSM, enfocando as rela\u00e7\u00f5es arte, design e tecnologia. Tem experi\u00eancia na \u00e1rea de Artes e Design, atuando principalmente nos seguintes temas: processos h\u00edbridos nas artes visuais, design de superf\u00edcie e estamparia, design cer\u00e2mico e t\u00eaxtil, gest\u00e3o do design, forma\u00e7\u00e3o e atua\u00e7\u00e3o profissional, ambientes virtuais de aprendizagem.<\/p><p>E-mail: minuzzireinilda@gmail.com<\/p><p>Curr\u00edculo Lattes:<a href=\"http:\/\/lattes.cnpq.br\/0024977948247395\" target=\"_blank\" rel=\"noopener\"> http:\/\/lattes.cnpq.br\/0024977948247395<\/a><\/p>\t\t\t\t\t\t<\/div>\n\t\t\t\t<\/div>\n\t\t\t\t\t<\/div>\n\t\t<\/div>\n\t\t\t\t<div class=\"elementor-column elementor-col-33 elementor-top-column elementor-element elementor-element-5ae9d64\" data-id=\"5ae9d64\" data-element_type=\"column\">\n\t\t\t<div class=\"elementor-widget-wrap elementor-element-populated\">\n\t\t\t\t\t\t<div class=\"elementor-element elementor-element-190f83e elementor-widget elementor-widget-image\" data-id=\"190f83e\" data-element_type=\"widget\" data-widget_type=\"image.default\">\n\t\t\t\t<div class=\"elementor-widget-container\">\n\t\t\t\t\t\t\t\t\t\t\t\t\t<img decoding=\"async\" src=\"https:\/\/www.ufsm.br\/app\/plugins\/elementor\/assets\/images\/placeholder.png\" title=\"\" alt=\"\" loading=\"lazy\" \/>\t\t\t\t\t\t\t\t\t\t\t\t\t<\/div>\n\t\t\t\t<\/div>\n\t\t\t\t\t<\/div>\n\t\t<\/div>\n\t\t\t\t\t<\/div>\n\t\t<\/section>\n\t\t\t\t<\/div>\n\t\t","protected":false},"excerpt":{"rendered":"<p>Doutora em Inform\u00e1tica na Educa\u00e7\u00e3o pela UFRGS &#8211; Brasil e pela Universit\u00e9 de Montreal\/UdM &#8211; Canad\u00e1, Mestre em Psicologia Social e Institucional pela UFRGS e Graduada em Bacharelado e Licenciatura em Artes Visuais pela UFRGS. Idealizadora e coordenadora do LabInter (Laborat\u00f3rio Interdisciplinar Interativo) \u2013 UFSM e l\u00edder do gpc. InterArtec\/Cnpq, desde 2012. Artista multim\u00eddia e [&hellip;]<\/p>\n","protected":false},"author":820,"featured_media":0,"parent":0,"menu_order":0,"comment_status":"closed","ping_status":"closed","template":"","meta":{"footnotes":""},"categories":[],"tags":[],"class_list":["post-985","page","type-page","status-publish","hentry"],"acf":[],"_links":{"self":[{"href":"https:\/\/www.ufsm.br\/cursos\/pos-graduacao\/santa-maria\/ppgart\/wp-json\/wp\/v2\/pages\/985","targetHints":{"allow":["GET"]}}],"collection":[{"href":"https:\/\/www.ufsm.br\/cursos\/pos-graduacao\/santa-maria\/ppgart\/wp-json\/wp\/v2\/pages"}],"about":[{"href":"https:\/\/www.ufsm.br\/cursos\/pos-graduacao\/santa-maria\/ppgart\/wp-json\/wp\/v2\/types\/page"}],"author":[{"embeddable":true,"href":"https:\/\/www.ufsm.br\/cursos\/pos-graduacao\/santa-maria\/ppgart\/wp-json\/wp\/v2\/users\/820"}],"replies":[{"embeddable":true,"href":"https:\/\/www.ufsm.br\/cursos\/pos-graduacao\/santa-maria\/ppgart\/wp-json\/wp\/v2\/comments?post=985"}],"version-history":[{"count":0,"href":"https:\/\/www.ufsm.br\/cursos\/pos-graduacao\/santa-maria\/ppgart\/wp-json\/wp\/v2\/pages\/985\/revisions"}],"wp:attachment":[{"href":"https:\/\/www.ufsm.br\/cursos\/pos-graduacao\/santa-maria\/ppgart\/wp-json\/wp\/v2\/media?parent=985"}],"wp:term":[{"taxonomy":"category","embeddable":true,"href":"https:\/\/www.ufsm.br\/cursos\/pos-graduacao\/santa-maria\/ppgart\/wp-json\/wp\/v2\/categories?post=985"},{"taxonomy":"post_tag","embeddable":true,"href":"https:\/\/www.ufsm.br\/cursos\/pos-graduacao\/santa-maria\/ppgart\/wp-json\/wp\/v2\/tags?post=985"}],"curies":[{"name":"wp","href":"https:\/\/api.w.org\/{rel}","templated":true}]}}