{"id":991,"date":"2020-01-24T07:41:02","date_gmt":"2020-01-24T10:41:02","guid":{"rendered":"https:\/\/www.ufsm.br\/cursos\/pos-graduacao\/santa-maria\/ppgart\/?page_id=991"},"modified":"2026-03-23T10:33:03","modified_gmt":"2026-03-23T13:33:03","slug":"equipe-administrativa-2","status":"publish","type":"page","link":"https:\/\/www.ufsm.br\/cursos\/pos-graduacao\/santa-maria\/ppgart\/equipe-administrativa-2","title":{"rendered":"Equipe Administrativa"},"content":{"rendered":"\t\t<div data-elementor-type=\"wp-page\" data-elementor-id=\"991\" class=\"elementor elementor-991\">\n\t\t\t\t\t\t<section class=\"elementor-section elementor-top-section elementor-element elementor-element-3098f4e elementor-section-boxed elementor-section-height-default elementor-section-height-default\" data-id=\"3098f4e\" data-element_type=\"section\">\n\t\t\t\t\t\t<div class=\"elementor-container elementor-column-gap-default\">\n\t\t\t\t\t<div class=\"elementor-column elementor-col-100 elementor-top-column elementor-element elementor-element-f800cad\" data-id=\"f800cad\" data-element_type=\"column\">\n\t\t\t<div class=\"elementor-widget-wrap elementor-element-populated\">\n\t\t\t\t\t\t<div class=\"elementor-element elementor-element-05b8b7b elementor-widget elementor-widget-text-editor\" data-id=\"05b8b7b\" data-element_type=\"widget\" data-widget_type=\"text-editor.default\">\n\t\t\t\t<div class=\"elementor-widget-container\">\n\t\t\t\t\t\t\t<h5>Coordena\u00e7\u00e3o<\/h5><p><strong>Coordenadora<\/strong><br \/>Prof.\u00aa Dr.\u00aa Rosa Maria Blanca Cedillo<br \/>E-mail: <a href=\"mailto:rosa.blanca@ufsm.br\"><span style=\"font-weight: 400\">rosa.blanca@ufsm.br<\/span><\/a><\/p><p><strong>Email coordena\u00e7\u00e3o:<\/strong><br \/>E-mail: <a href=\"mailto:coordenacao.ppgart@ufsm.br\" target=\"_blank\" rel=\"noopener\">ppgart@ufsm.br<\/a><\/p><p><strong>Coordenadora Substituta<\/strong><br \/>Prof.\u00aa Dr.\u00aa Helga Correa<br \/>E-mail: <a href=\"mailto:helga.correa@ufsm.br\"><span style=\"font-weight: 400\">helga.correa@ufsm.br<\/span><\/a><\/p>\t\t\t\t\t\t<\/div>\n\t\t\t\t<\/div>\n\t\t\t\t\t<\/div>\n\t\t<\/div>\n\t\t\t\t\t<\/div>\n\t\t<\/section>\n\t\t\t\t<section class=\"elementor-section elementor-top-section elementor-element elementor-element-a9a38ba elementor-section-boxed elementor-section-height-default elementor-section-height-default\" data-id=\"a9a38ba\" data-element_type=\"section\">\n\t\t\t\t\t\t<div class=\"elementor-container elementor-column-gap-default\">\n\t\t\t\t\t<div class=\"elementor-column elementor-col-100 elementor-top-column elementor-element elementor-element-ef6d487\" data-id=\"ef6d487\" data-element_type=\"column\">\n\t\t\t<div class=\"elementor-widget-wrap elementor-element-populated\">\n\t\t\t\t\t\t<div class=\"elementor-element elementor-element-94b2a3f elementor-widget elementor-widget-text-editor\" data-id=\"94b2a3f\" data-element_type=\"widget\" data-widget_type=\"text-editor.default\">\n\t\t\t\t<div class=\"elementor-widget-container\">\n\t\t\t\t\t\t\t<h5>Secretaria<\/h5>\n<p><strong>Chefe da Secretaria<\/strong><br \/>Hellen Reis de Mello<\/p>\n<p><strong>Equipe<\/strong><br \/>Felipe Dias Feltrin<br \/>Alcindo Busanello<\/p>\n<p>Fone: (55) 3220-8359<\/p>\n<p>E-mail para contato:\u00a0<a href=\"mailto:sipog.cal@ufsm.br\" target=\"_blank\" rel=\"noopener\">sipog.cal@ufsm.br<\/a><\/p>\t\t\t\t\t\t<\/div>\n\t\t\t\t<\/div>\n\t\t\t\t\t<\/div>\n\t\t<\/div>\n\t\t\t\t\t<\/div>\n\t\t<\/section>\n\t\t\t\t<section class=\"elementor-section elementor-top-section elementor-element elementor-element-05b6e00 elementor-section-height-min-height elementor-section-items-bottom elementor-section-content-bottom elementor-section-boxed elementor-section-height-default\" data-id=\"05b6e00\" data-element_type=\"section\">\n\t\t\t\t\t\t<div class=\"elementor-container elementor-column-gap-no\">\n\t\t\t\t\t<div class=\"elementor-column elementor-col-100 elementor-top-column elementor-element elementor-element-4f40204\" data-id=\"4f40204\" data-element_type=\"column\">\n\t\t\t<div class=\"elementor-widget-wrap elementor-element-populated\">\n\t\t\t\t\t\t<div class=\"elementor-element elementor-element-8a53c89 elementor-widget elementor-widget-text-editor\" data-id=\"8a53c89\" data-element_type=\"widget\" data-widget_type=\"text-editor.default\">\n\t\t\t\t<div class=\"elementor-widget-container\">\n\t\t\t\t\t\t\t<h5>Colegiado<\/h5><table style=\"border-collapse: collapse;width: 100%\"><tbody><tr><td style=\"width: 50%\"><p><strong>Presidente<br \/><\/strong>Prof.\u00aa Dr.\u00aa Rosa Maria Blanca Cedillo\u00a0<\/p><p><strong>Representantes docentes<br \/><\/strong>Prof. Dr.\u00a0 Altamir Moreira<br \/>Prof.\u00aa Dr.\u00aa Andr\u00e9ia Machado Oliveira<br \/>Prof. Dr. Fernando Franco Codevilla<br \/>Prof.\u00aa Dr.\u00aa Fl\u00e1via Maria de Brito Pedrosa Vasconcelos<br \/>Prof.\u00aa Dr.\u00aa Gisela Reis Biancalana<br \/>Prof.\u00aa Dr.\u00aa Helga Correa<br \/>Prof.\u00aa Dr.\u00aa Karine Gomes Perez Vieira<br \/>Prof.\u00aa Dr.\u00aa Rebeca Lenize Stumm<br \/>Prof.\u00aa Dr.\u00aa Reinilda De F\u00e1tima Berguenmayer Minuzzi<br \/>Prof.\u00aa Dr.\u00aa Talita Gabriela Robles Esquivel<br \/>Prof.\u00aa Dr.\u00aa Thays Tonin<\/p><p><strong>Representantes discentes<br \/><\/strong>Doutorado<br \/>Titular: Luana Furtado Ramos Cairr\u00e3o<br \/>Suplente: Marcelo Eug\u00eanio Soares Pereira<\/p><p>Mestrado<br \/>Titular: Leonardo Martins Penna<br \/>Suplente: Aline Zanelatto Dal Pont<\/p><p><b>Secretaria<br \/><\/b>Titular: Hellen Reis de Mello<br \/>Suplente: Alcindo Busanello<\/p><\/td><td style=\"width: 50%;vertical-align: top\"><h5><a href=\"https:\/\/portal.ufsm.br\/documentos\/download.html?action=componente&amp;download=false&amp;id=5671281\">PORTARIA DE PESSOAL CAL\/UFSM N\u00b0 089 DE 13 DE MAIO DE 2025.<\/a><\/h5><h5><a href=\"https:\/\/portal.ufsm.br\/documentos\/download.html?action=componente&amp;download=false&amp;id=5957422\">APOSTILA \u00c0 PORTARIA DE PESSOAL CAL\/UFSM N\u00b0 089 DE 13 DE MAIO DE 2025.<\/a><\/h5><h5><a href=\"https:\/\/portal.ufsm.br\/documentos\/download.html?action=componente&amp;download=false&amp;id=6502284\">APOSTILA 02 \u00c0 PORTARIA DE PESSOAL CAL\/UFSM N\u00b0 089 DE 13 DE MAIO DE 2025.<\/a><\/h5><h5><a href=\"https:\/\/portal.ufsm.br\/documentos\/download.html?action=componente&amp;download=false&amp;id=6797038\">APOSTILA 03 \u00c0 PORTARIA DE PESSOAL CAL\/UFSM N\u00b0 089 DE 13 DE MAIO DE 2025.<\/a><\/h5><\/td><\/tr><\/tbody><\/table>\t\t\t\t\t\t<\/div>\n\t\t\t\t<\/div>\n\t\t\t\t\t<\/div>\n\t\t<\/div>\n\t\t\t\t\t<\/div>\n\t\t<\/section>\n\t\t\t\t<section class=\"elementor-section elementor-top-section elementor-element elementor-element-dee0b4b elementor-section-boxed elementor-section-height-default elementor-section-height-default\" data-id=\"dee0b4b\" data-element_type=\"section\">\n\t\t\t\t\t\t<div class=\"elementor-container elementor-column-gap-default\">\n\t\t\t\t\t<div class=\"elementor-column elementor-col-100 elementor-top-column elementor-element elementor-element-927633a\" data-id=\"927633a\" data-element_type=\"column\">\n\t\t\t<div class=\"elementor-widget-wrap elementor-element-populated\">\n\t\t\t\t\t\t<div class=\"elementor-element elementor-element-1ad18cc elementor-widget elementor-widget-text-editor\" data-id=\"1ad18cc\" data-element_type=\"widget\" data-widget_type=\"text-editor.default\">\n\t\t\t\t<div class=\"elementor-widget-container\">\n\t\t\t\t\t\t\t<h5><span style=\"font-size: 12pt\">Comiss\u00e3o de Bolsas<\/span><\/h5><table style=\"border-collapse: collapse;width: 100%\"><tbody><tr><td style=\"width: 50%\"><p><strong>Presidente<\/strong><br \/>Prof.\u00aa Dr.\u00aa Rosa Maria Blanca Cedillo<\/p><p><b>Vice-presidente<\/b><br \/><span style=\"color: #000000;font-size: 16px;font-weight: var( --e-global-typography-text-font-weight );text-align: var(--bs-body-text-align)\">Prof.\u00aa Dr.\u00aa Helga Correa\u00a0<\/span><\/p><p><strong>Representantes Docentes<\/strong><br \/>Prof.\u00aa Dr.\u00aa Reinilda De F\u00e1tima Berguenmayer Minuzzi<br \/>Prof. Dr. Fernando Franco Codevilla<br \/>Prof.\u00aa Dr.\u00aa Karine Gomes Perez Vieira<\/p><p><b style=\"color: #000000;font-size: 1rem;text-align: var(--bs-body-text-align)\">Representantes Discentes<\/b><\/p><p><strong>Doutorado<\/strong><br \/>Titular: Giovana Moura Domingos<br \/>Suplente: Jean Oliver Linck<\/p><p><strong>Mestrado<\/strong><br \/>Titular: Genec\u00ed Fid\u00e9lis Andr\u00e9<br \/>Suplente: Francine da Rosa Furlan<\/p><\/td><td style=\"width: 50%;vertical-align: top\"><h5><a href=\"https:\/\/portal.ufsm.br\/documentos\/download.html?action=componente&amp;download=false&amp;id=5672039\">PORTARIA DE PESSOAL CAL\/UFSM N\u00b0 090 DE 13 DE MAIO DE 2025.<\/a><\/h5><h5><a href=\"https:\/\/portal.ufsm.br\/documentos\/download.html?action=componente&amp;download=false&amp;id=6797056\">APOSTILA \u00c0 PORTARIA DE PESSOAL CAL\/UFSM N\u00b0 090 DE 13 DE MAIO DE 2025.<\/a><\/h5><h5><a href=\"https:\/\/portal.ufsm.br\/documentos\/download.html?action=componente&amp;download=false&amp;id=6970528\">APOSTILA 02 \u00c0 PORTARIA DE PESSOAL CAL\/UFSM N\u00b0 090 DE 13 DE MAIO DE 2025.<\/a><\/h5><\/td><\/tr><\/tbody><\/table>\t\t\t\t\t\t<\/div>\n\t\t\t\t<\/div>\n\t\t\t\t\t<\/div>\n\t\t<\/div>\n\t\t\t\t\t<\/div>\n\t\t<\/section>\n\t\t\t\t<section class=\"elementor-section elementor-top-section elementor-element elementor-element-9d77f02 elementor-section-boxed elementor-section-height-default elementor-section-height-default\" data-id=\"9d77f02\" data-element_type=\"section\">\n\t\t\t\t\t\t<div class=\"elementor-container elementor-column-gap-default\">\n\t\t\t\t\t<div class=\"elementor-column elementor-col-100 elementor-top-column elementor-element elementor-element-b1a469b\" data-id=\"b1a469b\" data-element_type=\"column\">\n\t\t\t<div class=\"elementor-widget-wrap elementor-element-populated\">\n\t\t\t\t\t\t<div class=\"elementor-element elementor-element-927f64f elementor-widget elementor-widget-text-editor\" data-id=\"927f64f\" data-element_type=\"widget\" data-widget_type=\"text-editor.default\">\n\t\t\t\t<div class=\"elementor-widget-container\">\n\t\t\t\t\t\t\t<h5><span style=\"font-size: 12pt\">Grupo de Trabalho de Autoavalia\u00e7\u00e3o<\/span><\/h5>\n<p><strong>Representantes docentes:<br \/><\/strong>Prof. Dr. Altamir Moreira \u2013 Presidente;<br \/>Prof.\u00aa Dr.\u00aa Fl\u00e1via Maria De Brito Pedrosa Vasconcelos;<br \/>Prof.\u00aa Dr.\u00aa Andr\u00e9ia Machado Oliveira;<\/p>\n<p><strong>Representantes Discentes:<br \/><\/strong><strong>Doutorado<\/strong><br \/>Vanessa Cristina Dias<\/p>\n<p><strong>Mestrado<\/strong><br \/>Leonardo Martins Penna<\/p>\n<p><strong>Representante Egresso:<br \/><\/strong>Cristina Landerdahl Dalla Costa<strong><br \/><\/strong><\/p>\n<p><strong>Representante da Comunidade:<\/strong><br \/>Luciano Silva dos Santos<\/p>\n<p><strong>T\u00e9cnico Administrativo em Educa\u00e7\u00e3o:<\/strong><br \/>Ass. Adm. Camila Linhati Bitencourt<\/p>\t\t\t\t\t\t<\/div>\n\t\t\t\t<\/div>\n\t\t\t\t\t<\/div>\n\t\t<\/div>\n\t\t\t\t\t<\/div>\n\t\t<\/section>\n\t\t\t\t<section class=\"elementor-section elementor-top-section elementor-element elementor-element-ce91406 elementor-section-boxed elementor-section-height-default elementor-section-height-default\" data-id=\"ce91406\" data-element_type=\"section\">\n\t\t\t\t\t\t<div class=\"elementor-container elementor-column-gap-default\">\n\t\t\t\t\t<div class=\"elementor-column elementor-col-100 elementor-top-column elementor-element elementor-element-12745a0\" data-id=\"12745a0\" data-element_type=\"column\">\n\t\t\t<div class=\"elementor-widget-wrap elementor-element-populated\">\n\t\t\t\t\t\t<div class=\"elementor-element elementor-element-e066fc9 elementor-widget elementor-widget-text-editor\" data-id=\"e066fc9\" data-element_type=\"widget\" data-widget_type=\"text-editor.default\">\n\t\t\t\t<div class=\"elementor-widget-container\">\n\t\t\t\t\t\t\t<h5>Grupo de Trabalho de A\u00e7\u00f5es Afirmativas<\/h5>\n<p><strong>Presidente<\/strong><br \/>Prof. Dr. Altamir Moreira<\/p>\n<p><strong>Representantes Docentes<\/strong><br \/>Prof.\u00aa Dr.\u00aa Gisela Reis Biancalana<br \/>Prof.\u00aa Dr.\u00aa Rosa Maria Blanca Cedillo<\/p>\n<p><b>Representantes Discentes<\/b><br \/><strong>Doutorado<\/strong><br \/>Tha\u00eds Oliveira da Rosa<\/p>\n<p><strong>Mestrado<\/strong><br \/>Frederick Antunes Rodrigues<\/p>\t\t\t\t\t\t<\/div>\n\t\t\t\t<\/div>\n\t\t\t\t\t<\/div>\n\t\t<\/div>\n\t\t\t\t\t<\/div>\n\t\t<\/section>\n\t\t\t\t<section class=\"elementor-section elementor-top-section elementor-element elementor-element-dffce2d elementor-section-boxed elementor-section-height-default elementor-section-height-default\" data-id=\"dffce2d\" data-element_type=\"section\">\n\t\t\t\t\t\t<div class=\"elementor-container elementor-column-gap-default\">\n\t\t\t\t\t<div class=\"elementor-column elementor-col-100 elementor-top-column elementor-element elementor-element-df32e53\" data-id=\"df32e53\" data-element_type=\"column\">\n\t\t\t<div class=\"elementor-widget-wrap elementor-element-populated\">\n\t\t\t\t\t\t<div class=\"elementor-element elementor-element-6aaef39 elementor-widget elementor-widget-text-editor\" data-id=\"6aaef39\" data-element_type=\"widget\" data-widget_type=\"text-editor.default\">\n\t\t\t\t<div class=\"elementor-widget-container\">\n\t\t\t\t\t\t\t<h5>Grupo de Trabalho de Credenciamento, Recredenciamento e Descredenciamento Docente<\/h5>\n<div>Prof. Dr. Altamir Moreira (presidente)<\/div>\n<div>Prof. Dr. Fernando Franco Codevilla<\/div>\n<div>Prof.\u00aa Dr.\u00aa Helga Correa<\/div>\n<div>\u00a0<\/div>\t\t\t\t\t\t<\/div>\n\t\t\t\t<\/div>\n\t\t\t\t\t<\/div>\n\t\t<\/div>\n\t\t\t\t\t<\/div>\n\t\t<\/section>\n\t\t\t\t<\/div>\n\t\t","protected":false},"excerpt":{"rendered":"<p>Coordena\u00e7\u00e3o CoordenadoraProf.\u00aa Dr.\u00aa Rosa Maria Blanca CedilloE-mail: rosa.blanca@ufsm.br Email coordena\u00e7\u00e3o:E-mail: ppgart@ufsm.br Coordenadora SubstitutaProf.\u00aa Dr.\u00aa Helga CorreaE-mail: helga.correa@ufsm.br Secretaria Chefe da SecretariaHellen Reis de Mello EquipeFelipe Dias FeltrinAlcindo Busanello Fone: (55) 3220-8359 E-mail para contato:\u00a0sipog.cal@ufsm.br Colegiado PresidenteProf.\u00aa Dr.\u00aa Rosa Maria Blanca Cedillo\u00a0 Representantes docentesProf. Dr.\u00a0 Altamir MoreiraProf.\u00aa Dr.\u00aa Andr\u00e9ia Machado OliveiraProf. Dr. Fernando Franco CodevillaProf.\u00aa Dr.\u00aa [&hellip;]<\/p>\n","protected":false},"author":820,"featured_media":0,"parent":0,"menu_order":0,"comment_status":"closed","ping_status":"closed","template":"","meta":{"footnotes":""},"categories":[],"tags":[],"class_list":["post-991","page","type-page","status-publish","hentry"],"acf":[],"_links":{"self":[{"href":"https:\/\/www.ufsm.br\/cursos\/pos-graduacao\/santa-maria\/ppgart\/wp-json\/wp\/v2\/pages\/991","targetHints":{"allow":["GET"]}}],"collection":[{"href":"https:\/\/www.ufsm.br\/cursos\/pos-graduacao\/santa-maria\/ppgart\/wp-json\/wp\/v2\/pages"}],"about":[{"href":"https:\/\/www.ufsm.br\/cursos\/pos-graduacao\/santa-maria\/ppgart\/wp-json\/wp\/v2\/types\/page"}],"author":[{"embeddable":true,"href":"https:\/\/www.ufsm.br\/cursos\/pos-graduacao\/santa-maria\/ppgart\/wp-json\/wp\/v2\/users\/820"}],"replies":[{"embeddable":true,"href":"https:\/\/www.ufsm.br\/cursos\/pos-graduacao\/santa-maria\/ppgart\/wp-json\/wp\/v2\/comments?post=991"}],"version-history":[{"count":0,"href":"https:\/\/www.ufsm.br\/cursos\/pos-graduacao\/santa-maria\/ppgart\/wp-json\/wp\/v2\/pages\/991\/revisions"}],"wp:attachment":[{"href":"https:\/\/www.ufsm.br\/cursos\/pos-graduacao\/santa-maria\/ppgart\/wp-json\/wp\/v2\/media?parent=991"}],"wp:term":[{"taxonomy":"category","embeddable":true,"href":"https:\/\/www.ufsm.br\/cursos\/pos-graduacao\/santa-maria\/ppgart\/wp-json\/wp\/v2\/categories?post=991"},{"taxonomy":"post_tag","embeddable":true,"href":"https:\/\/www.ufsm.br\/cursos\/pos-graduacao\/santa-maria\/ppgart\/wp-json\/wp\/v2\/tags?post=991"}],"curies":[{"name":"wp","href":"https:\/\/api.w.org\/{rel}","templated":true}]}}