{"id":1625,"date":"2023-01-09T11:23:57","date_gmt":"2023-01-09T14:23:57","guid":{"rendered":"https:\/\/www.ufsm.br\/cursos\/pos-graduacao\/santa-maria\/ppgaup\/?page_id=1625"},"modified":"2025-04-10T09:35:48","modified_gmt":"2025-04-10T12:35:48","slug":"internacionalizacao","status":"publish","type":"page","link":"https:\/\/www.ufsm.br\/cursos\/pos-graduacao\/santa-maria\/ppgaup\/internacionalizacao","title":{"rendered":"Internacionaliza\u00e7\u00e3o"},"content":{"rendered":"\t\t<div data-elementor-type=\"wp-page\" data-elementor-id=\"1625\" class=\"elementor elementor-1625\">\n\t\t\t\t\t\t<section class=\"elementor-section elementor-top-section elementor-element elementor-element-36ad3b2 elementor-section-boxed elementor-section-height-default elementor-section-height-default\" data-id=\"36ad3b2\" data-element_type=\"section\">\n\t\t\t\t\t\t<div class=\"elementor-container elementor-column-gap-default\">\n\t\t\t\t\t<div class=\"elementor-column elementor-col-100 elementor-top-column elementor-element elementor-element-13d4c17\" data-id=\"13d4c17\" data-element_type=\"column\">\n\t\t\t<div class=\"elementor-widget-wrap elementor-element-populated\">\n\t\t\t\t\t\t<div class=\"elementor-element elementor-element-77c599a6 elementor-widget elementor-widget-text-editor\" data-id=\"77c599a6\" data-element_type=\"widget\" data-widget_type=\"text-editor.default\">\n\t\t\t\t<div class=\"elementor-widget-container\">\n\t\t\t\t\t\t\t<p>A internacionaliza\u00e7\u00e3o \u00e9 o primeiro dos sete (7) desafios do Plano de Desenvolvimento Institucional (<a href=\"https:\/\/www.ufsm.br\/pro-reitorias\/proplan\/pdi\" target=\"_blank\" rel=\"noopener\">PDI 2016-2026<\/a>) da Universidade Federal de Santa Maria, demonstrando a relev\u00e2ncia do tema para a comunidade universit\u00e1ria.\u00a0<\/p>\n<p>A internacionaliza\u00e7\u00e3o tem acontecido do Programa de P\u00f3s-Gradua\u00e7\u00e3o em Arquitetura, Urbanismo e Paisagismo (PPGAUP), a partir de publica\u00e7\u00f5es em peri\u00f3dicos de circula\u00e7\u00e3o global, participa\u00e7\u00e3o em eventos internacionais, mobilidade acad\u00eamica e colabora\u00e7\u00f5es institucionais. Essas a\u00e7\u00f5es ampliam a visibilidade do programa e proporcionam uma troca de conhecimentos entre docentes, discentes e pesquisadores de diversas partes do mundo.<\/p>\n<p><em><span style=\"font-family: arial, helvetica, sans-serif\">&#8211;<span style=\"text-decoration: underline\"> Publica\u00e7\u00f5es em Ve\u00edculos Internacionais e Pesquisa em Coautoria<\/span>:\u00a0<br \/><\/span><\/em><span style=\"color: #000000;font-size: 1rem;font-weight: var( --e-global-typography-text-font-weight );text-align: var(--bs-body-text-align)\">Os docentes do PPGAUP t\u00eam publicado artigos e cap\u00edtulos de livros em peri\u00f3dicos e editoras internacionais de prest\u00edgio. Exemplos incluem a publica\u00e7\u00e3o na <\/span><strong style=\"color: #000000;font-size: 1rem;text-align: var(--bs-body-text-align)\">Journal of Urban Planning and Development<\/strong><span style=\"color: #000000;font-size: 1rem;font-weight: var( --e-global-typography-text-font-weight );text-align: var(--bs-body-text-align)\"> (Vanessa Dorneles), na <\/span><strong style=\"color: #000000;font-size: 1rem;text-align: var(--bs-body-text-align)\">Wood Science and Technology<\/strong><span style=\"color: #000000;font-size: 1rem;font-weight: var( --e-global-typography-text-font-weight );text-align: var(--bs-body-text-align)\"> e na editora <\/span><strong style=\"color: #000000;font-size: 1rem;text-align: var(--bs-body-text-align)\">Springer-Nature<\/strong><span style=\"color: #000000;font-size: 1rem;font-weight: var( --e-global-typography-text-font-weight );text-align: var(--bs-body-text-align)\"> (Felipe Luis Palombini e Mariana Kuhl Cidade), al\u00e9m da produ\u00e7\u00e3o de artigos Qualis A1 na mesma editora (Luis Guilherme Aita Pippi). Viviane Suzey Gomes de Melo contribuiu significativamente com publica\u00e7\u00f5es na <\/span><strong style=\"color: #000000;font-size: 1rem;text-align: var(--bs-body-text-align)\">Environmental Monitoring and Assessment<\/strong><span style=\"color: #000000;font-size: 1rem;font-weight: var( --e-global-typography-text-font-weight );text-align: var(--bs-body-text-align)\">, <\/span><strong style=\"color: #000000;font-size: 1rem;text-align: var(--bs-body-text-align)\">Applied Acoustics<\/strong><span style=\"color: #000000;font-size: 1rem;font-weight: var( --e-global-typography-text-font-weight );text-align: var(--bs-body-text-align)\">, <\/span><strong style=\"color: #000000;font-size: 1rem;text-align: var(--bs-body-text-align)\">Journal of the Acoustical Society of America<\/strong><span style=\"color: #000000;font-size: 1rem;font-weight: var( --e-global-typography-text-font-weight );text-align: var(--bs-body-text-align)\">, entre outras. Essas pesquisas, muitas vezes desenvolvidas em coautoria com pesquisadores estrangeiros, demonstram a inser\u00e7\u00e3o cient\u00edfica do PPGAUP em um cen\u00e1rio global.<\/span><\/p>\n<p><em><span style=\"text-decoration: underline\">&#8211; Participa\u00e7\u00e3o em Eventos Internacionais:<br \/><\/span><\/em>A presen\u00e7a de docentes do PPGAUP em eventos acad\u00eamicos internacionais refor\u00e7a a dissemina\u00e7\u00e3o do conhecimento produzido no programa e possibilita o estabelecimento de novas parcerias. Destacam-se participa\u00e7\u00f5es em congressos como o <strong>XIII Congresso Ibero-Americano de Ac\u00fastica 2024<\/strong> (Viviane Suzey Gomes de Melo), o <strong>12\u00ba F\u00f3rum Internacional Ecoinovar<\/strong> (Viviane Suzey Gomes de Melo), e o <strong>Congresso Internacional de Ergonomia<\/strong> (Angela Weber Righi). Isis Portolan dos Santos participou do <strong>I Simp\u00f3sio Brasil-Reino Unido sobre Mulheres na Ci\u00eancia<\/strong>, enquanto William D&#8217;Andrea Fonseca integra o comit\u00ea cient\u00edfico do <strong>FIA 2024 \u2013 XIII Congresso Ibero-Americano de Ac\u00fastica \u2013 Chile<\/strong>.<\/p>\n<p><span style=\"text-decoration: underline\"><em>&#8211; Mobilidade Acad\u00eamica e Colabora\u00e7\u00f5es Internacionais:<br \/><\/em><\/span>A atua\u00e7\u00e3o docente do PPGAUP no cen\u00e1rio global tamb\u00e9m se reflete em mobilidade acad\u00eamica e trocas institucionais. Professores como Andr\u00e9a Valli Nummer (p\u00f3s-doutorado na Universidade do Porto), Ver\u00f4nica Garcia Donoso (p\u00f3s-doutorado na RWTH Aachen University, Alemanha) e Mario Fernando de Mello (cursos na Universidad Nacional de Misiones e na Universidad Cat\u00f3lica de \u00c1vila) fortaleceram seus v\u00ednculos com institui\u00e7\u00f5es de renome. Al\u00e9m disso, iniciativas como a miss\u00e3o acad\u00eamica ao Uruguai, realizada por Marcos Alberto Oss Vaghetti, e colabora\u00e7\u00f5es com universidades na Bol\u00edvia e Alemanha (Veronica Garcia Donoso) evidenciam o car\u00e1ter internacional do programa.<\/p>\n<p>&#8211; <span style=\"text-decoration: underline\"><em>Outras Atividades Relacionadas \u00e0 Internacionaliza\u00e7\u00e3o:<\/em><\/span><br \/>O envolvimento do PPGAUP em a\u00e7\u00f5es internacionais vai al\u00e9m da pesquisa e mobilidade. Docentes como Ver\u00f4nica Garcia Donoso ministram disciplinas em ingl\u00eas na <strong>RWTH Aachen University<\/strong>, enquanto Olavo Avalone Neto contribui anualmente com aulas e congressos internacionais. A organiza\u00e7\u00e3o de eventos e workshops internacionais, como o <strong>ENEAC<\/strong>, que contou com palestras internacionais (Vanessa Goulart Dorneles), tamb\u00e9m refor\u00e7a essa estrat\u00e9gia de internacionaliza\u00e7\u00e3o.<\/p>\n<p><!-- \/wp:tadv\/classic-paragraph --><\/p>\t\t\t\t\t\t<\/div>\n\t\t\t\t<\/div>\n\t\t\t\t\t<\/div>\n\t\t<\/div>\n\t\t\t\t\t<\/div>\n\t\t<\/section>\n\t\t\t\t<section class=\"elementor-section elementor-top-section elementor-element elementor-element-31244ff elementor-section-boxed elementor-section-height-default elementor-section-height-default\" data-id=\"31244ff\" data-element_type=\"section\">\n\t\t\t\t\t\t<div class=\"elementor-container elementor-column-gap-default\">\n\t\t\t\t\t<div class=\"elementor-column elementor-col-100 elementor-top-column elementor-element elementor-element-0417588\" data-id=\"0417588\" data-element_type=\"column\">\n\t\t\t<div class=\"elementor-widget-wrap elementor-element-populated\">\n\t\t\t\t\t\t<div class=\"elementor-element elementor-element-bf01ee2 elementor-widget elementor-widget-toggle\" data-id=\"bf01ee2\" data-element_type=\"widget\" data-widget_type=\"toggle.default\">\n\t\t\t\t<div class=\"elementor-widget-container\">\n\t\t\t\t\t<div class=\"elementor-toggle\">\n\t\t\t\t\t\t\t<div class=\"elementor-toggle-item\">\n\t\t\t\t\t<div id=\"elementor-tab-title-2001\" class=\"elementor-tab-title\" data-tab=\"1\" role=\"button\" aria-controls=\"elementor-tab-content-2001\" aria-expanded=\"false\">\n\t\t\t\t\t\t\t\t\t\t\t\t<span class=\"elementor-toggle-icon elementor-toggle-icon-left\" aria-hidden=\"true\">\n\t\t\t\t\t\t\t\t\t\t\t\t\t\t\t<span class=\"elementor-toggle-icon-closed\"><i class=\"fas fa-caret-right\"><\/i><\/span>\n\t\t\t\t\t\t\t\t<span class=\"elementor-toggle-icon-opened\"><i class=\"elementor-toggle-icon-opened fas fa-caret-up\"><\/i><\/span>\n\t\t\t\t\t\t\t\t\t\t\t\t\t<\/span>\n\t\t\t\t\t\t\t\t\t\t\t\t<a class=\"elementor-toggle-title\" tabindex=\"0\">Aqui - A\u00e7\u00f5es de Internacionaliza\u00e7\u00e3o de nossos(as) professores(as)<\/a>\n\t\t\t\t\t<\/div>\n\n\t\t\t\t\t<div id=\"elementor-tab-content-2001\" class=\"elementor-tab-content elementor-clearfix\" data-tab=\"1\" role=\"region\" aria-labelledby=\"elementor-tab-title-2001\"><p><strong>Andr\u00e9a Valli Nummer<br \/><\/strong>&#8211; P\u00f3s-doutorado na Universidade do Porto<br \/>&#8211; Miss\u00e3o de trabalho em Porto e Lisboa: Troca de experi\u00eancias na avalia\u00e7\u00e3o de risco e vulnerabilidade, bem como de suscetibilidade a movimentos de massa.<\/p>\n<p><strong>Angela Weber Righi<br \/><\/strong><span style=\"font-weight: var( --e-global-typography-text-font-weight )\">&#8211; Participa\u00e7\u00e3o no <\/span>Congresso Internacional de Ergonomia<span style=\"font-weight: var( --e-global-typography-text-font-weight )\"> (2021 e 2024)<\/span><\/p>\n<p><strong>Carolina Iuva de Mello<br \/><\/strong><span style=\"font-weight: var( --e-global-typography-text-font-weight )\">&#8211; Publica\u00e7\u00e3o de artigo na vers\u00e3o em ingl\u00eas na revista <\/span>Di\u00e1logos com a Economia Criativa: <span style=\"font-weight: var( --e-global-typography-text-font-weight )\">&#8216;Distrito criativo em l\u00e3: relato de experi\u00eancia aproximando design e artesanato&#8217; na vers\u00e3o em ingl\u00eas no peri\u00f3dico &#8216;Di\u00e1logos com a Economia Criativa&#8217;. <\/span><a style=\"font-weight: var( --e-global-typography-text-font-weight )\" href=\"https:\/\/doi.org\/10.22398\/2525-2828.92645-64\">https:\/\/doi.org\/10.22398\/2525-2828.92645-64<\/a><\/p>\n<p><strong>Fabiane Vieira Romano<br \/><\/strong><span style=\"font-weight: var( --e-global-typography-text-font-weight )\">&#8211; Participa\u00e7\u00e3o do Prof. Dr. <\/span>Jorge Manuel Fernandes Figueira Ferreira (Universidade de Coimbra)<span style=\"font-weight: var( --e-global-typography-text-font-weight )\"> em banca de qualifica\u00e7\u00e3o<\/span><\/p>\n<p><strong>Felipe Luis Palombini<br \/><\/strong><span style=\"font-weight: var( --e-global-typography-text-font-weight )\">-Publica\u00e7\u00e3o em peri\u00f3dico <\/span>Wood Science and Technology<br \/>&#8211; Coedi\u00e7\u00e3o de livros na Springer-Nature<\/p>\n<p><strong>\u00cdsis Portolan dos Santos<br \/><\/strong><span style=\"font-weight: var( --e-global-typography-text-font-weight )\">&#8211; Participa\u00e7\u00e3o no <\/span>I Simp\u00f3sio Brasil-Reino Unido sobre Mulheres na Ci\u00eancia (2023, British Council)<\/p>\n<p><strong>Josicler Orbem Alberton<br \/><\/strong><span style=\"font-weight: var( --e-global-typography-text-font-weight )\">&#8211; Participa\u00e7\u00e3o no Grupo de Pesquisa <\/span>RITe, CNPq, vinculado a institui\u00e7\u00f5es francesas<br \/>&#8211; Organiza\u00e7\u00e3o do Col\u00f3quio Internacional ICHT: \u00ab Imagin\u00e1rio: Construir e Habitar a Terra<\/p>\n<p><strong>J\u00falio C\u00e9sar Pinheiro Pires<br \/><\/strong><span style=\"font-weight: var( --e-global-typography-text-font-weight )\">&#8211; Projeto de extens\u00e3o SUPERF\u00cdCIES MUT\u00c1VEIS: experimenta\u00e7\u00e3o e prototipagem com oficina ministrada por professora chilena <\/span>(Paula Aguayo)<\/p>\n<p><strong>Luis Guilherme Aita Pippi<br \/><\/strong><span style=\"font-weight: var( --e-global-typography-text-font-weight )\">&#8211; Publica\u00e7\u00e3o de cap\u00edtulo de livro na <\/span>Springer (Qualis A1): Artigo (capitulo de livro) em Revista Qualis A1 da Springer a ser publicado em novembro de 2024.\u00a0<br \/><span style=\"font-weight: var( --e-global-typography-text-font-weight )\">&#8211; Publica\u00e7\u00e3o e apresenta\u00e7\u00e3o de 5 artigos no 7 CIAP em Curitiba, apresenta\u00e7\u00e3o mapemaneto e graficos Concurso Universit\u00e1rio Nacional de Arquitetura da Paisagem &#8211; Rosa Kliass periodo de 2017 a 2023 no 7 CIAP<br \/><\/span>&#8211; Publica\u00e7\u00e3o e apresenta\u00e7\u00e3o de 5 artigos no 7 CIAP, Curitiba<br \/>&#8211; Apresenta\u00e7\u00e3o de gr\u00e1ficos e mapeamento no Concurso Universit\u00e1rio Nacional de Arquitetura da Paisagem &#8211; Rosa Kliass (2017-2023)<\/p>\n<p><strong>Mariana Kuhl Cidade<br \/><\/strong><span style=\"font-weight: var( --e-global-typography-text-font-weight )\">&#8211; Publica\u00e7\u00e3o de cap\u00edtulos de livros na <\/span>Springer-Nature<br \/>&#8211; Visita t\u00e9cnica na Parsons School of Design | The New School<\/p>\n<p><strong>Mario Fernando de Mello<br \/><\/strong><span style=\"font-weight: var( --e-global-typography-text-font-weight )\">&#8211; Curso na <\/span>Universidad Nacional de Misiones (Argentina): FORMACI\u00d3N POR COMPETENCIAS Y APRENDIZAJE CENTRADO EN EL ESTUDIANTE&#8221;<br \/>&#8211; Curso na Universidad Cat\u00f3lica de \u00c1vila (Espanha): &#8220;CURSO DE LA IA APLICADO A LA EDUCACI\u00d3N&#8221;<\/p>\n<p><strong>Marcos Alberto Oss Vaghetti<br \/><\/strong><span style=\"font-weight: var( --e-global-typography-text-font-weight )\">&#8211; Miss\u00e3o acad\u00eamica ao <\/span>Uruguai para interc\u00e2mbio sobre sustentabilidade no Ambiente constru\u00eddo com os professores, acad\u00eamicos e profissionais da UDELAR no Centro Universit\u00e1rio Litoral Norte (CENUR Litoral Norte), em Salto\/UY.\u00a0<br \/>&#8211; Apresenta\u00e7\u00e3o do prot\u00f3tipo da Casa Popular Eficiente, constru\u00edda no Centro de Eventos da UFSM, como forma de divulgar a inser\u00e7\u00e3o da nossa universidade no ambiente da Sustentabilidade.<br \/>&#8211; Em Salto\/Uruguai, atividades foram de palestras, entrevista na r\u00e1dio da UDELAR no Centro Universitario Litoral Norte e visitas nos Laborat\u00f3rios.<br \/>&#8211; Em Artigas, palestra \u201cEducaci\u00f3n para la sustentabilidad y alternativas de construcci\u00f3n sustentable\u201d, realizada na Casa de la Universidad de Artigas.<br \/>&#8211; No Centro Cultural de Young\/Rio Negro\/UY participei como debatedor na mesa redonda da palestra \u201cEducaci\u00f3n para los Derechos Humanos: c\u00f3mo Trabajar?. Interessante miss\u00e3o no sentido da internacionaliza\u00e7\u00e3o.<\/p>\n<p><strong>Olavo Avalone Neto<br \/><\/strong><span style=\"font-weight: var( --e-global-typography-text-font-weight )\">&#8211; Ministra\u00e7\u00e3o de aula em ingl\u00eas: <\/span>Introdu\u00e7\u00e3o \u00e0 An\u00e1lise Estat\u00edstica<br \/>&#8211; Participa\u00e7\u00e3o anual em congresso internacional<br \/><span style=\"font-weight: var( --e-global-typography-text-font-weight )\">&#8211; Publica\u00e7\u00e3o de artigos em ingl\u00eas<\/span><\/p>\n<p><strong>Vanessa Goulart Dorneles<br \/><\/strong><span style=\"font-weight: var( --e-global-typography-text-font-weight )\">&#8211; Publica\u00e7\u00e3o no <\/span>Journal of Urban Planning and Development : <span style=\"font-weight: var( --e-global-typography-text-font-weight )\">MULLER, A. P. S.; DORNELES, Vanessa Goulart ; RUIZ-PADILLO, A. ; ROMANO, Fabiane Vieira . Sidewalk Assessment from the Perspective of Accessibility: A Systematic Literature Review. Journal of Urban Planning and Development, v. 149, p. 04023032-1-04023032-11, 2023.<br \/><\/span><span style=\"font-weight: var( --e-global-typography-text-font-weight )\">&#8211; Organiza\u00e7\u00e3o do <\/span>ENEAC<span style=\"font-weight: var( --e-global-typography-text-font-weight )\">, incluindo palestra internacional: REALIDADE VIRTUAL E NOVAS TECNOLOGIAS NOS ESTUDOS DE ERGONOMIA &#8211; Elisangela Brito Pess\u00f4a Vilar<\/span><\/p>\n<p><strong>Veronica Garcia Donoso<br \/><\/strong>&#8211; P\u00f3s-doutorado na RWTH Aachen University (Alemanha)<br \/>&#8211; Organiza\u00e7\u00e3o de eventos e workshops de pesquisa entre a Alemanha (RWTH Aachen) e outros pa\u00edses, como Bol\u00edvia em 2024 (Universidad de La Paz) e Brasil em 2023 e 2024 (UNIFAEMA, Ariquemes, Rond\u00f4nia, e tamb\u00e9m Secretaria do Meio Ambiente, prefeitura municipal de Ariquemes, Rond\u00f4nia).<br \/>&#8211; Ministra\u00e7\u00e3o de disciplinas em ingl\u00eas na RWTH Aachen University<br \/>&#8211; Participa\u00e7\u00e3o nas redes de pesquisa Chair and Institute of Urban Design, RWTH Aachen University; UNESCO Chair of Cultural Heritage and Urbanism, RWTH Aachen University e\u00a0Alexander von Humboldt Researchers, Germany.<\/p>\n<p><strong>Viviane Suzey Gomes de Melo<br \/><\/strong><span style=\"font-weight: var( --e-global-typography-text-font-weight )\">&#8211; Publica\u00e7\u00f5es em <\/span>Environmental Monitoring and Assessment, Journal of the Acoustical Society of America, Applied Acoustics, Ambiente Constru\u00eddo (Online): Use of noise prediction models for road noise mapping in locations that do not have a standardized model: a short systematic review. ENVIRONMENTAL MONITORING AND ASSESSMENT. Fator de Impacto(2023 JCR): 2,9000, v.195, p.1 &#8211; 34, 2023.\u00a0<br \/>&#8211; Acoustical engineering: A complete academic undergraduate program in Brazil. JOURNAL OF THE ACOUSTICAL SOCIETY OF AMERICA. Fator de Impacto(2023 JCR): 2,1000, v.152, p.1180 &#8211; 1191, 2022.<br \/>&#8211; Floor impact noise performance of prefabricated prestressed joists and block slabs with wooden laminate floors. AMBIENTE CONSTRU\u00cdDO (ONLINE). v.22, p.335 &#8211; 353, 2022.<br \/>&#8211; On the performance investigation of distinct algorithms for room acoustics simulation. APPLIED ACOUSTICS. Fator de Impacto(2023 JCR): 3,4000, v.187, p.108484, 2022.\u00a0<br \/>&#8211; Participa\u00e7\u00e3o em eventos internacionais:\u00a0XIII Congresso Ibero-Americano de Ac\u00fastica 2024: CARACTERIZA\u00c7\u00c3O AC\u00daSTICA DE SALAS DE AULA \u2013 ESTUDO DE CASO: DO DIAGN\u00d3STICO \u00c0 ADEQUA\u00c7\u00c3O DO PROJETO. In:\u00a0 12\u00ba F\u00f3rum Internacional Ecoinovar, 2023;\u00a0\u00a012\u00ba F\u00f3rum Internacional Ecoinovar 2023: MEDI\u00c7\u00d5ES E SIMULA\u00c7\u00d5ES AC\u00daSTICAS DE SALAS DE AULA: ESTUDO DE CASO DE UMA ESCOLA P\u00daBLICA EM SANTA MARIA, RS. In:\u00a0 12\u00ba F\u00f3rum Internacional Ecoinovar, 2023.;\u00a012\u00ba Congresso Ibero-Americano de Ac\u00fastica (FIA 2022)<\/p>\n<p><strong>William D&#8217;Andrea Fonseca<br \/><\/strong>&#8211; Participa\u00e7\u00e3o no FIA 2024 XIII Congresso Ibero-Americano de Ac\u00fastica \u2013 Chile (comit\u00ea cient\u00edfico)<br \/>&#8211; Projeto de extens\u00e3o CNPq Universal \u2013 Dia Internacional de Conscientiza\u00e7\u00e3o Sobre o Ru\u00eddo (2020-2030)<\/p><\/div>\n\t\t\t\t<\/div>\n\t\t\t\t\t\t\t\t<\/div>\n\t\t\t\t<\/div>\n\t\t\t\t<\/div>\n\t\t\t\t\t<\/div>\n\t\t<\/div>\n\t\t\t\t\t<\/div>\n\t\t<\/section>\n\t\t\t\t<section class=\"elementor-section elementor-top-section elementor-element elementor-element-d82188b elementor-section-boxed elementor-section-height-default elementor-section-height-default\" data-id=\"d82188b\" data-element_type=\"section\">\n\t\t\t\t\t\t<div class=\"elementor-container elementor-column-gap-default\">\n\t\t\t\t\t<div class=\"elementor-column elementor-col-100 elementor-top-column elementor-element elementor-element-4d4167b\" data-id=\"4d4167b\" data-element_type=\"column\">\n\t\t\t<div class=\"elementor-widget-wrap elementor-element-populated\">\n\t\t\t\t\t\t<div class=\"elementor-element elementor-element-893770f elementor-widget elementor-widget-text-editor\" data-id=\"893770f\" data-element_type=\"widget\" data-widget_type=\"text-editor.default\">\n\t\t\t\t<div class=\"elementor-widget-container\">\n\t\t\t\t\t\t\t<p>A internacionaliza\u00e7\u00e3o do Programa de P\u00f3s-Gradua\u00e7\u00e3o em Arquitetura, Urbanismo e Paisagismo (PPGAUP) da UFSM tem sido uma estrat\u00e9gia fundamental para ampliar a visibilidade e a troca de conhecimentos entre docentes, discentes e pesquisadores de diversas partes do mundo. Atrav\u00e9s de publica\u00e7\u00f5es em peri\u00f3dicos internacionais, participa\u00e7\u00e3o em eventos acad\u00eamicos globais, mobilidade acad\u00eamica e colabora\u00e7\u00f5es institucionais, o PPGAUP tem se inserido cada vez mais no cen\u00e1rio cient\u00edfico global.<\/p>\n<p>Os docentes do programa t\u00eam contribu\u00eddo significativamente com publica\u00e7\u00f5es em revistas de prest\u00edgio, muitas vezes em coautoria com pesquisadores estrangeiros, demonstrando a inser\u00e7\u00e3o cient\u00edfica do PPGAUP. Al\u00e9m disso, a presen\u00e7a em eventos internacionais tem possibilitado o estabelecimento de novas parcerias e a dissemina\u00e7\u00e3o do conhecimento produzido no programa. A mobilidade acad\u00eamica e as colabora\u00e7\u00f5es internacionais tamb\u00e9m t\u00eam fortalecido os v\u00ednculos com institui\u00e7\u00f5es de renome, evidenciando o car\u00e1ter global do PPGAUP.<\/p>\n<p>Outras atividades relacionadas \u00e0 internacionaliza\u00e7\u00e3o, como a ministra\u00e7\u00e3o de disciplinas em ingl\u00eas e a organiza\u00e7\u00e3o de eventos e workshops internacionais, tamb\u00e9m refor\u00e7am essa estrat\u00e9gia. Em resumo, a internacionaliza\u00e7\u00e3o do PPGAUP tem sido um processo cont\u00ednuo e multifacetado, que contribui para a forma\u00e7\u00e3o de profissionais altamente qualificados e comprometidos com o desenvolvimento sustent\u00e1vel da sociedade.<\/p>\n<p>Estas a\u00e7\u00f5es s\u00e3o apenas o in\u00edcio de outras que ser\u00e3o implementadas no pr\u00f3ximo quadri\u00eanio. A internacionaliza\u00e7\u00e3o do programa ainda est\u00e1 em fase inicial, mas \u00e9 promissora e tem potencial para crescer e se consolidar ainda mais.<\/p>\t\t\t\t\t\t<\/div>\n\t\t\t\t<\/div>\n\t\t\t\t\t<\/div>\n\t\t<\/div>\n\t\t\t\t\t<\/div>\n\t\t<\/section>\n\t\t\t\t<\/div>\n\t\t","protected":false},"excerpt":{"rendered":"<p>A internacionaliza\u00e7\u00e3o \u00e9 o primeiro dos sete (7) desafios do Plano de Desenvolvimento Institucional (PDI 2016-2026) da Universidade Federal de Santa Maria, demonstrando a relev\u00e2ncia do tema para a comunidade universit\u00e1ria.\u00a0 A internacionaliza\u00e7\u00e3o tem acontecido do Programa de P\u00f3s-Gradua\u00e7\u00e3o em Arquitetura, Urbanismo e Paisagismo (PPGAUP), a partir de publica\u00e7\u00f5es em peri\u00f3dicos de circula\u00e7\u00e3o global, participa\u00e7\u00e3o [&hellip;]<\/p>\n","protected":false},"author":2194,"featured_media":0,"parent":0,"menu_order":0,"comment_status":"closed","ping_status":"closed","template":"","meta":{"footnotes":""},"categories":[],"tags":[],"class_list":["post-1625","page","type-page","status-publish","hentry"],"acf":[],"_links":{"self":[{"href":"https:\/\/www.ufsm.br\/cursos\/pos-graduacao\/santa-maria\/ppgaup\/wp-json\/wp\/v2\/pages\/1625","targetHints":{"allow":["GET"]}}],"collection":[{"href":"https:\/\/www.ufsm.br\/cursos\/pos-graduacao\/santa-maria\/ppgaup\/wp-json\/wp\/v2\/pages"}],"about":[{"href":"https:\/\/www.ufsm.br\/cursos\/pos-graduacao\/santa-maria\/ppgaup\/wp-json\/wp\/v2\/types\/page"}],"author":[{"embeddable":true,"href":"https:\/\/www.ufsm.br\/cursos\/pos-graduacao\/santa-maria\/ppgaup\/wp-json\/wp\/v2\/users\/2194"}],"replies":[{"embeddable":true,"href":"https:\/\/www.ufsm.br\/cursos\/pos-graduacao\/santa-maria\/ppgaup\/wp-json\/wp\/v2\/comments?post=1625"}],"version-history":[{"count":0,"href":"https:\/\/www.ufsm.br\/cursos\/pos-graduacao\/santa-maria\/ppgaup\/wp-json\/wp\/v2\/pages\/1625\/revisions"}],"wp:attachment":[{"href":"https:\/\/www.ufsm.br\/cursos\/pos-graduacao\/santa-maria\/ppgaup\/wp-json\/wp\/v2\/media?parent=1625"}],"wp:term":[{"taxonomy":"category","embeddable":true,"href":"https:\/\/www.ufsm.br\/cursos\/pos-graduacao\/santa-maria\/ppgaup\/wp-json\/wp\/v2\/categories?post=1625"},{"taxonomy":"post_tag","embeddable":true,"href":"https:\/\/www.ufsm.br\/cursos\/pos-graduacao\/santa-maria\/ppgaup\/wp-json\/wp\/v2\/tags?post=1625"}],"curies":[{"name":"wp","href":"https:\/\/api.w.org\/{rel}","templated":true}]}}