{"id":165,"date":"2019-01-23T10:33:54","date_gmt":"2019-01-23T12:33:54","guid":{"rendered":"https:\/\/www.ufsm.br\/cursos\/pos-graduacao\/santa-maria\/ppgaup\/?page_id=165"},"modified":"2026-03-13T11:29:08","modified_gmt":"2026-03-13T14:29:08","slug":"area-de-concentracao-e-linhas-de-pesquisa","status":"publish","type":"page","link":"https:\/\/www.ufsm.br\/cursos\/pos-graduacao\/santa-maria\/ppgaup\/area-de-concentracao-e-linhas-de-pesquisa","title":{"rendered":"\u00c1rea de Concentra\u00e7\u00e3o e Linhas de Pesquisa"},"content":{"rendered":"\t\t<div data-elementor-type=\"wp-page\" data-elementor-id=\"165\" class=\"elementor elementor-165\">\n\t\t\t\t\t\t<section class=\"elementor-section elementor-top-section elementor-element elementor-element-29ef022b elementor-section-boxed elementor-section-height-default elementor-section-height-default\" data-id=\"29ef022b\" data-element_type=\"section\">\n\t\t\t\t\t\t<div class=\"elementor-container elementor-column-gap-default\">\n\t\t\t\t\t<div class=\"elementor-column elementor-col-100 elementor-top-column elementor-element elementor-element-3f3a3a40\" data-id=\"3f3a3a40\" data-element_type=\"column\">\n\t\t\t<div class=\"elementor-widget-wrap elementor-element-populated\">\n\t\t\t\t\t\t<div class=\"elementor-element elementor-element-3acd843c elementor-widget elementor-widget-text-editor\" data-id=\"3acd843c\" data-element_type=\"widget\" data-widget_type=\"text-editor.default\">\n\t\t\t\t<div class=\"elementor-widget-container\">\n\t\t\t\t\t\t\t<p style=\"text-align: justify\">O Programa de P\u00f3s-Gradua\u00e7\u00e3o em Arquitetura, Urbanismo e Paisagismo (PPGAUP) constitui-se na <strong>\u00c1rea de Concentra\u00e7\u00e3o em\u00a0PAISAGEM, DESIGN E SOCIEDADE<\/strong>. A \u00e1rea dedica-se \u00e0 produ\u00e7\u00e3o de conhecimentos espec\u00edficos e interdisciplinares aplicados \u00e0 Arquitetura, ao Urbanismo, ao Paisagismo e ao Design, visando atender \u00e0s demandas da sociedade em suas m\u00faltiplas rela\u00e7\u00f5es e diferentes escalas de projetos. A \u00eanfase est\u00e1 em aspectos como: ambiente natural e antr\u00f3pico, cultura, gest\u00e3o, planejamento, projeto, materiais e processos, tecnologias, inova\u00e7\u00e3o e sustentabilidade. As investiga\u00e7\u00f5es promovem reflex\u00f5es cr\u00edticas e aplicadas, tanto te\u00f3ricas, metodol\u00f3gicas, projetuais, quanto pr\u00e1ticas, com o objetivo de propor solu\u00e7\u00f5es inovadoras e sustent\u00e1veis para o desenvolvimento da sociedade e da paisagem das cidades, considerando os contextos citadinos, constru\u00eddos, socioculturais, naturais, ambientais, regionais e tecnol\u00f3gicos.\u00a0<\/p><p style=\"text-align: justify\">Com a vis\u00e3o multidisciplinar oriunda de diferentes \u00e1reas, como a Geografia, Engenharias Civil, Ac\u00fastica e de Produ\u00e7\u00e3o, Moda, Artes, Publicidade e Ci\u00eancias da Computa\u00e7\u00e3o, al\u00e9m da Arquitetura, Urbanismo, Paisagismo e Design, a \u00e1rea traz, tanto para os estudantes quanto para aos(\u00e0s) docentes, seja no \u00e2mbito de ensino, pesquisa e extens\u00e3o, uma abordagem hol\u00edstica para quest\u00f5es que norteiam a melhoria da qualidade de vida da sociedade. A \u00e1rea prop\u00f5e uma aprendizagem cont\u00ednua por meio da amplia\u00e7\u00e3o da capacidade reflexiva pautada no debate e na interlocu\u00e7\u00e3o por diversas possibilidades anal\u00edticas. A s\u00edntese resultante \u00e9 rica e prof\u00edcua, com solu\u00e7\u00f5es mais eficientes para problemas enfrentados em diferentes escalas, esferas e cen\u00e1rios.<\/p><p style=\"text-align: justify\">A \u00e1rea de concentra\u00e7\u00e3o em\u00a0<em>Paisagem, Design e Sociedade<\/em>\u00a0est\u00e1 composta por duas linhas de pesquisa: <em>Planejamento e Fundamentos de Projeto<\/em>, e <em>Tecnologias e Sustentabilidade<\/em>.\u00a0As linhas buscam agir juntas, complementando-se por meio de uma abordagem com foco mais te\u00f3rico e outra mais pr\u00e1tico. Por\u00e9m, ambas s\u00e3o definidas para coexistirem e interagirem diretamente, fato fundamental para a forma\u00e7\u00e3o do egresso. Este, busca, ao ingressar no Programa, uma linha que v\u00e1 ao encontro de seus interesses imediatos. Por\u00e9m, ao conviver no grupo, percebe a import\u00e2ncia dos conhecimentos apresentados nas duas linhas, fato que se manifesta na circula\u00e7\u00e3o dos estudantes em disciplinas e atividades relativas \u00e0s duas linhas. Isso se manifesta na condu\u00e7\u00e3o de suas pesquisas, por meio de uma fundamenta\u00e7\u00e3o te\u00f3rico-pr\u00e1tica mais condizente com os desafios impostos no enfrentamento dos problemas da sociedade.<\/p><ul><li style=\"text-align: justify\"><strong>Linha de Pesquisa em PLANEJAMENTO E FUNDAMENTOS DE PROJETO:\u00a0<\/strong>Busca estabelecer fundamentos para o entendimento de quest\u00f5es relacionadas \u00e0 gest\u00e3o, ao planejamento e aos princ\u00edpios de projetos e metodologias aplicadas no \u00e2mbito da Arquitetura, do Urbanismo, do Paisagismo e do Design, de maneira multiescalar. No campo da Arquitetura, do Urbanismo e do Paisagismo, integram-se \u00eanfases e escalas de abordagem e envolvem processos projetuais e planejamentos abrangentes, desde planos f\u00edsicos, territoriais, ecol\u00f3gicos e espaciais, projetos do ambiente natural e constru\u00eddo, da concep\u00e7\u00e3o at\u00e9 a pr\u00e1tica e a constru\u00e7\u00e3o, da gest\u00e3o e a intera\u00e7\u00e3o com a paisagem e os seus espa\u00e7os edificados e livres de edifica\u00e7\u00f5es nas esferas tipol\u00f3gicas, funcionais, configuradoras, morfol\u00f3gicas, espaciais, ecol\u00f3gicas, hist\u00f3ricas, socioculturais e ambientais. No Design, as pesquisas aproximam-se das demandas contempor\u00e2neas da sociedade, promovendo reflex\u00f5es cr\u00edticas e aplicadas, te\u00f3ricas e pr\u00e1ticas, que considerem a atua\u00e7\u00e3o dos agentes produtores, sociais, culturais e territoriais, al\u00e9m da apropria\u00e7\u00e3o das voca\u00e7\u00f5es de comunica\u00e7\u00e3o visual, ambiente e artefatos. O objetivo \u00e9 o equacionamento de fatores projetuais sens\u00edveis \u00e0 solu\u00e7\u00e3o dos problemas nas dimens\u00f5es pr\u00e1tica, est\u00e9tica e simb\u00f3lica. A linha tamb\u00e9m explora quest\u00f5es relativas \u00e0 teoria e m\u00e9todos de planejamento e de projeto, abrangendo quest\u00f5es hist\u00f3ricas e an\u00e1lises cr\u00edticas em temas como multifuncionalidade da paisagem e dos espa\u00e7os livres, paisagem edificada e patrim\u00f4nio cultural e hist\u00f3rico, e as articula\u00e7\u00f5es entre planejamento, projeto, inova\u00e7\u00e3o social e contextos territoriais.<\/li><\/ul><ul><li style=\"text-align: justify\"><strong>Linha de Pesquisa em TECNOLOGIAS E SUSTENTABILIDADE:\u00a0<\/strong>Busca abordar quest\u00f5es ligadas \u00e0 produ\u00e7\u00e3o, avalia\u00e7\u00e3o, reflex\u00e3o e desenvolvimento de projetos, ambientes e artefatos, estabelecendo bases para o uso de tecnologias inovadoras e sustent\u00e1veis nas \u00e1reas da Arquitetura, do Urbanismo, do Paisagismo e do Design e, com \u00eanfase na interdisciplinaridade. No campo da Arquitetura, do Urbanismo e do Paisagismo, s\u00e3o priorizados estudos que envolvem infraestruturas essenciais, inovadoras, tecnol\u00f3gicas e de servi\u00e7os, al\u00e9m de supraestruturas, como materiais e sistemas estruturais, com foco em sua influ\u00eancia no conforto ambiental e antropoc\u00eantrico, na paisagem cultural e na promo\u00e7\u00e3o de uma ocupa\u00e7\u00e3o do solo urbano e a\u00e7\u00f5es antr\u00f3picas mais sustent\u00e1veis. No Design, as pesquisas aproximam-se das demandas contempor\u00e2neas da sociedade, promovendo reflex\u00f5es cr\u00edticas e aplicadas, te\u00f3ricas e pr\u00e1ticas, que promovam o desenvolvimento de solu\u00e7\u00f5es sustent\u00e1veis e inovadoras em diferentes campos e aplica\u00e7\u00f5es. O objetivo \u00e9 enfrentar, de forma ambiental, social, econ\u00f4mica e culturalmente respons\u00e1vel, as interfaces entre as dimens\u00f5es est\u00e9tica, formal, funcional, t\u00e9cnica, material, estrutural, de fabrica\u00e7\u00e3o e tecnol\u00f3gica. A linha tamb\u00e9m explora quest\u00f5es emergentes relativas a novas tecnologias, materiais e processos construtivos e de fabrica\u00e7\u00e3o, al\u00e9m das intera\u00e7\u00f5es com o meio ambiente e suas implica\u00e7\u00f5es na qualidade de vida e bem-estar da sociedade, abrangendo desde a escala urbana ao usu\u00e1rio individual, incluindo temas como: conforto ac\u00fastico, t\u00e9rmico, lum\u00ednico e ergon\u00f4mico, e gera\u00e7\u00e3o de energia.\u00a0<\/li><\/ul><p><!-- \/wp:tadv\/classic-paragraph --><\/p>\t\t\t\t\t\t<\/div>\n\t\t\t\t<\/div>\n\t\t\t\t\t<\/div>\n\t\t<\/div>\n\t\t\t\t\t<\/div>\n\t\t<\/section>\n\t\t\t\t<section class=\"elementor-section elementor-top-section elementor-element elementor-element-f08d097 elementor-section-boxed elementor-section-height-default elementor-section-height-default\" data-id=\"f08d097\" data-element_type=\"section\">\n\t\t\t\t\t\t<div class=\"elementor-container elementor-column-gap-default\">\n\t\t\t\t\t<div class=\"elementor-column elementor-col-100 elementor-top-column elementor-element elementor-element-92fa9b6\" data-id=\"92fa9b6\" data-element_type=\"column\">\n\t\t\t<div class=\"elementor-widget-wrap elementor-element-populated\">\n\t\t\t\t\t\t<div class=\"elementor-element elementor-element-0f4f097 elementor-widget elementor-widget-text-editor\" data-id=\"0f4f097\" data-element_type=\"widget\" data-widget_type=\"text-editor.default\">\n\t\t\t\t<div class=\"elementor-widget-container\">\n\t\t\t\t\t\t\t<p style=\"text-align: justify\">At\u00e9 31 de dezembro de 2025 o PPGAUP atuava com a \u00c1rea de Concentra\u00e7\u00e3o Planejamento, Projeto e Fundamentos do Ambiente Constru\u00eddo e Linhas de Pesquisa em Planejamento, Projeto e Fundamentos do Ambiente Constru\u00eddo e em Tecnologias e Sustentabilidade do Ambiente Constru\u00eddo. <strong><a href=\"https:\/\/www.ufsm.br\/cursos\/pos-graduacao\/santa-maria\/ppgaup\/area-de-concentracao-e-linhas-de-pesquisa-ate-o-31-12-2025\" target=\"_blank\" rel=\"noopener\">AQUI<\/a><\/strong><\/p>\t\t\t\t\t\t<\/div>\n\t\t\t\t<\/div>\n\t\t\t\t\t<\/div>\n\t\t<\/div>\n\t\t\t\t\t<\/div>\n\t\t<\/section>\n\t\t\t\t<\/div>\n\t\t","protected":false},"excerpt":{"rendered":"<p>O Programa de P\u00f3s-Gradua\u00e7\u00e3o em Arquitetura, Urbanismo e Paisagismo (PPGAUP) constitui-se na \u00c1rea de Concentra\u00e7\u00e3o em\u00a0PAISAGEM, DESIGN E SOCIEDADE. A \u00e1rea dedica-se \u00e0 produ\u00e7\u00e3o de conhecimentos espec\u00edficos e interdisciplinares aplicados \u00e0 Arquitetura, ao Urbanismo, ao Paisagismo e ao Design, visando atender \u00e0s demandas da sociedade em suas m\u00faltiplas rela\u00e7\u00f5es e diferentes escalas de projetos. A [&hellip;]<\/p>\n","protected":false},"author":115,"featured_media":0,"parent":0,"menu_order":0,"comment_status":"closed","ping_status":"closed","template":"","meta":{"footnotes":""},"categories":[],"tags":[],"class_list":["post-165","page","type-page","status-publish","hentry"],"acf":[],"_links":{"self":[{"href":"https:\/\/www.ufsm.br\/cursos\/pos-graduacao\/santa-maria\/ppgaup\/wp-json\/wp\/v2\/pages\/165","targetHints":{"allow":["GET"]}}],"collection":[{"href":"https:\/\/www.ufsm.br\/cursos\/pos-graduacao\/santa-maria\/ppgaup\/wp-json\/wp\/v2\/pages"}],"about":[{"href":"https:\/\/www.ufsm.br\/cursos\/pos-graduacao\/santa-maria\/ppgaup\/wp-json\/wp\/v2\/types\/page"}],"author":[{"embeddable":true,"href":"https:\/\/www.ufsm.br\/cursos\/pos-graduacao\/santa-maria\/ppgaup\/wp-json\/wp\/v2\/users\/115"}],"replies":[{"embeddable":true,"href":"https:\/\/www.ufsm.br\/cursos\/pos-graduacao\/santa-maria\/ppgaup\/wp-json\/wp\/v2\/comments?post=165"}],"version-history":[{"count":0,"href":"https:\/\/www.ufsm.br\/cursos\/pos-graduacao\/santa-maria\/ppgaup\/wp-json\/wp\/v2\/pages\/165\/revisions"}],"wp:attachment":[{"href":"https:\/\/www.ufsm.br\/cursos\/pos-graduacao\/santa-maria\/ppgaup\/wp-json\/wp\/v2\/media?parent=165"}],"wp:term":[{"taxonomy":"category","embeddable":true,"href":"https:\/\/www.ufsm.br\/cursos\/pos-graduacao\/santa-maria\/ppgaup\/wp-json\/wp\/v2\/categories?post=165"},{"taxonomy":"post_tag","embeddable":true,"href":"https:\/\/www.ufsm.br\/cursos\/pos-graduacao\/santa-maria\/ppgaup\/wp-json\/wp\/v2\/tags?post=165"}],"curies":[{"name":"wp","href":"https:\/\/api.w.org\/{rel}","templated":true}]}}