{"id":1942,"date":"2023-05-16T11:15:52","date_gmt":"2023-05-16T14:15:52","guid":{"rendered":"https:\/\/www.ufsm.br\/cursos\/pos-graduacao\/santa-maria\/ppgaup\/?page_id=1942"},"modified":"2025-08-14T13:26:01","modified_gmt":"2025-08-14T16:26:01","slug":"links-uteis","status":"publish","type":"page","link":"https:\/\/www.ufsm.br\/cursos\/pos-graduacao\/santa-maria\/ppgaup\/links-uteis","title":{"rendered":"Links \u00dateis"},"content":{"rendered":"\t\t<div data-elementor-type=\"wp-page\" data-elementor-id=\"1942\" class=\"elementor elementor-1942\">\n\t\t\t\t\t\t<section class=\"elementor-section elementor-top-section elementor-element elementor-element-c53740d elementor-section-boxed elementor-section-height-default elementor-section-height-default\" data-id=\"c53740d\" data-element_type=\"section\">\n\t\t\t\t\t\t<div class=\"elementor-container elementor-column-gap-default\">\n\t\t\t\t\t<div class=\"elementor-column elementor-col-50 elementor-top-column elementor-element elementor-element-be34642\" data-id=\"be34642\" data-element_type=\"column\">\n\t\t\t<div class=\"elementor-widget-wrap elementor-element-populated\">\n\t\t\t\t\t\t<div class=\"elementor-element elementor-element-c882e1f elementor-widget elementor-widget-text-editor\" data-id=\"c882e1f\" data-element_type=\"widget\" data-widget_type=\"text-editor.default\">\n\t\t\t\t<div class=\"elementor-widget-container\">\n\t\t\t\t\t\t\t<ul style=\"list-style-type: disc\"><li><a href=\"https:\/\/www.ufsm.br\/reitoria\/avaliacao\" target=\"_blank\" rel=\"noopener\">Avalia\u00e7\u00e3o Institucional da UFSM<\/a><\/li><li><a href=\"https:\/\/www.ufsm.br\/calendario\/\" target=\"_blank\" rel=\"noopener\">Calend\u00e1rio Acad\u00eamico UFSM<\/a><\/li><li><span style=\"color: #0000ff\"><a style=\"color: #0000ff\" href=\"https:\/\/www.gov.br\/capes\/pt-br\/centrais-de-conteudo\/documentos\/16102023_Cartilha_de_Preveno_aos_assdios_moral_e_sexual.pdf\" target=\"_blank\" rel=\"noopener\">Cartilha de Preven\u00e7\u00e3o aos Asse\u0301dios Moral e Sexual &#8211; Capes<\/a><\/span><\/li><li><span style=\"color: #0000ff\"><a style=\"color: #0000ff\" href=\"http:\/\/www.cnpq.br\/\">CNPq<\/a>\u00a0<\/span><\/li><li><span style=\"color: #0000ff\"><a style=\"color: #0000ff\" href=\"http:\/\/www.capes.gov.br\/\">CAPES\u00a0<\/a><\/span><\/li><li><a href=\"https:\/\/www.ufsm.br\/pro-reitorias\/proplan\/codigo-de-etica-e-convivencia-discente-da-universidade-federal-de-santa-maria\/\" target=\"_blank\" rel=\"noreferrer noopener\">C\u00f3digo de \u00c9tica e Conviv\u00eancia Discente da UFSM<\/a><\/li><li><a href=\"https:\/\/www.ufsm.br\/pro-reitorias\/prpgp\/cep\" target=\"_blank\" rel=\"noopener\">Comit\u00ea de \u00c9tica em Pesquisa com Seres Humanos (CEP)<\/a><\/li><li><span style=\"color: #0000ff\"><a style=\"color: #0000ff\" href=\"https:\/\/fapergs.rs.gov.br\/inicial\">FAPERGS\u00a0\u00a0<\/a><\/span><\/li><li><a href=\"https:\/\/www.ufsm.br\/app\/uploads\/sites\/342\/2025\/02\/GUIA-ESTUDANTIL-UFSM-2025.pdf\">Guia Estudantil UFSM 2025<\/a><\/li><li><a href=\"https:\/\/www.ufsm.br\/orgaos-de-apoio\/sai\/publicacoes\/guia-do-estudante-internacional\/\" target=\"_blank\" rel=\"noopener\">Guia do Estudante Internacional da UFSM<\/a><\/li><li><a href=\"https:\/\/repositorio.ufsm.br\/handle\/1\/24203\">MDT 2021 \u2013 Manual de Disserta\u00e7\u00f5es e Teses da UFSM<\/a><\/li><li><a href=\"https:\/\/www.ufsm.br\/manual-de-sobrevivencia-para-estudantes\" target=\"_blank\" rel=\"noreferrer noopener\">Manual de Sobreviv\u00eancia para Estudantes<\/a><\/li><li><a href=\"https:\/\/www.ufsm.br\/pro-reitorias\/proinfra\/sinalizacao\" target=\"_blank\" rel=\"noopener\">Manual Sinal\u00e9tico UFSM<\/a><\/li><\/ul>\t\t\t\t\t\t<\/div>\n\t\t\t\t<\/div>\n\t\t\t\t\t<\/div>\n\t\t<\/div>\n\t\t\t\t<div class=\"elementor-column elementor-col-50 elementor-top-column elementor-element elementor-element-ff673b1\" data-id=\"ff673b1\" data-element_type=\"column\">\n\t\t\t<div class=\"elementor-widget-wrap elementor-element-populated\">\n\t\t\t\t\t\t<div class=\"elementor-element elementor-element-89b5a23 elementor-widget elementor-widget-text-editor\" data-id=\"89b5a23\" data-element_type=\"widget\" data-widget_type=\"text-editor.default\">\n\t\t\t\t<div class=\"elementor-widget-container\">\n\t\t\t\t\t\t\t<ul><li><a href=\"https:\/\/www.ufsm.br\/pro-reitorias\/prograd\/cte\/ambientes-moodle\/\" target=\"_blank\" rel=\"noopener\">Moodle da UFSM<\/a><\/li><li><span style=\"color: #0000ff\"><a style=\"color: #0000ff\" href=\"https:\/\/sucupira.capes.gov.br\/sucupira\/public\/consultas\/coleta\/veiculoPublicacaoQualis\/listaConsultaGeralPeriodicos.jsf\">Qualis Peri\u00f3dicos CAPES<\/a><\/span><\/li><li><a href=\"https:\/\/www.ufsm.br\/pro-reitorias\/prpgp\/controle-academico-de-pos-graduacao\" data-type=\"URL\" data-id=\"https:\/\/www.ufsm.br\/pro-reitorias\/prpgp\/controle-academico-de-pos-graduacao\">N\u00facleo de Controle Acad\u00eamico de P\u00f3s-Gradua\u00e7\u00e3o \u2013 NCAPG<\/a><\/li><li><span style=\"color: #0000ff\"><a style=\"color: #0000ff\" href=\"https:\/\/servicos.cpd.ufsm.br\/otrs\/public.pl?Action=PublicFAQZoom;ItemID=65\" target=\"_blank\" rel=\"noopener\">Peri\u00f3dicos acesso via CAPES (Web of Science, IEEE, etc)<\/a><\/span><\/li><li><a href=\"https:\/\/www.ufsm.br\/pro-reitorias\/proplan\/ferramentas-de-planejamento-na-pos-graduacao#stela\" target=\"_blank\" rel=\"noopener\">Plataforma Stela PG<\/a><\/li><li><span style=\"color: #0000ff\"><a style=\"color: #0000ff\" href=\"https:\/\/www.ufsm.br\/orgaos-suplementares\/biblioteca\/scival\" target=\"_blank\" rel=\"noopener\">Plataforma SCIVAL<\/a><\/span> e <a href=\"https:\/\/www.ufsm.br\/pro-reitorias\/proplan\/ferramentas-de-planejamento-na-pos-graduacao#scival\" target=\"_blank\" rel=\"noopener\">Acesso via CAFe<\/a><\/li><li><span style=\"color: #0000ff\"><a style=\"color: #0000ff\" href=\"https:\/\/www.ufsm.br\/app\/uploads\/sites\/528\/2024\/07\/Passo_a_passo_acesso_a_plataforma_Scopus_2023.pdf\" target=\"_blank\" rel=\"noopener\">Plataforma Scopus &#8211; passo a passo<\/a><\/span><\/li><li><a href=\"https:\/\/app.powerbi.com\/view?r=eyJrIjoiZTA4ZDMzNjQtNTY0NS00NTg1LTgzZTYtMWFhOTAwNTUwMWRlIiwidCI6Ijk3OTAyMGQ1LTQ5NTAtNGY0My1hOTk0LTg4ZDY4M2VhYjQ3MyJ9&amp;pageName=02de4786ac15f3e8f69c\" target=\"_blank\" rel=\"noopener\">Painel de Egressos da UFSM<\/a><\/li><li><a href=\"https:\/\/portal.ufsm.br\/projetos\/index.html;jsessionid=d0d191228ae87ad3c831e35317ca\" data-type=\"URL\" data-id=\"https:\/\/portal.ufsm.br\/projetos\/index.html;jsessionid=d0d191228ae87ad3c831e35317ca\">Portal de Projetos UFSM<\/a><\/li><li><a href=\"https:\/\/www-periodicos-capes-gov-br.ez47.periodicos.capes.gov.br\/\" target=\"_blank\" rel=\"noopener\">Portal de Peri\u00f3dicos CAPES &#8211; CAFe<\/a><\/li><li><a href=\"https:\/\/www.ufsm.br\/pro-reitorias\/proplan\/pdi\" target=\"_blank\" rel=\"noopener\">Plano de Desenvolvimento Institucional &#8211; PDI\/UFSM<\/a><\/li><\/ul>\t\t\t\t\t\t<\/div>\n\t\t\t\t<\/div>\n\t\t\t\t\t<\/div>\n\t\t<\/div>\n\t\t\t\t\t<\/div>\n\t\t<\/section>\n\t\t\t\t<\/div>\n\t\t","protected":false},"excerpt":{"rendered":"<p>Avalia\u00e7\u00e3o Institucional da UFSM Calend\u00e1rio Acad\u00eamico UFSM Cartilha de Preven\u00e7\u00e3o aos Asse\u0301dios Moral e Sexual &#8211; Capes CNPq\u00a0 CAPES\u00a0 C\u00f3digo de \u00c9tica e Conviv\u00eancia Discente da UFSM Comit\u00ea de \u00c9tica em Pesquisa com Seres Humanos (CEP) FAPERGS\u00a0\u00a0 Guia Estudantil UFSM 2025 Guia do Estudante Internacional da UFSM MDT 2021 \u2013 Manual de Disserta\u00e7\u00f5es e Teses [&hellip;]<\/p>\n","protected":false},"author":883,"featured_media":0,"parent":0,"menu_order":0,"comment_status":"closed","ping_status":"closed","template":"","meta":{"footnotes":""},"categories":[],"tags":[],"class_list":["post-1942","page","type-page","status-publish","hentry"],"acf":[],"_links":{"self":[{"href":"https:\/\/www.ufsm.br\/cursos\/pos-graduacao\/santa-maria\/ppgaup\/wp-json\/wp\/v2\/pages\/1942","targetHints":{"allow":["GET"]}}],"collection":[{"href":"https:\/\/www.ufsm.br\/cursos\/pos-graduacao\/santa-maria\/ppgaup\/wp-json\/wp\/v2\/pages"}],"about":[{"href":"https:\/\/www.ufsm.br\/cursos\/pos-graduacao\/santa-maria\/ppgaup\/wp-json\/wp\/v2\/types\/page"}],"author":[{"embeddable":true,"href":"https:\/\/www.ufsm.br\/cursos\/pos-graduacao\/santa-maria\/ppgaup\/wp-json\/wp\/v2\/users\/883"}],"replies":[{"embeddable":true,"href":"https:\/\/www.ufsm.br\/cursos\/pos-graduacao\/santa-maria\/ppgaup\/wp-json\/wp\/v2\/comments?post=1942"}],"version-history":[{"count":0,"href":"https:\/\/www.ufsm.br\/cursos\/pos-graduacao\/santa-maria\/ppgaup\/wp-json\/wp\/v2\/pages\/1942\/revisions"}],"wp:attachment":[{"href":"https:\/\/www.ufsm.br\/cursos\/pos-graduacao\/santa-maria\/ppgaup\/wp-json\/wp\/v2\/media?parent=1942"}],"wp:term":[{"taxonomy":"category","embeddable":true,"href":"https:\/\/www.ufsm.br\/cursos\/pos-graduacao\/santa-maria\/ppgaup\/wp-json\/wp\/v2\/categories?post=1942"},{"taxonomy":"post_tag","embeddable":true,"href":"https:\/\/www.ufsm.br\/cursos\/pos-graduacao\/santa-maria\/ppgaup\/wp-json\/wp\/v2\/tags?post=1942"}],"curies":[{"name":"wp","href":"https:\/\/api.w.org\/{rel}","templated":true}]}}