{"id":1947,"date":"2023-05-16T16:18:02","date_gmt":"2023-05-16T19:18:02","guid":{"rendered":"https:\/\/www.ufsm.br\/cursos\/pos-graduacao\/santa-maria\/ppgaup\/?page_id=1947"},"modified":"2025-05-13T16:14:52","modified_gmt":"2025-05-13T19:14:52","slug":"avaliacao-quadrienal-capes-2021","status":"publish","type":"page","link":"https:\/\/www.ufsm.br\/cursos\/pos-graduacao\/santa-maria\/ppgaup\/avaliacao-quadrienal-capes-2021","title":{"rendered":"Avalia\u00e7\u00e3o Quadrienal CAPES 2021"},"content":{"rendered":"\n<p>Conceito Capes: 4<\/p>\n<p>Per\u00edodo da Avalia\u00e7\u00e3o: 2017 &#8211; 2020<\/p>\n<ul>\n<li><a href=\"https:\/\/www.ufsm.br\/app\/uploads\/sites\/528\/2023\/01\/ficha_recomendacao_42002010161P2CAPES-AVALIACAO.pdf\" target=\"_blank\" rel=\"noopener\">Ficha de Avalia\u00e7\u00e3o 2021 &#8211; PPGAUP<\/a><\/li>\n<li><a href=\"https:\/\/www.gov.br\/capes\/pt-br\/centrais-de-conteudo\/documentos\/avaliacao\/19122022_RELATORIO_AVALIACAO_QUADRIENAL_comnotaAUD.pdf\" target=\"_blank\" rel=\"noopener\">Relat\u00f3rio da \u00c1rea- Avalia\u00e7\u00e3o Quadrienal 2021<\/a><\/li>\n<li><a href=\"https:\/\/sucupira.capes.gov.br\/sucupira\/public\/consultas\/coleta\/programa\/quantitativos\/quantitativoPrograma.jsf?areaAvaliacao=29&amp;areaConhecimento=60400005&amp;cdRegiao=0&amp;ies=339129\" target=\"_blank\" rel=\"noopener\">Hist\u00f3rico de Avalia\u00e7\u00e3o PPGAUP<\/a><\/li>\n<\/ul>\n<p>O curso de mestrado Arquitetura, Urbanismo e Paisagismo da UFSM est\u00e1 inserido na <span style=\"font-size: revert;color: initial\">\u00c1rea de Conhecimento\/Avalia\u00e7\u00e3o de <\/span><a class=\"internal-link\" style=\"font-size: revert\" title=\"\" href=\"https:\/\/www.gov.br\/capes\/pt-br\/acesso-a-informacao\/acoes-e-programas\/avaliacao\/sobre-a-avaliacao\/areas-avaliacao\/sobre-as-areas-de-avaliacao\/colegio-de-humanidades\/ciencias-sociais-aplicadas\/arquitetura-urbanismo-e-design\" target=\"_self\" rel=\"noopener\" data-tippreview-image=\"\" data-tippreview-title=\"\" data-tippreview-enabled=\"false\">Arquitetura, Urbanismo e Design\u00a0<\/a><span style=\"font-size: revert;color: initial\">que integra a <\/span><span style=\"font-size: revert;color: initial\">Grande \u00e1rea de Ci\u00eancias Sociais Aplicadas no <\/span><span style=\"font-size: revert;color: initial\">Col\u00e9gios de Humanidades.<\/span><span style=\"font-size: revert;color: initial\">\u00a0 \u00a0 <\/span><\/p>\n<p><span style=\"font-size: revert;color: initial\">Planilha de resultados:\u00a0<a href=\"https:\/\/www.gov.br\/capes\/pt-br\/centrais-de-conteudo\/documentos\/avaliacao\/19122022_PlanilhaGeralQuadrienal2021_publicao.xlsx\" target=\"_blank\" rel=\"noreferrer noopener\">Programas acad\u00eamicos e Programas profissionais<\/a><br \/><strong><a href=\"https:\/\/app.powerbi.com\/view?r=eyJrIjoiNTA4NjljZWEtYmQzNi00OTIyLTk5NGEtN2RhZThjZGI0NmI1IiwidCI6IjJmNGRlYmI4LTY0M2EtNGRiZS05MjdiLTllNTYyZWY3MDBiOSJ9&amp;pageName=ReportSection31d10fca03d1e4f2190f\" target=\"_blank\" rel=\"noreferrer noopener\">Painel de divulga\u00e7\u00e3o da Quadrienal 2021<\/a><\/strong>\u00a0 \u00a0 \u00a0 \u00a0 \u00a0\u00a0<\/span><\/p>\n<p><strong><a href=\"https:\/\/www.gov.br\/capes\/pt-br\/acesso-a-informacao\/acoes-e-programas\/avaliacao\/sobre-a-avaliacao\/areas-avaliacao\/sobre-as-areas-de-avaliacao\/colegio-de-humanidades\/ciencias-sociais-aplicadas\/arquitetura-urbanismo-e-design\" target=\"_blank\" rel=\"noopener\">P\u00e1gina da \u00c1rea de Avalia\u00e7\u00e3o &#8211; Arquitetura, Urbanismo e Design<\/a><br \/><\/strong><strong><a href=\"https:\/\/www.gov.br\/capes\/pt-br\/centrais-de-conteudo\/documento-area-aud-pdf\" target=\"_blank\" rel=\"noopener\">Documento de \u00c1rea (2019)<\/a><\/strong><\/p>\n","protected":false},"excerpt":{"rendered":"<p>Conceito Capes: 4 Per\u00edodo da Avalia\u00e7\u00e3o: 2017 &#8211; 2020 Ficha de Avalia\u00e7\u00e3o 2021 &#8211; PPGAUP Relat\u00f3rio da \u00c1rea- Avalia\u00e7\u00e3o Quadrienal 2021 Hist\u00f3rico de Avalia\u00e7\u00e3o PPGAUP O curso de mestrado Arquitetura, Urbanismo e Paisagismo da UFSM est\u00e1 inserido na \u00c1rea de Conhecimento\/Avalia\u00e7\u00e3o de Arquitetura, Urbanismo e Design\u00a0que integra a Grande \u00e1rea de Ci\u00eancias Sociais Aplicadas no [&hellip;]<\/p>\n","protected":false},"author":883,"featured_media":0,"parent":0,"menu_order":0,"comment_status":"closed","ping_status":"closed","template":"","meta":{"footnotes":""},"categories":[],"tags":[],"class_list":["post-1947","page","type-page","status-publish","hentry"],"acf":[],"_links":{"self":[{"href":"https:\/\/www.ufsm.br\/cursos\/pos-graduacao\/santa-maria\/ppgaup\/wp-json\/wp\/v2\/pages\/1947","targetHints":{"allow":["GET"]}}],"collection":[{"href":"https:\/\/www.ufsm.br\/cursos\/pos-graduacao\/santa-maria\/ppgaup\/wp-json\/wp\/v2\/pages"}],"about":[{"href":"https:\/\/www.ufsm.br\/cursos\/pos-graduacao\/santa-maria\/ppgaup\/wp-json\/wp\/v2\/types\/page"}],"author":[{"embeddable":true,"href":"https:\/\/www.ufsm.br\/cursos\/pos-graduacao\/santa-maria\/ppgaup\/wp-json\/wp\/v2\/users\/883"}],"replies":[{"embeddable":true,"href":"https:\/\/www.ufsm.br\/cursos\/pos-graduacao\/santa-maria\/ppgaup\/wp-json\/wp\/v2\/comments?post=1947"}],"version-history":[{"count":0,"href":"https:\/\/www.ufsm.br\/cursos\/pos-graduacao\/santa-maria\/ppgaup\/wp-json\/wp\/v2\/pages\/1947\/revisions"}],"wp:attachment":[{"href":"https:\/\/www.ufsm.br\/cursos\/pos-graduacao\/santa-maria\/ppgaup\/wp-json\/wp\/v2\/media?parent=1947"}],"wp:term":[{"taxonomy":"category","embeddable":true,"href":"https:\/\/www.ufsm.br\/cursos\/pos-graduacao\/santa-maria\/ppgaup\/wp-json\/wp\/v2\/categories?post=1947"},{"taxonomy":"post_tag","embeddable":true,"href":"https:\/\/www.ufsm.br\/cursos\/pos-graduacao\/santa-maria\/ppgaup\/wp-json\/wp\/v2\/tags?post=1947"}],"curies":[{"name":"wp","href":"https:\/\/api.w.org\/{rel}","templated":true}]}}