{"id":1955,"date":"2023-05-16T21:33:40","date_gmt":"2023-05-17T00:33:40","guid":{"rendered":"https:\/\/www.ufsm.br\/cursos\/pos-graduacao\/santa-maria\/ppgaup\/?page_id=1955"},"modified":"2025-03-31T16:33:57","modified_gmt":"2025-03-31T19:33:57","slug":"aluno-estrangeiro","status":"publish","type":"page","link":"https:\/\/www.ufsm.br\/cursos\/pos-graduacao\/santa-maria\/ppgaup\/aluno-estrangeiro","title":{"rendered":"Aluno Estrangeiro"},"content":{"rendered":"\n<p>Estudantes estrangeiros podem ingressar nos programas de p\u00f3s-gradua\u00e7\u00e3o da UFSM como aluno regular, ou cursar disciplinas como aluno especial, ou realizar parte de suas pesquisas junto a docentes do programa (denominado no Brasil como per\u00edodo sandu\u00edche).<\/p>\n<p>O ingresso de estudantes estrangeiros(as) em cursos\/etapas da educa\u00e7\u00e3o b\u00e1sica e superior UFSM est\u00e1 regulamentada pela <b><span style=\"color: blue\"><a href=\"https:\/\/www.ufsm.br\/pro-reitorias\/proplan\/resolucao-ufsm-n-184-2024\" target=\"_blank\" rel=\"noopener\"><span style=\"color: #0000ff\">Resolu\u00e7\u00e3o UFSM n. 184\/2024 <\/span><\/a><\/span><\/b>que especifica as formas de ingresso de estudantes estrangeiros(as) nos cursos de p\u00f3s-gradua\u00e7\u00e3o da UFSM:<br \/>I &#8211; processos seletivos de cada Programa de P\u00f3s-Gradua\u00e7\u00e3o de acordo com as regras definidas pelo Regulamento Geral da UFSM;<br \/>II &#8211; processos seletivos dos Programas de P\u00f3s-Gradua\u00e7\u00e3o mediante a disponibiliza\u00e7\u00e3o de vagas suplementares para estudantes estrangeiros(as);<br \/>III &#8211; programas e conv\u00eanios do Governo Federal Brasileiro regulamentados por ato normativo espec\u00edfico;<br \/>IV &#8211; conv\u00eanios e acordos bilaterais firmados entre a UFSM e institui\u00e7\u00f5es estrangeiras; ou<br \/>V &#8211; conv\u00eanios multilaterais firmados com associa\u00e7\u00f5es das quais a UFSM fa\u00e7a parte.\u00a0<\/p>\n<p>Acesse <span style=\"color: initial\">a p\u00e1gina da <\/span><a href=\"https:\/\/www.ufsm.br\/orgaos-de-apoio\/sai\" target=\"_blank\" rel=\"noopener\"><span style=\"color: #0000ff\">Secretaria de Apoio Institucional &#8211; SAI\/UFSM <\/span><\/a>para informa\u00e7\u00f5es.<\/p>\n<p><a href=\"https:\/\/www.ufsm.br\/orgaos-de-apoio\/sai\/convenios-bilaterais-ativos\" target=\"_blank\" rel=\"noopener\"><span style=\"color: #0000ff\">Conv\u00eanios Bilaterais<\/span><\/a><br \/><a href=\"https:\/\/www.ufsm.br\/orgaos-de-apoio\/sai\/mobilities-through-bilateral-agreements\" target=\"_blank\" rel=\"noopener\"><span style=\"color: #0000ff\">Bilateral Exchange Mobility<\/span><\/a><br \/><a href=\"https:\/\/www.ufsm.br\/orgaos-de-apoio\/sai\/programas-multilaterais\" target=\"_blank\" rel=\"noopener\"><span style=\"color: #0000ff\">Programas Bilaterais<\/span><\/a><br \/><a href=\"https:\/\/www.ufsm.br\/orgaos-de-apoio\/sai\/mobilidades-bilaterais\"><span style=\"color: #0000ff\">Interc\u00e2mbio Bilateral<\/span><\/a><br \/><a href=\"https:\/\/www.ufsm.br\/orgaos-de-apoio\/sai\/mobilidades-augm\"><span style=\"color: #0000ff\">Interc\u00e2mbio AUGM<\/span><\/a><br \/><a href=\"https:\/\/www.ufsm.br\/orgaos-de-apoio\/sai\/programa-de-intercambio-academico-latinoamericano-pila\"><span style=\"color: #0000ff\">Interc\u00e2mbio PILA<\/span><\/a><br \/><a href=\"https:\/\/www.ufsm.br\/orgaos-de-apoio\/sai\/estagios-no-exterior\"><span style=\"color: #0000ff\">Est\u00e1gios no exterior<\/span><\/a><br \/><a href=\"https:\/\/www.gov.br\/capes\/pt-br\/acesso-a-informacao\/acoes-e-programas\/bolsas\/bolsas-e-auxilios-internacionais\/encontre-aqui\/paises\/multinacional\/programa-de-estudantes-convenio-de-pos-graduacao-pec-pg\" target=\"_blank\" rel=\"noopener\"><span style=\"color: #0000ff\">Programa de Estudantes-Conv\u00eanio de P\u00f3s-Gradua\u00e7\u00e3o (PEC-PG)<\/span><\/a><\/p>\n<p>\u00a0<\/p>\n","protected":false},"excerpt":{"rendered":"<p>Estudantes estrangeiros podem ingressar nos programas de p\u00f3s-gradua\u00e7\u00e3o da UFSM como aluno regular, ou cursar disciplinas como aluno especial, ou realizar parte de suas pesquisas junto a docentes do programa (denominado no Brasil como per\u00edodo sandu\u00edche). O ingresso de estudantes estrangeiros(as) em cursos\/etapas da educa\u00e7\u00e3o b\u00e1sica e superior UFSM est\u00e1 regulamentada pela Resolu\u00e7\u00e3o UFSM n. [&hellip;]<\/p>\n","protected":false},"author":883,"featured_media":0,"parent":0,"menu_order":0,"comment_status":"closed","ping_status":"closed","template":"","meta":{"footnotes":""},"categories":[],"tags":[],"class_list":["post-1955","page","type-page","status-publish","hentry"],"acf":[],"_links":{"self":[{"href":"https:\/\/www.ufsm.br\/cursos\/pos-graduacao\/santa-maria\/ppgaup\/wp-json\/wp\/v2\/pages\/1955","targetHints":{"allow":["GET"]}}],"collection":[{"href":"https:\/\/www.ufsm.br\/cursos\/pos-graduacao\/santa-maria\/ppgaup\/wp-json\/wp\/v2\/pages"}],"about":[{"href":"https:\/\/www.ufsm.br\/cursos\/pos-graduacao\/santa-maria\/ppgaup\/wp-json\/wp\/v2\/types\/page"}],"author":[{"embeddable":true,"href":"https:\/\/www.ufsm.br\/cursos\/pos-graduacao\/santa-maria\/ppgaup\/wp-json\/wp\/v2\/users\/883"}],"replies":[{"embeddable":true,"href":"https:\/\/www.ufsm.br\/cursos\/pos-graduacao\/santa-maria\/ppgaup\/wp-json\/wp\/v2\/comments?post=1955"}],"version-history":[{"count":0,"href":"https:\/\/www.ufsm.br\/cursos\/pos-graduacao\/santa-maria\/ppgaup\/wp-json\/wp\/v2\/pages\/1955\/revisions"}],"wp:attachment":[{"href":"https:\/\/www.ufsm.br\/cursos\/pos-graduacao\/santa-maria\/ppgaup\/wp-json\/wp\/v2\/media?parent=1955"}],"wp:term":[{"taxonomy":"category","embeddable":true,"href":"https:\/\/www.ufsm.br\/cursos\/pos-graduacao\/santa-maria\/ppgaup\/wp-json\/wp\/v2\/categories?post=1955"},{"taxonomy":"post_tag","embeddable":true,"href":"https:\/\/www.ufsm.br\/cursos\/pos-graduacao\/santa-maria\/ppgaup\/wp-json\/wp\/v2\/tags?post=1955"}],"curies":[{"name":"wp","href":"https:\/\/api.w.org\/{rel}","templated":true}]}}