{"id":1976,"date":"2023-05-18T20:33:58","date_gmt":"2023-05-18T23:33:58","guid":{"rendered":"https:\/\/www.ufsm.br\/cursos\/pos-graduacao\/santa-maria\/ppgaup\/?page_id=1976"},"modified":"2025-08-05T14:18:15","modified_gmt":"2025-08-05T17:18:15","slug":"qualificacao-de-mestrado","status":"publish","type":"page","link":"https:\/\/www.ufsm.br\/cursos\/pos-graduacao\/santa-maria\/ppgaup\/qualificacao-de-mestrado","title":{"rendered":"Qualifica\u00e7\u00e3o de Mestrado"},"content":{"rendered":"<p>O exame de qualifica\u00e7\u00e3o de mestrado tem o objetivo de avaliar e qualificar o projeto de pesquisa, bem como a capacidade do mestrando em sua consecu\u00e7\u00e3o.<\/p>\n<p>Consistir\u00e1 na apresenta\u00e7\u00e3o pelo(a) discente do seu projeto de disserta\u00e7\u00e3o a uma banca examinadora e tem o objetivo de avaliar o projeto de pesquisa, a sua originalidade, os resultados parciais (quando dispon\u00edveis), a compet\u00eancia e o potencial do(a) discente para conduzir pesquisas inovadoras, e de uma maneira criativa na \u00e1rea de estudo, e\/ou seus conhecimentos gerais de ci\u00eancia e pesquisa, podendo ser agregada a defesa de uma produ\u00e7\u00e3o intelectual.<\/p>\n<p><strong><span style=\"color: #ff0000\">\u21d2 <\/span>A qualifica\u00e7\u00e3o de mestrado deve, obrigatoriamente, ocorrer <a href=\"https:\/\/portal.ufsm.br\/documentos\/download.html?action=componente&amp;download=false&amp;id=5060861\" target=\"_blank\" rel=\"noopener\"><span style=\"color: #0000ff\">at\u00e9 o 16\u00ba m\u00eas de ingresso no curso<\/span><\/a>\u00a0e o(a) discente dever\u00e1:<br \/><\/strong><strong>I \u2013 ter conclu\u00eddo, no m\u00ednimo, 1 (um) semestre letivo do curso;<br \/>II &#8211; ter conclu\u00eddo, no m\u00ednimo, 75% dos cr\u00e9ditos exig\u00edveis no curso; e,<br \/>III \u2013 apresentar no hist\u00f3rico escolar do teste de sufici\u00eancia em l\u00edngua estrangeira \u2013 ingl\u00eas.<\/strong><\/p>\n<table style=\"width: 100.465%;border-collapse: collapse;border-style: solid;border-color: #2feb4b\">\n<tbody>\n<tr>\n<td style=\"width: 100%;text-align: justify\"><span style=\"color: #ff0000\"><strong>COMO PROCEDER:<br \/><\/strong><\/span><span style=\"font-size: revert;font-family: inherit;font-weight: inherit;color: initial\">O(a) aluno(a) deve conversar com o(a) orientador(a) e combinar a data e composi\u00e7\u00e3o da banca examinadora para a defesa de exame de qualifica\u00e7\u00e3o de mestrado.<br \/><\/span>\u21d2 A banca examinadora deve ser composta por tr\u00eas (3) membros examinadores efetivos e um membro suplente, todos com a titula\u00e7\u00e3o de Doutor. Dever\u00e1, pelo menos, 1 (um\/uma) membro(a) efetivo(a) ser externo(a) \u00e0 UFSM. O(a) orientador(a) ou coorientador(a) estar\u00e3o na condi\u00e7\u00e3o de presidente.<br \/>\u21d2 N\u00e3o poder\u00e3o fazer parte das bancas de defesa de exame de qualifica\u00e7\u00e3o, o(a) c\u00f4njuge do candidato(a) ou do orientador(a) e\/ou parentes afins do(a) candidato(a) at\u00e9 o 3\u00b0 (terceiro) grau, inclusive.<br \/><span style=\"font-size: revert;font-family: inherit;font-weight: inherit;color: initial\">\u21d2 O(A) discente dever\u00e1 fornecer o projeto de pesquisa para cada membro da banca examinadora, com <\/span><span style=\"font-size: revert;font-family: inherit;font-weight: inherit;color: initial\">anteced\u00eancia m\u00ednima de 20 (vinte) dias da data de defesa<br \/>\u21d2 <\/span>Definidas, data e banca examinadora, com <strong>pelo menos 20 dias de anteced\u00eancia<\/strong>, o discente deve:<br \/><strong>1<\/strong> &#8211; Abrir processo PEN, pela caixa postal acessada pelo Portal Estudantil, com o tipo documental &#8220;Processo de qualifica\u00e7\u00e3o de disserta\u00e7\u00e3o de mestrado&#8221; (c\u00f3digo 134.324), anexando:<br \/>a) Formul\u00e1rio preenchido <span style=\"color: #0000ff\"><a style=\"color: #0000ff\" href=\"https:\/\/www.ufsm.br\/app\/uploads\/sites\/528\/2024\/04\/Requerimento-de-Defesa-de-Exame-de-Qualificacao_PPGAUP.docx\" target=\"_blank\" rel=\"noopener\"><span style=\"color: #0000ff\">Requerimento de Defesa de Exame de Qualifica\u00e7\u00e3o<\/span><\/a><\/span>; e<br \/>b) Hist\u00f3rico escolar.<br \/><strong>2<\/strong> &#8211; O discente assina o requerimento eletronicamente e tramita o PEN ao seu(sua) orientador(a).<br \/><strong>3<\/strong> &#8211; O(a) orientador(a) recebe o PEN em sua caixa postal, aprova a banca examinadora, assina o requerimento e tramita ao PPGAUP.<br \/><strong>4<\/strong> &#8211; A composi\u00e7\u00e3o da banca examinadora deve ser apreciada pelo Colegiado do programa, podendo ser aprovada por <em>ad referendum<\/em> da coordena\u00e7\u00e3o do PPG.<br \/><strong>5<\/strong> &#8211; Ap\u00f3s, a secretaria do programa envia a documenta\u00e7\u00e3o e instru\u00e7\u00f5es para a defesa, por e-mail, ao orientador(a) e discente.<br \/><strong>6<\/strong> &#8211; Ocorrida a defesa, o(a) orientador(a) dever\u00e1 enviar \u00e0 Coordena\u00e7\u00e3o do PPGAUP, pelo e-mail ppgaup@ufsm.br, a ata da defesa preenchida e assinada pela banca examinadora.<br \/><strong>7<\/strong> &#8211; Confirmada a ocorr\u00eancia da defesa da qualifica\u00e7\u00e3o mediante a ata da defesa, a secretaria providenciar\u00e1 o envio do atestado de participa\u00e7\u00e3o da banca examinadora.<\/td>\n<\/tr>\n<\/tbody>\n<\/table>\n<p><span style=\"color: #ff0000\"><strong>REALIZA\u00c7\u00c3O DA DEFESA DE QUALIFICA\u00c7\u00c3O:<\/strong><\/span><\/p>\n<p style=\"text-align: justify\">1 &#8211; Na defesa de qualifica\u00e7\u00e3o de mestrado o(a) presidente da comiss\u00e3o proceder\u00e1 \u00e0 chamada do(a) aluno(a), enunciando o nome completo e o t\u00edtulo do trabalho, conc<span style=\"font-weight: var( --e-global-typography-text-font-weight )\">edendo a palavra para que durante 30 minutos, efetue a apresenta\u00e7\u00e3o do trabalho.<br \/><\/span><span style=\"font-weight: var( --e-global-typography-text-font-weight )\">2 \u2013 Ap\u00f3s, o presidente da comiss\u00e3o concede a palavra a cada examinador para arguir o(a) candidato(a), sugere-se o tempo de at\u00e9 20 minutos para cada examinador, podendo alterar de acordo com o andamento da discuss\u00e3o. Ao(\u00e0) candidato(a) \u00e9 assegurado o tempo suficiente para responder \u00e0s argui\u00e7\u00f5es formuladas.<br \/><\/span>3 &#8211; Conclu\u00edda a etapa de argui\u00e7\u00e3o, a banca examinadora far\u00e1 a atribui\u00e7\u00e3o do resultado final em local privado, na sequ\u00eancia divulgando ao(a) discente e a comunidade interessada. Ser\u00e1 atribu\u00eddo conceito \u201cAprovado(a)\u201d ou \u201cN\u00e3o Aprovado(a)\u201d e registrado na ata de defesa.<br \/>4 \u2013 A aprova\u00e7\u00e3o dever\u00e1 ser por maioria simples dos membros da comiss\u00e3o examinadora. Estando a banca constitu\u00edda de um n\u00famero par de membros(as) e ocorrer empate no resultado da avalia\u00e7\u00e3o, o resultado final dever\u00e1 ser computado excluindo-se o voto do(a) orientador(a).<br \/><span style=\"font-weight: var( --e-global-typography-text-font-weight )\">5 \u2013 <\/span><span style=\"font-weight: var( --e-global-typography-text-font-weight )\">O(A) candidato(a) n\u00e3o aprovado(a) no exame de qualifica\u00e7\u00e3o de mestrado, poder\u00e1, a crit\u00e9rio da banca examinadora, submeter a uma \u00fanica nova defesa do exame de qualifica\u00e7\u00e3o, n\u00e3o ultrapassando o prazo de 2 (dois) meses. Em caso de 2\u00aa (segunda) reprova\u00e7\u00e3o, o(a) aluno(a) ser\u00e1 desligado(a) do curso.<br \/><\/span><span style=\"font-weight: var( --e-global-typography-text-font-weight )\">6 &#8211; Finalizada a sess\u00e3o, o(a) presidente procede \u00e0 leitura p\u00fablica da ata, com proclama\u00e7\u00e3o final, declinando o nome do candidato(a), o t\u00edtulo do trabalho defendido e o julgamento, a seguir encerra os trabalhos.<br \/><\/span><span style=\"font-weight: var( --e-global-typography-text-font-weight )\">7 &#8211; A ata de defesa dever\u00e1 ser encaminhada, preenchida e assinada por todos os membros da banca examinadora, \u00e0 secretaria do programa pelo e-mail: ppgaup@ufsm.br, que far\u00e1 o registro da defesa da qualifica\u00e7\u00e3o, anexando a ata ao processo PEN que ao final ser\u00e1 arquivado.<br \/><\/span>8 &#8211; Como documento <strong>opcional<\/strong> \u00e9 disponibilizado o <a href=\"https:\/\/www.ufsm.br\/app\/uploads\/sites\/528\/2025\/07\/Parecer-de-Defesa-de-Mestrado_-PPGAUP.rtf_-1.docx\" target=\"_blank\" rel=\"noopener\"><span style=\"color: #0000ff\">Parecer de Avalia\u00e7\u00e3o \u2013 Qualifica\u00e7\u00e3o e Defesa de Disserta\u00e7\u00e3o<\/span><\/a>, documento auxiliar para os(as) avaliadores(as) efetuarem sugest\u00f5es e corre\u00e7\u00f5es ao trabalho apresentado. Esse parecer \u00e9 de interesse do(a) aluno(a) e de seu\/sua orientador(a), portanto, n\u00e3o precisa ser enviado \u00e0 secretaria junto \u00e0 ata da defesa.<\/p>\n<p><strong><span style=\"color: #ff0000\">=&gt;<\/span><\/strong> O documento <a href=\"https:\/\/www.ufsm.br\/app\/uploads\/sites\/528\/2025\/07\/Parecer-de-Defesa-de-Mestrado_-PPGAUP.rtf_-1.docx\" target=\"_blank\" rel=\"noopener\"><span style=\"color: #0000ff\">Parecer de Avalia\u00e7\u00e3o \u2013 Qualifica\u00e7\u00e3o e Defesa de Disserta\u00e7\u00e3o<\/span><\/a> n\u00e3o deve ser confundido com defesa por parecer, que \u00e9 quando o(a) avaliador(a) n\u00e3o est\u00e1 presente \u00e0 defesa, pois essa modalidade de participa\u00e7\u00e3o n\u00e3o existe mais na UFSM.<\/p>\n<p style=\"text-align: justify\"><span style=\"color: #ff0000\"><strong>=&gt;<\/strong><\/span> Nos casos da n\u00e3o aprova\u00e7\u00e3o ou da altera\u00e7\u00e3o da data da defesa de qualifica\u00e7\u00e3o, a secretaria dever\u00e1 ser comunicada da nova data para a defesa para que proceda a altera\u00e7\u00e3o na documenta\u00e7\u00e3o da defesa.<\/p>\n<div style=\"text-align: justify\">\n<p><strong>Os tipos aceitos de assinaturas em atas de defesa s\u00e3o:<br \/><\/strong>a) Assinatura eletr\u00f4nica pelo <span style=\"color: #0000ff\"><a style=\"color: #0000ff\" href=\"https:\/\/portal.ufsm.br\/caixapostal\/index.html\"><span style=\"color: #0000ff\">PEN\/SIE da UFSM.<\/span><\/a><\/span><br \/>b) Assinatura eletr\u00f4nica <span style=\"color: #0000ff\"><a style=\"color: #0000ff\" href=\"http:\/\/gov.br\/\" target=\"_blank\" rel=\"noopener\"><span style=\"color: #0000ff\">GOV.BR.<\/span><\/a><\/span><br \/>c) Assinatura eletr\u00f4nica certificada pela ICP-Brasil.<br \/>d) Assinatura eletr\u00f4nica com certifica\u00e7\u00e3o emitida IES ou de pesquisa \u00e0 qual o(a) membro(a) da banca est\u00e1 vinculado.<br \/>e) Assinatura an\u00e1loga ao GOV.BR, emitida pelo pa\u00eds de origem dos(as) membros(as) estrangeiros(as) das bancas.<br \/>f) Assinatura de pr\u00f3prio punho, <strong>aceita excepcionalmente apenas para estrangeiros(as)<\/strong>, desde que sejam feitas antes das assinaturas eletr\u00f4nicas. Neste caso, entende-se que a\u00a0 \u00a0 assinatura do presidente da banca certifica esta assinatura.<\/p>\n<p>Portanto, <strong><span style=\"color: #ff0000\">N\u00c3O S\u00c3O ACEITAS, <\/span><\/strong>assinaturas com a utiliza\u00e7\u00e3o de colagem (inclusive do GOV.BR); pr\u00f3prio punho de membros(as) n\u00e3o estrangeiros; impress\u00e3o de documentos com assinatura eletr\u00f4nica e subsequente digitaliza\u00e7\u00e3o para inser\u00e7\u00e3o no processo, edi\u00e7\u00f5es da ata ap\u00f3s a assinatura eletr\u00f4nica, que resultem na perda de validade da assinatura.<\/p>\n<\/div>\n<p style=\"text-align: justify\"><strong>Aten\u00e7\u00e3o:<\/strong> Por motivo justificado e ao crit\u00e9rio do colegiado do Programa, poder\u00e1 ser concedida a prorroga\u00e7\u00e3o de prazo para a defesa de exame de qualifica\u00e7\u00e3o de mestrado, obedecendo ao prazo m\u00e1ximo de prorroga\u00e7\u00e3o de 2 (dois) meses.\u00a0 O n\u00e3o cumprimento desse prazo m\u00e1ximo de defesa de qualifica\u00e7\u00e3o, possibilitar\u00e1 ao Colegiado do Programa decidir pelo desligamento do(a) discente, dando a este a ampla defesa.<\/p>\n<div>\n<p style=\"text-align: justify\"><span style=\"color: initial;font-size: revert\">Anexos:<br \/><span style=\"color: #0000ff\"><a style=\"color: #0000ff\" href=\"https:\/\/www.ufsm.br\/app\/uploads\/sites\/528\/2024\/04\/Requerimento-de-Defesa-de-Exame-de-Qualificacao_PPGAUP.docx\" target=\"_blank\" rel=\"noopener\"><span style=\"color: #0000ff\">Requerimento de Defesa de Exame de Qualifica\u00e7\u00e3o<\/span><\/a><br \/><\/span><\/span><a href=\"https:\/\/www.ufsm.br\/app\/uploads\/sites\/528\/2025\/07\/Ata-Atestado-Exame-de-qualificacao-de-mestrado_PPGAUP-2.docx\" target=\"_blank\" rel=\"noopener\"><span style=\"color: #0000ff\">Ata &#8211; Atestado de Defesa de Exame de Qualifica\u00e7\u00e3o de Mestrado<\/span><\/a><br \/><a href=\"https:\/\/www.ufsm.br\/app\/uploads\/sites\/528\/2025\/07\/Parecer-de-Defesa-de-Mestrado_-PPGAUP.rtf_-1.docx\" target=\"_blank\" rel=\"noopener\"><span style=\"color: #0000ff\">Parecer de Avalia\u00e7\u00e3o &#8211; Qualifica\u00e7\u00e3o e Defesa de Disserta\u00e7\u00e3o<\/span><\/a><\/p>\n<p style=\"text-align: justify\">Clique para acessar <strong><a href=\"https:\/\/www.ufsm.br\/cursos\/pos-graduacao\/santa-maria\/ppgaup\/servicos\/prorrogacao-de-prazo-de-defesa-de-exame-de-qualificacao-de-mestrado\" target=\"_blank\" rel=\"noopener\"><span style=\"color: #0000ff\">Prorroga\u00e7\u00e3o de Prazo de Defesa de Exame de Qualifica\u00e7\u00e3o de Mestrado<\/span><\/a><\/strong><\/p>\n<\/div>\n\n","protected":false},"excerpt":{"rendered":"<p>O exame de qualifica\u00e7\u00e3o de mestrado tem o objetivo de avaliar e qualificar o projeto de pesquisa, bem como a capacidade do mestrando em sua consecu\u00e7\u00e3o. Consistir\u00e1 na apresenta\u00e7\u00e3o pelo(a) discente do seu projeto de disserta\u00e7\u00e3o a uma banca examinadora e tem o objetivo de avaliar o projeto de pesquisa, a sua originalidade, os resultados [&hellip;]<\/p>\n","protected":false},"author":883,"featured_media":0,"parent":0,"menu_order":0,"comment_status":"closed","ping_status":"closed","template":"","meta":{"footnotes":""},"categories":[],"tags":[],"class_list":["post-1976","page","type-page","status-publish","hentry"],"acf":[],"_links":{"self":[{"href":"https:\/\/www.ufsm.br\/cursos\/pos-graduacao\/santa-maria\/ppgaup\/wp-json\/wp\/v2\/pages\/1976","targetHints":{"allow":["GET"]}}],"collection":[{"href":"https:\/\/www.ufsm.br\/cursos\/pos-graduacao\/santa-maria\/ppgaup\/wp-json\/wp\/v2\/pages"}],"about":[{"href":"https:\/\/www.ufsm.br\/cursos\/pos-graduacao\/santa-maria\/ppgaup\/wp-json\/wp\/v2\/types\/page"}],"author":[{"embeddable":true,"href":"https:\/\/www.ufsm.br\/cursos\/pos-graduacao\/santa-maria\/ppgaup\/wp-json\/wp\/v2\/users\/883"}],"replies":[{"embeddable":true,"href":"https:\/\/www.ufsm.br\/cursos\/pos-graduacao\/santa-maria\/ppgaup\/wp-json\/wp\/v2\/comments?post=1976"}],"version-history":[{"count":0,"href":"https:\/\/www.ufsm.br\/cursos\/pos-graduacao\/santa-maria\/ppgaup\/wp-json\/wp\/v2\/pages\/1976\/revisions"}],"wp:attachment":[{"href":"https:\/\/www.ufsm.br\/cursos\/pos-graduacao\/santa-maria\/ppgaup\/wp-json\/wp\/v2\/media?parent=1976"}],"wp:term":[{"taxonomy":"category","embeddable":true,"href":"https:\/\/www.ufsm.br\/cursos\/pos-graduacao\/santa-maria\/ppgaup\/wp-json\/wp\/v2\/categories?post=1976"},{"taxonomy":"post_tag","embeddable":true,"href":"https:\/\/www.ufsm.br\/cursos\/pos-graduacao\/santa-maria\/ppgaup\/wp-json\/wp\/v2\/tags?post=1976"}],"curies":[{"name":"wp","href":"https:\/\/api.w.org\/{rel}","templated":true}]}}