{"id":1979,"date":"2023-05-18T22:08:13","date_gmt":"2023-05-19T01:08:13","guid":{"rendered":"https:\/\/www.ufsm.br\/cursos\/pos-graduacao\/santa-maria\/ppgaup\/?page_id=1979"},"modified":"2025-04-08T14:40:04","modified_gmt":"2025-04-08T17:40:04","slug":"defesa-de-dissertacao","status":"publish","type":"page","link":"https:\/\/www.ufsm.br\/cursos\/pos-graduacao\/santa-maria\/ppgaup\/defesa-de-dissertacao","title":{"rendered":"Defesa de Disserta\u00e7\u00e3o"},"content":{"rendered":"\t\t<div data-elementor-type=\"wp-page\" data-elementor-id=\"1979\" class=\"elementor elementor-1979\">\n\t\t\t\t\t\t<section class=\"elementor-section elementor-top-section elementor-element elementor-element-9e2088b elementor-section-boxed elementor-section-height-default elementor-section-height-default\" data-id=\"9e2088b\" data-element_type=\"section\">\n\t\t\t\t\t\t<div class=\"elementor-container elementor-column-gap-default\">\n\t\t\t\t\t<div class=\"elementor-column elementor-col-100 elementor-top-column elementor-element elementor-element-66aa8c8\" data-id=\"66aa8c8\" data-element_type=\"column\">\n\t\t\t<div class=\"elementor-widget-wrap elementor-element-populated\">\n\t\t\t\t\t\t<div class=\"elementor-element elementor-element-132267c elementor-widget elementor-widget-toggle\" data-id=\"132267c\" data-element_type=\"widget\" data-widget_type=\"toggle.default\">\n\t\t\t\t<div class=\"elementor-widget-container\">\n\t\t\t\t\t<div class=\"elementor-toggle\">\n\t\t\t\t\t\t\t<div class=\"elementor-toggle-item\">\n\t\t\t\t\t<div id=\"elementor-tab-title-2001\" class=\"elementor-tab-title\" data-tab=\"1\" role=\"button\" aria-controls=\"elementor-tab-content-2001\" aria-expanded=\"false\">\n\t\t\t\t\t\t\t\t\t\t\t\t<span class=\"elementor-toggle-icon elementor-toggle-icon-left\" aria-hidden=\"true\">\n\t\t\t\t\t\t\t\t\t\t\t\t\t\t\t<span class=\"elementor-toggle-icon-closed\"><i class=\"fas fa-caret-right\"><\/i><\/span>\n\t\t\t\t\t\t\t\t<span class=\"elementor-toggle-icon-opened\"><i class=\"elementor-toggle-icon-opened fas fa-caret-up\"><\/i><\/span>\n\t\t\t\t\t\t\t\t\t\t\t\t\t<\/span>\n\t\t\t\t\t\t\t\t\t\t\t\t<a class=\"elementor-toggle-title\" tabindex=\"0\">SOBRE A DEFESA DE DISSERTA\u00c7\u00c3O - INFORMA\u00c7\u00d5ES<\/a>\n\t\t\t\t\t<\/div>\n\n\t\t\t\t\t<div id=\"elementor-tab-content-2001\" class=\"elementor-tab-content elementor-clearfix\" data-tab=\"1\" role=\"region\" aria-labelledby=\"elementor-tab-title-2001\"><p>O PPGAUP confere o grau de\u00a0Mestre(a) na \u00e1rea de concentra\u00e7\u00e3o definida por Paisagem Cultural e Sustentabilidade.<\/p><p>A disserta\u00e7\u00e3o deve se constituir em um trabalho pr\u00f3prio, in\u00e9dito, redigido em portugu\u00eas ou idioma estrangeiro, encerrando uma contribui\u00e7\u00e3o relevante para a \u00e1rea do conhecimento.<\/p><p>Na defesa da disserta\u00e7\u00e3o a banca examinadora apreciar\u00e1 a capacidade revelada pelo(a) discente, notadamente, sobre a maneira de conduzir a defesa de seu trabalho de conclus\u00e3o e,\u00a0<span style=\"color: #1c1c1c;font-size: 16px\">em avaliar criticamente os resultados de seu trabalho te\u00f3rico e experimental.<\/span><\/p><p>A estrutura e apresenta\u00e7\u00e3o da disserta\u00e7\u00e3o deve respeitar o que consta na\u00a0<a href=\"https:\/\/repositorio.ufsm.br\/handle\/1\/24203\" target=\"_blank\" rel=\"noopener\"><span style=\"color: #0000ff\">MDT 2021 \u2013 Manual de Disserta\u00e7\u00f5es e Teses da UFSM<\/span><\/a>.<\/p><p><span style=\"font-weight: var( --e-global-typography-text-font-weight )\">A banca examinadora ser\u00e1 constitu\u00edda de 3 (tr\u00eas) membros(as) efetivos(as) e 1 (um\/uma)\u00a0<\/span><span style=\"font-weight: var( --e-global-typography-text-font-weight )\">suplente para a defesa de disserta\u00e7\u00e3o, tendo o(a) orientador(a) como presidente da banca examinadora, em que p<\/span><span style=\"font-weight: var( --e-global-typography-text-font-weight )\">elo menos 1 (um\/uma) membro(a) da banca dever\u00e1 ser externo(a) \u00e0\u00a0<\/span><span style=\"font-weight: var( --e-global-typography-text-font-weight )\">UFSM.<\/span><\/p><p><span style=\"font-weight: var( --e-global-typography-text-font-weight )\">Quando o(a) orientador(a) e o(a) coorientador(a) estiverem presentes na comiss\u00e3o examinadora, esta comiss\u00e3o contar\u00e1 com mais um membro efetivo em que o(a) coorientador n\u00e3o participar\u00e1 da atribui\u00e7\u00e3o do conceito final.<\/span><\/p><p>A presid\u00eancia dos trabalhos na comiss\u00e3o examinadora ser\u00e1 exercida pelo(a) professor(a) orientador(a). Na impossibilidade deste em presidiar, o(a) coorientador(a) poder\u00e1 presidir os trabalhos de defesa.\u00a0<span style=\"font-weight: var( --e-global-typography-text-font-weight )\">Na impossibilidade de participa\u00e7\u00e3o do(a) orientador(a) e do(a) coorientador(a) na substitui\u00e7\u00e3o, o(a) orientador(a) dever\u00e1 comunicar oficialmente \u00e0 coordena\u00e7\u00e3o do programa, indicando os motivos e sugerindo o seu substituto. O(a) professor(a) indicado dever\u00e1 ter a aprova\u00e7\u00e3o do colegiado do programa para presidir os trabalhos de presidente na defesa.<\/span><\/p><p>A prova de defesa de Disserta\u00e7\u00e3o realizar-se-\u00e1 em local p\u00fablico, organizado e divulgado pela\u00a0<span style=\"font-size: 16px;font-weight: var( --e-global-typography-text-font-weight )\">Coordena\u00e7\u00e3o do PPGAUP\u00a0<\/span><span style=\"font-weight: var( --e-global-typography-text-font-weight )\">\u00e0 Comunidade. Caso o assunto tenha car\u00e1ter sigiloso dever\u00e1 ser requerido antecipadamente.<\/span><\/p><\/div>\n\t\t\t\t<\/div>\n\t\t\t\t\t\t\t<div class=\"elementor-toggle-item\">\n\t\t\t\t\t<div id=\"elementor-tab-title-2002\" class=\"elementor-tab-title\" data-tab=\"2\" role=\"button\" aria-controls=\"elementor-tab-content-2002\" aria-expanded=\"false\">\n\t\t\t\t\t\t\t\t\t\t\t\t<span class=\"elementor-toggle-icon elementor-toggle-icon-left\" aria-hidden=\"true\">\n\t\t\t\t\t\t\t\t\t\t\t\t\t\t\t<span class=\"elementor-toggle-icon-closed\"><i class=\"fas fa-caret-right\"><\/i><\/span>\n\t\t\t\t\t\t\t\t<span class=\"elementor-toggle-icon-opened\"><i class=\"elementor-toggle-icon-opened fas fa-caret-up\"><\/i><\/span>\n\t\t\t\t\t\t\t\t\t\t\t\t\t<\/span>\n\t\t\t\t\t\t\t\t\t\t\t\t<a class=\"elementor-toggle-title\" tabindex=\"0\">SOLICITA\u00c7\u00c3O DE DEFESA  DE QUALIFICA\u00c7\u00c3O E DE DISSERTA\u00c7\u00c3O<\/a>\n\t\t\t\t\t<\/div>\n\n\t\t\t\t\t<div id=\"elementor-tab-content-2002\" class=\"elementor-tab-content elementor-clearfix\" data-tab=\"2\" role=\"region\" aria-labelledby=\"elementor-tab-title-2002\"><p>A defesa da <strong>qualifica\u00e7\u00e3o de mestrado<\/strong> que deve ocorrer at\u00e9 o 16\u00ba do ingresso no curso. Para saber mais acesse: <a href=\"https:\/\/www.ufsm.br\/cursos\/pos-graduacao\/santa-maria\/ppgaup\/qualificacao-de-mestrado\" target=\"_blank\" rel=\"noopener\"><span style=\"color: #0000ff\">Qualifica\u00e7\u00e3o de Mestrado.<\/span><\/a><\/p><p>A abertura do processo de <strong>defesa de disserta\u00e7\u00e3o de mestrado<\/strong> deve ser efetuada pelo(a) aluno(a) pelo Portal Estudantil da UFSM, com pelo menos 20 dias de anteced\u00eancia da data da defesa.\u00a0Mais informa\u00e7\u00f5es e o tutorial em: <a href=\"https:\/\/www.ufsm.br\/cursos\/pos-graduacao\/santa-maria\/ppgaup\/solicitacao-de-defesa\" target=\"_blank\" rel=\"noopener\"><span style=\"color: #0000ff\">Solicita\u00e7\u00e3o de Defesa.<\/span><\/a><\/p><\/div>\n\t\t\t\t<\/div>\n\t\t\t\t\t\t\t<div class=\"elementor-toggle-item\">\n\t\t\t\t\t<div id=\"elementor-tab-title-2003\" class=\"elementor-tab-title\" data-tab=\"3\" role=\"button\" aria-controls=\"elementor-tab-content-2003\" aria-expanded=\"false\">\n\t\t\t\t\t\t\t\t\t\t\t\t<span class=\"elementor-toggle-icon elementor-toggle-icon-left\" aria-hidden=\"true\">\n\t\t\t\t\t\t\t\t\t\t\t\t\t\t\t<span class=\"elementor-toggle-icon-closed\"><i class=\"fas fa-caret-right\"><\/i><\/span>\n\t\t\t\t\t\t\t\t<span class=\"elementor-toggle-icon-opened\"><i class=\"elementor-toggle-icon-opened fas fa-caret-up\"><\/i><\/span>\n\t\t\t\t\t\t\t\t\t\t\t\t\t<\/span>\n\t\t\t\t\t\t\t\t\t\t\t\t<a class=\"elementor-toggle-title\" tabindex=\"0\">INSTRU\u00c7\u00d5ES DE REALIZA\u00c7\u00c3O DE DEFESA DA DISSERTA\u00c7\u00c3O<\/a>\n\t\t\t\t\t<\/div>\n\n\t\t\t\t\t<div id=\"elementor-tab-content-2003\" class=\"elementor-tab-content elementor-clearfix\" data-tab=\"3\" role=\"region\" aria-labelledby=\"elementor-tab-title-2003\">Instru\u00e7\u00f5es a serem seguidas no dia da defesa da disserta\u00e7\u00e3o pelo(a) discente e\u00a0 banca examinadora.\n\nEste material \u00e9 enviado, antecipadamente, \u00e0 data da defesa, ao(\u00e0) discente e seu\/sua orientador(a), juntamente \u00e0 documenta\u00e7\u00e3o da defesa.\n\nAcessar as instru\u00e7\u00f5es em:\u00a0<a href=\"https:\/\/www.ufsm.br\/cursos\/pos-graduacao\/santa-maria\/ppgaup\/servicos\/instrucoes-para-a-realizacao-de-defesa\" target=\"_blank\" rel=\"noopener\"><span style=\"color: #0000ff\">Instru\u00e7\u00f5es para a Realiza\u00e7\u00e3o de Defesa<\/a><\/div>\n\t\t\t\t<\/div>\n\t\t\t\t\t\t\t<div class=\"elementor-toggle-item\">\n\t\t\t\t\t<div id=\"elementor-tab-title-2004\" class=\"elementor-tab-title\" data-tab=\"4\" role=\"button\" aria-controls=\"elementor-tab-content-2004\" aria-expanded=\"false\">\n\t\t\t\t\t\t\t\t\t\t\t\t<span class=\"elementor-toggle-icon elementor-toggle-icon-left\" aria-hidden=\"true\">\n\t\t\t\t\t\t\t\t\t\t\t\t\t\t\t<span class=\"elementor-toggle-icon-closed\"><i class=\"fas fa-caret-right\"><\/i><\/span>\n\t\t\t\t\t\t\t\t<span class=\"elementor-toggle-icon-opened\"><i class=\"elementor-toggle-icon-opened fas fa-caret-up\"><\/i><\/span>\n\t\t\t\t\t\t\t\t\t\t\t\t\t<\/span>\n\t\t\t\t\t\t\t\t\t\t\t\t<a class=\"elementor-toggle-title\" tabindex=\"0\">ENTREGA DE TRABALHO DE CONCLUS\u00c3O DE CURSO - DISSERTA\u00c7\u00c3O<\/a>\n\t\t\t\t\t<\/div>\n\n\t\t\t\t\t<div id=\"elementor-tab-content-2004\" class=\"elementor-tab-content elementor-clearfix\" data-tab=\"4\" role=\"region\" aria-labelledby=\"elementor-tab-title-2004\"><p>Decorrido o prazo concedido pela banca examinadora para modifica\u00e7\u00f5es sugeridas constante na ata da defesa, ficando a verifica\u00e7\u00e3o das corre\u00e7\u00f5es sob a responsabilidade do(a) orientador(a), o(a) candidato(a) dever\u00e1 apresentar em documento eletr\u00f4nico definitivo o conte\u00fado da tese \u00e0 coordena\u00e7\u00e3o do programa de p\u00f3s-gradua\u00e7\u00e3o que dar\u00e1 andamento \u00e0\u00a0emiss\u00e3o do diploma da p\u00f3s-gradua\u00e7\u00e3o.<\/p><p>A entrega do trabalho final de curso, Disserta\u00e7\u00e3o ou Tese ocorre de forma digital via <a href=\"https:\/\/www.ufsm.br\/orgaos-suplementares\/dag\/pen\/apoio-ao-usuario\/tutorial-ato-de-entrega-de-mdt\" target=\"_blank\" rel=\"noopener\"><span style=\"color: #0000ff\">Processo Eletr\u00f4nico Nacional\u00a0 \u2013 PEN\/SIE da UFSM<\/span><\/a>.<\/p><p>Mais informa\u00e7\u00f5es em: <span style=\"color: #0000ff\"><a style=\"color: #0000ff\" href=\"https:\/\/www.ufsm.br\/cursos\/pos-graduacao\/santa-maria\/ppgaup\/orientacoes-para-a-entrega-do-trabalho-de-conclusao-de-curso-dissertacao\" target=\"_blank\" rel=\"noopener\"><span style=\"color: #0000ff\">Orienta\u00e7\u00f5es para a Entrega do Trabalho de Conclus\u00e3o de Curso \u2013 Disserta\u00e7\u00e3o<\/span><\/a><\/span><\/p><\/div>\n\t\t\t\t<\/div>\n\t\t\t\t\t\t\t<div class=\"elementor-toggle-item\">\n\t\t\t\t\t<div id=\"elementor-tab-title-2005\" class=\"elementor-tab-title\" data-tab=\"5\" role=\"button\" aria-controls=\"elementor-tab-content-2005\" aria-expanded=\"false\">\n\t\t\t\t\t\t\t\t\t\t\t\t<span class=\"elementor-toggle-icon elementor-toggle-icon-left\" aria-hidden=\"true\">\n\t\t\t\t\t\t\t\t\t\t\t\t\t\t\t<span class=\"elementor-toggle-icon-closed\"><i class=\"fas fa-caret-right\"><\/i><\/span>\n\t\t\t\t\t\t\t\t<span class=\"elementor-toggle-icon-opened\"><i class=\"elementor-toggle-icon-opened fas fa-caret-up\"><\/i><\/span>\n\t\t\t\t\t\t\t\t\t\t\t\t\t<\/span>\n\t\t\t\t\t\t\t\t\t\t\t\t<a class=\"elementor-toggle-title\" tabindex=\"0\">DEFESAS COM INFORMA\u00c7\u00d5ES SIGILOSAS - Fechada ao P\u00fablico<\/a>\n\t\t\t\t\t<\/div>\n\n\t\t\t\t\t<div id=\"elementor-tab-content-2005\" class=\"elementor-tab-content elementor-clearfix\" data-tab=\"5\" role=\"region\" aria-labelledby=\"elementor-tab-title-2005\"><p>O trabalho de conclus\u00e3o, disserta\u00e7\u00e3o e tese, bem como, o exame de qualifica\u00e7\u00e3o dever\u00e3o ser realizados publicamente, exceto, no caso de conter informa\u00e7\u00f5es sigilosas no projeto de pesquisa. Neste caso, dever\u00e3o ser fechados ao p\u00fablico e os membros da comiss\u00e3o examinadora, externos ao programa, exercer\u00e3o suas atividades mediante assinatura do\u00a0<a href=\"https:\/\/www.ufsm.br\/app\/uploads\/sites\/399\/2023\/08\/Termo-de-confidencialidade-e-sigilo-banca-examinadora.docx\" target=\"_blank\" rel=\"noopener\"><span style=\"color: #0000ff\">Termo de Confidencialidade e Sigilo\u00a0<\/span><\/a>que ficar\u00e1 de posse da coordena\u00e7\u00e3o do respectivo programa, conforme previsto no\u00a0<a href=\"https:\/\/www.ufsm.br\/pro-reitorias\/proplan\/resolucao-ufsm-n-139-2023-anexo-i\" target=\"_blank\" rel=\"noopener\"><span style=\"color: #0000ff\">Regulamento Geral da P\u00f3s-Gradua\u00e7\u00e3o Stricto Sensu da UFSM<\/span>.<\/a><\/p><p>\u00c9 de responsabilidade do discente a abertura online do processo de defesa fechada, para que a solicita\u00e7\u00e3o de defesa fechada seja deferida \u00e9 necess\u00e1rio que o requerente protocole junto \u00e0 Ag\u00eancia de Inova\u00e7\u00e3o e Transfer\u00eancia de Tecnologia processo de comunicado de inven\u00e7\u00e3o, neste link:\u00a0<a href=\"https:\/\/www.ufsm.br\/pro-reitorias\/proinova\/defesa-fechada-3\" target=\"_blank\" rel=\"noopener\"><span style=\"color: #0000ff\">Defesa Fechada \u2013 ProInova.<\/span><\/a><\/p><p><a href=\"https:\/\/www.ufsm.br\/app\/uploads\/sites\/345\/2018\/08\/Passo-a-Passo-Defesa-Fechada.pdf\" target=\"_blank\" rel=\"noopener\"><span style=\"color: #0000ff\">Aqui:<\/span><\/a><a href=\"https:\/\/www.ufsm.br\/app\/uploads\/sites\/345\/2018\/08\/Passo-a-Passo-Defesa-Fechada.pdf\" target=\"_blank\" rel=\"noopener\"><span style=\"color: #0000ff\"> Passo a Passo para a Solicita\u00e7\u00e3o de Defesa Fechada<\/span><\/a><\/p><p>Mais informa\u00e7\u00f5es:<\/p><p><a href=\"https:\/\/www.ufsm.br\/pro-reitorias\/proinova\/defesa-fechada-3\" target=\"_blank\" rel=\"noopener\"><span style=\"color: #0000ff\">https:\/\/www.ufsm.br\/pro-reitorias\/proinova\/defesa-fechada-3<\/span><\/a><br \/>PROINOVA \u2013 Pr\u00f3-Reitoria de Inova\u00e7\u00e3o e Empreendedorismo<br \/>Fone: 55 3220 8887<br \/>proinova@ufsm.br<\/p><\/div>\n\t\t\t\t<\/div>\n\t\t\t\t\t\t\t\t<\/div>\n\t\t\t\t<\/div>\n\t\t\t\t<\/div>\n\t\t\t\t\t<\/div>\n\t\t<\/div>\n\t\t\t\t\t<\/div>\n\t\t<\/section>\n\t\t\t\t<\/div>\n\t\t","protected":false},"excerpt":{"rendered":"<p>SOBRE A DEFESA DE DISSERTA\u00c7\u00c3O &#8211; INFORMA\u00c7\u00d5ES O PPGAUP confere o grau de\u00a0Mestre(a) na \u00e1rea de concentra\u00e7\u00e3o definida por Paisagem Cultural e Sustentabilidade. A disserta\u00e7\u00e3o deve se constituir em um trabalho pr\u00f3prio, in\u00e9dito, redigido em portugu\u00eas ou idioma estrangeiro, encerrando uma contribui\u00e7\u00e3o relevante para a \u00e1rea do conhecimento. Na defesa da disserta\u00e7\u00e3o a banca examinadora [&hellip;]<\/p>\n","protected":false},"author":883,"featured_media":0,"parent":0,"menu_order":0,"comment_status":"closed","ping_status":"closed","template":"","meta":{"footnotes":""},"categories":[],"tags":[],"class_list":["post-1979","page","type-page","status-publish","hentry"],"acf":[],"_links":{"self":[{"href":"https:\/\/www.ufsm.br\/cursos\/pos-graduacao\/santa-maria\/ppgaup\/wp-json\/wp\/v2\/pages\/1979","targetHints":{"allow":["GET"]}}],"collection":[{"href":"https:\/\/www.ufsm.br\/cursos\/pos-graduacao\/santa-maria\/ppgaup\/wp-json\/wp\/v2\/pages"}],"about":[{"href":"https:\/\/www.ufsm.br\/cursos\/pos-graduacao\/santa-maria\/ppgaup\/wp-json\/wp\/v2\/types\/page"}],"author":[{"embeddable":true,"href":"https:\/\/www.ufsm.br\/cursos\/pos-graduacao\/santa-maria\/ppgaup\/wp-json\/wp\/v2\/users\/883"}],"replies":[{"embeddable":true,"href":"https:\/\/www.ufsm.br\/cursos\/pos-graduacao\/santa-maria\/ppgaup\/wp-json\/wp\/v2\/comments?post=1979"}],"version-history":[{"count":0,"href":"https:\/\/www.ufsm.br\/cursos\/pos-graduacao\/santa-maria\/ppgaup\/wp-json\/wp\/v2\/pages\/1979\/revisions"}],"wp:attachment":[{"href":"https:\/\/www.ufsm.br\/cursos\/pos-graduacao\/santa-maria\/ppgaup\/wp-json\/wp\/v2\/media?parent=1979"}],"wp:term":[{"taxonomy":"category","embeddable":true,"href":"https:\/\/www.ufsm.br\/cursos\/pos-graduacao\/santa-maria\/ppgaup\/wp-json\/wp\/v2\/categories?post=1979"},{"taxonomy":"post_tag","embeddable":true,"href":"https:\/\/www.ufsm.br\/cursos\/pos-graduacao\/santa-maria\/ppgaup\/wp-json\/wp\/v2\/tags?post=1979"}],"curies":[{"name":"wp","href":"https:\/\/api.w.org\/{rel}","templated":true}]}}