{"id":200,"date":"2019-01-23T10:58:12","date_gmt":"2019-01-23T12:58:12","guid":{"rendered":"https:\/\/www.ufsm.br\/cursos\/pos-graduacao\/santa-maria\/ppgaup\/?page_id=200"},"modified":"2025-12-23T11:22:35","modified_gmt":"2025-12-23T14:22:35","slug":"contato-2","status":"publish","type":"page","link":"https:\/\/www.ufsm.br\/cursos\/pos-graduacao\/santa-maria\/ppgaup\/contato-2","title":{"rendered":"Contato"},"content":{"rendered":"\t\t<div data-elementor-type=\"wp-post\" data-elementor-id=\"200\" class=\"elementor elementor-200\">\n\t\t\t\t\t\t<section class=\"elementor-section elementor-top-section elementor-element elementor-element-3babadce elementor-section-boxed elementor-section-height-default elementor-section-height-default\" data-id=\"3babadce\" data-element_type=\"section\">\n\t\t\t\t\t\t<div class=\"elementor-container elementor-column-gap-default\">\n\t\t\t\t\t<div class=\"elementor-column elementor-col-50 elementor-top-column elementor-element elementor-element-20765558\" data-id=\"20765558\" data-element_type=\"column\">\n\t\t\t<div class=\"elementor-widget-wrap elementor-element-populated\">\n\t\t\t\t\t\t<div class=\"elementor-element elementor-element-713c24a2 elementor-widget__width-initial elementor-widget elementor-widget-text-editor\" data-id=\"713c24a2\" data-element_type=\"widget\" data-widget_type=\"text-editor.default\">\n\t\t\t\t<div class=\"elementor-widget-container\">\n\t\t\t\t\t\t\t<h5><b>Coordena\u00e7\u00e3o PPGAUP<\/b><\/h5><p>Coordenador: Prof. Felipe Lu\u00eds Palombini (e-mail: felipe.palombini@ufsm.br)<br \/><span style=\"color: #000000;font-size: 1rem;font-weight: var( --e-global-typography-text-font-weight );text-align: var(--bs-body-text-align)\">Coordenadora Substituta: Profa. Mariada Kuhl Cidade (e-mail: <\/span><span style=\"text-align: var(--bs-body-text-align)\"><span style=\"color: #000000\">mariana.cidade@ufsm.br)<\/span><\/span><\/p><h5><strong style=\"color: #000000;font-size: 1rem;text-align: var(--bs-body-text-align)\">Secretaria PPGAUP &#8211;\u00a0<\/strong><span style=\"font-size: 10pt\">Subdivis\u00e3o III-CT &#8211; atendimento aos programas PPGAUP e PPGECAM<\/span><\/h5><p>Hor\u00e1rio de atendimento: 08:00 &#8211; 12:00 e 13:30 &#8211; 17:00<br \/><span style=\"color: #000000;font-size: 1rem;font-weight: var( --e-global-typography-text-font-weight );text-align: var(--bs-body-text-align)\">Fone: +55 (55) 3220-8837 \/ 3220-8606<br \/><\/span><span style=\"color: #000000;font-size: 1rem;font-weight: var( --e-global-typography-text-font-weight );text-align: var(--bs-body-text-align)\">E-mail: ppgaup@ufsm.br<\/span><span style=\"color: #000000;font-size: 1rem;font-weight: var( --e-global-typography-text-font-weight );text-align: var(--bs-body-text-align)\"><br \/><\/span><\/p><p>TAEs: Luciane Iop, Marina Seelig Falc\u00e3o e\u00a0Abel Ant\u00f4nio Bilibio Gehm<\/p><p><strong>Endere\u00e7o:\u00a0<br \/><\/strong>Universidade Federal de Santa Maria \u2013 UFSM <a href=\"https:\/\/www.ufsm.br\/cursos\/pos-graduacao\/santa-maria\/ppgep\/wp-content\/uploads\/sites\/551\/2019\/12\/Mapa-Campus-Sede-UFSM.pdf\" target=\"_blank\" rel=\"noopener\">(<span style=\"color: #0000ff\">Mapa Campus Sede)<\/span><\/a><br \/>Programa de P\u00f3s-Gradua\u00e7\u00e3o em Arquitetura, Urbanismo e Paisagismo (PPGAUP)<br \/>Av. Roraima n\u00ba 1.000, Pr\u00e9dio 08 &#8211; INPE, 2\u00ba andar,\u00a0 Sala 2061<br \/>Cidade Universit\u00e1ria, Bairro Camobi<br \/>Santa Maria &#8211; RS CEP 97105-900<\/p><p><!-- \/wp:tadv\/classic-paragraph --><\/p>\t\t\t\t\t\t<\/div>\n\t\t\t\t<\/div>\n\t\t\t\t\t<\/div>\n\t\t<\/div>\n\t\t\t\t<div class=\"elementor-column elementor-col-50 elementor-top-column elementor-element elementor-element-d00b703\" data-id=\"d00b703\" data-element_type=\"column\">\n\t\t\t<div class=\"elementor-widget-wrap elementor-element-populated\">\n\t\t\t\t\t\t<div class=\"elementor-element elementor-element-ebeeb6b elementor-widget__width-initial elementor-widget elementor-widget-text-editor\" data-id=\"ebeeb6b\" data-element_type=\"widget\" data-widget_type=\"text-editor.default\">\n\t\t\t\t<div class=\"elementor-widget-container\">\n\t\t\t\t\t\t\t<p>\u00a0<\/p>\n<p>\u00a0<\/p>\n<p><iframe title=\"TOUR pela UFSM | universidade federal de santa maria | conhecendo o campus\" width=\"500\" height=\"281\" src=\"https:\/\/www.youtube.com\/embed\/rgB-0yyCmn4?feature=oembed\" frameborder=\"0\" allow=\"accelerometer; autoplay; clipboard-write; encrypted-media; gyroscope; picture-in-picture; web-share\" referrerpolicy=\"strict-origin-when-cross-origin\" allowfullscreen><\/iframe><\/p>\t\t\t\t\t\t<\/div>\n\t\t\t\t<\/div>\n\t\t\t\t\t<\/div>\n\t\t<\/div>\n\t\t\t\t\t<\/div>\n\t\t<\/section>\n\t\t\t\t<section class=\"elementor-section elementor-top-section elementor-element elementor-element-3d7111d elementor-section-boxed elementor-section-height-default elementor-section-height-default\" data-id=\"3d7111d\" data-element_type=\"section\">\n\t\t\t\t\t\t<div class=\"elementor-container elementor-column-gap-default\">\n\t\t\t\t\t<div class=\"elementor-column elementor-col-100 elementor-top-column elementor-element elementor-element-e90be7f\" data-id=\"e90be7f\" data-element_type=\"column\">\n\t\t\t<div class=\"elementor-widget-wrap elementor-element-populated\">\n\t\t\t\t\t\t<div class=\"elementor-element elementor-element-15dcd58 elementor-widget elementor-widget-google_maps\" data-id=\"15dcd58\" data-element_type=\"widget\" data-widget_type=\"google_maps.default\">\n\t\t\t\t<div class=\"elementor-widget-container\">\n\t\t\t\t\t<div class=\"elementor-custom-embed\">\n\t\t\t<iframe loading=\"lazy\"\n\t\t\t\t\tsrc=\"https:\/\/maps.google.com\/maps?q=INPE%20SANTA%20MARIA&#038;t=m&#038;z=15&#038;output=embed&#038;iwloc=near\"\n\t\t\t\t\ttitle=\"INPE SANTA MARIA\"\n\t\t\t\t\taria-label=\"INPE SANTA MARIA\"\n\t\t\t><\/iframe>\n\t\t<\/div>\n\t\t\t\t<\/div>\n\t\t\t\t<\/div>\n\t\t\t\t\t<\/div>\n\t\t<\/div>\n\t\t\t\t\t<\/div>\n\t\t<\/section>\n\t\t\t\t<\/div>\n\t\t","protected":false},"excerpt":{"rendered":"<p>Coordena\u00e7\u00e3o PPGAUP Coordenador: Prof. Felipe Lu\u00eds Palombini (e-mail: felipe.palombini@ufsm.br)Coordenadora Substituta: Profa. Mariada Kuhl Cidade (e-mail: mariana.cidade@ufsm.br) Secretaria PPGAUP &#8211;\u00a0Subdivis\u00e3o III-CT &#8211; atendimento aos programas PPGAUP e PPGECAM Hor\u00e1rio de atendimento: 08:00 &#8211; 12:00 e 13:30 &#8211; 17:00Fone: +55 (55) 3220-8837 \/ 3220-8606E-mail: ppgaup@ufsm.br TAEs: Luciane Iop, Marina Seelig Falc\u00e3o e\u00a0Abel Ant\u00f4nio Bilibio Gehm Endere\u00e7o:\u00a0Universidade Federal [&hellip;]<\/p>\n","protected":false},"author":115,"featured_media":0,"parent":0,"menu_order":0,"comment_status":"closed","ping_status":"closed","template":"","meta":{"footnotes":""},"categories":[],"tags":[],"class_list":["post-200","page","type-page","status-publish","hentry"],"acf":[],"_links":{"self":[{"href":"https:\/\/www.ufsm.br\/cursos\/pos-graduacao\/santa-maria\/ppgaup\/wp-json\/wp\/v2\/pages\/200","targetHints":{"allow":["GET"]}}],"collection":[{"href":"https:\/\/www.ufsm.br\/cursos\/pos-graduacao\/santa-maria\/ppgaup\/wp-json\/wp\/v2\/pages"}],"about":[{"href":"https:\/\/www.ufsm.br\/cursos\/pos-graduacao\/santa-maria\/ppgaup\/wp-json\/wp\/v2\/types\/page"}],"author":[{"embeddable":true,"href":"https:\/\/www.ufsm.br\/cursos\/pos-graduacao\/santa-maria\/ppgaup\/wp-json\/wp\/v2\/users\/115"}],"replies":[{"embeddable":true,"href":"https:\/\/www.ufsm.br\/cursos\/pos-graduacao\/santa-maria\/ppgaup\/wp-json\/wp\/v2\/comments?post=200"}],"version-history":[{"count":0,"href":"https:\/\/www.ufsm.br\/cursos\/pos-graduacao\/santa-maria\/ppgaup\/wp-json\/wp\/v2\/pages\/200\/revisions"}],"wp:attachment":[{"href":"https:\/\/www.ufsm.br\/cursos\/pos-graduacao\/santa-maria\/ppgaup\/wp-json\/wp\/v2\/media?parent=200"}],"wp:term":[{"taxonomy":"category","embeddable":true,"href":"https:\/\/www.ufsm.br\/cursos\/pos-graduacao\/santa-maria\/ppgaup\/wp-json\/wp\/v2\/categories?post=200"},{"taxonomy":"post_tag","embeddable":true,"href":"https:\/\/www.ufsm.br\/cursos\/pos-graduacao\/santa-maria\/ppgaup\/wp-json\/wp\/v2\/tags?post=200"}],"curies":[{"name":"wp","href":"https:\/\/api.w.org\/{rel}","templated":true}]}}