{"id":2118,"date":"2023-10-18T11:12:54","date_gmt":"2023-10-18T14:12:54","guid":{"rendered":"https:\/\/www.ufsm.br\/cursos\/pos-graduacao\/santa-maria\/ppgaup\/?page_id=2118"},"modified":"2025-04-09T09:07:11","modified_gmt":"2025-04-09T12:07:11","slug":"seminario-de-integracao-ppgaup-ufsm","status":"publish","type":"page","link":"https:\/\/www.ufsm.br\/cursos\/pos-graduacao\/santa-maria\/ppgaup\/seminario-de-integracao-ppgaup-ufsm","title":{"rendered":"Semin\u00e1rio de Integra\u00e7\u00e3o &#8211; PPGAUP UFSM"},"content":{"rendered":"\t\t<div data-elementor-type=\"wp-page\" data-elementor-id=\"2118\" class=\"elementor elementor-2118\">\n\t\t\t\t\t\t<section class=\"elementor-section elementor-top-section elementor-element elementor-element-514a1b17 elementor-section-boxed elementor-section-height-default elementor-section-height-default\" data-id=\"514a1b17\" data-element_type=\"section\">\n\t\t\t\t\t\t<div class=\"elementor-container elementor-column-gap-default\">\n\t\t\t\t\t<div class=\"elementor-column elementor-col-100 elementor-top-column elementor-element elementor-element-54e2a414\" data-id=\"54e2a414\" data-element_type=\"column\">\n\t\t\t<div class=\"elementor-widget-wrap elementor-element-populated\">\n\t\t\t\t\t\t<div class=\"elementor-element elementor-element-5a4aa5c8 elementor-widget elementor-widget-text-editor\" data-id=\"5a4aa5c8\" data-element_type=\"widget\" data-widget_type=\"text-editor.default\">\n\t\t\t\t<div class=\"elementor-widget-container\">\n\t\t\t\t\t\t\t<!-- wp:tadv\/classic-paragraph -->\n<p>O Semin\u00e1rio de Integra\u00e7\u00e3o \u00e9 um evento anual e realizado pelo Programa de P\u00f3s-Gradua\u00e7\u00e3o em Arquitetura, Urbanismo e Paisagismo (PPGAUP) da Universidade Federal de Santa Maria (UFSM). Como objetivo geral, o Semin\u00e1rio visa a reflex\u00e3o sobre o conhecimento gerado no \u00e2mbito do PPGAUP e o compartilhamento de informa\u00e7\u00f5es, ideias, metodologias cient\u00edficas e o debate entre as diversas tem\u00e1ticas de pesquisas e de a\u00e7\u00f5es de extens\u00e3o realizadas no \u00e2mbito do PPGAUP e do <a href=\"https:\/\/www.ufsm.br\/cursos\/graduacao\/santa-maria\/arquitetura-e-urbanismo\" target=\"_blank\" rel=\"noopener\">Curso de Arquitetura e Urbanismo (CAU)<\/a> da UFSM.<\/p>\n<p>Esta rela\u00e7\u00e3o favorece a forma\u00e7\u00e3o tanto a forma\u00e7\u00e3o dos graduandos quanto dos mestrandos a partir da integra\u00e7\u00e3o do grupo na reflex\u00e3o sobre as pesquisas desenvolvidas no programa. Os participantes se constituem desta forma, como os protagonistas da integra\u00e7\u00e3o na rela\u00e7\u00e3o ensino, pesquisa e extens\u00e3o em conson\u00e2ncia com as diretrizes e os objetivos estabelecidos pela pol\u00edtica de extens\u00e3o da UFSM.<\/p>\n<!-- \/wp:tadv\/classic-paragraph -->\t\t\t\t\t\t<\/div>\n\t\t\t\t<\/div>\n\t\t\t\t\t<\/div>\n\t\t<\/div>\n\t\t\t\t\t<\/div>\n\t\t<\/section>\n\t\t\t\t<section class=\"elementor-section elementor-top-section elementor-element elementor-element-04b6b77 elementor-section-boxed elementor-section-height-default elementor-section-height-default\" data-id=\"04b6b77\" data-element_type=\"section\">\n\t\t\t\t\t\t<div class=\"elementor-container elementor-column-gap-default\">\n\t\t\t\t\t<div class=\"elementor-column elementor-col-100 elementor-top-column elementor-element elementor-element-0090aaa\" data-id=\"0090aaa\" data-element_type=\"column\">\n\t\t\t<div class=\"elementor-widget-wrap elementor-element-populated\">\n\t\t\t\t\t\t<div class=\"elementor-element elementor-element-a1353dd elementor-widget elementor-widget-toggle\" data-id=\"a1353dd\" data-element_type=\"widget\" data-widget_type=\"toggle.default\">\n\t\t\t\t<div class=\"elementor-widget-container\">\n\t\t\t\t\t<div class=\"elementor-toggle\">\n\t\t\t\t\t\t\t<div class=\"elementor-toggle-item\">\n\t\t\t\t\t<div id=\"elementor-tab-title-1691\" class=\"elementor-tab-title\" data-tab=\"1\" role=\"button\" aria-controls=\"elementor-tab-content-1691\" aria-expanded=\"false\">\n\t\t\t\t\t\t\t\t\t\t\t\t<span class=\"elementor-toggle-icon elementor-toggle-icon-left\" aria-hidden=\"true\">\n\t\t\t\t\t\t\t\t\t\t\t\t\t\t\t<span class=\"elementor-toggle-icon-closed\"><i class=\"fas fa-caret-right\"><\/i><\/span>\n\t\t\t\t\t\t\t\t<span class=\"elementor-toggle-icon-opened\"><i class=\"elementor-toggle-icon-opened fas fa-caret-up\"><\/i><\/span>\n\t\t\t\t\t\t\t\t\t\t\t\t\t<\/span>\n\t\t\t\t\t\t\t\t\t\t\t\t<a class=\"elementor-toggle-title\" tabindex=\"0\">V Semin\u00e1rio de Integra\u00e7\u00e3o PPGAUP - SIPPGAUP 2024<\/a>\n\t\t\t\t\t<\/div>\n\n\t\t\t\t\t<div id=\"elementor-tab-content-1691\" class=\"elementor-tab-content elementor-clearfix\" data-tab=\"1\" role=\"region\" aria-labelledby=\"elementor-tab-title-1691\"><p>O V Semin\u00e1rio de Integra\u00e7\u00e3o do PPGAUP ocorreu de 26 a 28 de novembro de 2024.<\/p>\n<p><em><strong><a href=\"https:\/\/repositorio.ufsm.br\/handle\/1\/34753\" target=\"_blank\" rel=\"noopener\"><span style=\"color: #0000ff\">Anais do V Semin\u00e1rio de Integra\u00e7\u00e3o &#8211; PPGAUP UFSM &#8211; 2024<\/span><\/a><\/strong><\/em><\/p>\n<p><a href=\"https:\/\/www.ufsm.br\/app\/uploads\/sites\/528\/2024\/10\/Edital-V-SIPPGAUP-2024.docx.pdf\" target=\"_blank\" rel=\"noopener\"><span style=\"color: #0000ff\">Edital &#8211; V SIPPGAUP 2024<\/span><\/a><\/p>\n<p>\u00a0<\/p><\/div>\n\t\t\t\t<\/div>\n\t\t\t\t\t\t\t<div class=\"elementor-toggle-item\">\n\t\t\t\t\t<div id=\"elementor-tab-title-1692\" class=\"elementor-tab-title\" data-tab=\"2\" role=\"button\" aria-controls=\"elementor-tab-content-1692\" aria-expanded=\"false\">\n\t\t\t\t\t\t\t\t\t\t\t\t<span class=\"elementor-toggle-icon elementor-toggle-icon-left\" aria-hidden=\"true\">\n\t\t\t\t\t\t\t\t\t\t\t\t\t\t\t<span class=\"elementor-toggle-icon-closed\"><i class=\"fas fa-caret-right\"><\/i><\/span>\n\t\t\t\t\t\t\t\t<span class=\"elementor-toggle-icon-opened\"><i class=\"elementor-toggle-icon-opened fas fa-caret-up\"><\/i><\/span>\n\t\t\t\t\t\t\t\t\t\t\t\t\t<\/span>\n\t\t\t\t\t\t\t\t\t\t\t\t<a class=\"elementor-toggle-title\" tabindex=\"0\">IV Semin\u00e1rio de Integra\u00e7\u00e3o PPGAUP - SIPPGAUP 2023<\/a>\n\t\t\t\t\t<\/div>\n\n\t\t\t\t\t<div id=\"elementor-tab-content-1692\" class=\"elementor-tab-content elementor-clearfix\" data-tab=\"2\" role=\"region\" aria-labelledby=\"elementor-tab-title-1692\"><p><em><a href=\"https:\/\/repositorio.ufsm.br\/handle\/1\/32789\" target=\"_blank\" rel=\"noopener\"><strong><span style=\"color: #0000ff\">Anais do IV Semin\u00e1rio de Integra\u00e7\u00e3o PPGAUP UFSM \u2013 2023<\/span><\/strong><\/a><\/em><\/p>\n<p><a href=\"https:\/\/docs.google.com\/forms\/d\/e\/1FAIpQLSdx4bR1dveo7uN-bC0H9hZfSn_aQueIS5fXxAIvnXscmbBUlg\/viewform?usp=sf_link\" target=\"_blank\" rel=\"noopener\">&#8211; Edital<\/a><a href=\"https:\/\/docs.google.com\/forms\/d\/e\/1FAIpQLSdx4bR1dveo7uN-bC0H9hZfSn_aQueIS5fXxAIvnXscmbBUlg\/viewform?usp=sf_link\" target=\"_blank\" rel=\"noopener\"> 2023<\/a><br \/><a href=\"https:\/\/www.ufsm.br\/app\/uploads\/sites\/528\/2023\/09\/IV-SIPPGAUP_Template_Apresentacao.pptx\" target=\"_blank\" rel=\"noopener\">&#8211; Template<\/a><a href=\"https:\/\/www.ufsm.br\/app\/uploads\/sites\/528\/2023\/09\/IV-SIPPGAUP_Template_Apresentacao.pptx\" target=\"_blank\" rel=\"noopener\"> de<\/a><a href=\"https:\/\/www.ufsm.br\/app\/uploads\/sites\/528\/2023\/09\/IV-SIPPGAUP_Template_Apresentacao.pptx\" target=\"_blank\" rel=\"noopener\"> apresenta\u00e7\u00e3o<\/a><\/p><\/div>\n\t\t\t\t<\/div>\n\t\t\t\t\t\t\t<div class=\"elementor-toggle-item\">\n\t\t\t\t\t<div id=\"elementor-tab-title-1693\" class=\"elementor-tab-title\" data-tab=\"3\" role=\"button\" aria-controls=\"elementor-tab-content-1693\" aria-expanded=\"false\">\n\t\t\t\t\t\t\t\t\t\t\t\t<span class=\"elementor-toggle-icon elementor-toggle-icon-left\" aria-hidden=\"true\">\n\t\t\t\t\t\t\t\t\t\t\t\t\t\t\t<span class=\"elementor-toggle-icon-closed\"><i class=\"fas fa-caret-right\"><\/i><\/span>\n\t\t\t\t\t\t\t\t<span class=\"elementor-toggle-icon-opened\"><i class=\"elementor-toggle-icon-opened fas fa-caret-up\"><\/i><\/span>\n\t\t\t\t\t\t\t\t\t\t\t\t\t<\/span>\n\t\t\t\t\t\t\t\t\t\t\t\t<a class=\"elementor-toggle-title\" tabindex=\"0\">Semin\u00e1rio e Mesa Redonda - 2023 - Experi\u00eancias na P\u00f3s-Gradua\u00e7\u00e3o UFSM e Planejamento Estrat\u00e9gico PPGAUP<\/a>\n\t\t\t\t\t<\/div>\n\n\t\t\t\t\t<div id=\"elementor-tab-content-1693\" class=\"elementor-tab-content elementor-clearfix\" data-tab=\"3\" role=\"region\" aria-labelledby=\"elementor-tab-title-1693\"><p><img fetchpriority=\"high\" decoding=\"async\" class=\"aligncenter wp-image-1753 size-medium\" src=\"https:\/\/www.ufsm.br\/app\/uploads\/sites\/528\/2023\/01\/Seminario-2022-212x300.jpg\" alt=\"\" width=\"212\" height=\"300\" \/><\/p><\/div>\n\t\t\t\t<\/div>\n\t\t\t\t\t\t\t<div class=\"elementor-toggle-item\">\n\t\t\t\t\t<div id=\"elementor-tab-title-1694\" class=\"elementor-tab-title\" data-tab=\"4\" role=\"button\" aria-controls=\"elementor-tab-content-1694\" aria-expanded=\"false\">\n\t\t\t\t\t\t\t\t\t\t\t\t<span class=\"elementor-toggle-icon elementor-toggle-icon-left\" aria-hidden=\"true\">\n\t\t\t\t\t\t\t\t\t\t\t\t\t\t\t<span class=\"elementor-toggle-icon-closed\"><i class=\"fas fa-caret-right\"><\/i><\/span>\n\t\t\t\t\t\t\t\t<span class=\"elementor-toggle-icon-opened\"><i class=\"elementor-toggle-icon-opened fas fa-caret-up\"><\/i><\/span>\n\t\t\t\t\t\t\t\t\t\t\t\t\t<\/span>\n\t\t\t\t\t\t\t\t\t\t\t\t<a class=\"elementor-toggle-title\" tabindex=\"0\">III Semin\u00e1rio de Integra\u00e7\u00e3o PPGAUP - SIPPGAUP 2022<\/a>\n\t\t\t\t\t<\/div>\n\n\t\t\t\t\t<div id=\"elementor-tab-content-1694\" class=\"elementor-tab-content elementor-clearfix\" data-tab=\"4\" role=\"region\" aria-labelledby=\"elementor-tab-title-1694\"><p>O III Semin\u00e1rio de Integra\u00e7\u00e3o do PPGAUP ocorreu de 07 a 11 de novembro de 2022<\/p>\n<p class=\"page-header first-page-header\"><span style=\"color: #0000ff\"><strong><a style=\"color: #0000ff\" href=\"http:\/\/repositorio.ufsm.br\/handle\/1\/32185\" target=\"_blank\" rel=\"noopener\">Anais do III Semin\u00e1rio de Integra\u00e7\u00e3o PPGAUP UFSM &#8211; 2022<\/a><\/strong><\/span><\/p>\n<ul>\n<li style=\"text-align: left\"><strong><a href=\"https:\/\/www.ufsm.br\/app\/uploads\/sites\/528\/2022\/11\/Seminario-site.jpg\">Aconteceu &#8211; Veja aqui<\/a><\/strong><\/li>\n<li><a href=\"https:\/\/www.ufsm.br\/app\/uploads\/sites\/528\/2022\/10\/Edital-III-Seminario-Integrado-PPGAUP.docx.pdf\"><strong>Edital\u00a0<\/strong><\/a><\/li>\n<li><strong><a href=\"https:\/\/www.ufsm.br\/app\/uploads\/sites\/528\/2022\/10\/Cronograma-Seminario-PPGAUP-2.pdf\">Cronograma\u00a0<\/a><\/strong><\/li>\n<li><strong><a href=\"https:\/\/www.ufsm.br\/app\/uploads\/sites\/528\/2022\/10\/FOLDER-SEMINARIO-PPGAUP.pdf\">Folder<\/a>\u00a0 \u00a0 &gt; <a href=\"https:\/\/www.ufsm.br\/app\/uploads\/sites\/528\/2022\/10\/SEMINARIO-SEGUNDA.jpg\">Segunda<\/a>\u00a0&gt; <a href=\"https:\/\/www.ufsm.br\/app\/uploads\/sites\/528\/2022\/10\/SEMINARIO-TERCA.jpg\">Ter\u00e7a<\/a>\u00a0 &gt; <a href=\"https:\/\/www.ufsm.br\/app\/uploads\/sites\/528\/2022\/10\/SEMINARIO-QUINTA.png\">Quinta<\/a> M\u00a0 &gt; <a href=\"https:\/\/www.ufsm.br\/app\/uploads\/sites\/528\/2022\/10\/SEMINARIO-QUINTA-TARDE.png\">Quinta T<\/a><\/strong><\/li>\n<\/ul><\/div>\n\t\t\t\t<\/div>\n\t\t\t\t\t\t\t<div class=\"elementor-toggle-item\">\n\t\t\t\t\t<div id=\"elementor-tab-title-1695\" class=\"elementor-tab-title\" data-tab=\"5\" role=\"button\" aria-controls=\"elementor-tab-content-1695\" aria-expanded=\"false\">\n\t\t\t\t\t\t\t\t\t\t\t\t<span class=\"elementor-toggle-icon elementor-toggle-icon-left\" aria-hidden=\"true\">\n\t\t\t\t\t\t\t\t\t\t\t\t\t\t\t<span class=\"elementor-toggle-icon-closed\"><i class=\"fas fa-caret-right\"><\/i><\/span>\n\t\t\t\t\t\t\t\t<span class=\"elementor-toggle-icon-opened\"><i class=\"elementor-toggle-icon-opened fas fa-caret-up\"><\/i><\/span>\n\t\t\t\t\t\t\t\t\t\t\t\t\t<\/span>\n\t\t\t\t\t\t\t\t\t\t\t\t<a class=\"elementor-toggle-title\" tabindex=\"0\">II Semin\u00e1rio de Integra\u00e7\u00e3o PPGAUP - SIPPGAUP 2021<\/a>\n\t\t\t\t\t<\/div>\n\n\t\t\t\t\t<div id=\"elementor-tab-content-1695\" class=\"elementor-tab-content elementor-clearfix\" data-tab=\"5\" role=\"region\" aria-labelledby=\"elementor-tab-title-1695\"><p>O II Semin\u00e1rio de Integra\u00e7\u00e3o do PPGAUP ocorreu no per\u00edodo de 14 a 20 de outubro de 2021<\/p>\n<p><strong><span style=\"color: #0000ff\"><a style=\"color: #0000ff\" href=\"http:\/\/repositorio.ufsm.br\/handle\/1\/32184\" target=\"_blank\" rel=\"noopener\">Anais do II Semin\u00e1rio de Integra\u00e7\u00e3o PPGAUP UFSM Santa Maria &#8211; 2021<\/a><\/span><\/strong><\/p>\n<ul>\n<li><strong><a href=\"https:\/\/www.ufsm.br\/app\/uploads\/sites\/528\/2021\/08\/Banner-principal.jpg\">Folder <\/a><\/strong><\/li>\n<li>Inscri\u00e7\u00f5es para ouvintes e participantes: \u00a0<a style=\"font-size: inherit\" href=\"https:\/\/bit.ly\/ppgaup\">https:\/\/bit.ly\/ppgaup<\/a><br \/>\u00a0 \u00a0 \u00a0 \u00a0 \u00a0 \u00a0 Edital: \u00a0<a style=\"font-size: inherit\" href=\"https:\/\/bit.ly\/editalppgaup\">https:\/\/bit.ly\/editalppgaup<\/a><\/li>\n<li>Palestrantes:<br \/>\n<ul class=\"my-3\">\n<li><a href=\"http:\/\/Palestrantes: Anexos Dia 14\/10 prof. Dr. Fabio Mariz Gon\u00e7alves (arquivo jpeg, 294 KB) Dia 15\/10 prof. Dr. Roberto Antonio Martins (arquivo jpeg, 264 KB) Dia18\/10 profa. Dra. Luciana B. Martins Schenk (arquivo png, 253 KB) Dia 19\/10 prof. Douglas E. Deicke Heidtmann Jr. (arquivo jpeg, 264 KB)\" data-wplink-url-error=\"true\">Dia 14\/10 prof. Dr. Fabio Mariz Gon\u00e7alves<\/a> (arquivo jpeg, 294 KB)<\/li>\n<\/ul>\n<ul class=\"my-3\">\n<li><a href=\"https:\/\/www.ufsm.br\/app\/uploads\/sites\/528\/2021\/09\/prof-Roberto_15_10_PB.jpg\" target=\"_blank\" rel=\"noopener\">\u00a0Dia 15\/10 prof. Dr. Roberto Antonio Martins (arquivo jpeg, 264 KB)<\/a><\/li>\n<\/ul>\n<ul class=\"my-3\">\n<li><a href=\"https:\/\/www.ufsm.br\/app\/uploads\/sites\/528\/2021\/09\/Profa-LuciaCartaz_18_10_PB.png\" target=\"_blank\" rel=\"noopener\">\u00a0Dia18\/10 profa. Dra. Luciana B. Martins Schenk (arquivo png, 253 KB)<\/a><\/li>\n<\/ul>\n<ul class=\"my-3\">\n<li><a href=\"https:\/\/www.ufsm.br\/app\/uploads\/sites\/528\/2021\/09\/prof-DouglasCartaz_19_10_PB.jpg\" target=\"_blank\" rel=\"noopener\">\u00a0Dia 19\/10 prof. Douglas E. Deicke Heidtmann Jr. (arquivo jpeg, 264 KB)<\/a><\/li>\n<\/ul>\n<\/li>\n<\/ul><\/div>\n\t\t\t\t<\/div>\n\t\t\t\t\t\t\t<div class=\"elementor-toggle-item\">\n\t\t\t\t\t<div id=\"elementor-tab-title-1696\" class=\"elementor-tab-title\" data-tab=\"6\" role=\"button\" aria-controls=\"elementor-tab-content-1696\" aria-expanded=\"false\">\n\t\t\t\t\t\t\t\t\t\t\t\t<span class=\"elementor-toggle-icon elementor-toggle-icon-left\" aria-hidden=\"true\">\n\t\t\t\t\t\t\t\t\t\t\t\t\t\t\t<span class=\"elementor-toggle-icon-closed\"><i class=\"fas fa-caret-right\"><\/i><\/span>\n\t\t\t\t\t\t\t\t<span class=\"elementor-toggle-icon-opened\"><i class=\"elementor-toggle-icon-opened fas fa-caret-up\"><\/i><\/span>\n\t\t\t\t\t\t\t\t\t\t\t\t\t<\/span>\n\t\t\t\t\t\t\t\t\t\t\t\t<a class=\"elementor-toggle-title\" tabindex=\"0\">I Semin\u00e1rio de Integra\u00e7\u00e3o PPGAUP - SIPPGAUP 2019<\/a>\n\t\t\t\t\t<\/div>\n\n\t\t\t\t\t<div id=\"elementor-tab-content-1696\" class=\"elementor-tab-content elementor-clearfix\" data-tab=\"6\" role=\"region\" aria-labelledby=\"elementor-tab-title-1696\"><ul>\n<li><a href=\"https:\/\/repositorio.ufsm.br\/handle\/1\/19925\" target=\"_blank\" rel=\"noopener\"><span style=\"color: #0000ff\">Anais do I Semin\u00e1rio de Integra\u00e7\u00e3o PPGAUP &#8211; UFSM (2019)<\/span><\/a><\/li>\n<li><span style=\"color: #0000ff\"><a style=\"color: #0000ff\" href=\"https:\/\/www.ufsm.br\/cursos\/pos-graduacao\/santa-maria\/ppgaup\/wp-content\/uploads\/sites\/528\/2020\/03\/Semin\u00e1rio_I_Folder_1-convertido.pdf\" target=\"_blank\" rel=\"noopener noreferrer\">Folder\u00a0<\/a><\/span><\/li>\n<li><span style=\"color: #0000ff\"><a style=\"color: #0000ff\" href=\"https:\/\/www.ufsm.br\/cursos\/pos-graduacao\/santa-maria\/ppgaup\/wp-content\/uploads\/sites\/528\/2020\/03\/Semin\u00e1rio_I_Programa\u00e7\u00e3o.pdf\" target=\"_blank\" rel=\"noopener noreferrer\">Programa\u00e7\u00e3o<\/a><\/span><\/li>\n<\/ul>\n<p>Os certificados de participa\u00e7\u00e3o (ouvinte) e apresenta\u00e7\u00e3o de trabalho do I Semin\u00e1rio de Integra\u00e7\u00e3o PPGAUP UFSM est\u00e3o dispon\u00edveis para download no Portal de Certificados da UFSM. Para acess\u00e1-los basta digitar o nome completo em: <a href=\"https:\/\/portal.ufsm.br\/certificados\/mainMenu.html\" target=\"_blank\" rel=\"noopener\">Certificados WEB<\/a><\/p>\n<ul>\n<li>Apresenta\u00e7\u00f5es dispon\u00edveis no link <a href=\"https:\/\/drive.google.com\/drive\/folders\/1OIXkIj8Eb72eSp71gbjAHlBr_dv8BHX9\" target=\"_blank\" rel=\"noopener noreferrer\">aqui<\/a><\/li>\n<li>Avalia\u00e7\u00e3o do evento dispon\u00edvel no link <a style=\"font-size: inherit\" href=\"https:\/\/docs.google.com\/forms\/d\/e\/1FAIpQLSfzspJrVQ9oLWNCR5jumxfiVPdzUwEAt9jHDQvJ8svE4zw3XQ\/viewform?fbclid=IwAR3NRfvglFSvvlm27j608gdUD5-RsNT4jA6Sl48d1WDkhypUc7BT_Cw1uh8\" target=\"_blank\" rel=\"noopener noreferrer\">aqui<\/a><span style=\"font-size: inherit\">\u00a0<\/span><\/li>\n<\/ul><\/div>\n\t\t\t\t<\/div>\n\t\t\t\t\t\t\t\t<\/div>\n\t\t\t\t<\/div>\n\t\t\t\t<\/div>\n\t\t\t\t\t<\/div>\n\t\t<\/div>\n\t\t\t\t\t<\/div>\n\t\t<\/section>\n\t\t\t\t<\/div>\n\t\t","protected":false},"excerpt":{"rendered":"<p>O Semin\u00e1rio de Integra\u00e7\u00e3o \u00e9 um evento anual e realizado pelo Programa de P\u00f3s-Gradua\u00e7\u00e3o em Arquitetura, Urbanismo e Paisagismo (PPGAUP) da Universidade Federal de Santa Maria (UFSM). Como objetivo geral, o Semin\u00e1rio visa a reflex\u00e3o sobre o conhecimento gerado no \u00e2mbito do PPGAUP e o compartilhamento de informa\u00e7\u00f5es, ideias, metodologias cient\u00edficas e o debate entre [&hellip;]<\/p>\n","protected":false},"author":883,"featured_media":0,"parent":0,"menu_order":0,"comment_status":"closed","ping_status":"closed","template":"","meta":{"footnotes":""},"categories":[],"tags":[],"class_list":["post-2118","page","type-page","status-publish","hentry"],"acf":[],"_links":{"self":[{"href":"https:\/\/www.ufsm.br\/cursos\/pos-graduacao\/santa-maria\/ppgaup\/wp-json\/wp\/v2\/pages\/2118","targetHints":{"allow":["GET"]}}],"collection":[{"href":"https:\/\/www.ufsm.br\/cursos\/pos-graduacao\/santa-maria\/ppgaup\/wp-json\/wp\/v2\/pages"}],"about":[{"href":"https:\/\/www.ufsm.br\/cursos\/pos-graduacao\/santa-maria\/ppgaup\/wp-json\/wp\/v2\/types\/page"}],"author":[{"embeddable":true,"href":"https:\/\/www.ufsm.br\/cursos\/pos-graduacao\/santa-maria\/ppgaup\/wp-json\/wp\/v2\/users\/883"}],"replies":[{"embeddable":true,"href":"https:\/\/www.ufsm.br\/cursos\/pos-graduacao\/santa-maria\/ppgaup\/wp-json\/wp\/v2\/comments?post=2118"}],"version-history":[{"count":0,"href":"https:\/\/www.ufsm.br\/cursos\/pos-graduacao\/santa-maria\/ppgaup\/wp-json\/wp\/v2\/pages\/2118\/revisions"}],"wp:attachment":[{"href":"https:\/\/www.ufsm.br\/cursos\/pos-graduacao\/santa-maria\/ppgaup\/wp-json\/wp\/v2\/media?parent=2118"}],"wp:term":[{"taxonomy":"category","embeddable":true,"href":"https:\/\/www.ufsm.br\/cursos\/pos-graduacao\/santa-maria\/ppgaup\/wp-json\/wp\/v2\/categories?post=2118"},{"taxonomy":"post_tag","embeddable":true,"href":"https:\/\/www.ufsm.br\/cursos\/pos-graduacao\/santa-maria\/ppgaup\/wp-json\/wp\/v2\/tags?post=2118"}],"curies":[{"name":"wp","href":"https:\/\/api.w.org\/{rel}","templated":true}]}}