{"id":2467,"date":"2025-02-04T12:58:46","date_gmt":"2025-02-04T15:58:46","guid":{"rendered":"https:\/\/www.ufsm.br\/cursos\/pos-graduacao\/santa-maria\/ppgaup\/?page_id=2467"},"modified":"2025-02-17T11:19:49","modified_gmt":"2025-02-17T14:19:49","slug":"livros-e-books","status":"publish","type":"page","link":"https:\/\/www.ufsm.br\/cursos\/pos-graduacao\/santa-maria\/ppgaup\/livros-e-books","title":{"rendered":"Livros (E-books)"},"content":{"rendered":"\t\t<div data-elementor-type=\"wp-page\" data-elementor-id=\"2467\" class=\"elementor elementor-2467\">\n\t\t\t\t\t\t<section class=\"elementor-section elementor-top-section elementor-element elementor-element-6284f41 elementor-section-boxed elementor-section-height-default elementor-section-height-default\" data-id=\"6284f41\" data-element_type=\"section\">\n\t\t\t\t\t\t<div class=\"elementor-container elementor-column-gap-default\">\n\t\t\t\t\t<div class=\"elementor-column elementor-col-50 elementor-top-column elementor-element elementor-element-19f9a71\" data-id=\"19f9a71\" data-element_type=\"column\">\n\t\t\t<div class=\"elementor-widget-wrap elementor-element-populated\">\n\t\t\t\t\t\t<div class=\"elementor-element elementor-element-d9e1eb0 elementor-widget elementor-widget-image\" data-id=\"d9e1eb0\" data-element_type=\"widget\" data-widget_type=\"image.default\">\n\t\t\t\t<div class=\"elementor-widget-container\">\n\t\t\t\t\t\t\t\t\t\t\t\t\t\t<a href=\"https:\/\/repositorio.ufsm.br\/handle\/1\/34153\" target=\"_blank\">\n\t\t\t\t\t\t\t<img fetchpriority=\"high\" decoding=\"async\" width=\"526\" height=\"742\" src=\"https:\/\/www.ufsm.br\/app\/uploads\/sites\/528\/2025\/02\/PPGAUP-UFSM-5-anos-de-Historia.jpg\" class=\"attachment-large size-large wp-image-2480\" alt=\"\" srcset=\"https:\/\/www.ufsm.br\/app\/uploads\/sites\/528\/2025\/02\/PPGAUP-UFSM-5-anos-de-Historia.jpg 526w, https:\/\/www.ufsm.br\/app\/uploads\/sites\/528\/2025\/02\/PPGAUP-UFSM-5-anos-de-Historia-213x300.jpg 213w\" sizes=\"(max-width: 526px) 100vw, 526px\" \/>\t\t\t\t\t\t\t\t<\/a>\n\t\t\t\t\t\t\t\t\t\t\t\t\t<\/div>\n\t\t\t\t<\/div>\n\t\t\t\t\t<\/div>\n\t\t<\/div>\n\t\t\t\t<div class=\"elementor-column elementor-col-50 elementor-top-column elementor-element elementor-element-6c6a747\" data-id=\"6c6a747\" data-element_type=\"column\">\n\t\t\t<div class=\"elementor-widget-wrap elementor-element-populated\">\n\t\t\t\t\t\t<div class=\"elementor-element elementor-element-8aeab1f elementor-widget__width-initial elementor-widget elementor-widget-text-editor\" data-id=\"8aeab1f\" data-element_type=\"widget\" data-widget_type=\"text-editor.default\">\n\t\t\t\t<div class=\"elementor-widget-container\">\n\t\t\t\t\t\t\t<h4 class=\"page-header first-page-header\"><a href=\"https:\/\/repositorio.ufsm.br\/handle\/1\/34153\" target=\"_blank\" rel=\"noopener\"><em>PPGAUP UFSM: 5 anos de hist\u00f3ria<\/em><\/a><\/h4>\n<p style=\"text-align: justify\">Este e-book celebra o marco significativo dos primeiros cinco anos do PPGAUP UFSM, o Programa de P\u00f3s-Gradua\u00e7\u00e3o em Arquitetura, Urbanismo e Paisagismo da Universidade Federal de Santa Maria, de 2018 a 2023. Tem-se como intuito documentar e compartilhar as principais conquistas do PPGAUP e o desenvolvimento cont\u00ednuo do programa desde sua cria\u00e7\u00e3o. apresenta\u00e7\u00e3o Ser\u00e3o apresentadas as informa\u00e7\u00f5es sobre o PPGAUP, como a localiza\u00e7\u00e3o das atividades, a coordena\u00e7\u00e3o, o corpo docente e as linhas de pesquisa desenvolvidas, al\u00e9m das pesquisas realizadas pelos egressos, os grupos acad\u00eamicos e os laborat\u00f3rios que comp\u00f5em o ambiente de aprendizado e inova\u00e7\u00e3o do programa. A concep\u00e7\u00e3o deste e-book foi um trabalho colaborativo da equipe editorial composta por docentes e discentes comprometidos em fornecer um panorama abrangente e inspirador do PPGAUP. Esperamos que essa publica\u00e7\u00e3o n\u00e3o s\u00f3 documente nosso passado, mas tamb\u00e9m inspire futuros pesquisadores e estudantes a contribuir com os avan\u00e7os na Arquitetura, no Urbanismo e no Paisagismo.<\/p>\t\t\t\t\t\t<\/div>\n\t\t\t\t<\/div>\n\t\t\t\t\t<\/div>\n\t\t<\/div>\n\t\t\t\t\t<\/div>\n\t\t<\/section>\n\t\t\t\t<\/div>\n\t\t","protected":false},"excerpt":{"rendered":"<p>PPGAUP UFSM: 5 anos de hist\u00f3ria Este e-book celebra o marco significativo dos primeiros cinco anos do PPGAUP UFSM, o Programa de P\u00f3s-Gradua\u00e7\u00e3o em Arquitetura, Urbanismo e Paisagismo da Universidade Federal de Santa Maria, de 2018 a 2023. Tem-se como intuito documentar e compartilhar as principais conquistas do PPGAUP e o desenvolvimento cont\u00ednuo do programa [&hellip;]<\/p>\n","protected":false},"author":883,"featured_media":0,"parent":0,"menu_order":0,"comment_status":"closed","ping_status":"closed","template":"","meta":{"footnotes":""},"categories":[],"tags":[],"class_list":["post-2467","page","type-page","status-publish","hentry"],"acf":[],"_links":{"self":[{"href":"https:\/\/www.ufsm.br\/cursos\/pos-graduacao\/santa-maria\/ppgaup\/wp-json\/wp\/v2\/pages\/2467","targetHints":{"allow":["GET"]}}],"collection":[{"href":"https:\/\/www.ufsm.br\/cursos\/pos-graduacao\/santa-maria\/ppgaup\/wp-json\/wp\/v2\/pages"}],"about":[{"href":"https:\/\/www.ufsm.br\/cursos\/pos-graduacao\/santa-maria\/ppgaup\/wp-json\/wp\/v2\/types\/page"}],"author":[{"embeddable":true,"href":"https:\/\/www.ufsm.br\/cursos\/pos-graduacao\/santa-maria\/ppgaup\/wp-json\/wp\/v2\/users\/883"}],"replies":[{"embeddable":true,"href":"https:\/\/www.ufsm.br\/cursos\/pos-graduacao\/santa-maria\/ppgaup\/wp-json\/wp\/v2\/comments?post=2467"}],"version-history":[{"count":0,"href":"https:\/\/www.ufsm.br\/cursos\/pos-graduacao\/santa-maria\/ppgaup\/wp-json\/wp\/v2\/pages\/2467\/revisions"}],"wp:attachment":[{"href":"https:\/\/www.ufsm.br\/cursos\/pos-graduacao\/santa-maria\/ppgaup\/wp-json\/wp\/v2\/media?parent=2467"}],"wp:term":[{"taxonomy":"category","embeddable":true,"href":"https:\/\/www.ufsm.br\/cursos\/pos-graduacao\/santa-maria\/ppgaup\/wp-json\/wp\/v2\/categories?post=2467"},{"taxonomy":"post_tag","embeddable":true,"href":"https:\/\/www.ufsm.br\/cursos\/pos-graduacao\/santa-maria\/ppgaup\/wp-json\/wp\/v2\/tags?post=2467"}],"curies":[{"name":"wp","href":"https:\/\/api.w.org\/{rel}","templated":true}]}}