{"id":2559,"date":"2025-03-25T12:30:00","date_gmt":"2025-03-25T15:30:00","guid":{"rendered":"https:\/\/www.ufsm.br\/cursos\/pos-graduacao\/santa-maria\/ppgaup\/?page_id=2559"},"modified":"2025-12-23T11:21:16","modified_gmt":"2025-12-23T14:21:16","slug":"historico","status":"publish","type":"page","link":"https:\/\/www.ufsm.br\/cursos\/pos-graduacao\/santa-maria\/ppgaup\/historico","title":{"rendered":"Hist\u00f3rico"},"content":{"rendered":"\n<p style=\"text-align: justify\">O Programa de P\u00f3s-Gradua\u00e7\u00e3o em Arquitetura, Urbanismo e Paisagismo da UFSM (PPGAUP) foi criado em 2017 e insere-se em um contexto regional visando o atendimento de uma demanda de profissionais arquitetos e urbanistas, engenheiros civis, ac\u00fasticos e de produ\u00e7\u00e3o, ge\u00f3grafos, agr\u00f4nomos e desenhistas industriais provindos principalmente da regi\u00e3o de influ\u00eancia da UFSM, a partir da forma\u00e7\u00e3o continuada fundamentada na sustentabilidade do ambiente constru\u00eddo.<\/p>\n<p style=\"text-align: justify\">O curso stricto sensu em Arquitetura e Urbanismo integra o Col\u00e9gio de Humanidades da Capes na grande \u00e1rea de conhecimento das Ci\u00eancias Sociais Aplicadas, a qual tamb\u00e9m engloba Direito P\u00fablico, Pol\u00edtica e Planejamento Governamentais, Economia Urbana, Pol\u00edtica Urbana, Administra\u00e7\u00e3o Municipal e Urbana, Estudos da Habita\u00e7\u00e3o, Distribui\u00e7\u00e3o Espacial Urbana, Desenho Industrial, dentre outras sub\u00e1reas com forte interface com a Arquitetura e o Urbanismo. Al\u00e9m dessa \u00e1rea, as Engenharias (Engenharia Civil e Engenharia Sanit\u00e1ria) e as Ci\u00eancias Exatas e da Terra (Geoci\u00eancias) tamb\u00e9m possuem forte interface com a Arquitetura e o Urbanismo. Percebe-se que a diversifica\u00e7\u00e3o da forma\u00e7\u00e3o do corpo docente tem o potencial de qualificar as pesquisas desenvolvidas pelo programa e seus egressos. H\u00e1 in\u00fameras possibilidades de integra\u00e7\u00e3o atrav\u00e9s da multidisciplinaridade e interdisciplinaridade em termos da constru\u00e7\u00e3o do conhecimento t\u00e9cnico-cient\u00edfico. Existem diversos princ\u00edpios norteadores, horizontes, escalas e linhas de atua\u00e7\u00e3o comuns aos campos te\u00f3ricos e pr\u00e1ticos dessas \u00e1reas aplic\u00e1veis ao planejamento e ao projeto do ambiente constru\u00eddo (espa\u00e7os livres e edificados), que incluem inova\u00e7\u00e3o tecnol\u00f3gica e sustentabilidade, que podem ser explorados na constru\u00e7\u00e3o do saber de profissionais. Dessa forma, fica evidente a import\u00e2ncia da interdisciplinaridade para a qualifica\u00e7\u00e3o dos profissionais arquitetos e urbanistas em n\u00edvel de gradua\u00e7\u00e3o e p\u00f3s-gradua\u00e7\u00e3o, um dos pilares que fundamentam o PPGAUP.<\/p>\n<p style=\"text-align: justify\">Um dos eixos norteadores da UFSM, como consta em seu <a href=\"https:\/\/www.ufsm.br\/pro-reitorias\/proplan\/pdi\" target=\"_blank\" rel=\"noopener\"><span style=\"color: #0000ff\">Plano de Desenvolvimento Institucional (PDI)<\/span><\/a>, \u00e9 a inova\u00e7\u00e3o e a sustentabilidade. Este eixo baseia-se na prerrogativa de que as universidades devem ser precursoras do desenvolvimento social e estar comprometidas com a constru\u00e7\u00e3o de uma sociedade mais justa. A sua finalidade \u00e9 buscar o incremento da capacidade de lideran\u00e7a da UFSM para a inova\u00e7\u00e3o cient\u00edfica e tecnol\u00f3gica, assim como para a difus\u00e3o e sedimenta\u00e7\u00e3o dos conhecimentos e tecnologias na sociedade. Prev\u00ea o est\u00edmulo ao desenvolvimento de projetos e a\u00e7\u00f5es alinhados com o contexto da sustentabilidade, nas dimens\u00f5es social, ambiental, cultural e econ\u00f4mica e tamb\u00e9m em outras dimens\u00f5es relacionadas \u00e0 identidade das diversas \u00e1reas de atua\u00e7\u00e3o da Institui\u00e7\u00e3o. O PPGAUP tamb\u00e9m se fundamenta nesse importante pilar preconizado pela institui\u00e7\u00e3o que o aninha.<\/p>\n<p style=\"text-align: justify\">Baseando-se nessas premissas, a \u00e1rea de concentra\u00e7\u00e3o definida para o programa busca abordar a sustentabilidade em suas v\u00e1rias dimens\u00f5es que tangem a Arquitetura, o Urbanismo e o Paisagismo, dentro de uma vis\u00e3o multidisciplinar e interdisciplinar, fundamentais para atingir a sustentabilidade da sociedade e do ambiente constru\u00eddo. A \u00e1rea de concentra\u00e7\u00e3o delineada busca a integra\u00e7\u00e3o de diversos conhecimentos imprescind\u00edveis para a forma\u00e7\u00e3o de profissionais que atuam na constru\u00e7\u00e3o civil. Este \u00e9 o motivo pelo qual sua equipe de professores tende a ser conformada por pesquisadores oriundos de diversas forma\u00e7\u00f5es, como pode ser visto mais adiante, na apresenta\u00e7\u00e3o do corpo docente.<\/p>\n<p style=\"text-align: justify\">O PPGAUP nasceu dentro do Curso de Arquitetura e Urbanismo (CAU) da UFSM, situado no campus Sede em Santa Maria. O CAU foi fundado em 1993 e, desde ent\u00e3o, desenvolve projetos de ensino, pesquisa e extens\u00e3o nas \u00e1reas da Arquitetura, Urbanismo e Paisagismo, bem como em Planejamento Urbano e Regional. O CAU conta com a participa\u00e7\u00e3o de professores de diferentes forma\u00e7\u00f5es, al\u00e9m da Arquitetura e Urbanismo, como economistas, ge\u00f3grafos, engenheiros, advogados, dentre outros.<\/p>\n<p style=\"text-align: justify\">A partir de 2002, uma s\u00e9rie de semin\u00e1rios de discuss\u00e3o sobre os resultados atingidos no per\u00edodo resultaram na reestrutura\u00e7\u00e3o do CAU com um novo curr\u00edculo implantado a partir de 2006, atualmente j\u00e1 revisto, com nova vers\u00e3o implantada a partir de 2018. A reestrutura\u00e7\u00e3o de 2006 previu a cria\u00e7\u00e3o de uma p\u00f3s-gradua\u00e7\u00e3o, apoiada em projetos de pesquisa, extens\u00e3o e ensino de professores vinculados ao curso, bem como no potencial latente do corpo docente que conta com 11 doutores e 2 em processo de finaliza\u00e7\u00e3o do doutorado. A UFSM possui tamb\u00e9m um curso de Arquitetura e Urbanismo em seu campus de Cachoeira do Sul, fundado em 2014. Desde ent\u00e3o, este novo curso tem a participa\u00e7\u00e3o de doutores, o que refor\u00e7a a disponibilidade de pessoal com potencial para atuar na p\u00f3s-gradua\u00e7\u00e3o. Al\u00e9m desses professores, agregam-se docentes de outros departamentos como o de Geoci\u00eancias, Estruturas e Constru\u00e7\u00e3o Civil, Express\u00e3o Gr\u00e1fica e Direito, coadunando-se ao pilar que busca a inter-rela\u00e7\u00e3o da arquitetura com outras \u00e1reas de conhecimento, tais como aqueles com forma\u00e7\u00e3o em Engenharia Civil, Engenharia Agr\u00f4noma, Geografia e Desenho Industrial.<\/p>\n<p style=\"text-align: justify\">O PPGAUP foi criado pautando-se na integra\u00e7\u00e3o desses potenciais professores. Seu corpo docente era composto por professores de diferentes \u00e1reas de conhecimento, como a Geografia, a Engenharia Civil, o Desenho Industrial e Agronomia, n\u00e3o apenas pesquisadores de Arquitetura e Urbanismo. Atualmente tamb\u00e9m conta com professores dos cursos de Engenharia Ac\u00fastica e Engenharia de Produ\u00e7\u00e3o da UFSM.<\/p>\n<p style=\"text-align: justify\">Desde sua funda\u00e7\u00e3o, o PPGAUP passou por quatro gest\u00f5es de coordena\u00e7\u00e3o, visando aprimorar sua estrutura acad\u00eamica e pedag\u00f3gica:<\/p>\n<ol>\n<li style=\"text-align: justify\">Primeira Gest\u00e3o (2018-2019):\n<ul>\n<li>Coordenadora: Profa. Giane de Campos Grigoletti<\/li>\n<li>Coordenador Substituto: Prof. Luis Guilherme Aita Pippi<\/li>\n<\/ul>\n<\/li>\n<li>Segunda Gest\u00e3o (2020-2021):\n<ul>\n<li>Coordenador: Prof. Luis Guilherme Aita Pippi<\/li>\n<li>Coordenadora Substituta: Profa. Giane de Campos Grigoletti<\/li>\n<\/ul>\n<\/li>\n<li>Terceira Gest\u00e3o (2022-2023):\n<ul>\n<li>Coordenadora: Profa. Vanessa Goulart Dorneles<\/li>\n<li>Coordenadora Substituta (2022): Profa. Josicler Orbem Alberton<\/li>\n<li>Coordenadora Substituta (2023): Profa. Isis Portolan dos Santos<\/li>\n<\/ul>\n<\/li>\n<li>Quarta Gest\u00e3o (2024 &#8211; 2025):\n<ul>\n<li>Coordenadora: Profa. Vanessa Goulart Dorneles<\/li>\n<li>Coordenadora Substituta: Profa. Isis Portolan dos Santos<\/li>\n<\/ul>\n<\/li>\n<li>Quarta Gest\u00e3o (2025 &#8211; atual):\n<ul>\n<li>Coordenador: Prof. Felipe Lu\u00eds Palombini<\/li>\n<li>Coordenadora Substituta: Profa. Isis Portolan dos Santos (at\u00e9 12\/2025)<\/li>\n<li>Coordenadora Substituta: Profa. Mariana Kuhl Cidade (a partir de 12\/2025)<\/li>\n<\/ul>\n<\/li>\n<\/ol>\n","protected":false},"excerpt":{"rendered":"<p>O Programa de P\u00f3s-Gradua\u00e7\u00e3o em Arquitetura, Urbanismo e Paisagismo da UFSM (PPGAUP) foi criado em 2017 e insere-se em um contexto regional visando o atendimento de uma demanda de profissionais arquitetos e urbanistas, engenheiros civis, ac\u00fasticos e de produ\u00e7\u00e3o, ge\u00f3grafos, agr\u00f4nomos e desenhistas industriais provindos principalmente da regi\u00e3o de influ\u00eancia da UFSM, a partir da [&hellip;]<\/p>\n","protected":false},"author":883,"featured_media":0,"parent":0,"menu_order":0,"comment_status":"closed","ping_status":"closed","template":"","meta":{"footnotes":""},"categories":[],"tags":[],"class_list":["post-2559","page","type-page","status-publish","hentry"],"acf":[],"_links":{"self":[{"href":"https:\/\/www.ufsm.br\/cursos\/pos-graduacao\/santa-maria\/ppgaup\/wp-json\/wp\/v2\/pages\/2559","targetHints":{"allow":["GET"]}}],"collection":[{"href":"https:\/\/www.ufsm.br\/cursos\/pos-graduacao\/santa-maria\/ppgaup\/wp-json\/wp\/v2\/pages"}],"about":[{"href":"https:\/\/www.ufsm.br\/cursos\/pos-graduacao\/santa-maria\/ppgaup\/wp-json\/wp\/v2\/types\/page"}],"author":[{"embeddable":true,"href":"https:\/\/www.ufsm.br\/cursos\/pos-graduacao\/santa-maria\/ppgaup\/wp-json\/wp\/v2\/users\/883"}],"replies":[{"embeddable":true,"href":"https:\/\/www.ufsm.br\/cursos\/pos-graduacao\/santa-maria\/ppgaup\/wp-json\/wp\/v2\/comments?post=2559"}],"version-history":[{"count":0,"href":"https:\/\/www.ufsm.br\/cursos\/pos-graduacao\/santa-maria\/ppgaup\/wp-json\/wp\/v2\/pages\/2559\/revisions"}],"wp:attachment":[{"href":"https:\/\/www.ufsm.br\/cursos\/pos-graduacao\/santa-maria\/ppgaup\/wp-json\/wp\/v2\/media?parent=2559"}],"wp:term":[{"taxonomy":"category","embeddable":true,"href":"https:\/\/www.ufsm.br\/cursos\/pos-graduacao\/santa-maria\/ppgaup\/wp-json\/wp\/v2\/categories?post=2559"},{"taxonomy":"post_tag","embeddable":true,"href":"https:\/\/www.ufsm.br\/cursos\/pos-graduacao\/santa-maria\/ppgaup\/wp-json\/wp\/v2\/tags?post=2559"}],"curies":[{"name":"wp","href":"https:\/\/api.w.org\/{rel}","templated":true}]}}