{"id":2600,"date":"2025-04-09T15:00:21","date_gmt":"2025-04-09T18:00:21","guid":{"rendered":"https:\/\/www.ufsm.br\/cursos\/pos-graduacao\/santa-maria\/ppgaup\/?page_id=2600"},"modified":"2025-04-09T15:00:22","modified_gmt":"2025-04-09T18:00:22","slug":"selecoes-para-bolsa-de-estudos-ate-2023","status":"publish","type":"page","link":"https:\/\/www.ufsm.br\/cursos\/pos-graduacao\/santa-maria\/ppgaup\/selecoes-para-bolsa-de-estudos-ate-2023","title":{"rendered":"Sele\u00e7\u00f5es para bolsa de estudos at\u00e9 2023:"},"content":{"rendered":"\n<p><strong>Editais de sele\u00e7\u00e3o para bolsa de estudos at\u00e9 2023:<\/strong><\/p>\n<header class=\"entry-header\"><a href=\"https:\/\/www.ufsm.br\/cursos\/pos-graduacao\/santa-maria\/ppgaup\/editais\/001-2023\" target=\"_blank\" rel=\"noopener\">Edital 001\/2023 \u2013 para 2023\/2\u00a0<\/a><a href=\"https:\/\/www.ufsm.br\/app\/uploads\/sites\/528\/2023\/07\/Deliberacao_n.-01_2023-Distribuicao_de_Bolsas_PPGAUP_-07.07.2023.pdf\">Delibera\u00e7\u00e3o 02\/2023 \u2013\u00a0\u00a0\u00a0<\/a>regulamenta os crit\u00e9rios de concess\u00e3o de bolsas de estudos no PPGAUP.<\/header><header><\/header><header><\/header><header><\/header><header class=\"entry-header\"><a href=\"https:\/\/www.ufsm.br\/app\/uploads\/sites\/528\/2022\/08\/EDITAL_SELECAO_BOLSISTA_agosto-versao-aprovada.pdf\">EDITAL 05 \u2013 2022\/2\u00a0<\/a><br \/><a href=\"https:\/\/www.ufsm.br\/app\/uploads\/sites\/528\/2022\/09\/Edital-005_2022_2-resultado.pdf\">\u2013 RESULTADO FINAL AP\u00d3S RECURSOS \u2013 EDITAL 05\/2022<\/a><br \/><a href=\"https:\/\/www.ufsm.br\/app\/uploads\/sites\/528\/2022\/09\/Memorando_bolsas.pdf\">\u2013 RESULTADO E CLASSIFICA\u00c7\u00c3O DO EDITAL 05\/2022 \u2013 PPGAUP<\/a><\/header><header><\/header><header><\/header>\n<div class=\"entry-content\"><header><header><\/header><header><a href=\"https:\/\/www.ufsm.br\/app\/uploads\/sites\/528\/2022\/02\/EDITAL-2022_1_SELECAO_BOLSISTA_fevereiro-22-comissao-1.pdf\" target=\"_blank\" rel=\"noopener\">EDITAL 04 \u2013 2022\/1<\/a><br \/><a href=\"https:\/\/www.ufsm.br\/app\/uploads\/sites\/528\/2022\/02\/Ata-002_2022_Comissao-de-Bolsas.pdf\" target=\"_blank\" rel=\"noopener\">\u2013 Resultado<\/a><br \/><a href=\"https:\/\/www.ufsm.br\/app\/uploads\/sites\/528\/2021\/08\/Edital-002-2021-Bolsas-Classificacao-final.pdf\" target=\"_blank\" rel=\"noopener\">\u2013 Classifica\u00e7\u00e3o Final\u00a0<\/a>(02\/08\/2021)<br \/><a href=\"https:\/\/www.ufsm.br\/app\/uploads\/sites\/528\/2021\/07\/Edital-002-2021-Bolsas-Classificacao-1.pdf\" target=\"_blank\" rel=\"noopener\">\u2013 Classifica\u00e7\u00e3o<\/a>\u00a0(30\/07\/2021)<br \/><a href=\"https:\/\/www.ufsm.br\/app\/uploads\/sites\/528\/2021\/07\/Homologacao-Inscricoes-Edital-02_2021a.pdf\">\u2013 Homologa\u00e7\u00e3o das Inscri\u00e7\u00f5es<\/a>\u00a0 (28\/07\/2021)<a href=\"https:\/\/www.ufsm.br\/app\/uploads\/sites\/528\/2021\/07\/EDITAL_SELECAO_BOLSISTA_2_2021_em_19_07.pdf\">Edital 02\/2021<\/a>\u00a0(20\/07\/2021)<br \/><a href=\"https:\/\/www.ufsm.br\/app\/uploads\/sites\/528\/2021\/07\/adendo-do-Edital-2021_2-PPGAUP.pdf\">\u2013 Adendo Edital<\/a><br \/><a href=\"https:\/\/www.ufsm.br\/app\/uploads\/sites\/528\/2021\/03\/ata-comissao-de-bolsas-02-2021-9.pdf\">\u2013 Resultado Edital 01\/2021<\/a>\u00a0(05\/03\/2021)<\/header><header><\/header><header><\/header><\/header>\n<section data-id=\"29538c04\"><\/section>\n<section data-id=\"29538c04\"><a href=\"https:\/\/www.ufsm.br\/cursos\/pos-graduacao\/santa-maria\/ppgaup\/wp-content\/uploads\/sites\/528\/2020\/03\/Edital-03-2020-Sele%C3%A7%C3%A3o-de-Candidatos-a-Bolsa-de-Mestrado.pdf\" target=\"_blank\" rel=\"noopener noreferrer\">Edital 03\/2020<\/a>; (10\/03\/2020)<br \/>\u2013\u00a0<a href=\"https:\/\/www.ufsm.br\/cursos\/pos-graduacao\/santa-maria\/ppgaup\/wp-content\/uploads\/sites\/528\/2020\/03\/Edital-03-2020-Inscri%C3%A7%C3%B5es-Deferidas.pdf\" target=\"_blank\" rel=\"noopener noreferrer\">Inscri\u00e7\u00f5es deferidas<\/a>; (16\/03\/2020)<br \/>\u2013\u00a0<a href=\"https:\/\/www.ufsm.br\/cursos\/pos-graduacao\/santa-maria\/ppgaup\/2020\/03\/20\/edital-n-03-2020-classificacao-e-pontuacao-dos-candidatos\/\">Classifica\u00e7\u00e3o e pontua\u00e7\u00e3o dos candidatos<\/a>; (20\/03\/2020)<br \/>\u2013\u00a0<a href=\"https:\/\/www.ufsm.br\/cursos\/pos-graduacao\/santa-maria\/ppgaup\/2020\/03\/25\/edital-n-03-2020-divulgacao-final-dos-resultados\/\" target=\"_blank\" rel=\"noopener noreferrer\">Rela\u00e7\u00e3o final dos classificados<\/a>; (25\/03\/2020)<a href=\"https:\/\/www.ufsm.br\/cursos\/pos-graduacao\/santa-maria\/ppgaup\/wp-content\/uploads\/sites\/528\/2020\/02\/Edital-01-2020-Sele%C3%A7%C3%A3o-de-Candidatos-a-Bolsa-de-Mestrado.pdf\" target=\"_blank\" rel=\"noopener noreferrer\">Edital 01\/2020<\/a>; (11\/02\/2020)<br \/>\u2013\u00a0<a href=\"https:\/\/www.ufsm.br\/cursos\/pos-graduacao\/santa-maria\/ppgaup\/wp-content\/uploads\/sites\/528\/2020\/03\/Edital-01-2020-Inscri%C3%A7%C3%B5es-Deferidas.pdf\" target=\"_blank\" rel=\"noopener noreferrer\">Inscri\u00e7\u00f5es deferidas<\/a>; (03\/03\/2020);<br \/>\u2013\u00a0<a href=\"https:\/\/www.ufsm.br\/cursos\/pos-graduacao\/santa-maria\/ppgaup\/wp-content\/uploads\/sites\/528\/2020\/03\/Edital-001-2020-Classifica%C3%A7%C3%A3o-Pontua%C3%A7%C3%A3o.pdf\" target=\"_blank\" rel=\"noopener noreferrer\">Classifica\u00e7\u00e3o e pontua\u00e7\u00e3o dos candidatos<\/a>; (04\/03\/2020)<\/section>\n<section data-id=\"29538c04\"><\/section>\n<section data-id=\"29538c04\"><\/section>\n<section data-id=\"29538c04\"><\/section>\n<section data-id=\"29538c04\"><a href=\"https:\/\/www.ufsm.br\/cursos\/pos-graduacao\/santa-maria\/ppgaup\/wp-content\/uploads\/sites\/528\/2019\/03\/EDITAL-N.-012019-SELEO-DE-CANDIDATOS-BOLSA-DE-MESTRADO-20191.pdf\" target=\"_blank\" rel=\"noopener noreferrer\">Edital 01\/2019<\/a>\u00a0(24\/01\/2019)<br \/>\u2013\u00a0<a href=\"https:\/\/www.ufsm.br\/cursos\/pos-graduacao\/santa-maria\/ppgaup\/wp-content\/uploads\/sites\/528\/2019\/03\/EDITAL_N._012019_inscries_homologada.pdf\" target=\"_blank\" rel=\"noopener noreferrer\">Inscri\u00e7\u00f5es Deferidas<\/a>; (26\/02\/2019)<br \/>\u2013\u00a0<a href=\"https:\/\/www.ufsm.br\/cursos\/pos-graduacao\/santa-maria\/ppgaup\/wp-content\/uploads\/sites\/528\/2019\/03\/EDITAL_N._012019_Resultado_FINAL-girado.pdf\" target=\"_blank\" rel=\"noopener noreferrer\">Rela\u00e7\u00e3o Final dos Classificados<\/a>;\u00a0(06\/03\/2019)Edital 01\/2018:\u00a0<a href=\"https:\/\/www.ufsm.br\/cursos\/pos-graduacao\/santa-maria\/ppgaup\/wp-content\/uploads\/sites\/528\/2019\/03\/edital_2018_1.pdf\" target=\"_blank\" rel=\"noopener noreferrer\">Edital<\/a>\u00a0(01\/02\/2018)<\/section>\n<\/div>\n","protected":false},"excerpt":{"rendered":"<p>Editais de sele\u00e7\u00e3o para bolsa de estudos at\u00e9 2023: Edital 001\/2023 \u2013 para 2023\/2\u00a0Delibera\u00e7\u00e3o 02\/2023 \u2013\u00a0\u00a0\u00a0regulamenta os crit\u00e9rios de concess\u00e3o de bolsas de estudos no PPGAUP. EDITAL 05 \u2013 2022\/2\u00a0\u2013 RESULTADO FINAL AP\u00d3S RECURSOS \u2013 EDITAL 05\/2022\u2013 RESULTADO E CLASSIFICA\u00c7\u00c3O DO EDITAL 05\/2022 \u2013 PPGAUP EDITAL 04 \u2013 2022\/1\u2013 Resultado\u2013 Classifica\u00e7\u00e3o Final\u00a0(02\/08\/2021)\u2013 Classifica\u00e7\u00e3o\u00a0(30\/07\/2021)\u2013 Homologa\u00e7\u00e3o das [&hellip;]<\/p>\n","protected":false},"author":883,"featured_media":0,"parent":0,"menu_order":0,"comment_status":"closed","ping_status":"closed","template":"","meta":{"footnotes":""},"categories":[],"tags":[],"class_list":["post-2600","page","type-page","status-publish","hentry"],"acf":[],"_links":{"self":[{"href":"https:\/\/www.ufsm.br\/cursos\/pos-graduacao\/santa-maria\/ppgaup\/wp-json\/wp\/v2\/pages\/2600","targetHints":{"allow":["GET"]}}],"collection":[{"href":"https:\/\/www.ufsm.br\/cursos\/pos-graduacao\/santa-maria\/ppgaup\/wp-json\/wp\/v2\/pages"}],"about":[{"href":"https:\/\/www.ufsm.br\/cursos\/pos-graduacao\/santa-maria\/ppgaup\/wp-json\/wp\/v2\/types\/page"}],"author":[{"embeddable":true,"href":"https:\/\/www.ufsm.br\/cursos\/pos-graduacao\/santa-maria\/ppgaup\/wp-json\/wp\/v2\/users\/883"}],"replies":[{"embeddable":true,"href":"https:\/\/www.ufsm.br\/cursos\/pos-graduacao\/santa-maria\/ppgaup\/wp-json\/wp\/v2\/comments?post=2600"}],"version-history":[{"count":0,"href":"https:\/\/www.ufsm.br\/cursos\/pos-graduacao\/santa-maria\/ppgaup\/wp-json\/wp\/v2\/pages\/2600\/revisions"}],"wp:attachment":[{"href":"https:\/\/www.ufsm.br\/cursos\/pos-graduacao\/santa-maria\/ppgaup\/wp-json\/wp\/v2\/media?parent=2600"}],"wp:term":[{"taxonomy":"category","embeddable":true,"href":"https:\/\/www.ufsm.br\/cursos\/pos-graduacao\/santa-maria\/ppgaup\/wp-json\/wp\/v2\/categories?post=2600"},{"taxonomy":"post_tag","embeddable":true,"href":"https:\/\/www.ufsm.br\/cursos\/pos-graduacao\/santa-maria\/ppgaup\/wp-json\/wp\/v2\/tags?post=2600"}],"curies":[{"name":"wp","href":"https:\/\/api.w.org\/{rel}","templated":true}]}}