{"id":2817,"date":"2026-03-11T16:12:44","date_gmt":"2026-03-11T19:12:44","guid":{"rendered":"https:\/\/www.ufsm.br\/cursos\/pos-graduacao\/santa-maria\/ppgaup\/?page_id=2817"},"modified":"2026-03-12T11:15:37","modified_gmt":"2026-03-12T14:15:37","slug":"area-de-concentracao-e-linhas-de-pesquisa-ate-o-31-12-2025","status":"publish","type":"page","link":"https:\/\/www.ufsm.br\/cursos\/pos-graduacao\/santa-maria\/ppgaup\/area-de-concentracao-e-linhas-de-pesquisa-ate-o-31-12-2025","title":{"rendered":"\u00c1rea de Concentra\u00e7\u00e3o e Linhas de Pesquisa at\u00e9 o 31\/12\/2025"},"content":{"rendered":"<p>At\u00e9 31 de dezembro de 2025 o Programa de P\u00f3s-Gradua\u00e7\u00e3o em Arquitetura, Urbanismo e Paisagismo (PPGAUP) estava constitu\u00eddo pela \u00e1rea de concentra\u00e7\u00e3o em <em>Paisagem Cultural e Sustentabilidade<\/em> composta pelas linhas de pesquisa em <em>Planejamento, Projeto e Fundamentos do Ambiente Constru\u00eddo<\/em>, e em <em>ecnologias e Sustentabilidade do Ambiente Constru\u00edd<\/em>o, contempladas conforme descritas a seguir:<\/p>\n<ul>\n<li style=\"list-style-type: none\">\n<ul>\n<li><em><strong>Planejamento, Projeto e Fundamentos do Ambiente Constru\u00eddo: <\/strong><\/em>Busca estabelecer bases para o entendimento de quest\u00f5es relacionadas \u00e0 produ\u00e7\u00e3o e utiliza\u00e7\u00e3o do ambiente constru\u00eddo e da paisagem cultural e urbana em todas as esferas morfol\u00f3gicas, espaciais e socioculturais (processos projetuais de planejamento, projeto, pr\u00e1ticas, constru\u00e7\u00e3o, realiza\u00e7\u00f5es, gest\u00e3o e intera\u00e7\u00e3o e apropria\u00e7\u00e3o do espa\u00e7o pelos usu\u00e1rios) no \u00e2mbito da Arquitetura, do Paisagismo, do Urbanismo e do Planejamento Urbano e Regional, bem como o entendimento da atua\u00e7\u00e3o dos diversos agentes produtores e sociais. Busca desenvolver e utilizar diferentes m\u00e9todos (em pesquisa e ensino) aplicados a estas quatro esferas de conhecimento. Abordar as diferentes teorias, processos hist\u00f3ricos e anal\u00edticos cr\u00edticos no \u00e2mbito da Arquitetura, do Paisagismo, do Urbanismo e do Planejamento Urbano e Regional atrav\u00e9s de uma dimens\u00e3o multidisciplinar com diferentes \u00eanfases e escalas de abordagens.<\/li>\n<\/ul>\n<\/li>\n<\/ul>\n<ul>\n<li style=\"list-style-type: none\">\n<ul>\n<li><strong><em>Tecnologias e Sustentabilidade do Ambiente Constru\u00edd<\/em>o: <\/strong>Busca abordar problemas relativos \u00e0 produ\u00e7\u00e3o do ambiente constru\u00eddo, suas infraestruturas (\u00e1gua, esgoto, energia, dentre outras) e supraestruturas (materiais e sistemas estruturais), sua influ\u00eancia no clima urbano e na paisagem cultural, de forma a estabelecer bases para a utiliza\u00e7\u00e3o de tecnologias inovadoras e sustent\u00e1veis aplicadas \u00e0 Arquitetura, ao Urbanismo e ao Paisagismo, promovendo o uso e a ocupa\u00e7\u00e3o do solo urbano de forma mais sustent\u00e1vel, bem como resolvendo de forma ambiental, social e culturalmente mais sustent\u00e1vel a interface entre as dimens\u00f5es est\u00e9tico-cultural, funcional e t\u00e9cnico-construtiva, abordando quest\u00f5es emergentes relativas a tecnologias e materiais\u00a0 novos e tradicionais, a processos construtivos, ao meio ambiente e suas implica\u00e7\u00f5es na qualidade de vida urbana.<\/li>\n<\/ul>\n<\/li>\n<\/ul>\n<p><strong><a href=\"https:\/\/www.ufsm.br\/cursos\/pos-graduacao\/santa-maria\/ppgaup\/area-de-concentracao-e-linhas-de-pesquisa\" target=\"_blank\" rel=\"noopener\">&lt;&lt;&lt;&lt;&lt;&lt;&lt;&lt;&lt; Retorna \u00e0 p\u00e1gina anterior \u00c1rea de Concentra\u00e7\u00e3o e Linhas de Pesquisa<\/a><\/strong><\/p>\n\n\n\n","protected":false},"excerpt":{"rendered":"<p>At\u00e9 31 de dezembro de 2025 o Programa de P\u00f3s-Gradua\u00e7\u00e3o em Arquitetura, Urbanismo e Paisagismo (PPGAUP) estava constitu\u00eddo pela \u00e1rea de concentra\u00e7\u00e3o em Paisagem Cultural e Sustentabilidade composta pelas linhas de pesquisa em Planejamento, Projeto e Fundamentos do Ambiente Constru\u00eddo, e em ecnologias e Sustentabilidade do Ambiente Constru\u00eddo, contempladas conforme descritas a seguir: Planejamento, Projeto [&hellip;]<\/p>\n","protected":false},"author":883,"featured_media":0,"parent":0,"menu_order":0,"comment_status":"closed","ping_status":"closed","template":"","meta":{"footnotes":""},"categories":[],"tags":[],"class_list":["post-2817","page","type-page","status-publish","hentry"],"acf":[],"_links":{"self":[{"href":"https:\/\/www.ufsm.br\/cursos\/pos-graduacao\/santa-maria\/ppgaup\/wp-json\/wp\/v2\/pages\/2817","targetHints":{"allow":["GET"]}}],"collection":[{"href":"https:\/\/www.ufsm.br\/cursos\/pos-graduacao\/santa-maria\/ppgaup\/wp-json\/wp\/v2\/pages"}],"about":[{"href":"https:\/\/www.ufsm.br\/cursos\/pos-graduacao\/santa-maria\/ppgaup\/wp-json\/wp\/v2\/types\/page"}],"author":[{"embeddable":true,"href":"https:\/\/www.ufsm.br\/cursos\/pos-graduacao\/santa-maria\/ppgaup\/wp-json\/wp\/v2\/users\/883"}],"replies":[{"embeddable":true,"href":"https:\/\/www.ufsm.br\/cursos\/pos-graduacao\/santa-maria\/ppgaup\/wp-json\/wp\/v2\/comments?post=2817"}],"version-history":[{"count":0,"href":"https:\/\/www.ufsm.br\/cursos\/pos-graduacao\/santa-maria\/ppgaup\/wp-json\/wp\/v2\/pages\/2817\/revisions"}],"wp:attachment":[{"href":"https:\/\/www.ufsm.br\/cursos\/pos-graduacao\/santa-maria\/ppgaup\/wp-json\/wp\/v2\/media?parent=2817"}],"wp:term":[{"taxonomy":"category","embeddable":true,"href":"https:\/\/www.ufsm.br\/cursos\/pos-graduacao\/santa-maria\/ppgaup\/wp-json\/wp\/v2\/categories?post=2817"},{"taxonomy":"post_tag","embeddable":true,"href":"https:\/\/www.ufsm.br\/cursos\/pos-graduacao\/santa-maria\/ppgaup\/wp-json\/wp\/v2\/tags?post=2817"}],"curies":[{"name":"wp","href":"https:\/\/api.w.org\/{rel}","templated":true}]}}