{"id":359,"date":"2019-06-27T08:44:46","date_gmt":"2019-06-27T11:44:46","guid":{"rendered":"https:\/\/www.ufsm.br\/cursos\/pos-graduacao\/santa-maria\/ppgaup\/?page_id=359"},"modified":"2026-03-24T17:54:50","modified_gmt":"2026-03-24T20:54:50","slug":"formularios-e-requerimentos","status":"publish","type":"page","link":"https:\/\/www.ufsm.br\/cursos\/pos-graduacao\/santa-maria\/ppgaup\/formularios-e-requerimentos","title":{"rendered":"Formul\u00e1rios e Requerimentos"},"content":{"rendered":"\n<p>O PPGAUP disponibiliza formul\u00e1rios e requerimentos do programa:<\/p>\n<table style=\"border-collapse: collapse;width: 100%;height: 204px\">\n<tbody>\n<tr style=\"height: 43px\">\n<td style=\"width: 28.2335%;height: 43px\">Dispensa ou aproveitamento de disciplinas\u00a0<\/td>\n<td style=\"width: 71.7665%;height: 43px\">\n<p><a href=\"https:\/\/www.ufsm.br\/pro-reitorias\/prpgp\/servicos\/dispensa-aproveitamento-de-disciplinas-de-pos-graduacao\" target=\"_blank\" rel=\"noopener\">Requerimento de Dispensa ou Requerimento de Aproveitamento de Disciplinas <\/a><br \/>\u00a0<a href=\"https:\/\/www.ufsm.br\/app\/uploads\/sites\/345\/2022\/02\/Requerimento_Comprovacao_Suf_Lingua_Estrangeira_NCAPG.docx\" target=\"_blank\" rel=\"noopener\">Requerimento_Comprovacao_Suf_Lingua_Estrangeira<\/a><\/p>\n<\/td>\n<\/tr>\n<tr style=\"height: 23px\">\n<td style=\"width: 28.2335%;height: 23px\">\u00a0Doc\u00eancia Orientada<\/td>\n<td style=\"width: 71.7665%;height: 23px\">\n<p><a href=\"https:\/\/www.ufsm.br\/app\/uploads\/sites\/528\/2025\/07\/Plano-de-Trabalho-de-DOCENCIA-ORIENTADA_PPGAUP-Nome-aluno.a-2.docx\" target=\"_blank\" rel=\"noopener\">Plano de Trabalho para Doc\u00eancia Orientada\u00a0<\/a><br \/><a href=\"https:\/\/www.ufsm.br\/app\/uploads\/sites\/528\/2024\/06\/Solicitacao-de-Docencia_Orientada.docx\" target=\"_blank\" rel=\"noopener\">Solicita\u00e7\u00e3o para Doc\u00eancia Orientada<\/a><br \/><a href=\"https:\/\/www.ufsm.br\/app\/uploads\/sites\/528\/2025\/07\/Avaliacao-de-Estagio-de-Docencia-Orientada.docx\" target=\"_blank\" rel=\"noopener\">Avalia\u00e7\u00e3o de Est\u00e1gio de Doc\u00eancia Orientada<\/a><\/p>\n<\/td>\n<\/tr>\n<tr style=\"height: 23px\">\n<td style=\"width: 28.2335%;height: 23px\">\u00a0Exame de Qualifica\u00e7\u00e3o:<\/td>\n<td style=\"width: 71.7665%;height: 23px\">\n<p><a href=\"https:\/\/www.ufsm.br\/app\/uploads\/sites\/528\/2024\/04\/Requerimento-de-Defesa-de-Exame-de-Qualificacao_PPGAUP.docx\" target=\"_blank\" rel=\"noopener\">Requerimento de Exame de Qualifica\u00e7\u00e3o<\/a><br \/><a href=\"https:\/\/www.ufsm.br\/app\/uploads\/sites\/528\/2024\/05\/Requerimento-para-Prorrogacao-do-Prazo-de-Defesa-Qualificacao-de-Mestrado.docx\" target=\"_blank\" rel=\"noopener\">Requerimento Prorroga\u00e7\u00e3o Qualifica\u00e7\u00e3o<\/a><\/p>\n<\/td>\n<\/tr>\n<tr style=\"height: 23px\">\n<td style=\"width: 28.2335%;height: 23px\">Defesa de Disserta\u00e7\u00e3o<\/td>\n<td style=\"width: 71.7665%;height: 23px\">\n<p><a href=\"https:\/\/www.ufsm.br\/orgaos-suplementares\/biblioteca\/ficha-catalografica-2\/\" target=\"_blank\" rel=\"noopener noreferrer\">Ficha catalogr\u00e1fica<\/a><br \/><a href=\"https:\/\/www.ufsm.br\/app\/uploads\/sites\/528\/2023\/01\/Requerimento_Prorrogacao_Prazo_Defesa_StrictoSensu-25_01_23.docx\">Prorroga\u00e7\u00e3o de Prazo para Defesa<\/a><br \/><a href=\"https:\/\/www.ufsm.br\/pro-reitorias\/prpgp\/servicos\/procedimentos-para-o-processo-de-defesa-de-mdt-online\/\">Procedimentos para processo de defesa on line<\/a><br \/><a href=\"http:\/\/ufsm.br\/orgaos-suplementares\/dag\/pen\/apoio-ao-usuario\/tutorial-ato-de-entrega-de-mdt\">Tutorial\u00a0 ato de entrega Defesa<\/a><br \/><a href=\"https:\/\/www.ufsm.br\/cursos\/pos-graduacao\/santa-maria\/ppgaup\/wp-admin\/post.php?post=814&amp;action=edit\">Solicita\u00e7\u00e3o de defesa<\/a><br \/><a href=\"https:\/\/www.ufsm.br\/app\/uploads\/sites\/528\/2023\/02\/Requerimento_de-banca-_defesa-informacoes-banca.doc\">Informa\u00e7\u00f5es Banca Avaliadora<\/a><\/p>\n<\/td>\n<\/tr>\n<tr style=\"height: 23px\">\n<td style=\"width: 28.2335%;height: 23px\">\u00a0Recursos Financeiros<\/td>\n<td style=\"width: 71.7665%;height: 23px\">\n<p><a href=\"https:\/\/www.ufsm.br\/app\/uploads\/sites\/528\/2024\/06\/Autorizacao-Desconto-em-Folha-Docente.docx\" target=\"_blank\" rel=\"noreferrer noopener\">Autoriza\u00e7\u00e3o de Desconto em Folha \u2013 PROAP\/CAPES<\/a><br \/><br \/><a href=\"https:\/\/www.ufsm.br\/app\/uploads\/sites\/956\/2025\/07\/Formulario-de-Solicitacao-de-Diarias-e-Passagens_Sub3-PPG-CT_2025-1.docx\" target=\"_blank\" rel=\"noopener\">Formul\u00e1rio de Solicita\u00e7\u00e3o de Di\u00e1rias e Passagens<\/a><br \/><a href=\"https:\/\/www.ufsm.br\/app\/uploads\/sites\/345\/2021\/04\/Formulario_-_Relatorio_de_viagem-1.doc\" target=\"_blank\" rel=\"noreferrer noopener\">Relat\u00f3rio de Viagem<\/a><br \/><a href=\"https:\/\/www.ufsm.br\/app\/uploads\/sites\/550\/2024\/09\/Requerimento-de-Pagamento-de-Taxa-de-Inscricao.doc\" target=\"_blank\" rel=\"noreferrer noopener\">Requerimento de Pagamento de Taxa de Inscri\u00e7\u00e3o<\/a><br \/><a href=\"https:\/\/www.ufsm.br\/app\/uploads\/sites\/550\/2024\/09\/Requerimento-de-Pagamento-de-Taxa-de-Publicacao.doc\" target=\"_blank\" rel=\"noreferrer noopener\">Requerimento de Pagamento de Taxa de Publica\u00e7\u00e3o<\/a><\/p>\n<\/td>\n<\/tr>\n<tr style=\"height: 23px\">\n<td style=\"width: 28.2335%;height: 23px\">Participa\u00e7\u00e3o em Eventos e outros<\/td>\n<td style=\"width: 71.7665%;height: 23px\">\n<p><a href=\"https:\/\/www.ufsm.br\/app\/uploads\/sites\/528\/2021\/12\/Relatorio_de_Produtividade_Sucupira_Alunos-1.doc\">Relat\u00f3rio de Produtividade Alunos<\/a>\u00a0<br \/><a href=\"https:\/\/www.ufsm.br\/app\/uploads\/sites\/528\/2023\/10\/Ficha-Formulario-Noticias-PPGAUP.docx\" target=\"_blank\" rel=\"noopener\">Ficha Formul\u00e1rio \u2013 Not\u00edcias PPGAUP<\/a><br \/><a href=\"https:\/\/www.ufsm.br\/app\/uploads\/sites\/345\/2024\/01\/Requerimento-Regime-Exercicios-Domiciliares.docx\" target=\"_blank\" rel=\"noreferrer noopener\">Requerimento de Regime de Exerc\u00edcios Domiciliares<\/a><\/p>\n<\/td>\n<\/tr>\n<tr style=\"height: 23px\">\n<td style=\"width: 28.2335%;height: 23px\">Cancelamento do curso<\/td>\n<td style=\"width: 71.7665%;height: 23px\">\n<p><a href=\"https:\/\/www.ufsm.br\/app\/uploads\/sites\/345\/2022\/04\/PENCancelamentoCursoPG.doc\" target=\"_blank\" rel=\"noreferrer noopener\">Formul\u00e1rio de Cancelamento de Curso PG<\/a><br \/><a href=\"https:\/\/www.ufsm.br\/pro-reitorias\/prpgp\/servicos\/cancelamento-de-curso-de-pos-graduacao\/\" target=\"_blank\" rel=\"noopener\">Link PRPGP sobre procedimentos de desligamento<\/a><br \/><a href=\"https:\/\/www.ufsm.br\/cursos\/pos-graduacao\/santa-maria\/ppgec\/servicos\/revisao-de-desligamento-discente\/\" target=\"_blank\" rel=\"noopener\">Link para Revis\u00e3o de desligamento<\/a><\/p>\n<\/td>\n<\/tr>\n<\/tbody>\n<\/table>\n<p>\u00a0<\/p>\n","protected":false},"excerpt":{"rendered":"<p>O PPGAUP disponibiliza formul\u00e1rios e requerimentos do programa: Dispensa ou aproveitamento de disciplinas\u00a0 Requerimento de Dispensa ou Requerimento de Aproveitamento de Disciplinas \u00a0Requerimento_Comprovacao_Suf_Lingua_Estrangeira \u00a0Doc\u00eancia Orientada Plano de Trabalho para Doc\u00eancia Orientada\u00a0Solicita\u00e7\u00e3o para Doc\u00eancia OrientadaAvalia\u00e7\u00e3o de Est\u00e1gio de Doc\u00eancia Orientada \u00a0Exame de Qualifica\u00e7\u00e3o: Requerimento de Exame de Qualifica\u00e7\u00e3oRequerimento Prorroga\u00e7\u00e3o Qualifica\u00e7\u00e3o Defesa de Disserta\u00e7\u00e3o Ficha catalogr\u00e1ficaProrroga\u00e7\u00e3o de [&hellip;]<\/p>\n","protected":false},"author":818,"featured_media":0,"parent":0,"menu_order":0,"comment_status":"closed","ping_status":"closed","template":"","meta":{"footnotes":""},"categories":[],"tags":[],"class_list":["post-359","page","type-page","status-publish","hentry"],"acf":[],"_links":{"self":[{"href":"https:\/\/www.ufsm.br\/cursos\/pos-graduacao\/santa-maria\/ppgaup\/wp-json\/wp\/v2\/pages\/359","targetHints":{"allow":["GET"]}}],"collection":[{"href":"https:\/\/www.ufsm.br\/cursos\/pos-graduacao\/santa-maria\/ppgaup\/wp-json\/wp\/v2\/pages"}],"about":[{"href":"https:\/\/www.ufsm.br\/cursos\/pos-graduacao\/santa-maria\/ppgaup\/wp-json\/wp\/v2\/types\/page"}],"author":[{"embeddable":true,"href":"https:\/\/www.ufsm.br\/cursos\/pos-graduacao\/santa-maria\/ppgaup\/wp-json\/wp\/v2\/users\/818"}],"replies":[{"embeddable":true,"href":"https:\/\/www.ufsm.br\/cursos\/pos-graduacao\/santa-maria\/ppgaup\/wp-json\/wp\/v2\/comments?post=359"}],"version-history":[{"count":0,"href":"https:\/\/www.ufsm.br\/cursos\/pos-graduacao\/santa-maria\/ppgaup\/wp-json\/wp\/v2\/pages\/359\/revisions"}],"wp:attachment":[{"href":"https:\/\/www.ufsm.br\/cursos\/pos-graduacao\/santa-maria\/ppgaup\/wp-json\/wp\/v2\/media?parent=359"}],"wp:term":[{"taxonomy":"category","embeddable":true,"href":"https:\/\/www.ufsm.br\/cursos\/pos-graduacao\/santa-maria\/ppgaup\/wp-json\/wp\/v2\/categories?post=359"},{"taxonomy":"post_tag","embeddable":true,"href":"https:\/\/www.ufsm.br\/cursos\/pos-graduacao\/santa-maria\/ppgaup\/wp-json\/wp\/v2\/tags?post=359"}],"curies":[{"name":"wp","href":"https:\/\/api.w.org\/{rel}","templated":true}]}}