{"id":365,"date":"2020-09-14T07:00:00","date_gmt":"2020-09-14T10:00:00","guid":{"rendered":"https:\/\/www.ufsm.br\/cursos\/pos-graduacao\/santa-maria\/ppgaup\/?page_id=365"},"modified":"2026-03-09T11:39:05","modified_gmt":"2026-03-09T14:39:05","slug":"disciplinas-ofertadas","status":"publish","type":"page","link":"https:\/\/www.ufsm.br\/cursos\/pos-graduacao\/santa-maria\/ppgaup\/disciplinas-ofertadas","title":{"rendered":"Hor\u00e1rios"},"content":{"rendered":"\t\t<div data-elementor-type=\"wp-page\" data-elementor-id=\"365\" class=\"elementor elementor-365\">\n\t\t\t\t\t\t<section class=\"elementor-section elementor-top-section elementor-element elementor-element-d18203d elementor-section-boxed elementor-section-height-default elementor-section-height-default\" data-id=\"d18203d\" data-element_type=\"section\">\n\t\t\t\t\t\t<div class=\"elementor-container elementor-column-gap-default\">\n\t\t\t\t\t<div class=\"elementor-column elementor-col-50 elementor-top-column elementor-element elementor-element-9d9539a\" data-id=\"9d9539a\" data-element_type=\"column\">\n\t\t\t<div class=\"elementor-widget-wrap elementor-element-populated\">\n\t\t\t\t\t\t<div class=\"elementor-element elementor-element-acb67ae elementor-widget elementor-widget-text-editor\" data-id=\"acb67ae\" data-element_type=\"widget\" data-widget_type=\"text-editor.default\">\n\t\t\t\t<div class=\"elementor-widget-container\">\n\t\t\t\t\t\t\t<header><p style=\"text-align: center\"><strong>Hist\u00f3rico das disciplinas ofertadas:<\/strong>\u00a0\u00a0<\/p><\/header><div class=\"entry-content\"><p style=\"text-align: center\"><a href=\"https:\/\/www.ufsm.br\/app\/uploads\/sites\/528\/2025\/10\/Horario-02_sem_2025-PPGAUP.pdf\" target=\"_blank\" rel=\"noopener\">2\u00ba sem 2025<\/a><br \/><a href=\"https:\/\/www.ufsm.br\/app\/uploads\/sites\/528\/2025\/03\/Horario-01_sem_2025-PPGAUP-1.pdf\" target=\"_blank\" rel=\"noopener\">1\u00ba sem 2025<\/a><br \/><a href=\"https:\/\/www.ufsm.br\/app\/uploads\/sites\/528\/2024\/10\/Horario-02_sem_2024-PPGAUP.pdf\" target=\"_blank\" rel=\"noopener\">2\u00ba sem 2024<\/a><br \/><a href=\"https:\/\/www.ufsm.br\/app\/uploads\/sites\/528\/2024\/04\/Horario-01_sem_2024-PPGAUP-2.pdf\" target=\"_blank\" rel=\"noopener\">1\u00ba sem 2024<\/a><br \/><a href=\"https:\/\/www.ufsm.br\/app\/uploads\/sites\/528\/2023\/10\/Horario-02_sem_2023-PPGAUP.pdf\" target=\"_blank\" rel=\"noopener\">2\u00ba sem 2023<\/a><br \/><a href=\"https:\/\/www.ufsm.br\/app\/uploads\/sites\/528\/2023\/04\/oferta-1_2023-alterado-180423-C-SALAS.pdf\" target=\"_blank\" rel=\"noopener\">1\u00ba sem 2023<\/a><br \/><a style=\"font-weight: var( --e-global-typography-text-font-weight );color: #3366ff\" href=\"https:\/\/www.ufsm.br\/app\/uploads\/sites\/528\/2022\/09\/Grade-de-horarios-2022-2-09.09.2022-com-salas-1.pdf\">2\u00ba sem 2022<\/a><span style=\"font-weight: var( --e-global-typography-text-font-weight )\"><span style=\"color: #3366ff\">\u00a0<br \/><\/span><\/span><a style=\"font-size: 12pt;font-weight: var( --e-global-typography-text-font-weight )\" href=\"https:\/\/www.ufsm.br\/app\/uploads\/sites\/528\/2022\/04\/HORARIO-1o-2022-2.pdf\">1\u00ba sem.2022<\/a>\u00a0<br \/><a style=\"font-weight: var( --e-global-typography-text-font-weight )\" href=\"https:\/\/www.ufsm.br\/app\/uploads\/sites\/528\/2024\/08\/Grade-de-horarios-2_2021.pdf\" target=\"_blank\" rel=\"noopener\">2\u00ba sem.2021<\/a>\u00a0<br \/><a style=\"font-weight: var( --e-global-typography-text-font-weight )\" href=\"https:\/\/www.ufsm.br\/app\/uploads\/sites\/528\/2021\/05\/HORARIO-1o-2021-em-24_05-atualizado.pdf\">1\u00ba sem.2021<\/a><span style=\"font-weight: var( --e-global-typography-text-font-weight )\">\u00a0<br \/><\/span><a style=\"font-weight: var( --e-global-typography-text-font-weight )\" href=\"https:\/\/www.ufsm.br\/app\/uploads\/sites\/528\/2020\/09\/2020-02.pdf\" target=\"_blank\" rel=\"noopener\">2\u00ba sem.2020<\/a><br \/><a style=\"font-weight: var( --e-global-typography-text-font-weight )\" href=\"https:\/\/www.ufsm.br\/cursos\/pos-graduacao\/santa-maria\/ppgaup\/wp-content\/uploads\/sites\/528\/2020\/03\/2020-01.pdf\" target=\"_blank\" rel=\"noopener noreferrer\">1\u00ba sem.2020<\/a>\u00a0<br \/><a style=\"font-weight: var( --e-global-typography-text-font-weight )\" href=\"https:\/\/www.ufsm.br\/cursos\/pos-graduacao\/santa-maria\/ppgaup\/wp-content\/uploads\/sites\/528\/2019\/08\/2019-02.pdf\" target=\"_blank\" rel=\"noopener noreferrer\">2\u00ba sem.2019\u00a0<\/a><br \/><a style=\"font-weight: var( --e-global-typography-text-font-weight )\" href=\"https:\/\/www.ufsm.br\/cursos\/pos-graduacao\/santa-maria\/ppgaup\/wp-content\/uploads\/sites\/528\/2019\/06\/2019-01.pdf\" target=\"_blank\" rel=\"noopener noreferrer\">1\u00ba sem.2019\u00a0<\/a><br \/><a style=\"font-weight: var( --e-global-typography-text-font-weight )\" href=\"https:\/\/www.ufsm.br\/cursos\/pos-graduacao\/santa-maria\/ppgaup\/wp-content\/uploads\/sites\/528\/2019\/06\/2018-02.pdf\" target=\"_blank\" rel=\"noopener noreferrer\">2\u00ba sem.2018<\/a><br \/><a style=\"font-weight: var( --e-global-typography-text-font-weight )\" href=\"https:\/\/www.ufsm.br\/cursos\/pos-graduacao\/santa-maria\/ppgaup\/wp-content\/uploads\/sites\/528\/2019\/06\/2018-01.pdf\" target=\"_blank\" rel=\"noopener noreferrer\">1\u00ba sem.2018<\/a><\/p><\/div>\t\t\t\t\t\t<\/div>\n\t\t\t\t<\/div>\n\t\t\t\t\t<\/div>\n\t\t<\/div>\n\t\t\t\t<div class=\"elementor-column elementor-col-50 elementor-top-column elementor-element elementor-element-827e5e1\" data-id=\"827e5e1\" data-element_type=\"column\">\n\t\t\t<div class=\"elementor-widget-wrap elementor-element-populated\">\n\t\t\t\t\t\t<section class=\"elementor-section elementor-inner-section elementor-element elementor-element-16ec621 elementor-section-content-middle elementor-section-boxed elementor-section-height-default elementor-section-height-default\" data-id=\"16ec621\" data-element_type=\"section\">\n\t\t\t\t\t\t<div class=\"elementor-container elementor-column-gap-default\">\n\t\t\t\t\t<div class=\"elementor-column elementor-col-50 elementor-inner-column elementor-element elementor-element-79323ec\" data-id=\"79323ec\" data-element_type=\"column\">\n\t\t\t<div class=\"elementor-widget-wrap elementor-element-populated\">\n\t\t\t\t\t\t<div class=\"elementor-element elementor-element-e5ad7ff elementor-view-framed elementor-shape-circle elementor-position-top elementor-mobile-position-top elementor-widget elementor-widget-icon-box\" data-id=\"e5ad7ff\" data-element_type=\"widget\" data-settings=\"{&quot;_animation&quot;:&quot;none&quot;}\" data-widget_type=\"icon-box.default\">\n\t\t\t\t<div class=\"elementor-widget-container\">\n\t\t\t\t\t<div class=\"elementor-icon-box-wrapper\">\n\n\t\t\t\t\t\t<div class=\"elementor-icon-box-icon\">\n\t\t\t\t<a href=\"https:\/\/www.ufsm.br\/app\/uploads\/sites\/528\/2026\/03\/Horario-01_sem_2026-PPGAUP-1.pdf\" target=\"_blank\" class=\"elementor-icon elementor-animation-grow\" tabindex=\"-1\">\n\t\t\t\t<i aria-hidden=\"true\" class=\"fas fa-pencil-alt\"><\/i>\t\t\t\t<\/a>\n\t\t\t<\/div>\n\t\t\t\n\t\t\t\t\t\t<div class=\"elementor-icon-box-content\">\n\n\t\t\t\t\t\t\t\t\t<h4 class=\"elementor-icon-box-title\">\n\t\t\t\t\t\t<a href=\"https:\/\/www.ufsm.br\/app\/uploads\/sites\/528\/2026\/03\/Horario-01_sem_2026-PPGAUP-1.pdf\" target=\"_blank\" >\n\t\t\t\t\t\t\tHor\u00e1rios de Disciplinas 1\u00ba sem\/2026\t\t\t\t\t\t<\/a>\n\t\t\t\t\t<\/h4>\n\t\t\t\t\n\t\t\t\t\n\t\t\t<\/div>\n\t\t\t\n\t\t<\/div>\n\t\t\t\t<\/div>\n\t\t\t\t<\/div>\n\t\t\t\t\t<\/div>\n\t\t<\/div>\n\t\t\t\t<div class=\"elementor-column elementor-col-50 elementor-inner-column elementor-element elementor-element-5f8732f\" data-id=\"5f8732f\" data-element_type=\"column\">\n\t\t\t<div class=\"elementor-widget-wrap elementor-element-populated\">\n\t\t\t\t\t\t<div class=\"elementor-element elementor-element-b8a17bd elementor-view-framed elementor-shape-circle elementor-position-top elementor-mobile-position-top elementor-widget elementor-widget-icon-box\" data-id=\"b8a17bd\" data-element_type=\"widget\" data-widget_type=\"icon-box.default\">\n\t\t\t\t<div class=\"elementor-widget-container\">\n\t\t\t\t\t<div class=\"elementor-icon-box-wrapper\">\n\n\t\t\t\t\t\t<div class=\"elementor-icon-box-icon\">\n\t\t\t\t<a href=\"https:\/\/www.ufsm.br\/cursos\/pos-graduacao\/santa-maria\/ppgaup\/informacoes-do-curriculo\" target=\"_blank\" class=\"elementor-icon elementor-animation-grow\" tabindex=\"-1\">\n\t\t\t\t<i aria-hidden=\"true\" class=\"far fa-clipboard\"><\/i>\t\t\t\t<\/a>\n\t\t\t<\/div>\n\t\t\t\n\t\t\t\t\t\t<div class=\"elementor-icon-box-content\">\n\n\t\t\t\t\t\t\t\t\t<h3 class=\"elementor-icon-box-title\">\n\t\t\t\t\t\t<a href=\"https:\/\/www.ufsm.br\/cursos\/pos-graduacao\/santa-maria\/ppgaup\/informacoes-do-curriculo\" target=\"_blank\" >\n\t\t\t\t\t\t\tEmenta e Programa das Disciplinas\t\t\t\t\t\t<\/a>\n\t\t\t\t\t<\/h3>\n\t\t\t\t\n\t\t\t\t\t\t\t\t\t<p class=\"elementor-icon-box-description\">\n\t\t\t\t\t\tInforma\u00e7\u00f5es Curriculares\t\t\t\t\t<\/p>\n\t\t\t\t\n\t\t\t<\/div>\n\t\t\t\n\t\t<\/div>\n\t\t\t\t<\/div>\n\t\t\t\t<\/div>\n\t\t\t\t\t<\/div>\n\t\t<\/div>\n\t\t\t\t\t<\/div>\n\t\t<\/section>\n\t\t\t\t<div class=\"elementor-element elementor-element-299cce3 elementor-align-center elementor-widget elementor-widget-button\" data-id=\"299cce3\" data-element_type=\"widget\" data-widget_type=\"button.default\">\n\t\t\t\t<div class=\"elementor-widget-container\">\n\t\t\t\t\t\t\t<div class=\"elementor-button-wrapper\">\n\t\t\t\t\t<a class=\"elementor-button elementor-button-link elementor-size-md\" href=\"https:\/\/www.ufsm.br\/cursos\/pos-graduacao\/santa-maria\/ppgaup\/servicos\/disciplinas-obrigatorias\">\n\t\t\t\t\t\t<span class=\"elementor-button-content-wrapper\">\n\t\t\t\t\t\t<span class=\"elementor-button-icon\">\n\t\t\t\t<i aria-hidden=\"true\" class=\"far fa-check-square\"><\/i>\t\t\t<\/span>\n\t\t\t\t\t\t\t\t\t<span class=\"elementor-button-text\">Veja AQUI as disciplinas obrigat\u00f3rias<\/span>\n\t\t\t\t\t<\/span>\n\t\t\t\t\t<\/a>\n\t\t\t\t<\/div>\n\t\t\t\t\t\t<\/div>\n\t\t\t\t<\/div>\n\t\t\t\t\t<\/div>\n\t\t<\/div>\n\t\t\t\t\t<\/div>\n\t\t<\/section>\n\t\t\t\t<\/div>\n\t\t","protected":false},"excerpt":{"rendered":"<p>Hist\u00f3rico das disciplinas ofertadas:\u00a0\u00a0 2\u00ba sem 20251\u00ba sem 20252\u00ba sem 20241\u00ba sem 20242\u00ba sem 20231\u00ba sem 20232\u00ba sem 2022\u00a01\u00ba sem.2022\u00a02\u00ba sem.2021\u00a01\u00ba sem.2021\u00a02\u00ba sem.20201\u00ba sem.2020\u00a02\u00ba sem.2019\u00a01\u00ba sem.2019\u00a02\u00ba sem.20181\u00ba sem.2018 Hor\u00e1rios de Disciplinas 1\u00ba sem\/2026 Ementa e Programa das Disciplinas Informa\u00e7\u00f5es Curriculares Veja AQUI as disciplinas obrigat\u00f3rias<\/p>\n","protected":false},"author":818,"featured_media":0,"parent":0,"menu_order":0,"comment_status":"closed","ping_status":"closed","template":"","meta":{"footnotes":""},"categories":[],"tags":[],"class_list":["post-365","page","type-page","status-publish","hentry"],"acf":[],"_links":{"self":[{"href":"https:\/\/www.ufsm.br\/cursos\/pos-graduacao\/santa-maria\/ppgaup\/wp-json\/wp\/v2\/pages\/365","targetHints":{"allow":["GET"]}}],"collection":[{"href":"https:\/\/www.ufsm.br\/cursos\/pos-graduacao\/santa-maria\/ppgaup\/wp-json\/wp\/v2\/pages"}],"about":[{"href":"https:\/\/www.ufsm.br\/cursos\/pos-graduacao\/santa-maria\/ppgaup\/wp-json\/wp\/v2\/types\/page"}],"author":[{"embeddable":true,"href":"https:\/\/www.ufsm.br\/cursos\/pos-graduacao\/santa-maria\/ppgaup\/wp-json\/wp\/v2\/users\/818"}],"replies":[{"embeddable":true,"href":"https:\/\/www.ufsm.br\/cursos\/pos-graduacao\/santa-maria\/ppgaup\/wp-json\/wp\/v2\/comments?post=365"}],"version-history":[{"count":0,"href":"https:\/\/www.ufsm.br\/cursos\/pos-graduacao\/santa-maria\/ppgaup\/wp-json\/wp\/v2\/pages\/365\/revisions"}],"wp:attachment":[{"href":"https:\/\/www.ufsm.br\/cursos\/pos-graduacao\/santa-maria\/ppgaup\/wp-json\/wp\/v2\/media?parent=365"}],"wp:term":[{"taxonomy":"category","embeddable":true,"href":"https:\/\/www.ufsm.br\/cursos\/pos-graduacao\/santa-maria\/ppgaup\/wp-json\/wp\/v2\/categories?post=365"},{"taxonomy":"post_tag","embeddable":true,"href":"https:\/\/www.ufsm.br\/cursos\/pos-graduacao\/santa-maria\/ppgaup\/wp-json\/wp\/v2\/tags?post=365"}],"curies":[{"name":"wp","href":"https:\/\/api.w.org\/{rel}","templated":true}]}}