{"id":209,"date":"2019-01-28T11:24:34","date_gmt":"2019-01-28T13:24:34","guid":{"rendered":"https:\/\/www.ufsm.br\/cursos\/pos-graduacao\/santa-maria\/ppgba\/?page_id=209"},"modified":"2023-03-07T08:53:48","modified_gmt":"2023-03-07T11:53:48","slug":"pos-defesa","status":"publish","type":"page","link":"https:\/\/www.ufsm.br\/cursos\/pos-graduacao\/santa-maria\/ppgba\/pos-defesa","title":{"rendered":"P\u00f3s Defesa"},"content":{"rendered":"\n<p>Os formul\u00e1rios que n\u00e3o estiverem dispon\u00edveis nesta p\u00e1gina, provavelmente estar\u00e3o dispon\u00edveis no site da Pr\u00f3 Reitoria de P\u00f3s Gradua\u00e7\u00e3o e Pesquisa, na sess\u00e3o Formul\u00e1rios.<\/p>\n<ul>\n<li><a href=\"https:\/\/www.ufsm.br\/orgaos-suplementares\/dag\/pen\/apoio-ao-usuario\/tutorial-ato-de-entrega-de-mdt#:~:text=1%20%E2%80%93%20Acessar%20o%20Portal%20Documentos,entrega%20de%20monografia%20de%20especializa%C3%A7%C3%A3o\">Instru\u00e7\u00f5es para Abertura do Processo de Entrega da Disserta\u00e7\u00e3o\/Tese<\/a><\/li>\n<\/ul>\n","protected":false},"excerpt":{"rendered":"<p>Os formul\u00e1rios que n\u00e3o estiverem dispon\u00edveis nesta p\u00e1gina, provavelmente estar\u00e3o dispon\u00edveis no site da Pr\u00f3 Reitoria de P\u00f3s Gradua\u00e7\u00e3o e Pesquisa, na sess\u00e3o Formul\u00e1rios. Instru\u00e7\u00f5es para Abertura do Processo de Entrega da Disserta\u00e7\u00e3o\/Tese<\/p>\n","protected":false},"author":115,"featured_media":0,"parent":0,"menu_order":0,"comment_status":"closed","ping_status":"closed","template":"","meta":{"footnotes":""},"categories":[],"tags":[],"class_list":["post-209","page","type-page","status-publish","hentry"],"acf":[],"_links":{"self":[{"href":"https:\/\/www.ufsm.br\/cursos\/pos-graduacao\/santa-maria\/ppgba\/wp-json\/wp\/v2\/pages\/209","targetHints":{"allow":["GET"]}}],"collection":[{"href":"https:\/\/www.ufsm.br\/cursos\/pos-graduacao\/santa-maria\/ppgba\/wp-json\/wp\/v2\/pages"}],"about":[{"href":"https:\/\/www.ufsm.br\/cursos\/pos-graduacao\/santa-maria\/ppgba\/wp-json\/wp\/v2\/types\/page"}],"author":[{"embeddable":true,"href":"https:\/\/www.ufsm.br\/cursos\/pos-graduacao\/santa-maria\/ppgba\/wp-json\/wp\/v2\/users\/115"}],"replies":[{"embeddable":true,"href":"https:\/\/www.ufsm.br\/cursos\/pos-graduacao\/santa-maria\/ppgba\/wp-json\/wp\/v2\/comments?post=209"}],"version-history":[{"count":0,"href":"https:\/\/www.ufsm.br\/cursos\/pos-graduacao\/santa-maria\/ppgba\/wp-json\/wp\/v2\/pages\/209\/revisions"}],"wp:attachment":[{"href":"https:\/\/www.ufsm.br\/cursos\/pos-graduacao\/santa-maria\/ppgba\/wp-json\/wp\/v2\/media?parent=209"}],"wp:term":[{"taxonomy":"category","embeddable":true,"href":"https:\/\/www.ufsm.br\/cursos\/pos-graduacao\/santa-maria\/ppgba\/wp-json\/wp\/v2\/categories?post=209"},{"taxonomy":"post_tag","embeddable":true,"href":"https:\/\/www.ufsm.br\/cursos\/pos-graduacao\/santa-maria\/ppgba\/wp-json\/wp\/v2\/tags?post=209"}],"curies":[{"name":"wp","href":"https:\/\/api.w.org\/{rel}","templated":true}]}}