{"id":268,"date":"2019-03-08T14:45:02","date_gmt":"2019-03-08T17:45:02","guid":{"rendered":"https:\/\/www.ufsm.br\/cursos\/pos-graduacao\/santa-maria\/ppgba\/?page_id=268"},"modified":"2019-04-12T17:07:50","modified_gmt":"2019-04-12T20:07:50","slug":"dissertacoes","status":"publish","type":"page","link":"https:\/\/www.ufsm.br\/cursos\/pos-graduacao\/santa-maria\/ppgba\/dissertacoes","title":{"rendered":"Disserta\u00e7\u00f5es"},"content":{"rendered":"\t\t<div data-elementor-type=\"wp-post\" data-elementor-id=\"268\" class=\"elementor elementor-268\">\n\t\t\t\t\t\t<section class=\"elementor-section elementor-top-section elementor-element elementor-element-818afdd elementor-section-boxed elementor-section-height-default elementor-section-height-default\" data-id=\"818afdd\" data-element_type=\"section\">\n\t\t\t\t\t\t<div class=\"elementor-container elementor-column-gap-default\">\n\t\t\t\t\t<div class=\"elementor-column elementor-col-100 elementor-top-column elementor-element elementor-element-57bff68\" data-id=\"57bff68\" data-element_type=\"column\">\n\t\t\t<div class=\"elementor-widget-wrap elementor-element-populated\">\n\t\t\t\t\t\t<div class=\"elementor-element elementor-element-9ba0d89 elementor-alert-info elementor-widget elementor-widget-alert\" data-id=\"9ba0d89\" data-element_type=\"widget\" data-widget_type=\"alert.default\">\n\t\t\t\t<div class=\"elementor-widget-container\">\n\t\t\t\t\t<div class=\"elementor-alert\" role=\"alert\">\n\n\t\t\t\t\t\t<span class=\"elementor-alert-title\">Aviso<\/span>\n\t\t\t\n\t\t\t\t\t\t<span class=\"elementor-alert-description\">Somente disserta\u00e7\u00f5es com mais de dois anos ou permiss\u00e3o para divulga\u00e7\u00e3o imediata por parte do aluno s\u00e3o exibidas<\/span>\n\t\t\t\n\t\t\t\n\t\t<\/div>\n\t\t\t\t<\/div>\n\t\t\t\t<\/div>\n\t\t\t\t\t<\/div>\n\t\t<\/div>\n\t\t\t\t\t<\/div>\n\t\t<\/section>\n\t\t\t\t<section class=\"elementor-section elementor-top-section elementor-element elementor-element-3068c05 elementor-section-boxed elementor-section-height-default elementor-section-height-default\" data-id=\"3068c05\" data-element_type=\"section\">\n\t\t\t\t\t\t<div class=\"elementor-container elementor-column-gap-default\">\n\t\t\t\t\t<div class=\"elementor-column elementor-col-100 elementor-top-column elementor-element elementor-element-e169c8f\" data-id=\"e169c8f\" data-element_type=\"column\">\n\t\t\t<div class=\"elementor-widget-wrap elementor-element-populated\">\n\t\t\t\t\t\t<div class=\"elementor-element elementor-element-fa471a5 elementor-widget elementor-widget-wp-widget-ufsm_manancial_widget\" data-id=\"fa471a5\" data-element_type=\"widget\" data-widget_type=\"wp-widget-ufsm_manancial_widget.default\">\n\t\t\t\t<div class=\"elementor-widget-container\">\n\t\t\t \n<div class=\"row\" id=\"manancial-collection-eb6e61c8-91ae-45c7-82bd-3961fca8e83d\" data-ufsm-componente-tipo=\"manancial-collection\" data-collection-id=\"eb6e61c8-91ae-45c7-82bd-3961fca8e83d\">\n    <div class=\"col-12 col-lg-9 mb-3\">\n        <h3 class=\"ufsm-title-primary\" id=\"manancial-collection-eb6e61c8-91ae-45c7-82bd-3961fca8e83d-title\"><\/h3>\n    <\/div>\n    <div class=\"col-12 col-lg-3 mb-3 ps-lg-3\">\n        <a href=\"\" class=\"btn btn-outline-primary border-primary w-100\" target=\"_blank\" id=\"manancial-collection-eb6e61c8-91ae-45c7-82bd-3961fca8e83d-handle\">\n            <i class=\"fas fa-external-link-alt me-1\" aria-hidden=\"true\"><\/i>\n            Reposit\u00f3rio\n        <\/a>\n    <\/div>\n    <div class=\"col-12 col-lg-3 order-lg-2 ps-lg-3\">\n        <div class=\"card border-0 mb-3\">\n            <div class=\"visually-hidden\">Selecionar ano:<\/div>\n            <div id=\"manancial-collection-eb6e61c8-91ae-45c7-82bd-3961fca8e83d-anos\" class=\"list-group list-group-flush\"><\/div>\n        <\/div>\n    <\/div>\n    <div class=\"col-12 col-lg-9\">\n        <div class=\"row align-items-baseline mt-3\">\n            <div class=\"col-12 col-lg-7 d-flex justify-content-around justify-content-lg-start align-items-baseline mb-2 mb-lg-0\">\n                <div class=\"\" id=\"manancial-collection-eb6e61c8-91ae-45c7-82bd-3961fca8e83d-descricao-itens-resultado\"><\/div>\n            <\/div>\n            <div class=\"col-12 col-lg-5 d-flex flex-wrap justify-content-around justify-content-lg-end\">\n                <div class=\"\" id=\"manancial-collection-eb6e61c8-91ae-45c7-82bd-3961fca8e83d-nav\"><\/div>\n            <\/div>\n        <\/div>\n        <div id=\"manancial-collection-eb6e61c8-91ae-45c7-82bd-3961fca8e83d-trabalhos\"><\/div>\n    <\/div>\n<\/div>\n\t\t<\/div>\n\t\t\t\t<\/div>\n\t\t\t\t\t<\/div>\n\t\t<\/div>\n\t\t\t\t\t<\/div>\n\t\t<\/section>\n\t\t\t\t<\/div>\n\t\t","protected":false},"excerpt":{"rendered":"<p>Aviso Somente disserta\u00e7\u00f5es com mais de dois anos ou permiss\u00e3o para divulga\u00e7\u00e3o imediata por parte do aluno s\u00e3o exibidas<\/p>\n","protected":false},"author":117,"featured_media":0,"parent":0,"menu_order":0,"comment_status":"closed","ping_status":"closed","template":"","meta":{"footnotes":""},"categories":[],"tags":[],"class_list":["post-268","page","type-page","status-publish","hentry"],"acf":[],"_links":{"self":[{"href":"https:\/\/www.ufsm.br\/cursos\/pos-graduacao\/santa-maria\/ppgba\/wp-json\/wp\/v2\/pages\/268","targetHints":{"allow":["GET"]}}],"collection":[{"href":"https:\/\/www.ufsm.br\/cursos\/pos-graduacao\/santa-maria\/ppgba\/wp-json\/wp\/v2\/pages"}],"about":[{"href":"https:\/\/www.ufsm.br\/cursos\/pos-graduacao\/santa-maria\/ppgba\/wp-json\/wp\/v2\/types\/page"}],"author":[{"embeddable":true,"href":"https:\/\/www.ufsm.br\/cursos\/pos-graduacao\/santa-maria\/ppgba\/wp-json\/wp\/v2\/users\/117"}],"replies":[{"embeddable":true,"href":"https:\/\/www.ufsm.br\/cursos\/pos-graduacao\/santa-maria\/ppgba\/wp-json\/wp\/v2\/comments?post=268"}],"version-history":[{"count":0,"href":"https:\/\/www.ufsm.br\/cursos\/pos-graduacao\/santa-maria\/ppgba\/wp-json\/wp\/v2\/pages\/268\/revisions"}],"wp:attachment":[{"href":"https:\/\/www.ufsm.br\/cursos\/pos-graduacao\/santa-maria\/ppgba\/wp-json\/wp\/v2\/media?parent=268"}],"wp:term":[{"taxonomy":"category","embeddable":true,"href":"https:\/\/www.ufsm.br\/cursos\/pos-graduacao\/santa-maria\/ppgba\/wp-json\/wp\/v2\/categories?post=268"},{"taxonomy":"post_tag","embeddable":true,"href":"https:\/\/www.ufsm.br\/cursos\/pos-graduacao\/santa-maria\/ppgba\/wp-json\/wp\/v2\/tags?post=268"}],"curies":[{"name":"wp","href":"https:\/\/api.w.org\/{rel}","templated":true}]}}