{"id":269,"date":"2019-03-08T14:46:35","date_gmt":"2019-03-08T17:46:35","guid":{"rendered":"https:\/\/www.ufsm.br\/cursos\/pos-graduacao\/santa-maria\/ppgba\/?page_id=269"},"modified":"2019-04-12T17:04:01","modified_gmt":"2019-04-12T20:04:01","slug":"teses","status":"publish","type":"page","link":"https:\/\/www.ufsm.br\/cursos\/pos-graduacao\/santa-maria\/ppgba\/teses","title":{"rendered":"Teses"},"content":{"rendered":"\t\t<div data-elementor-type=\"wp-post\" data-elementor-id=\"269\" class=\"elementor elementor-269\">\n\t\t\t\t\t\t<section class=\"elementor-section elementor-top-section elementor-element elementor-element-1872d00 elementor-section-boxed elementor-section-height-default elementor-section-height-default\" data-id=\"1872d00\" data-element_type=\"section\">\n\t\t\t\t\t\t<div class=\"elementor-container elementor-column-gap-default\">\n\t\t\t\t\t<div class=\"elementor-column elementor-col-100 elementor-top-column elementor-element elementor-element-3440b1b\" data-id=\"3440b1b\" data-element_type=\"column\">\n\t\t\t<div class=\"elementor-widget-wrap elementor-element-populated\">\n\t\t\t\t\t\t<div class=\"elementor-element elementor-element-4186b0d elementor-alert-info elementor-widget elementor-widget-alert\" data-id=\"4186b0d\" data-element_type=\"widget\" data-widget_type=\"alert.default\">\n\t\t\t\t<div class=\"elementor-widget-container\">\n\t\t\t\t\t<div class=\"elementor-alert\" role=\"alert\">\n\n\t\t\t\t\t\t<span class=\"elementor-alert-title\">Aviso<\/span>\n\t\t\t\n\t\t\t\t\t\t<span class=\"elementor-alert-description\">Somente teses com mais de dois anos ou permiss\u00e3o para divulga\u00e7\u00e3o imediata por parte do aluno s\u00e3o exibidas<\/span>\n\t\t\t\n\t\t\t\n\t\t<\/div>\n\t\t\t\t<\/div>\n\t\t\t\t<\/div>\n\t\t\t\t\t<\/div>\n\t\t<\/div>\n\t\t\t\t\t<\/div>\n\t\t<\/section>\n\t\t\t\t<section class=\"elementor-section elementor-top-section elementor-element elementor-element-5f04ae5 elementor-section-boxed elementor-section-height-default elementor-section-height-default\" data-id=\"5f04ae5\" data-element_type=\"section\">\n\t\t\t\t\t\t<div class=\"elementor-container elementor-column-gap-default\">\n\t\t\t\t\t<div class=\"elementor-column elementor-col-100 elementor-top-column elementor-element elementor-element-762320e\" data-id=\"762320e\" data-element_type=\"column\">\n\t\t\t<div class=\"elementor-widget-wrap elementor-element-populated\">\n\t\t\t\t\t\t<div class=\"elementor-element elementor-element-46b154d elementor-widget elementor-widget-wp-widget-ufsm_manancial_widget\" data-id=\"46b154d\" data-element_type=\"widget\" data-widget_type=\"wp-widget-ufsm_manancial_widget.default\">\n\t\t\t\t<div class=\"elementor-widget-container\">\n\t\t\t \n<div class=\"row\" id=\"manancial-collection-89d11142-5220-4067-aa6f-e60804d32ce0\" data-ufsm-componente-tipo=\"manancial-collection\" data-collection-id=\"89d11142-5220-4067-aa6f-e60804d32ce0\">\n    <div class=\"col-12 col-lg-9 mb-3\">\n        <h3 class=\"ufsm-title-primary\" id=\"manancial-collection-89d11142-5220-4067-aa6f-e60804d32ce0-title\"><\/h3>\n    <\/div>\n    <div class=\"col-12 col-lg-3 mb-3 ps-lg-3\">\n        <a href=\"\" class=\"btn btn-outline-primary border-primary w-100\" target=\"_blank\" id=\"manancial-collection-89d11142-5220-4067-aa6f-e60804d32ce0-handle\">\n            <i class=\"fas fa-external-link-alt me-1\" aria-hidden=\"true\"><\/i>\n            Reposit\u00f3rio\n        <\/a>\n    <\/div>\n    <div class=\"col-12 col-lg-3 order-lg-2 ps-lg-3\">\n        <div class=\"card border-0 mb-3\">\n            <div class=\"visually-hidden\">Selecionar ano:<\/div>\n            <div id=\"manancial-collection-89d11142-5220-4067-aa6f-e60804d32ce0-anos\" class=\"list-group list-group-flush\"><\/div>\n        <\/div>\n    <\/div>\n    <div class=\"col-12 col-lg-9\">\n        <div class=\"row align-items-baseline mt-3\">\n            <div class=\"col-12 col-lg-7 d-flex justify-content-around justify-content-lg-start align-items-baseline mb-2 mb-lg-0\">\n                <div class=\"\" id=\"manancial-collection-89d11142-5220-4067-aa6f-e60804d32ce0-descricao-itens-resultado\"><\/div>\n            <\/div>\n            <div class=\"col-12 col-lg-5 d-flex flex-wrap justify-content-around justify-content-lg-end\">\n                <div class=\"\" id=\"manancial-collection-89d11142-5220-4067-aa6f-e60804d32ce0-nav\"><\/div>\n            <\/div>\n        <\/div>\n        <div id=\"manancial-collection-89d11142-5220-4067-aa6f-e60804d32ce0-trabalhos\"><\/div>\n    <\/div>\n<\/div>\n\t\t<\/div>\n\t\t\t\t<\/div>\n\t\t\t\t\t<\/div>\n\t\t<\/div>\n\t\t\t\t\t<\/div>\n\t\t<\/section>\n\t\t\t\t<\/div>\n\t\t","protected":false},"excerpt":{"rendered":"<p>Aviso Somente teses com mais de dois anos ou permiss\u00e3o para divulga\u00e7\u00e3o imediata por parte do aluno s\u00e3o exibidas<\/p>\n","protected":false},"author":117,"featured_media":0,"parent":0,"menu_order":0,"comment_status":"closed","ping_status":"closed","template":"","meta":{"footnotes":""},"categories":[],"tags":[],"class_list":["post-269","page","type-page","status-publish","hentry"],"acf":[],"_links":{"self":[{"href":"https:\/\/www.ufsm.br\/cursos\/pos-graduacao\/santa-maria\/ppgba\/wp-json\/wp\/v2\/pages\/269","targetHints":{"allow":["GET"]}}],"collection":[{"href":"https:\/\/www.ufsm.br\/cursos\/pos-graduacao\/santa-maria\/ppgba\/wp-json\/wp\/v2\/pages"}],"about":[{"href":"https:\/\/www.ufsm.br\/cursos\/pos-graduacao\/santa-maria\/ppgba\/wp-json\/wp\/v2\/types\/page"}],"author":[{"embeddable":true,"href":"https:\/\/www.ufsm.br\/cursos\/pos-graduacao\/santa-maria\/ppgba\/wp-json\/wp\/v2\/users\/117"}],"replies":[{"embeddable":true,"href":"https:\/\/www.ufsm.br\/cursos\/pos-graduacao\/santa-maria\/ppgba\/wp-json\/wp\/v2\/comments?post=269"}],"version-history":[{"count":0,"href":"https:\/\/www.ufsm.br\/cursos\/pos-graduacao\/santa-maria\/ppgba\/wp-json\/wp\/v2\/pages\/269\/revisions"}],"wp:attachment":[{"href":"https:\/\/www.ufsm.br\/cursos\/pos-graduacao\/santa-maria\/ppgba\/wp-json\/wp\/v2\/media?parent=269"}],"wp:term":[{"taxonomy":"category","embeddable":true,"href":"https:\/\/www.ufsm.br\/cursos\/pos-graduacao\/santa-maria\/ppgba\/wp-json\/wp\/v2\/categories?post=269"},{"taxonomy":"post_tag","embeddable":true,"href":"https:\/\/www.ufsm.br\/cursos\/pos-graduacao\/santa-maria\/ppgba\/wp-json\/wp\/v2\/tags?post=269"}],"curies":[{"name":"wp","href":"https:\/\/api.w.org\/{rel}","templated":true}]}}