{"id":358,"date":"2019-05-10T09:52:11","date_gmt":"2019-05-10T12:52:11","guid":{"rendered":"https:\/\/www.ufsm.br\/cursos\/pos-graduacao\/santa-maria\/ppgba\/?page_id=358"},"modified":"2019-05-10T09:52:13","modified_gmt":"2019-05-10T12:52:13","slug":"resumos","status":"publish","type":"page","link":"https:\/\/www.ufsm.br\/cursos\/pos-graduacao\/santa-maria\/ppgba\/resumos","title":{"rendered":"Resumos"},"content":{"rendered":"\n<div id=\"comp-j5n8y68k\" class=\"txtNew\" data-packed=\"true\">\n<h6 class=\"font_6\">Ser\u00e3o aceitos\u00a0APENAS 2\u00a0resumos por pessoa, podendo estes, serem em\u00a0portugu\u00eas, ingl\u00eas e espanhol.<\/h6>\n<\/div>\n<div id=\"comp-j5n8ynpt\" class=\"txtNew\" data-packed=\"true\">\n<p class=\"font_8\">T\u00cdTULO:\u00a0Arial, tamanho 14, caixa alta. O t\u00edtulo n\u00e3o deve ultrapassar 15 palavras.<\/p>\n<p class=\"font_8\">Artigos em portugu\u00eas ou espanhol dever\u00e3o ter o t\u00edtulo vertido para a l\u00edngua inglesa em uma nova linha (caixa alta, it\u00e1lico, Arial 14, logo abaixo do t\u00edtulo em portugu\u00eas ou espanhol).<\/p>\n<p class=\"font_8\"><span class=\"wixGuard\">\u200b<\/span>AUTORES:\u00a0Em uma nova linha. Arial, tamanho 10, caixa alta; separados por v\u00edrgula e o \u00faltimo por \u201c&amp;\u201d. Cada nome seguido de numera\u00e7\u00e3o (em sobrescrito e na ordem da autoria) indicativa da respectiva filia\u00e7\u00e3o.<\/p>\n<p class=\"font_8\"><span class=\"wixGuard\">\u200b<\/span>FILIA\u00c7\u00c3O DO(S) AUTOR(ES):\u00a0Em uma nova linha. Arial, tamanho 10 e caixa baixa. Cada uma precedida da numera\u00e7\u00e3o (em sobrescrito) indicativa do autor, seguindo a ordem de tal numera\u00e7\u00e3o e separadas por \u201c;\u201d. Indicar (nessa ordem e separado por v\u00edrgulas): nome da institui\u00e7\u00e3o, munic\u00edpio, sigla da unidade da federa\u00e7\u00e3o (se no Brasil), pa\u00eds (exceto Brasil).<\/p>\n<p class=\"font_8\"><span class=\"wixGuard\">\u200b<\/span>E-MAIL DO(S) AUTOR(ES):\u00a0Em uma nova linha. Arial, tamanho 10, caixa baixa e em it\u00e1lico, separados por v\u00edrgula e seguindo a ordem de autoria.<\/p>\n<p class=\"font_8\"><span class=\"wixGuard\">\u200b<\/span>TEXTO:\u00a0Arial, tamanho 12; redigido em par\u00e1grafo \u00fanico e com n\u00e3o mais que 400 palavras; n\u00e3o conter refer\u00eancias bibliogr\u00e1ficas, figuras, ou tabelas. Na \u00faltima linha deve conter (entre colchetes) a nominata dos \u00f3rg\u00e3os apoiadores na produ\u00e7\u00e3o da pesquisa ou na concess\u00e3o de bolsas, que permitiram a realiza\u00e7\u00e3o da pesquisa.<\/p>\n<p class=\"font_8\"><span class=\"wixGuard\">\u200b<\/span>As afilia\u00e7\u00f5es dos autores devem estar alinhados \u00e0 esquerda. O texto do resumo deve estar justificado.<\/p>\n<\/div>\n<div id=\"comp-j5n8zobx\" class=\"txtNew\" data-packed=\"true\">\n<p class=\"font_8\">\u00a0Os arquivos devem ser enviados em formato &#8220;.doc&#8221; ou &#8220;.docx&#8221;. N\u00e3o s\u00e3o necess\u00e1rias refer\u00eancias bibliogr\u00e1ficas no resumo.<\/p>\n<h2 class=\"font_2\">Os resumos ser\u00e3o recebidos pela Comiss\u00e3o Cient\u00edfica do VI\u00a0Simp\u00f3sio de Biodiversidade entre\u00a025 de agosto\u00a0e 31 de outubro, atrav\u00e9s do e-mail\u00a0<a href=\"mailto:comissaocientifica.sbio@gmail.com\" target=\"_self\" data-content=\"comissaocientifica.sbio@gmail.com\" data-type=\"mail\" rel=\"noopener noreferrer\">comissaocientifica.sbio2017@gmail.com<\/a>.<\/h2>\n<h4>As dimens\u00f5es dos p\u00f4steres<\/h4>\n<h4 class=\"font_4\">1- As dimens\u00f5es dos p\u00f4steres ser\u00e3o de 0,9 m (largura) x 1 m (altura);<\/h4>\n<h4 class=\"font_4\">2- O apresentador dever\u00e1 trazer consigo material pr\u00f3prio para fixa\u00e7\u00e3o (fita adesiva);<\/h4>\n<h4 class=\"font_4\">3- O apresentador dever\u00e1 permanecer junto ao p\u00f4ster durante todo o per\u00edodo de apresenta\u00e7\u00e3o;<\/h4>\n<h4 class=\"font_4\">4- Ap\u00f3s o t\u00e9rmino deste per\u00edodo, \u00e9 responsabilidade do(s) autor(es) a imediata retirada do material;<\/h4>\n<h4 class=\"font_4\">5- Os organizadores n\u00e3o se responsabilizam pelo material que n\u00e3o seja devidamente colocado e\/ou retirado.\u00a0<\/h4>\n<h4 class=\"font_4\">6- No dia, o local para exposi\u00e7\u00e3o do p\u00f4ster ser\u00e1 indicado com o n\u00famero do p\u00f4ster. Este n\u00famero pode ser encontrado na ordem de apresenta\u00e7\u00e3o do dia\u00a0<a href=\"https:\/\/simposiobiodiversi.wixsite.com\/simposiobiodiv2017\/programacao\" target=\"_self\" rel=\"noopener noreferrer\">23\/11<\/a>\u00a0e do\u00a0<a href=\"https:\/\/simposiobiodiversi.wixsite.com\/simposiobiodiv2017\/programacao\" target=\"_self\" rel=\"noopener noreferrer\">24\/11<\/a><\/h4>\n<\/div>\n","protected":false},"excerpt":{"rendered":"<p>Ser\u00e3o aceitos\u00a0APENAS 2\u00a0resumos por pessoa, podendo estes, serem em\u00a0portugu\u00eas, ingl\u00eas e espanhol. T\u00cdTULO:\u00a0Arial, tamanho 14, caixa alta. O t\u00edtulo n\u00e3o deve ultrapassar 15 palavras. Artigos em portugu\u00eas ou espanhol dever\u00e3o ter o t\u00edtulo vertido para a l\u00edngua inglesa em uma nova linha (caixa alta, it\u00e1lico, Arial 14, logo abaixo do t\u00edtulo em portugu\u00eas ou espanhol). [&hellip;]<\/p>\n","protected":false},"author":115,"featured_media":0,"parent":0,"menu_order":0,"comment_status":"closed","ping_status":"closed","template":"","meta":{"footnotes":""},"categories":[],"tags":[],"class_list":["post-358","page","type-page","status-publish","hentry"],"acf":[],"_links":{"self":[{"href":"https:\/\/www.ufsm.br\/cursos\/pos-graduacao\/santa-maria\/ppgba\/wp-json\/wp\/v2\/pages\/358","targetHints":{"allow":["GET"]}}],"collection":[{"href":"https:\/\/www.ufsm.br\/cursos\/pos-graduacao\/santa-maria\/ppgba\/wp-json\/wp\/v2\/pages"}],"about":[{"href":"https:\/\/www.ufsm.br\/cursos\/pos-graduacao\/santa-maria\/ppgba\/wp-json\/wp\/v2\/types\/page"}],"author":[{"embeddable":true,"href":"https:\/\/www.ufsm.br\/cursos\/pos-graduacao\/santa-maria\/ppgba\/wp-json\/wp\/v2\/users\/115"}],"replies":[{"embeddable":true,"href":"https:\/\/www.ufsm.br\/cursos\/pos-graduacao\/santa-maria\/ppgba\/wp-json\/wp\/v2\/comments?post=358"}],"version-history":[{"count":0,"href":"https:\/\/www.ufsm.br\/cursos\/pos-graduacao\/santa-maria\/ppgba\/wp-json\/wp\/v2\/pages\/358\/revisions"}],"wp:attachment":[{"href":"https:\/\/www.ufsm.br\/cursos\/pos-graduacao\/santa-maria\/ppgba\/wp-json\/wp\/v2\/media?parent=358"}],"wp:term":[{"taxonomy":"category","embeddable":true,"href":"https:\/\/www.ufsm.br\/cursos\/pos-graduacao\/santa-maria\/ppgba\/wp-json\/wp\/v2\/categories?post=358"},{"taxonomy":"post_tag","embeddable":true,"href":"https:\/\/www.ufsm.br\/cursos\/pos-graduacao\/santa-maria\/ppgba\/wp-json\/wp\/v2\/tags?post=358"}],"curies":[{"name":"wp","href":"https:\/\/api.w.org\/{rel}","templated":true}]}}