{"id":362,"date":"2019-05-10T10:04:11","date_gmt":"2019-05-10T13:04:11","guid":{"rendered":"https:\/\/www.ufsm.br\/cursos\/pos-graduacao\/santa-maria\/ppgba\/?page_id=362"},"modified":"2019-05-10T10:04:13","modified_gmt":"2019-05-10T13:04:13","slug":"divulgacao","status":"publish","type":"page","link":"https:\/\/www.ufsm.br\/cursos\/pos-graduacao\/santa-maria\/ppgba\/divulgacao","title":{"rendered":"Divulga\u00e7\u00e3o"},"content":{"rendered":"\n<div id=\"comp-j95im58f\" class=\"txtNew\" data-packed=\"false\" data-min-height=\"179\">\n<h6 class=\"font_6\">Livro em conjunto com a Dra. Bianca Vieira intitulado:<br \/>&#8220;Aves do Parque Ecol\u00f3gico do C\u00f3rrego Grande&#8221;.<\/h6>\n<h6 class=\"font_6\">O livro aborda 115 esp\u00e9cies da localidade (Florian\u00f3polis), as quais tamb\u00e9m ocorrem em outras partes do pa\u00eds, incluindo Rio Grande do Sul.<\/h6>\n<\/div>\n<div id=\"comp-j95io9wu\" class=\"txtNew\" data-packed=\"true\">\n<p class=\"font_7\">Disponibilizamos gratuitamente para ser baixado e lido no seguinte link:<\/p>\n<p class=\"font_7\"><span class=\"wixGuard\">\u200b<\/span><\/p>\n<p class=\"font_7\">\u00a0<a href=\"https:\/\/pt.scribd.com\/document\/361313673\/Marcon-Vieira-2017-Aves-Do-Corrego-Grande\" target=\"_blank\" rel=\"nofollow noopener noreferrer\" data-content=\"https:\/\/pt.scribd.com\/document\/361313673\/Marcon-Vieira-2017-Aves-Do-Corrego-Grande\" data-type=\"external\">https:\/\/pt.scribd.com\/document\/361313673\/Marcon-Vieira-2017-Aves-Do-Corrego-Grande<\/a><\/p>\n<p>\u00a0<\/p>\n<\/div>\n","protected":false},"excerpt":{"rendered":"<p>Livro em conjunto com a Dra. Bianca Vieira intitulado:&#8220;Aves do Parque Ecol\u00f3gico do C\u00f3rrego Grande&#8221;. O livro aborda 115 esp\u00e9cies da localidade (Florian\u00f3polis), as quais tamb\u00e9m ocorrem em outras partes do pa\u00eds, incluindo Rio Grande do Sul. Disponibilizamos gratuitamente para ser baixado e lido no seguinte link: \u200b \u00a0https:\/\/pt.scribd.com\/document\/361313673\/Marcon-Vieira-2017-Aves-Do-Corrego-Grande \u00a0<\/p>\n","protected":false},"author":115,"featured_media":0,"parent":0,"menu_order":0,"comment_status":"closed","ping_status":"closed","template":"","meta":{"footnotes":""},"categories":[],"tags":[],"class_list":["post-362","page","type-page","status-publish","hentry"],"acf":[],"_links":{"self":[{"href":"https:\/\/www.ufsm.br\/cursos\/pos-graduacao\/santa-maria\/ppgba\/wp-json\/wp\/v2\/pages\/362","targetHints":{"allow":["GET"]}}],"collection":[{"href":"https:\/\/www.ufsm.br\/cursos\/pos-graduacao\/santa-maria\/ppgba\/wp-json\/wp\/v2\/pages"}],"about":[{"href":"https:\/\/www.ufsm.br\/cursos\/pos-graduacao\/santa-maria\/ppgba\/wp-json\/wp\/v2\/types\/page"}],"author":[{"embeddable":true,"href":"https:\/\/www.ufsm.br\/cursos\/pos-graduacao\/santa-maria\/ppgba\/wp-json\/wp\/v2\/users\/115"}],"replies":[{"embeddable":true,"href":"https:\/\/www.ufsm.br\/cursos\/pos-graduacao\/santa-maria\/ppgba\/wp-json\/wp\/v2\/comments?post=362"}],"version-history":[{"count":0,"href":"https:\/\/www.ufsm.br\/cursos\/pos-graduacao\/santa-maria\/ppgba\/wp-json\/wp\/v2\/pages\/362\/revisions"}],"wp:attachment":[{"href":"https:\/\/www.ufsm.br\/cursos\/pos-graduacao\/santa-maria\/ppgba\/wp-json\/wp\/v2\/media?parent=362"}],"wp:term":[{"taxonomy":"category","embeddable":true,"href":"https:\/\/www.ufsm.br\/cursos\/pos-graduacao\/santa-maria\/ppgba\/wp-json\/wp\/v2\/categories?post=362"},{"taxonomy":"post_tag","embeddable":true,"href":"https:\/\/www.ufsm.br\/cursos\/pos-graduacao\/santa-maria\/ppgba\/wp-json\/wp\/v2\/tags?post=362"}],"curies":[{"name":"wp","href":"https:\/\/api.w.org\/{rel}","templated":true}]}}