{"id":374,"date":"2019-05-10T16:11:56","date_gmt":"2019-05-10T19:11:56","guid":{"rendered":"https:\/\/www.ufsm.br\/cursos\/pos-graduacao\/santa-maria\/ppgba\/?page_id=374"},"modified":"2022-04-04T07:55:30","modified_gmt":"2022-04-04T10:55:30","slug":"internacionalizacao","status":"publish","type":"page","link":"https:\/\/www.ufsm.br\/cursos\/pos-graduacao\/santa-maria\/ppgba\/internacionalizacao","title":{"rendered":"Internacionaliza\u00e7\u00e3o"},"content":{"rendered":"\t\t<div data-elementor-type=\"wp-page\" data-elementor-id=\"374\" class=\"elementor elementor-374\">\n\t\t\t\t\t\t<section class=\"elementor-section elementor-top-section elementor-element elementor-element-2213cae2 elementor-section-boxed elementor-section-height-default elementor-section-height-default\" data-id=\"2213cae2\" data-element_type=\"section\">\n\t\t\t\t\t\t<div class=\"elementor-container elementor-column-gap-default\">\n\t\t\t\t\t<div class=\"elementor-column elementor-col-100 elementor-top-column elementor-element elementor-element-352b35ee\" data-id=\"352b35ee\" data-element_type=\"column\">\n\t\t\t<div class=\"elementor-widget-wrap elementor-element-populated\">\n\t\t\t\t\t\t<div class=\"elementor-element elementor-element-3af008d2 elementor-widget elementor-widget-text-editor\" data-id=\"3af008d2\" data-element_type=\"widget\" data-widget_type=\"text-editor.default\">\n\t\t\t\t<div class=\"elementor-widget-container\">\n\t\t\t\t\t\t\t<p><!-- wp:tadv\/classic-paragraph --><\/p>\n<p style=\"text-align: justify\">Um grande esfor\u00e7o vem sendo feito pelo Programa para aumentarmos as atividades de internacionaliza\u00e7\u00e3o. O resultado desse esfor\u00e7o resultou na inclus\u00e3o do PPGBA entre os programas de p\u00f3s-gradua\u00e7\u00e3o da Universidade Federal de Santa Maria que participam da proposta de internacionaliza\u00e7\u00e3o no <b>edital CAPES-PrInt<\/b>. Quase que a totalidade dos docentes permanentes do PPGBA possui experi\u00eancia internacional (doutorado pleno no exterior, p\u00f3s-doutorado, etc.) e colabora\u00e7\u00f5es com pesquisadores nos <b>Estados Unidos, Europa, \u00c1sia, Oceania e Am\u00e9rica Latina<\/b>. O aporte de recursos desse edital vem fortalecendo estas colabora\u00e7\u00f5es, permitindo a vinda de pesquisadores estrangeiros, viagens de curta dura\u00e7\u00e3o (duas semanas) dos professores do PPGBA ao exterior, viagens de alunos para a realiza\u00e7\u00e3o de Doutorado Sandu\u00edche, dentre outras atividades.<\/p>\n<p style=\"text-align: justify\">Tamb\u00e9m estamos buscando ofertar cursos, palestras ou disciplinas em l\u00edngua inglesa e praticamente todas as disciplinas do PPG contam com material para leitura obrigat\u00f3ria em l\u00edngua inglesa. Em algumas disciplinas, o material fornecido aos alunos \u00e9 totalmente em l\u00edngua estrangeira. Somente em 2019, foram ofertados dois cursos e outras atividades com discentes realizados integralmente em l\u00edngua inglesa, exercitando as quatro habilidades da l\u00edngua (leitura, escrita, escuta e fala), e tamb\u00e9m promovemos a participa\u00e7\u00e3o de alunos em cursos no exterior (curso em ingl\u00eas no Uruguai). Assim, todas estas atividades em conjunto contemplaram aproximadamente metade de todos os alunos do Programa de P\u00f3s-Gradua\u00e7\u00e3o em Biodiversidade Animal.<\/p>\n<p style=\"text-align: justify\">Abaixo apresentamos tamb\u00e9m indicadores dos <b>est\u00e1gios de Doutorado Sandu\u00edche<\/b> que v\u00eam sendo realizados pelos nossos discentes no quadri\u00eanio 2017-2020.<\/p>\n<p style=\"text-align: justify\">Ano 2017: tr\u00eas <b>alunos selecionados para desenvolverem Doutorado Sandu\u00edche<\/b> com bolsa por um per\u00edodo de 4 meses cada.<\/p>\n<p style=\"text-align: justify\">&#8211; Carla Deonisia Hendges: Field Museum of Natural History, Chicago, USA;<\/p>\n<p style=\"text-align: justify\">&#8211; Bruno Madalozzo: Estaci\u00f3n Biol\u00f3gica de Do\u00f1ana, Sevilla, ESPANHA;<\/p>\n<p style=\"text-align: justify\">&#8211; Gl\u00e1ucia Bolzan Cogo: Department of Life Sciences, University of Coimbra, Coimbra, Portugal.<\/p>\n<p style=\"text-align: justify\">Ano 2018: uma aluna selecionada para desenvolver Doutorado Sandu\u00edche com bolsa por um per\u00edodo de 12 meses.<\/p>\n<p style=\"text-align: justify\">&#8211; Jamile de Moura Bubadu\u00e9: supervis\u00e3o do professor Dr. Carlo Meloro, da Liverpool John Moores University, Liverpool, Inglaterra.<\/p>\n<p style=\"text-align: justify\">Ano 2019: uma aluna selecionada para desenvolver Doutorado Sandu\u00edche com bolsa por um per\u00edodo de 6 meses.<\/p>\n<p style=\"text-align: justify\">&#8211; Sheila Cassenote Ferreira: supervis\u00e3o do Pesquisador Sergei Tarasov, do Museu de Hist\u00f3ria Natural de Heksinki (LUOMUS), Heksinki, Finl\u00e2ndia.<\/p>\n<p style=\"text-align: justify\">Em rela\u00e7\u00e3o \u00e0 mobilidade docente, em 2019 o PPGBA promoveu a ida de dois professores para a Europa (Su\u00ed\u00e7a \u2013 docente Leonardo Kerber) e \u00c1sia (\u00cdndia \u2013 docente S\u00e9rgio Dias da Silva), al\u00e9m da participa\u00e7\u00e3o de docentes em congressos internacionais, com destaque ao curso atendido pela professora Andressa Paladini no Massachussets Institute of Technology (MIT; EUA). Tamb\u00e9m em 2019, o PPG tamb\u00e9m trouxe o pesquisador estrangeiro Carlos Peres (Reino Unido) para a realiza\u00e7\u00e3o de uma palestra com toda a comunidade do PPGBA e reuni\u00f5es individuais com docentes em l\u00edngua inglesa, e o pesquisador Fabian Leprieur (Fran\u00e7a), que ministrou uma palestra geral, dois cursos em l\u00edngua inglesa que tamb\u00e9m contou com a participa\u00e7\u00e3o de docentes e visitas aos laborat\u00f3rios do PPG onde a comunica\u00e7\u00e3o foi realizada exclusivamente em l\u00edngua inglesa. Cabe ressaltar que alguns artigos produzidos no PPGBA na \u00e1rea de Evolu\u00e7\u00e3o de Vertebrados ganharam destaque internacional nos principais meios de comunica\u00e7\u00e3o em 2019, como o jornal brit\u00e2nico Daily Mail, o americano Washington Post, o espanhol El Pa\u00eds, dentre outros (veja a mat\u00e9ria em <a href=\"https:\/\/www.dailymail.co.uk\/sciencetech\/article-7672547\/Amazing-skeleton-worlds-oldest-meat-eating-dinosaur-unearthed-southern-Brazil.html\"><b>Daily Mail<\/b><\/a>).<\/p>\n<p style=\"text-align: justify\">O programa CAPES PrInt incentivou o PPG a abrir suas portas para atrair candidatos do exterior. A procura de candidatos estrangeiros pelo programa vem aumentando de 2018 em diante, e em 2019, o programa tamb\u00e9m recebeu seus primeiros alunos internacionais da Col\u00f4mbia e Venezuela.<\/p>\n<p style=\"text-align: justify\">Dentro das possibilidades frente a pandemia de COVID19 ao longo do ano de 2020, o PPGBA foi capaz de se reinventar em alguns aspectos para desenvolver atividades de internacionaliza\u00e7\u00e3o. As atividades desenvolvidas podem ser destacadas em quatro categorias: 1) publica\u00e7\u00e3o de artigos em colabora\u00e7\u00e3o internacional, principalmente resultantes de atividades desenvolvidas em anos anteriores, 2) estabelecimento de parcerias e acordos para atividades p\u00f3s-pandemia, 3) Contrata\u00e7\u00e3o de um p\u00f3s-doutorado com experi\u00eancia no exterior e 4) participa\u00e7\u00e3o de alunos e docentes em eventos internacionais de maneira remota.<\/p>\n<p style=\"text-align: justify\">Em 2020, cinco artigos foram publicados e outros seis submetidos em revistas de alt\u00edssimo impacto, todos diretamente resultantes de parcerias desenvolvidas durante o programa CAPES PrInt. Tamb\u00e9m houve o contato e implementa\u00e7\u00e3o de parceria com quatro pesquisadores estrangeiros (tr\u00eas na Europa e um nos Estados Unidos) para visitas\/miss\u00f5es ap\u00f3s o t\u00e9rmino da pandemia. O PPGBA tamb\u00e9m implementou a bolsa de um p\u00f3s-doutorando com experi\u00eancia no exterior (Dr. F\u00e1bio Zanella Farneda), que j\u00e1 resultou na publica\u00e7\u00e3o de um artigo cient\u00edfico e no envolvimento do bolsista em diversas atividades remotas realizadas pelo Programa. Por fim, o desenvolvimento de atividades remotas no mundo inteiro (muitas gratuitas) permitiu que os alunos do PPG participassem em cursos, palestras e congressos internacionais em m\u00faltiplas ocasi\u00f5es, incluindo a apresenta\u00e7\u00e3o oral de trabalhos. Dentre estes, cabe destacar um evento, o Workshop of Community Ecology, que ocorreu em 2020 e contou com uma participa\u00e7\u00e3o expressiva de diversos alunos do PPGBA.<\/p>\n<p style=\"text-align: justify\">Ano 2021: um aluno selecionado para desenvolver Doutorado Sandu\u00edche com bolsa por um per\u00edodo de 12 meses.<\/p>\n<p style=\"text-align: justify\">Per\u00edodo de est\u00e1gio no exterior:&nbsp;Setembro\/2021 &#8211; Setembro\/2022.<\/p>\n<p style=\"text-align: justify\">Cidade e pa\u00eds:&nbsp;Zurique, Su\u00ed\u00e7a.<\/p>\n<p style=\"text-align: justify\">Universidade e Departamento:&nbsp;Swiss Federal Institute for Snow, Forest and Landscape Research (WSL), Biodiversity and Conservation Biology Center.<\/p>\n<p style=\"text-align: justify\">Objetivo da pesquisa:&nbsp;O objetivo principal \u00e9 determinar a import\u00e2ncia relativa de m\u00faltiplos fatores sobre a diversifica\u00e7\u00e3o de peixes de \u00e1gua&nbsp;doce na Am\u00e9rica do Sul. Pretende-se fornecer informa\u00e7\u00f5es sobre os principais processos que explicam a varia\u00e7\u00e3o nas taxas de diversifica\u00e7\u00e3o em um dos maiores clados de vertebrados no continente.&nbsp;<\/p>\n<p style=\"text-align: justify\">Para o ano de 2022, temos dispon\u00edvel seis cotas (6 meses) de bolsa de doutorado sandu\u00edche no exterior.&nbsp;Para realiza\u00e7\u00e3o do doutorado sandu\u00edche \u00e9 necess\u00e1rio:<\/p>\n<p style=\"text-align: justify\">1) Ter conclu\u00eddo o primeiro ano de doutorado OU qualificado;<\/p>\n<p style=\"text-align: justify\">2) N\u00e3o estar concluindo o doutorado. Isto significa ter, pelo menos, 6 meses de curso para concluir o doutorado ap\u00f3s o retorno do exterior;<\/p>\n<p style=\"text-align: justify\">3) Ter profici\u00eancia em l\u00edngua estrangeira (ex. TOEFL) conforme exigido no <a href=\"https:\/\/www.gov.br\/capes\/pt-br\/centrais-de-conteudo\/editais\/16022022_Edital_1633531_Anexo_II___Proficiencia.pdf\"><b>Anexo II<\/b><\/a>.<\/p>\n<p style=\"text-align: justify\">Chamamos a aten\u00e7\u00e3o esta \u00e9 uma oportunidade incr\u00edvel para crescimento acad\u00eamico e profissional. Certamente, uma experi\u00eancia no exterior \u00e9 de grande import\u00e2ncia para futuras oportunidades profissionais ap\u00f3s o t\u00e9rmino do doutorado.<\/p>\n<p style=\"text-align: justify\">\n<\/p><p><!-- \/wp:tadv\/classic-paragraph --><\/p>\t\t\t\t\t\t<\/div>\n\t\t\t\t<\/div>\n\t\t\t\t\t<\/div>\n\t\t<\/div>\n\t\t\t\t\t<\/div>\n\t\t<\/section>\n\t\t\t\t<\/div>\n\t\t","protected":false},"excerpt":{"rendered":"<p>Um grande esfor\u00e7o vem sendo feito pelo Programa para aumentarmos as atividades de internacionaliza\u00e7\u00e3o. O resultado desse esfor\u00e7o resultou na inclus\u00e3o do PPGBA entre os programas de p\u00f3s-gradua\u00e7\u00e3o da Universidade Federal de Santa Maria que participam da proposta de internacionaliza\u00e7\u00e3o no edital CAPES-PrInt. Quase que a totalidade dos docentes permanentes do PPGBA possui experi\u00eancia internacional [&hellip;]<\/p>\n","protected":false},"author":723,"featured_media":0,"parent":0,"menu_order":0,"comment_status":"closed","ping_status":"closed","template":"","meta":{"footnotes":""},"categories":[],"tags":[],"class_list":["post-374","page","type-page","status-publish","hentry"],"acf":[],"_links":{"self":[{"href":"https:\/\/www.ufsm.br\/cursos\/pos-graduacao\/santa-maria\/ppgba\/wp-json\/wp\/v2\/pages\/374","targetHints":{"allow":["GET"]}}],"collection":[{"href":"https:\/\/www.ufsm.br\/cursos\/pos-graduacao\/santa-maria\/ppgba\/wp-json\/wp\/v2\/pages"}],"about":[{"href":"https:\/\/www.ufsm.br\/cursos\/pos-graduacao\/santa-maria\/ppgba\/wp-json\/wp\/v2\/types\/page"}],"author":[{"embeddable":true,"href":"https:\/\/www.ufsm.br\/cursos\/pos-graduacao\/santa-maria\/ppgba\/wp-json\/wp\/v2\/users\/723"}],"replies":[{"embeddable":true,"href":"https:\/\/www.ufsm.br\/cursos\/pos-graduacao\/santa-maria\/ppgba\/wp-json\/wp\/v2\/comments?post=374"}],"version-history":[{"count":0,"href":"https:\/\/www.ufsm.br\/cursos\/pos-graduacao\/santa-maria\/ppgba\/wp-json\/wp\/v2\/pages\/374\/revisions"}],"wp:attachment":[{"href":"https:\/\/www.ufsm.br\/cursos\/pos-graduacao\/santa-maria\/ppgba\/wp-json\/wp\/v2\/media?parent=374"}],"wp:term":[{"taxonomy":"category","embeddable":true,"href":"https:\/\/www.ufsm.br\/cursos\/pos-graduacao\/santa-maria\/ppgba\/wp-json\/wp\/v2\/categories?post=374"},{"taxonomy":"post_tag","embeddable":true,"href":"https:\/\/www.ufsm.br\/cursos\/pos-graduacao\/santa-maria\/ppgba\/wp-json\/wp\/v2\/tags?post=374"}],"curies":[{"name":"wp","href":"https:\/\/api.w.org\/{rel}","templated":true}]}}