{"id":580,"date":"2020-08-12T11:32:52","date_gmt":"2020-08-12T14:32:52","guid":{"rendered":"https:\/\/www.ufsm.br\/cursos\/pos-graduacao\/santa-maria\/ppgba\/?page_id=580"},"modified":"2022-04-04T07:50:22","modified_gmt":"2022-04-04T10:50:22","slug":"simposio-de-biodiversidade-2","status":"publish","type":"page","link":"https:\/\/www.ufsm.br\/cursos\/pos-graduacao\/santa-maria\/ppgba\/simposio-de-biodiversidade-2","title":{"rendered":"Simp\u00f3sio de Biodiversidade"},"content":{"rendered":"\t\t<div data-elementor-type=\"wp-page\" data-elementor-id=\"580\" class=\"elementor elementor-580\">\n\t\t\t\t\t\t<section class=\"elementor-section elementor-top-section elementor-element elementor-element-6d6dd800 elementor-section-boxed elementor-section-height-default elementor-section-height-default\" data-id=\"6d6dd800\" data-element_type=\"section\">\n\t\t\t\t\t\t<div class=\"elementor-container elementor-column-gap-default\">\n\t\t\t\t\t<div class=\"elementor-column elementor-col-100 elementor-top-column elementor-element elementor-element-d9494cf\" data-id=\"d9494cf\" data-element_type=\"column\">\n\t\t\t<div class=\"elementor-widget-wrap elementor-element-populated\">\n\t\t\t\t\t\t<div class=\"elementor-element elementor-element-1b039a47 elementor-widget elementor-widget-text-editor\" data-id=\"1b039a47\" data-element_type=\"widget\" data-widget_type=\"text-editor.default\">\n\t\t\t\t<div class=\"elementor-widget-container\">\n\t\t\t\t\t\t\t<p style=\"margin-bottom: 6.0pt;text-align: justify;line-height: normal\"><span style=\"font-size: 12.0pt\">A cada dois anos o PPG Biodiversidade Animal promove o SIMP\u00d3SIO DE BIODIVERSIDADE. O evento sempre atrai um grande n\u00famero de participantes de diferentes setores da sociedade, incluindo acad\u00eamicos de gradua\u00e7\u00e3o e p\u00f3s-gradua\u00e7\u00e3o, estudantes e professores do ensino m\u00e9dio e pessoas da sociedade em geral. Para as confer\u00eancias e palestras sempre s\u00e3o convidados <b>pesquisadores<\/b>, <b>legisladores<\/b>, <b>juristas<\/b> e <b>representantes de entidades ambientais<\/b>, o que promove uma ampla inser\u00e7\u00e3o social dos temas abordados em cada edi\u00e7\u00e3o do Simp\u00f3sio.<\/span><\/p><p style=\"margin-bottom: 6.0pt;text-align: justify;line-height: normal\"><span style=\"font-size: 12.0pt\">Neste quadri\u00eanio (2017-2020), foram realizadas duas edi\u00e7\u00f5es do Simp\u00f3sio: o VI Simp\u00f3sio de Biodiversidade, realizado de 22 a 24 de novembro de 2017, e o VII Simp\u00f3sio de Biodiversidade, realizado de 6 a 8 de novembro de 2019. <\/span><\/p><p style=\"margin-bottom: 6.0pt;text-align: justify;line-height: normal\"><span style=\"font-size: 12.0pt\">A tem\u00e1tica do evento realizado em 2017 foi \u201c<b>Fatos, Amea\u00e7as e Perspectivas<\/b>\u201d. Nesta ocasi\u00e3o recebemos mais de 100 participantes de diversas cidades<\/span><span style=\"font-size: 12.0pt\">, tanto do Rio Grande do Sul quanto de outros estados. Estes participantes apresentaram 108 trabalhos cient\u00edficos na forma de p\u00f4steres. O evento contou com 11 palestrantes de v\u00e1rias institui\u00e7\u00f5es, como <\/span><span style=\"font-size: 12.0pt\">UFRGS, UNIRIO, PUCRS, UFSM, Unipampa, FURG e UEL. Al\u00e9m disso, foram ministrados 13 minicursos que abordaram diversos temas de interesse na \u00e1rea.\u00a0<\/span><\/p><p style=\"margin-bottom: 6.0pt;text-align: justify;line-height: normal\"><span style=\"font-size: 12.0pt\">Mais informa\u00e7\u00f5es a respeito do evento podem ser encontradas no s\u00edtio: <a href=\"https:\/\/www.ufsm.br\/cursos\/pos-graduacao\/santa-maria\/ppgba\/eventos\/vi-simposio-de-biodiversidade-extincoes-fatos-ameacas-e-perspectivas\/\">VI SIMP\u00d3SIO DE BIODIVERSIDADE<\/a><\/span><span style=\"font-size: 12.0pt\">.<\/span><\/p><p style=\"margin-bottom: 0cm;text-align: justify;line-height: normal\"><span style=\"font-size: 12.0pt\">J\u00e1 para o evento do ano de 2019, a tem\u00e1tica escolhida foi \u201c<b>Ci\u00eancia e Sociedade: removendo barreiras para construir o futuro<\/b>\u201d. O n\u00famero de participantes dessa edi\u00e7\u00e3o aumentou consideravelmente em rela\u00e7\u00e3o \u00e0 anterior, visto que <\/span><span style=\"font-size: 12.0pt\">recebemos mais de 200 inscritos, sendo muitos de fora de Santa Maria e alunos de diversas institui\u00e7\u00f5es do RS e do pa\u00eds. O evento contou com 17 palestrantes de institui\u00e7\u00f5es como UFRN, UFRJ, UERJ, UFPel, UFRGS, UFSC, UNIFESP, UNIPAMPA, FURG, UFSM e PUC-RS. Nossa programa\u00e7\u00e3o incluiu 7 palestras, 4 mesas-redondas e 10 minicursos, al\u00e9m de 117 apresenta\u00e7\u00f5es de trabalhos cient\u00edficos, sendo 38 no formato oral e 79 p\u00f4steres.\u00a0<\/span><\/p><p style=\"margin-bottom: 0cm;text-align: justify;line-height: normal\"><span style=\"font-size: 12.0pt\">Mais informa\u00e7\u00f5es a respeito do evento podem ser encontradas no s\u00edtio:\u00a0<\/span><span style=\"color: #000000;font-size: 12pt\"><span style=\"color: #204c90\"><a href=\"https:\/\/simposiobiodiversidade.weebly.com\/\">VII SIMP\u00d3SIO DE BIODIVERSIDADE<\/a>.<\/span><\/span><\/p><figure id=\"attachment_634\" aria-describedby=\"caption-attachment-634\" style=\"width: 700px\" class=\"wp-caption aligncenter\"><img fetchpriority=\"high\" decoding=\"async\" class=\"wp-image-634\" style=\"color: #000000;font-size: 16px\" src=\"https:\/\/www.ufsm.br\/app\/uploads\/sites\/520\/2020\/09\/5-1024x368.png\" alt=\"\" width=\"700\" height=\"251\" \/><figcaption id=\"caption-attachment-634\" class=\"wp-caption-text\">Fotos da \u00faltima edi\u00e7\u00e3o do evento Simp\u00f3sio de Biodiversidade (ano 2019).<\/figcaption><\/figure><div style=\"text-align: justify\"><span style=\"font-size: 12pt;text-align: justify\">\u00a0 \u00a0 Portanto, essas informa\u00e7\u00f5es ressaltam a import\u00e2ncia da realiza\u00e7\u00e3o desse evento organizado pelo PPGBA da UFSM para o desenvolvimento cient\u00edfico e social da nossa regi\u00e3o, assim como o seu potencial de divulga\u00e7\u00e3o de conhecimento cient\u00edfico para a sociedade.<\/span><\/div><div>\u00a0<\/div><div><p style=\"text-align: justify\">Entre os dias 30 de novembro e 03 de dezembro de 2021, ocorreu o VIII Simp\u00f3sio de Biodiversidade, com o tema \u201c<strong>Fronteiras da Ecologia e Evolu\u00e7\u00e3o<\/strong>\u201d. Em decorr\u00eancia da pandemia de COVID-19, esta foi a primeira edi\u00e7\u00e3o do Simp\u00f3sio que ocorreu de maneira totalmente virtual. Com isso, tivemos aproximadamente 350 inscritos de diversos estados brasileiros, tais como, S\u00e3o Paulo, Rio de Janeiro, Bahia, Pernambuco, Sergipe, Rond\u00f4nia e Amazonas, e pa\u00edses, tais como Col\u00f4mbia, M\u00e9xico e Peru. Durante os quatro dias do evento, os inscritos puderam assistir a sete palestras e quatro mesas redondas sobre os mais diferentes assuntos envolvendo a biodiversidade e sua conserva\u00e7\u00e3o. Os 19 palestrantes convidados pertencem \u00e0 diversas institui\u00e7\u00f5es renomadas de ensino e pesquisa nacionais e internacionais, tais como City University of New York, San Diego State University, Museu Nacional de Hist\u00f3ria Natural de Paris, Museu de Ci\u00eancias Naturais Bernardino Rivadavia, Instituto Nacional da Mata Atl\u00e2ntica, FIOCRUZ, UERJ, UFG, UNESP, UENF e USP. Al\u00e9m das palestras e mesas redondas, os inscritos tamb\u00e9m puderam participar de minicursos ministrados por docentes e discentes do Programa de P\u00f3s-Gradua\u00e7\u00e3o em Biodiversidade Animal, que abordaram os mais diversos temas na \u00e1rea de biodiversidade.<\/p><p style=\"text-align: justify\">O evento contou tamb\u00e9m com apresenta\u00e7\u00f5es de trabalhos nas modalidades p\u00f4ster e apresenta\u00e7\u00e3o oral. Ao final do evento, houve a premia\u00e7\u00e3o das melhores apresenta\u00e7\u00f5es orais, as quais foram divididas em duas categorias: gradua\u00e7\u00e3o e p\u00f3s-gradua\u00e7\u00e3o\/profissional.<\/p><p style=\"text-align: justify\">Esta edi\u00e7\u00e3o apresentou n\u00famero recorde de inscritos e das mais diversas partes do Brasil e da Am\u00e9rica Latina, o que ressalta a consolida\u00e7\u00e3o do Simp\u00f3sio de Biodiversidade como um dos principais eventos cient\u00edficos da \u00e1rea de Biodiversidade no sul do pa\u00eds. Com isso, o Simp\u00f3sio de Biodiversidade cumpre, mais uma vez, a sua meta de contribuir para divulgar o conhecimento cient\u00edfico, sua relev\u00e2ncia social e tecnol\u00f3gica para toda a sociedade.<\/p>Todas as palestras, mesas redondas e apresenta\u00e7\u00f5es orais est\u00e3o dispon\u00edveis no canal do Programa de P\u00f3s-Gradua\u00e7\u00e3o em Biodiversidade Animal no YouTube atrav\u00e9s do link &#8211; <a href=\"https:\/\/www.youtube.com\/channel\/UC8kdBJAMmG3iQxDWLoVPeKA\"><strong>Canal PPGBA<\/strong><\/a>.<\/div>\t\t\t\t\t\t<\/div>\n\t\t\t\t<\/div>\n\t\t\t\t\t<\/div>\n\t\t<\/div>\n\t\t\t\t\t<\/div>\n\t\t<\/section>\n\t\t\t\t<\/div>\n\t\t","protected":false},"excerpt":{"rendered":"<p>A cada dois anos o PPG Biodiversidade Animal promove o SIMP\u00d3SIO DE BIODIVERSIDADE. O evento sempre atrai um grande n\u00famero de participantes de diferentes setores da sociedade, incluindo acad\u00eamicos de gradua\u00e7\u00e3o e p\u00f3s-gradua\u00e7\u00e3o, estudantes e professores do ensino m\u00e9dio e pessoas da sociedade em geral. Para as confer\u00eancias e palestras sempre s\u00e3o convidados pesquisadores, legisladores, [&hellip;]<\/p>\n","protected":false},"author":1151,"featured_media":0,"parent":0,"menu_order":0,"comment_status":"closed","ping_status":"closed","template":"","meta":{"footnotes":""},"categories":[],"tags":[],"class_list":["post-580","page","type-page","status-publish","hentry"],"acf":[],"_links":{"self":[{"href":"https:\/\/www.ufsm.br\/cursos\/pos-graduacao\/santa-maria\/ppgba\/wp-json\/wp\/v2\/pages\/580","targetHints":{"allow":["GET"]}}],"collection":[{"href":"https:\/\/www.ufsm.br\/cursos\/pos-graduacao\/santa-maria\/ppgba\/wp-json\/wp\/v2\/pages"}],"about":[{"href":"https:\/\/www.ufsm.br\/cursos\/pos-graduacao\/santa-maria\/ppgba\/wp-json\/wp\/v2\/types\/page"}],"author":[{"embeddable":true,"href":"https:\/\/www.ufsm.br\/cursos\/pos-graduacao\/santa-maria\/ppgba\/wp-json\/wp\/v2\/users\/1151"}],"replies":[{"embeddable":true,"href":"https:\/\/www.ufsm.br\/cursos\/pos-graduacao\/santa-maria\/ppgba\/wp-json\/wp\/v2\/comments?post=580"}],"version-history":[{"count":0,"href":"https:\/\/www.ufsm.br\/cursos\/pos-graduacao\/santa-maria\/ppgba\/wp-json\/wp\/v2\/pages\/580\/revisions"}],"wp:attachment":[{"href":"https:\/\/www.ufsm.br\/cursos\/pos-graduacao\/santa-maria\/ppgba\/wp-json\/wp\/v2\/media?parent=580"}],"wp:term":[{"taxonomy":"category","embeddable":true,"href":"https:\/\/www.ufsm.br\/cursos\/pos-graduacao\/santa-maria\/ppgba\/wp-json\/wp\/v2\/categories?post=580"},{"taxonomy":"post_tag","embeddable":true,"href":"https:\/\/www.ufsm.br\/cursos\/pos-graduacao\/santa-maria\/ppgba\/wp-json\/wp\/v2\/tags?post=580"}],"curies":[{"name":"wp","href":"https:\/\/api.w.org\/{rel}","templated":true}]}}