{"id":586,"date":"2020-08-19T09:47:20","date_gmt":"2020-08-19T12:47:20","guid":{"rendered":"https:\/\/www.ufsm.br\/cursos\/pos-graduacao\/santa-maria\/ppgba\/?page_id=586"},"modified":"2021-04-08T17:30:50","modified_gmt":"2021-04-08T20:30:50","slug":"informacoes-complementares-a-estrutura-curricular","status":"publish","type":"page","link":"https:\/\/www.ufsm.br\/cursos\/pos-graduacao\/santa-maria\/ppgba\/informacoes-complementares-a-estrutura-curricular","title":{"rendered":"Informa\u00e7\u00f5es complementares \u00e0 Estrutura Curricular"},"content":{"rendered":"\t\t<div data-elementor-type=\"wp-page\" data-elementor-id=\"586\" class=\"elementor elementor-586\">\n\t\t\t\t\t\t<section class=\"elementor-section elementor-top-section elementor-element elementor-element-df09060 elementor-section-boxed elementor-section-height-default elementor-section-height-default\" data-id=\"df09060\" data-element_type=\"section\">\n\t\t\t\t\t\t<div class=\"elementor-container elementor-column-gap-default\">\n\t\t\t\t\t<div class=\"elementor-column elementor-col-100 elementor-top-column elementor-element elementor-element-6f1e507\" data-id=\"6f1e507\" data-element_type=\"column\">\n\t\t\t<div class=\"elementor-widget-wrap elementor-element-populated\">\n\t\t\t\t\t\t<div class=\"elementor-element elementor-element-734f418 elementor-widget elementor-widget-text-editor\" data-id=\"734f418\" data-element_type=\"widget\" data-widget_type=\"text-editor.default\">\n\t\t\t\t<div class=\"elementor-widget-container\">\n\t\t\t\t\t\t\t<p style=\"text-align: justify\">Para o c\u00e1lculo do total de cr\u00e9ditos do curso ser\u00e3o consideradas as aulas te\u00f3ricas, pr\u00e1ticas e te\u00f3rico-pr\u00e1ticas. <strong>O curso de Mestrado ter\u00e1 a dura\u00e7\u00e3o m\u00ednima de doze e m\u00e1xima de vinte e quatro meses, e o curso de Doutorado, dura\u00e7\u00e3o m\u00ednima de vinte e quatro e m\u00e1xima de quarenta e oito meses; respeitando o m\u00ednimo de dezoito cr\u00e9ditos para o Mestrado e trinta e seis cr\u00e9ditos para o Doutorado.<\/strong> Por solicita\u00e7\u00e3o justificada do professor orientador do trabalho de conclus\u00e3o, os prazos definidos poder\u00e3o ser prorrogados por at\u00e9 seis meses, mediante aprova\u00e7\u00e3o do Colegiado.<\/p><p style=\"text-align: justify\">O est\u00e1gio de doc\u00eancia \u00e9 uma atividade curricular para estudantes de p\u00f3s-gradua\u00e7\u00e3o que se apresenta como disciplina denominada &#8220;Doc\u00eancia Orientada&#8221;, sendo definida como a participa\u00e7\u00e3o de aluno de p\u00f3s-gradua\u00e7\u00e3o em atividades de ensino na educa\u00e7\u00e3o superior da UFSM, servindo para a complementa\u00e7\u00e3o da forma\u00e7\u00e3o pedag\u00f3gica dos p\u00f3s-graduandos. Os alunos do curso de Mestrado do PPGBA poder\u00e3o totalizar at\u00e9 dois cr\u00e9ditos e os alunos do curso de Doutorado at\u00e9 quatro cr\u00e9ditos nessa disciplina para integraliza\u00e7\u00e3o curricular. Para os efeitos deste regulamento ser\u00e3o consideradas atividades de ensino:<\/p><ul><li style=\"text-align: justify\"><span>Ministrar um conjunto pr\u00e9-determinado de aulas te\u00f3ricas e\/ou pr\u00e1ticas que n\u00e3o exceda a trinta por cento do total de aulas da disciplina;<\/span><\/li><li style=\"text-align: justify\"><span>Auxiliar na prepara\u00e7\u00e3o de planos de aula e\/ou atuar no atendimento extra-aula aos alunos;<\/span><\/li><li style=\"text-align: justify\"><span>Participar, em avalia\u00e7\u00e3o parcial, de conte\u00fados program\u00e1ticos, te\u00f3ricos e pr\u00e1ticos;<\/span><\/li><li style=\"text-align: justify\"><span>Aplicar m\u00e9todos ou t\u00e9cnicas pedag\u00f3gicas, como: estudos dirigidos, semin\u00e1rios, etc.<\/span><\/li><\/ul><p style=\"text-align: justify\">As atividades de ensino desenvolvidas pelo aluno de p\u00f3s-gradua\u00e7\u00e3o em Est\u00e1gio de Doc\u00eancia Orientada devem ser desenvolvidas sob a supervis\u00e3o de um professor de carreira do magist\u00e9rio superior. <strong>\u00c9 importante destacar que, de acordo com a nova <a href=\"https:\/\/www.ufsm.br\/cursos\/pos-graduacao\/santa-maria\/ppgba\/resolucoes-ppgba\/\">Resolu\u00e7\u00e3o Normativa N. 03<\/a>, de 09 de outubro de 2020, que disp\u00f5e sobre disciplinas e cr\u00e9ditos m\u00ednimos obrigat\u00f3rios para alunos de Mestrado e Doutorado<\/strong>, <strong>apenas as disciplinas de Doc\u00eancia Orientada I e II s\u00e3o obrigat\u00f3rias para os alunos de doutorado bolsistas do Programa, sendo as disciplinas III e IV optativas, e as disciplinas de Doc\u00eancia Orientada I e II s\u00e3o optativas para os alunos de mestrado.<\/strong><\/p><p style=\"text-align: justify\">A apresenta\u00e7\u00e3o na disciplina de Semin\u00e1rios pelos alunos do Programa se d\u00e1 na forma descrita abaixo.<\/p><p style=\"text-align: justify\"><strong>1) Mestrado: alunos de primeiro semestre apresentam seus projetos de pesquisa e alunos de terceiro semestre apresentam seus resultados parciais. <\/strong><\/p><p style=\"text-align: justify\"><strong>2) Doutorado: alunos de segundo semestre apresentam seus projetos de pesquisa e alunos de quarto, sexto e oitavo semestres apresentam seus resultados parciais.<\/strong><\/p><p style=\"text-align: justify\">\u00c9 importante destacar que os projetos ou relat\u00f3rios de desempenho acad\u00eamico contendo os resultados obtidos dos alunos que apresentam na disciplina s\u00e3o enviados para uma banca, composta por dois professores avaliadores (internos e\/ou externos ao Programa), que consiste no Comit\u00ea de Acompanhamento do aluno. Esse Comit\u00ea acompanha o aluno durante toda a sua forma\u00e7\u00e3o, desde a entrada no curso at\u00e9 a defesa de tese ou disserta\u00e7\u00e3o. Os professores avaliadores, membros Comit\u00ea de Acompanhamento, julgam a qualidade do documento recebido, a adequa\u00e7\u00e3o da pesquisa \u00e0 \u00e1rea de Biodiversidade e a apresenta\u00e7\u00e3o do aluno. Caso o desempenho do aluno n\u00e3o seja favor\u00e1vel, a sua situa\u00e7\u00e3o ser\u00e1 imediatamente analisada pelo Colegiado do Programa, onde ser\u00e3o decididas medidas para reverter a situa\u00e7\u00e3o. A manuten\u00e7\u00e3o da bolsa tamb\u00e9m est\u00e1 vinculada ao desempenho do aluno nessa disciplina.<\/p><p style=\"text-align: justify\">O PPGBA possui ao total 44 disciplinas ativas registradas. Dentre estas, as disciplinas de Bioestat\u00edstica, Sistem\u00e1tica Filogen\u00e9tica e as de Semin\u00e1rios (I e II para o Mestrado; I, II, III e IV para o Doutorado) s\u00e3o obrigat\u00f3rias para todos os alunos matriculados no Programa.<\/p><p style=\"text-align: justify\">\u00c9 importante destacar tamb\u00e9m que o nosso Programa possui 13 disciplinas de \u201cT\u00f3picos Especiais em Biodiversidade Animal\u201d, que s\u00e3o geralmente ministradas por pesquisadores externos ao nosso Programa, com o objetivo de aumentar a oferta de disciplinas que abordam temas de vanguarda e novas t\u00e9cnicas de an\u00e1lises de dados para os nossos alunos.<\/p><p style=\"text-align: justify\">\u00a0<\/p>\t\t\t\t\t\t<\/div>\n\t\t\t\t<\/div>\n\t\t\t\t\t<\/div>\n\t\t<\/div>\n\t\t\t\t\t<\/div>\n\t\t<\/section>\n\t\t\t\t<\/div>\n\t\t","protected":false},"excerpt":{"rendered":"<p>Para o c\u00e1lculo do total de cr\u00e9ditos do curso ser\u00e3o consideradas as aulas te\u00f3ricas, pr\u00e1ticas e te\u00f3rico-pr\u00e1ticas. O curso de Mestrado ter\u00e1 a dura\u00e7\u00e3o m\u00ednima de doze e m\u00e1xima de vinte e quatro meses, e o curso de Doutorado, dura\u00e7\u00e3o m\u00ednima de vinte e quatro e m\u00e1xima de quarenta e oito meses; respeitando o m\u00ednimo [&hellip;]<\/p>\n","protected":false},"author":1151,"featured_media":0,"parent":0,"menu_order":0,"comment_status":"closed","ping_status":"closed","template":"","meta":{"footnotes":""},"categories":[],"tags":[],"class_list":["post-586","page","type-page","status-publish","hentry"],"acf":[],"_links":{"self":[{"href":"https:\/\/www.ufsm.br\/cursos\/pos-graduacao\/santa-maria\/ppgba\/wp-json\/wp\/v2\/pages\/586","targetHints":{"allow":["GET"]}}],"collection":[{"href":"https:\/\/www.ufsm.br\/cursos\/pos-graduacao\/santa-maria\/ppgba\/wp-json\/wp\/v2\/pages"}],"about":[{"href":"https:\/\/www.ufsm.br\/cursos\/pos-graduacao\/santa-maria\/ppgba\/wp-json\/wp\/v2\/types\/page"}],"author":[{"embeddable":true,"href":"https:\/\/www.ufsm.br\/cursos\/pos-graduacao\/santa-maria\/ppgba\/wp-json\/wp\/v2\/users\/1151"}],"replies":[{"embeddable":true,"href":"https:\/\/www.ufsm.br\/cursos\/pos-graduacao\/santa-maria\/ppgba\/wp-json\/wp\/v2\/comments?post=586"}],"version-history":[{"count":0,"href":"https:\/\/www.ufsm.br\/cursos\/pos-graduacao\/santa-maria\/ppgba\/wp-json\/wp\/v2\/pages\/586\/revisions"}],"wp:attachment":[{"href":"https:\/\/www.ufsm.br\/cursos\/pos-graduacao\/santa-maria\/ppgba\/wp-json\/wp\/v2\/media?parent=586"}],"wp:term":[{"taxonomy":"category","embeddable":true,"href":"https:\/\/www.ufsm.br\/cursos\/pos-graduacao\/santa-maria\/ppgba\/wp-json\/wp\/v2\/categories?post=586"},{"taxonomy":"post_tag","embeddable":true,"href":"https:\/\/www.ufsm.br\/cursos\/pos-graduacao\/santa-maria\/ppgba\/wp-json\/wp\/v2\/tags?post=586"}],"curies":[{"name":"wp","href":"https:\/\/api.w.org\/{rel}","templated":true}]}}