{"id":1075,"date":"2025-03-26T13:02:39","date_gmt":"2025-03-26T16:02:39","guid":{"rendered":"https:\/\/www.ufsm.br\/cursos\/pos-graduacao\/santa-maria\/ppgbtox\/?page_id=1075"},"modified":"2025-04-22T10:38:06","modified_gmt":"2025-04-22T13:38:06","slug":"informacoes-discentes","status":"publish","type":"page","link":"https:\/\/www.ufsm.br\/cursos\/pos-graduacao\/santa-maria\/ppgbtox\/informacoes-discentes","title":{"rendered":"Informa\u00e7\u00f5es aos Discentes"},"content":{"rendered":"\t\t<div data-elementor-type=\"wp-page\" data-elementor-id=\"1075\" class=\"elementor elementor-1075\">\n\t\t\t\t\t\t<section class=\"elementor-section elementor-top-section elementor-element elementor-element-b64f3d5 elementor-section-boxed elementor-section-height-default elementor-section-height-default\" data-id=\"b64f3d5\" data-element_type=\"section\">\n\t\t\t\t\t\t<div class=\"elementor-container elementor-column-gap-default\">\n\t\t\t\t\t<div class=\"elementor-column elementor-col-100 elementor-top-column elementor-element elementor-element-7896229\" data-id=\"7896229\" data-element_type=\"column\">\n\t\t\t<div class=\"elementor-widget-wrap elementor-element-populated\">\n\t\t\t\t\t\t<div class=\"elementor-element elementor-element-5dedadf elementor-widget__width-inherit elementor-widget elementor-widget-heading\" data-id=\"5dedadf\" data-element_type=\"widget\" data-widget_type=\"heading.default\">\n\t\t\t\t<div class=\"elementor-widget-container\">\n\t\t\t<h2 class=\"elementor-heading-title elementor-size-default\">Informa\u00e7\u00f5es aos Discentes<\/h2>\t\t<\/div>\n\t\t\t\t<\/div>\n\t\t\t\t\t<\/div>\n\t\t<\/div>\n\t\t\t\t\t<\/div>\n\t\t<\/section>\n\t\t\t\t<section class=\"elementor-section elementor-top-section elementor-element elementor-element-d68a7af elementor-section-boxed elementor-section-height-default elementor-section-height-default\" data-id=\"d68a7af\" data-element_type=\"section\">\n\t\t\t\t\t\t<div class=\"elementor-container elementor-column-gap-default\">\n\t\t\t\t\t<div class=\"elementor-column elementor-col-100 elementor-top-column elementor-element elementor-element-3791773\" data-id=\"3791773\" data-element_type=\"column\">\n\t\t\t<div class=\"elementor-widget-wrap elementor-element-populated\">\n\t\t\t\t\t\t<div class=\"elementor-element elementor-element-dbd9bda elementor-widget elementor-widget-text-editor\" data-id=\"dbd9bda\" data-element_type=\"widget\" data-widget_type=\"text-editor.default\">\n\t\t\t\t<div class=\"elementor-widget-container\">\n\t\t\t\t\t\t\t<h5>REGULAMENTOS E REGIMENTO DA P\u00d3S-GRADUA\u00c7\u00c3O<\/h5>\t\t\t\t\t\t<\/div>\n\t\t\t\t<\/div>\n\t\t\t\t\t<\/div>\n\t\t<\/div>\n\t\t\t\t\t<\/div>\n\t\t<\/section>\n\t\t\t\t<section class=\"elementor-section elementor-top-section elementor-element elementor-element-4e45725 elementor-section-boxed elementor-section-height-default elementor-section-height-default\" data-id=\"4e45725\" data-element_type=\"section\">\n\t\t\t\t\t\t<div class=\"elementor-container elementor-column-gap-default\">\n\t\t\t\t\t<div class=\"elementor-column elementor-col-100 elementor-top-column elementor-element elementor-element-ca09185\" data-id=\"ca09185\" data-element_type=\"column\">\n\t\t\t<div class=\"elementor-widget-wrap elementor-element-populated\">\n\t\t\t\t\t\t<div class=\"elementor-element elementor-element-21eb127 elementor-widget elementor-widget-text-editor\" data-id=\"21eb127\" data-element_type=\"widget\" data-widget_type=\"text-editor.default\">\n\t\t\t\t<div class=\"elementor-widget-container\">\n\t\t\t\t\t\t\t<p>Os Programas de P\u00f3s-Gradua\u00e7\u00e3o da UFSM t\u00eam dois documentos importantes que s\u00e3o o Regulamento do Programa e o Regimento Geral da P\u00f3s-Gradua\u00e7\u00e3o.<\/p><p>Atualmente, o PPGBTox conta com dois regulamentos vigentes: a vers\u00e3o 2016 e a vers\u00e3o 2024. O<span style=\"color: #000000;font-size: 1rem\">s alunos do PPGBTox poder\u00e3o solicitar ades\u00e3o ao novo regulamento (vers\u00e3o 2024) ap\u00f3s a aprova\u00e7\u00e3o da nova estrutura curricular do Programa.\u00a0<\/span><span style=\"color: #000000;font-size: 1rem\">Quando isso for poss\u00edvel, os alunos ser\u00e3o informados por e-mail.<\/span><\/p><p>H\u00e1 tamb\u00e9m o Regimento Geral da P\u00f3s-Gradua\u00e7\u00e3o, que \u00e9 documento norteador dos regulamentos da P\u00f3s-Gradua\u00e7\u00e3o. Em casos mais espec\u00edficos, este documento pode ser consultado.<\/p>\t\t\t\t\t\t<\/div>\n\t\t\t\t<\/div>\n\t\t\t\t\t<\/div>\n\t\t<\/div>\n\t\t\t\t\t<\/div>\n\t\t<\/section>\n\t\t\t\t<section class=\"elementor-section elementor-top-section elementor-element elementor-element-b1f0070 elementor-section-boxed elementor-section-height-default elementor-section-height-default\" data-id=\"b1f0070\" data-element_type=\"section\">\n\t\t\t\t\t\t<div class=\"elementor-container elementor-column-gap-default\">\n\t\t\t\t\t<div class=\"elementor-column elementor-col-100 elementor-top-column elementor-element elementor-element-17ba8f3\" data-id=\"17ba8f3\" data-element_type=\"column\">\n\t\t\t<div class=\"elementor-widget-wrap elementor-element-populated\">\n\t\t\t\t\t\t<div class=\"elementor-element elementor-element-4b5b574 elementor-widget elementor-widget-toggle\" data-id=\"4b5b574\" data-element_type=\"widget\" data-widget_type=\"toggle.default\">\n\t\t\t\t<div class=\"elementor-widget-container\">\n\t\t\t\t\t<div class=\"elementor-toggle\">\n\t\t\t\t\t\t\t<div class=\"elementor-toggle-item\">\n\t\t\t\t\t<div id=\"elementor-tab-title-7901\" class=\"elementor-tab-title\" data-tab=\"1\" role=\"button\" aria-controls=\"elementor-tab-content-7901\" aria-expanded=\"false\">\n\t\t\t\t\t\t\t\t\t\t\t\t<span class=\"elementor-toggle-icon elementor-toggle-icon-left\" aria-hidden=\"true\">\n\t\t\t\t\t\t\t\t\t\t\t\t\t\t\t<span class=\"elementor-toggle-icon-closed\"><i class=\"fas fa-caret-right\"><\/i><\/span>\n\t\t\t\t\t\t\t\t<span class=\"elementor-toggle-icon-opened\"><i class=\"elementor-toggle-icon-opened fas fa-caret-up\"><\/i><\/span>\n\t\t\t\t\t\t\t\t\t\t\t\t\t<\/span>\n\t\t\t\t\t\t\t\t\t\t\t\t<a class=\"elementor-toggle-title\" tabindex=\"0\">Regimento Geral da P\u00f3s-Gradua\u00e7\u00e3o \u2013 Stricto Sensu e Lato Sensu da UFSM<\/a>\n\t\t\t\t\t<\/div>\n\n\t\t\t\t\t<div id=\"elementor-tab-content-7901\" class=\"elementor-tab-content elementor-clearfix\" data-tab=\"1\" role=\"region\" aria-labelledby=\"elementor-tab-title-7901\"><ul><li><a href=\"https:\/\/www.ufsm.br\/app\/uploads\/sites\/521\/2025\/04\/REGI_POS.pdf\">Regimento Geral da P\u00f3s-Gradua\u00e7\u00e3o da UFSM<\/a><\/li><\/ul><\/div>\n\t\t\t\t<\/div>\n\t\t\t\t\t\t\t<div class=\"elementor-toggle-item\">\n\t\t\t\t\t<div id=\"elementor-tab-title-7902\" class=\"elementor-tab-title\" data-tab=\"2\" role=\"button\" aria-controls=\"elementor-tab-content-7902\" aria-expanded=\"false\">\n\t\t\t\t\t\t\t\t\t\t\t\t<span class=\"elementor-toggle-icon elementor-toggle-icon-left\" aria-hidden=\"true\">\n\t\t\t\t\t\t\t\t\t\t\t\t\t\t\t<span class=\"elementor-toggle-icon-closed\"><i class=\"fas fa-caret-right\"><\/i><\/span>\n\t\t\t\t\t\t\t\t<span class=\"elementor-toggle-icon-opened\"><i class=\"elementor-toggle-icon-opened fas fa-caret-up\"><\/i><\/span>\n\t\t\t\t\t\t\t\t\t\t\t\t\t<\/span>\n\t\t\t\t\t\t\t\t\t\t\t\t<a class=\"elementor-toggle-title\" tabindex=\"0\">Regulamentos PPGBTox<\/a>\n\t\t\t\t\t<\/div>\n\n\t\t\t\t\t<div id=\"elementor-tab-content-7902\" class=\"elementor-tab-content elementor-clearfix\" data-tab=\"2\" role=\"region\" aria-labelledby=\"elementor-tab-title-7902\"><ul><li><a href=\"https:\/\/www.ufsm.br\/cursos\/pos-graduacao\/santa-maria\/ppgbtox\/wp-content\/uploads\/sites\/521\/2019\/02\/Regulamento_PPGBTOX_2016.pdf\" target=\"_blank\" rel=\"noopener noreferrer\">Regulamento PPGBTox 2016<\/a><\/li><li><a href=\"https:\/\/www.ufsm.br\/app\/uploads\/sites\/521\/2024\/09\/Regulamento-aprovado-2024-PPGBTox.pdf\">Regulamento PPGBTox 2024<\/a><\/li><\/ul><\/div>\n\t\t\t\t<\/div>\n\t\t\t\t\t\t\t\t<\/div>\n\t\t\t\t<\/div>\n\t\t\t\t<\/div>\n\t\t\t\t\t<\/div>\n\t\t<\/div>\n\t\t\t\t\t<\/div>\n\t\t<\/section>\n\t\t\t\t<section class=\"elementor-section elementor-top-section elementor-element elementor-element-7b46110 elementor-section-boxed elementor-section-height-default elementor-section-height-default\" data-id=\"7b46110\" data-element_type=\"section\">\n\t\t\t\t\t\t<div class=\"elementor-container elementor-column-gap-default\">\n\t\t\t\t\t<div class=\"elementor-column elementor-col-100 elementor-top-column elementor-element elementor-element-1577916\" data-id=\"1577916\" data-element_type=\"column\">\n\t\t\t<div class=\"elementor-widget-wrap elementor-element-populated\">\n\t\t\t\t\t\t<div class=\"elementor-element elementor-element-10eb7ae elementor-widget elementor-widget-text-editor\" data-id=\"10eb7ae\" data-element_type=\"widget\" data-widget_type=\"text-editor.default\">\n\t\t\t\t<div class=\"elementor-widget-container\">\n\t\t\t\t\t\t\t<h5>DATAS IMPORTANTES DA P\u00d3S-GRADUA\u00c7\u00c3O<\/h5>\t\t\t\t\t\t<\/div>\n\t\t\t\t<\/div>\n\t\t\t\t\t<\/div>\n\t\t<\/div>\n\t\t\t\t\t<\/div>\n\t\t<\/section>\n\t\t\t\t<section class=\"elementor-section elementor-top-section elementor-element elementor-element-de40c15 elementor-section-boxed elementor-section-height-default elementor-section-height-default\" data-id=\"de40c15\" data-element_type=\"section\">\n\t\t\t\t\t\t<div class=\"elementor-container elementor-column-gap-default\">\n\t\t\t\t\t<div class=\"elementor-column elementor-col-100 elementor-top-column elementor-element elementor-element-7924b5a\" data-id=\"7924b5a\" data-element_type=\"column\">\n\t\t\t<div class=\"elementor-widget-wrap elementor-element-populated\">\n\t\t\t\t\t\t<div class=\"elementor-element elementor-element-8a8612e elementor-widget elementor-widget-text-editor\" data-id=\"8a8612e\" data-element_type=\"widget\" data-widget_type=\"text-editor.default\">\n\t\t\t\t<div class=\"elementor-widget-container\">\n\t\t\t\t\t\t\t<p>Em caso de d\u00favidas em rela\u00e7\u00e3o \u00e0s datas importantes da P\u00f3s-Gradua\u00e7\u00e3o, a fonte de consulta \u00e9 o calend\u00e1rio acad\u00eamico da UFSM 2025.<\/p>\t\t\t\t\t\t<\/div>\n\t\t\t\t<\/div>\n\t\t\t\t\t<\/div>\n\t\t<\/div>\n\t\t\t\t\t<\/div>\n\t\t<\/section>\n\t\t\t\t<section class=\"elementor-section elementor-top-section elementor-element elementor-element-7236aa0 elementor-section-boxed elementor-section-height-default elementor-section-height-default\" data-id=\"7236aa0\" data-element_type=\"section\">\n\t\t\t\t\t\t<div class=\"elementor-container elementor-column-gap-default\">\n\t\t\t\t\t<div class=\"elementor-column elementor-col-100 elementor-top-column elementor-element elementor-element-a3e7efe\" data-id=\"a3e7efe\" data-element_type=\"column\">\n\t\t\t<div class=\"elementor-widget-wrap elementor-element-populated\">\n\t\t\t\t\t\t<div class=\"elementor-element elementor-element-f28d7e0 elementor-widget elementor-widget-toggle\" data-id=\"f28d7e0\" data-element_type=\"widget\" data-widget_type=\"toggle.default\">\n\t\t\t\t<div class=\"elementor-widget-container\">\n\t\t\t\t\t<div class=\"elementor-toggle\">\n\t\t\t\t\t\t\t<div class=\"elementor-toggle-item\">\n\t\t\t\t\t<div id=\"elementor-tab-title-2541\" class=\"elementor-tab-title\" data-tab=\"1\" role=\"button\" aria-controls=\"elementor-tab-content-2541\" aria-expanded=\"false\">\n\t\t\t\t\t\t\t\t\t\t\t\t<span class=\"elementor-toggle-icon elementor-toggle-icon-left\" aria-hidden=\"true\">\n\t\t\t\t\t\t\t\t\t\t\t\t\t\t\t<span class=\"elementor-toggle-icon-closed\"><i class=\"fas fa-caret-right\"><\/i><\/span>\n\t\t\t\t\t\t\t\t<span class=\"elementor-toggle-icon-opened\"><i class=\"elementor-toggle-icon-opened fas fa-caret-up\"><\/i><\/span>\n\t\t\t\t\t\t\t\t\t\t\t\t\t<\/span>\n\t\t\t\t\t\t\t\t\t\t\t\t<a class=\"elementor-toggle-title\" tabindex=\"0\">Calend\u00e1rio Acad\u00eamico<\/a>\n\t\t\t\t\t<\/div>\n\n\t\t\t\t\t<div id=\"elementor-tab-content-2541\" class=\"elementor-tab-content elementor-clearfix\" data-tab=\"1\" role=\"region\" aria-labelledby=\"elementor-tab-title-2541\"><ul><li><a href=\"https:\/\/www.ufsm.br\/app\/uploads\/2024\/12\/Calendario-Academico-UFSM-2025-1.pdf\">Calend\u00e1rio Acad\u00eamico UFSM 2025<\/a><\/li><\/ul><\/div>\n\t\t\t\t<\/div>\n\t\t\t\t\t\t\t\t<\/div>\n\t\t\t\t<\/div>\n\t\t\t\t<\/div>\n\t\t\t\t\t<\/div>\n\t\t<\/div>\n\t\t\t\t\t<\/div>\n\t\t<\/section>\n\t\t\t\t<section class=\"elementor-section elementor-top-section elementor-element elementor-element-f6279ea elementor-section-boxed elementor-section-height-default elementor-section-height-default\" data-id=\"f6279ea\" data-element_type=\"section\">\n\t\t\t\t\t\t<div class=\"elementor-container elementor-column-gap-default\">\n\t\t\t\t\t<div class=\"elementor-column elementor-col-100 elementor-top-column elementor-element elementor-element-beec76b\" data-id=\"beec76b\" data-element_type=\"column\">\n\t\t\t<div class=\"elementor-widget-wrap elementor-element-populated\">\n\t\t\t\t\t\t<div class=\"elementor-element elementor-element-9449e99 elementor-widget elementor-widget-text-editor\" data-id=\"9449e99\" data-element_type=\"widget\" data-widget_type=\"text-editor.default\">\n\t\t\t\t<div class=\"elementor-widget-container\">\n\t\t\t\t\t\t\t<h5>PROCESSOS PEN<\/h5>\t\t\t\t\t\t<\/div>\n\t\t\t\t<\/div>\n\t\t\t\t\t<\/div>\n\t\t<\/div>\n\t\t\t\t\t<\/div>\n\t\t<\/section>\n\t\t\t\t<section class=\"elementor-section elementor-top-section elementor-element elementor-element-b7792b6 elementor-section-boxed elementor-section-height-default elementor-section-height-default\" data-id=\"b7792b6\" data-element_type=\"section\">\n\t\t\t\t\t\t<div class=\"elementor-container elementor-column-gap-default\">\n\t\t\t\t\t<div class=\"elementor-column elementor-col-100 elementor-top-column elementor-element elementor-element-a8ce1b1\" data-id=\"a8ce1b1\" data-element_type=\"column\">\n\t\t\t<div class=\"elementor-widget-wrap elementor-element-populated\">\n\t\t\t\t\t\t<div class=\"elementor-element elementor-element-c48efd8 elementor-widget elementor-widget-text-editor\" data-id=\"c48efd8\" data-element_type=\"widget\" data-widget_type=\"text-editor.default\">\n\t\t\t\t<div class=\"elementor-widget-container\">\n\t\t\t\t\t\t\t<div class=\"elementor-shape elementor-shape-bottom\">O Processo Eletr\u00f4nico Nacional (PEN) na UFSM integra-se \u00e0 plataforma Web do Sistema de Informa\u00e7\u00f5es para o Ensino (SIE) e pode ser acessado atrav\u00e9s do endere\u00e7o <a href=\"https:\/\/portal.ufsm.br\/documentos\" target=\"_blank\" rel=\"noopener\">https:\/\/portal.ufsm.br\/documentos.<\/a><\/div><div class=\"elementor-container elementor-column-gap-default ui-sortable ui-sortable-disabled\"><div class=\"elementor-element elementor-element-edit-mode elementor-element-cecaff3 elementor-element--toggle-edit-tools elementor-column elementor-top-column\" data-id=\"cecaff3\" data-element_type=\"column\" data-model-cid=\"c6092\" data-col=\"100\"><div class=\"elementor-widget-wrap ui-sortable elementor-element-populated ui-sortable-disabled\"><div class=\"elementor-element elementor-element-edit-mode elementor-element-e22e528 elementor-element--toggle-edit-tools elementor-widget elementor-widget-text-editor\" data-id=\"e22e528\" data-element_type=\"widget\" data-model-cid=\"c6142\" data-widget_type=\"text-editor.default\"><div class=\"elementor-widget-container\"><div class=\"elementor-text-editor elementor-clearfix elementor-inline-editing\" data-elementor-setting-key=\"editor\" data-elementor-inline-editing-toolbar=\"advanced\"><p>O sistema PEN\/SIE permite que todos os documentos relacionados aos processos administrativos da institui\u00e7\u00e3o sejam disponibilizados em formato digital, eliminando a necessidade de tramita\u00e7\u00e3o de documentos em papel, conforme estabelecido pelo Decreto n\u00ba 8.539\/2015.\u00a0<\/p><p>H\u00e1 v\u00e1rios tipos de processos PEN\/SIE que podem ser abertos pelos alunos de p\u00f3s-gradua\u00e7\u00e3o. Dentre eles, os mais utilizados s\u00e3o:<\/p><ul><li>Solicita\u00e7\u00e3o de dispensa de disciplina;<\/li><li>Solicita\u00e7\u00e3o de aproveitamento de disciplina;<\/li><li>Processo de Doc\u00eancia Orientada;<\/li><li>Processo de coorienta\u00e7\u00e3o;<\/li><li>Processo de entrega de MDT;<\/li><li>Processo de prorroga\u00e7\u00e3o de prazo para defesa.<\/li><\/ul><p>Na p\u00e1gina do PPGBTox, voc\u00ea encontra orienta\u00e7\u00f5es sobre os tipos de processos mais utilizados no menu <a href=\"https:\/\/www.ufsm.br\/cursos\/pos-graduacao\/santa-maria\/ppgbtox\/processos-pen-sie\">Processos PEN\/SIE.<\/a><\/p><p>\u00c9 poss\u00edvel conferir a lista de processos e documentos dispon\u00edveis no PEN-SIE atrav\u00e9s do <a href=\"https:\/\/portal.ufsm.br\/documentos\/publico\/classe\/classe.html?action=processosDisponiveis\">Portal de Documentos.<\/a><\/p><\/div><\/div><\/div><\/div><\/div><\/div>\t\t\t\t\t\t<\/div>\n\t\t\t\t<\/div>\n\t\t\t\t\t<\/div>\n\t\t<\/div>\n\t\t\t\t\t<\/div>\n\t\t<\/section>\n\t\t\t\t<\/div>\n\t\t","protected":false},"excerpt":{"rendered":"<p>Informa\u00e7\u00f5es aos Discentes REGULAMENTOS E REGIMENTO DA P\u00d3S-GRADUA\u00c7\u00c3O Os Programas de P\u00f3s-Gradua\u00e7\u00e3o da UFSM t\u00eam dois documentos importantes que s\u00e3o o Regulamento do Programa e o Regimento Geral da P\u00f3s-Gradua\u00e7\u00e3o. Atualmente, o PPGBTox conta com dois regulamentos vigentes: a vers\u00e3o 2016 e a vers\u00e3o 2024. Os alunos do PPGBTox poder\u00e3o solicitar ades\u00e3o ao novo regulamento [&hellip;]<\/p>\n","protected":false},"author":8205,"featured_media":0,"parent":0,"menu_order":0,"comment_status":"closed","ping_status":"closed","template":"","meta":{"footnotes":""},"categories":[],"tags":[],"class_list":["post-1075","page","type-page","status-publish","hentry"],"acf":[],"_links":{"self":[{"href":"https:\/\/www.ufsm.br\/cursos\/pos-graduacao\/santa-maria\/ppgbtox\/wp-json\/wp\/v2\/pages\/1075","targetHints":{"allow":["GET"]}}],"collection":[{"href":"https:\/\/www.ufsm.br\/cursos\/pos-graduacao\/santa-maria\/ppgbtox\/wp-json\/wp\/v2\/pages"}],"about":[{"href":"https:\/\/www.ufsm.br\/cursos\/pos-graduacao\/santa-maria\/ppgbtox\/wp-json\/wp\/v2\/types\/page"}],"author":[{"embeddable":true,"href":"https:\/\/www.ufsm.br\/cursos\/pos-graduacao\/santa-maria\/ppgbtox\/wp-json\/wp\/v2\/users\/8205"}],"replies":[{"embeddable":true,"href":"https:\/\/www.ufsm.br\/cursos\/pos-graduacao\/santa-maria\/ppgbtox\/wp-json\/wp\/v2\/comments?post=1075"}],"version-history":[{"count":0,"href":"https:\/\/www.ufsm.br\/cursos\/pos-graduacao\/santa-maria\/ppgbtox\/wp-json\/wp\/v2\/pages\/1075\/revisions"}],"wp:attachment":[{"href":"https:\/\/www.ufsm.br\/cursos\/pos-graduacao\/santa-maria\/ppgbtox\/wp-json\/wp\/v2\/media?parent=1075"}],"wp:term":[{"taxonomy":"category","embeddable":true,"href":"https:\/\/www.ufsm.br\/cursos\/pos-graduacao\/santa-maria\/ppgbtox\/wp-json\/wp\/v2\/categories?post=1075"},{"taxonomy":"post_tag","embeddable":true,"href":"https:\/\/www.ufsm.br\/cursos\/pos-graduacao\/santa-maria\/ppgbtox\/wp-json\/wp\/v2\/tags?post=1075"}],"curies":[{"name":"wp","href":"https:\/\/api.w.org\/{rel}","templated":true}]}}