{"id":452,"date":"2021-08-19T16:05:47","date_gmt":"2021-08-19T19:05:47","guid":{"rendered":"https:\/\/www.ufsm.br\/cursos\/pos-graduacao\/santa-maria\/ppgbtox\/?page_id=452"},"modified":"2025-04-29T17:21:01","modified_gmt":"2025-04-29T20:21:01","slug":"bolsas-capes-e-cnpq","status":"publish","type":"page","link":"https:\/\/www.ufsm.br\/cursos\/pos-graduacao\/santa-maria\/ppgbtox\/bolsas-capes-e-cnpq","title":{"rendered":"Bolsas CAPES e CNPq"},"content":{"rendered":"\t\t<div data-elementor-type=\"wp-page\" data-elementor-id=\"452\" class=\"elementor elementor-452\">\n\t\t\t\t\t\t<section class=\"elementor-section elementor-top-section elementor-element elementor-element-1a9e1a6 elementor-section-boxed elementor-section-height-default elementor-section-height-default\" data-id=\"1a9e1a6\" data-element_type=\"section\">\n\t\t\t\t\t\t<div class=\"elementor-container elementor-column-gap-default\">\n\t\t\t\t\t<div class=\"elementor-column elementor-col-100 elementor-top-column elementor-element elementor-element-0b75d29\" data-id=\"0b75d29\" data-element_type=\"column\">\n\t\t\t<div class=\"elementor-widget-wrap elementor-element-populated\">\n\t\t\t\t\t\t<div class=\"elementor-element elementor-element-deaa339 elementor-widget elementor-widget-heading\" data-id=\"deaa339\" data-element_type=\"widget\" data-widget_type=\"heading.default\">\n\t\t\t\t<div class=\"elementor-widget-container\">\n\t\t\t<h2 class=\"elementor-heading-title elementor-size-default\">Bolsas CAPES e CNPq<\/h2>\t\t<\/div>\n\t\t\t\t<\/div>\n\t\t\t\t<div class=\"elementor-element elementor-element-cbe6105 elementor-widget elementor-widget-spacer\" data-id=\"cbe6105\" data-element_type=\"widget\" data-widget_type=\"spacer.default\">\n\t\t\t\t<div class=\"elementor-widget-container\">\n\t\t\t\t\t<div class=\"elementor-spacer\">\n\t\t\t<div class=\"elementor-spacer-inner\"><\/div>\n\t\t<\/div>\n\t\t\t\t<\/div>\n\t\t\t\t<\/div>\n\t\t\t\t<div class=\"elementor-element elementor-element-b1292ec elementor-widget elementor-widget-text-editor\" data-id=\"b1292ec\" data-element_type=\"widget\" data-widget_type=\"text-editor.default\">\n\t\t\t\t<div class=\"elementor-widget-container\">\n\t\t\t\t\t\t\t<p>O PPGBTox possui cotas de bolsas PROEX\/CAPES e CNPq em n\u00edvel de Mestrado e Doutorado.<\/p><p>A indica\u00e7\u00e3o dos bolsistas \u00e9 feita pela Comiss\u00e3o de Gest\u00e3o, a qual \u00e9 acionada quando h\u00e1 cota de bolsa de Mestrado ou Doutorado em aberto no Sistema de Controle de Bolsas e Aux\u00edlios (SCBA).<\/p><p>As bolsas s\u00e3o indicadas prioritariamente aos alunos novos matriculados aprovados\u00a0no edital de sele\u00e7\u00e3o\u00a0de Mestrado\/Doutorado vigente e que n\u00e3o possuem v\u00ednculo empregat\u00edcio, ressalvada expressa permiss\u00e3o legal ou previs\u00e3o em ato normativo espec\u00edfico da Capes ou CNPq.<\/p><p>\u00a0<\/p><p><em>Confira abaixo as normas gerais e os crit\u00e9rios de concess\u00e3o e manuten\u00e7\u00e3o de bolsas de mestrado e doutorado:<\/em><\/p><p><a href=\"https:\/\/drive.google.com\/file\/d\/1XKNuhxdsXWghDi4yQoR4N04WeJ6qoUwI\/view?usp=sharing\" target=\"_blank\" rel=\"noopener\">Normas para Concess\u00e3o e Manuten\u00e7\u00e3o de Bolsas 2022<\/a><\/p>\t\t\t\t\t\t<\/div>\n\t\t\t\t<\/div>\n\t\t\t\t\t<\/div>\n\t\t<\/div>\n\t\t\t\t\t<\/div>\n\t\t<\/section>\n\t\t\t\t<section class=\"elementor-section elementor-top-section elementor-element elementor-element-c2e1278 elementor-section-boxed elementor-section-height-default elementor-section-height-default\" data-id=\"c2e1278\" data-element_type=\"section\">\n\t\t\t\t\t\t<div class=\"elementor-container elementor-column-gap-default\">\n\t\t\t\t\t<div class=\"elementor-column elementor-col-100 elementor-top-column elementor-element elementor-element-53e9671\" data-id=\"53e9671\" data-element_type=\"column\">\n\t\t\t<div class=\"elementor-widget-wrap elementor-element-populated\">\n\t\t\t\t\t\t<div class=\"elementor-element elementor-element-4a9e4f4 elementor-widget elementor-widget-heading\" data-id=\"4a9e4f4\" data-element_type=\"widget\" data-widget_type=\"heading.default\">\n\t\t\t\t<div class=\"elementor-widget-container\">\n\t\t\t<h2 class=\"elementor-heading-title elementor-size-default\">Comiss\u00e3o de Gest\u00e3o<\/h2>\t\t<\/div>\n\t\t\t\t<\/div>\n\t\t\t\t<div class=\"elementor-element elementor-element-29d34e4 elementor-widget elementor-widget-text-editor\" data-id=\"29d34e4\" data-element_type=\"widget\" data-widget_type=\"text-editor.default\">\n\t\t\t\t<div class=\"elementor-widget-container\">\n\t\t\t\t\t\t\t<p><strong>Docentes:<\/strong>\u00a0<\/p><p>Prof. Denis Broock Rosemberg (Presidente)<\/p><p>Prof\u00aa. Daniela Bitencourt Rosa Leal (Coord. Substituta)<\/p><p>Prof\u00aa. Cristiane Lenz Dalla Corte\u00a0<\/p><p>Prof\u00aa. Sara Marchesan de Oliveira\u00a0<\/p><p>Prof\u00aa. Cristina Wayne Nogueira\u00a0<\/p><p><strong>Discentes:<\/strong><\/p><p>Acad. Adriel Antonio Schirmann<\/p><p>Acad. S\u00e2mili Wagner da Silva (suplente)<\/p>\t\t\t\t\t\t<\/div>\n\t\t\t\t<\/div>\n\t\t\t\t<div class=\"elementor-element elementor-element-56f56a4 elementor-widget elementor-widget-text-editor\" data-id=\"56f56a4\" data-element_type=\"widget\" data-widget_type=\"text-editor.default\">\n\t\t\t\t<div class=\"elementor-widget-container\">\n\t\t\t\t\t\t\t<p>\u00a0<\/p><p><em><span style=\"font-size: 8pt;font-family: 'times new roman', times, serif\">Comiss\u00e3o de Gest\u00e3o nomeada, conforme <a href=\"https:\/\/www.ufsm.br\/app\/uploads\/sites\/521\/2025\/04\/Portaria-061-2025-Designar-comissao-de-Gestao-PPGBiotox.pdf\">portaria n\u00ba 61, de 27 de mar\u00e7o de 2025.<\/a><\/span><\/em><\/p>\t\t\t\t\t\t<\/div>\n\t\t\t\t<\/div>\n\t\t\t\t\t<\/div>\n\t\t<\/div>\n\t\t\t\t\t<\/div>\n\t\t<\/section>\n\t\t\t\t<section class=\"elementor-section elementor-top-section elementor-element elementor-element-51ecd42 elementor-section-boxed elementor-section-height-default elementor-section-height-default\" data-id=\"51ecd42\" data-element_type=\"section\">\n\t\t\t\t\t\t<div class=\"elementor-container elementor-column-gap-default\">\n\t\t\t\t\t<div class=\"elementor-column elementor-col-100 elementor-top-column elementor-element elementor-element-8fdd5e7\" data-id=\"8fdd5e7\" data-element_type=\"column\">\n\t\t\t<div class=\"elementor-widget-wrap elementor-element-populated\">\n\t\t\t\t\t\t<div class=\"elementor-element elementor-element-7a92005 elementor-widget elementor-widget-spacer\" data-id=\"7a92005\" data-element_type=\"widget\" data-widget_type=\"spacer.default\">\n\t\t\t\t<div class=\"elementor-widget-container\">\n\t\t\t\t\t<div class=\"elementor-spacer\">\n\t\t\t<div class=\"elementor-spacer-inner\"><\/div>\n\t\t<\/div>\n\t\t\t\t<\/div>\n\t\t\t\t<\/div>\n\t\t\t\t<div class=\"elementor-element elementor-element-0d3da1a elementor-widget elementor-widget-text-editor\" data-id=\"0d3da1a\" data-element_type=\"widget\" data-widget_type=\"text-editor.default\">\n\t\t\t\t<div class=\"elementor-widget-container\">\n\t\t\t\t\t\t\t<p>CADASTRO DE BOLSISTAS:<\/p><p>O contato com os bolsistas \u00e9 via e-mail. Por isso, \u00e9 de suma import\u00e2ncia informar \u00e0 coordena\u00e7\u00e3o um e-mail v\u00e1lido.\u00a0<\/p><p>A rela\u00e7\u00e3o de documentos para o cadastro de novos bolsistas pode ser conferida no item &#8220;Documentos&#8221;- <a href=\"https:\/\/www.ufsm.br\/cursos\/pos-graduacao\/santa-maria\/ppgbtox\/bolsistas\">&#8220;Concess\u00e3o de Bolsas&#8221;<\/a>.<\/p>\t\t\t\t\t\t<\/div>\n\t\t\t\t<\/div>\n\t\t\t\t\t<\/div>\n\t\t<\/div>\n\t\t\t\t\t<\/div>\n\t\t<\/section>\n\t\t\t\t<\/div>\n\t\t","protected":false},"excerpt":{"rendered":"<p>Bolsas CAPES e CNPq O PPGBTox possui cotas de bolsas PROEX\/CAPES e CNPq em n\u00edvel de Mestrado e Doutorado. A indica\u00e7\u00e3o dos bolsistas \u00e9 feita pela Comiss\u00e3o de Gest\u00e3o, a qual \u00e9 acionada quando h\u00e1 cota de bolsa de Mestrado ou Doutorado em aberto no Sistema de Controle de Bolsas e Aux\u00edlios (SCBA). As bolsas [&hellip;]<\/p>\n","protected":false},"author":1901,"featured_media":0,"parent":0,"menu_order":0,"comment_status":"closed","ping_status":"closed","template":"","meta":{"footnotes":""},"categories":[],"tags":[],"class_list":["post-452","page","type-page","status-publish","hentry"],"acf":[],"_links":{"self":[{"href":"https:\/\/www.ufsm.br\/cursos\/pos-graduacao\/santa-maria\/ppgbtox\/wp-json\/wp\/v2\/pages\/452","targetHints":{"allow":["GET"]}}],"collection":[{"href":"https:\/\/www.ufsm.br\/cursos\/pos-graduacao\/santa-maria\/ppgbtox\/wp-json\/wp\/v2\/pages"}],"about":[{"href":"https:\/\/www.ufsm.br\/cursos\/pos-graduacao\/santa-maria\/ppgbtox\/wp-json\/wp\/v2\/types\/page"}],"author":[{"embeddable":true,"href":"https:\/\/www.ufsm.br\/cursos\/pos-graduacao\/santa-maria\/ppgbtox\/wp-json\/wp\/v2\/users\/1901"}],"replies":[{"embeddable":true,"href":"https:\/\/www.ufsm.br\/cursos\/pos-graduacao\/santa-maria\/ppgbtox\/wp-json\/wp\/v2\/comments?post=452"}],"version-history":[{"count":0,"href":"https:\/\/www.ufsm.br\/cursos\/pos-graduacao\/santa-maria\/ppgbtox\/wp-json\/wp\/v2\/pages\/452\/revisions"}],"wp:attachment":[{"href":"https:\/\/www.ufsm.br\/cursos\/pos-graduacao\/santa-maria\/ppgbtox\/wp-json\/wp\/v2\/media?parent=452"}],"wp:term":[{"taxonomy":"category","embeddable":true,"href":"https:\/\/www.ufsm.br\/cursos\/pos-graduacao\/santa-maria\/ppgbtox\/wp-json\/wp\/v2\/categories?post=452"},{"taxonomy":"post_tag","embeddable":true,"href":"https:\/\/www.ufsm.br\/cursos\/pos-graduacao\/santa-maria\/ppgbtox\/wp-json\/wp\/v2\/tags?post=452"}],"curies":[{"name":"wp","href":"https:\/\/api.w.org\/{rel}","templated":true}]}}