{"id":758,"date":"2023-09-04T14:29:10","date_gmt":"2023-09-04T17:29:10","guid":{"rendered":"https:\/\/www.ufsm.br\/cursos\/pos-graduacao\/santa-maria\/ppgbtox\/?page_id=758"},"modified":"2025-03-18T09:04:07","modified_gmt":"2025-03-18T12:04:07","slug":"projetos-de-pesquisa","status":"publish","type":"page","link":"https:\/\/www.ufsm.br\/cursos\/pos-graduacao\/santa-maria\/ppgbtox\/projetos-de-pesquisa","title":{"rendered":"Projetos de Pesquisa"},"content":{"rendered":"\t\t<div data-elementor-type=\"wp-page\" data-elementor-id=\"758\" class=\"elementor elementor-758\">\n\t\t\t\t\t\t<section class=\"elementor-section elementor-top-section elementor-element elementor-element-c9f7dfc elementor-section-boxed elementor-section-height-default elementor-section-height-default\" data-id=\"c9f7dfc\" data-element_type=\"section\">\n\t\t\t\t\t\t<div class=\"elementor-container elementor-column-gap-default\">\n\t\t\t\t\t<div class=\"elementor-column elementor-col-100 elementor-top-column elementor-element elementor-element-6f2dcff\" data-id=\"6f2dcff\" data-element_type=\"column\">\n\t\t\t<div class=\"elementor-widget-wrap elementor-element-populated\">\n\t\t\t\t\t\t<div class=\"elementor-element elementor-element-07796af elementor-widget__width-initial elementor-widget elementor-widget-heading\" data-id=\"07796af\" data-element_type=\"widget\" data-widget_type=\"heading.default\">\n\t\t\t\t<div class=\"elementor-widget-container\">\n\t\t\t<h2 class=\"elementor-heading-title elementor-size-default\">Projetos de Pesquisa<\/h2>\t\t<\/div>\n\t\t\t\t<\/div>\n\t\t\t\t\t<\/div>\n\t\t<\/div>\n\t\t\t\t\t<\/div>\n\t\t<\/section>\n\t\t\t\t<section class=\"elementor-section elementor-top-section elementor-element elementor-element-82e2e84 elementor-section-boxed elementor-section-height-default elementor-section-height-default\" data-id=\"82e2e84\" data-element_type=\"section\">\n\t\t\t\t\t\t<div class=\"elementor-container elementor-column-gap-default\">\n\t\t\t\t\t<div class=\"elementor-column elementor-col-100 elementor-top-column elementor-element elementor-element-61eaeeb\" data-id=\"61eaeeb\" data-element_type=\"column\">\n\t\t\t<div class=\"elementor-widget-wrap elementor-element-populated\">\n\t\t\t\t\t\t<div class=\"elementor-element elementor-element-b52742d elementor-widget__width-initial elementor-widget elementor-widget-text-editor\" data-id=\"b52742d\" data-element_type=\"widget\" data-widget_type=\"text-editor.default\">\n\t\t\t\t<div class=\"elementor-widget-container\">\n\t\t\t\t\t\t\t<h5>O Programa de P\u00f3s-Gradua\u00e7\u00e3o em Ci\u00eancias Biol\u00f3gicas: Bioqu\u00edmica Toxicol\u00f3gica (PPGBTox) possui nove projetos de pesquisa cadastrados na Plataforma Sucupira da CAPES. S\u00e3o eles:<\/h5>\t\t\t\t\t\t<\/div>\n\t\t\t\t<\/div>\n\t\t\t\t\t<\/div>\n\t\t<\/div>\n\t\t\t\t\t<\/div>\n\t\t<\/section>\n\t\t\t\t<section class=\"elementor-section elementor-top-section elementor-element elementor-element-334c0fc elementor-section-boxed elementor-section-height-default elementor-section-height-default\" data-id=\"334c0fc\" data-element_type=\"section\">\n\t\t\t\t\t\t<div class=\"elementor-container elementor-column-gap-default\">\n\t\t\t\t\t<div class=\"elementor-column elementor-col-100 elementor-top-column elementor-element elementor-element-7919f1f\" data-id=\"7919f1f\" data-element_type=\"column\">\n\t\t\t<div class=\"elementor-widget-wrap elementor-element-populated\">\n\t\t\t\t\t\t<div class=\"elementor-element elementor-element-214c584 elementor-widget__width-initial elementor-widget elementor-widget-text-editor\" data-id=\"214c584\" data-element_type=\"widget\" data-widget_type=\"text-editor.default\">\n\t\t\t\t<div class=\"elementor-widget-container\">\n\t\t\t\t\t\t\t<table style=\"border-collapse: collapse;width: 100%\">\n<tbody>\n<tr>\n<td style=\"width: 65.7259%\">\n<h4>&nbsp; &nbsp; &nbsp; &nbsp; &nbsp; &nbsp; &nbsp; &nbsp; &nbsp; &nbsp; &nbsp; &nbsp; &nbsp; &nbsp; NOME DO PROJETO<\/h4>\n<\/td>\n<td style=\"width: 34.2741%\">\n<h4>&nbsp; &nbsp; &nbsp; &nbsp;COORDENADOR (A)<\/h4>\n<\/td>\n<\/tr>\n<tr>\n<td style=\"width: 65.7259%\">Altera\u00e7\u00f5es Bioqu\u00edmicas e Moleculares implicadas em vias de sinaliza\u00e7\u00e3o celular<\/td>\n<td style=\"width: 34.2741%;text-align: center\">Nilda Berenice de Vargas Barbosa<\/td>\n<\/tr>\n<tr>\n<td style=\"width: 65.7259%\">Avalia\u00e7\u00e3o de atividade antitumoral de produtos naturais e sint\u00e9ticos<\/td>\n<td style=\"width: 34.2741%;text-align: center\">Daniela Bitencourt Rosa Leal<\/td>\n<\/tr>\n<tr>\n<td style=\"width: 65.7259%\">Avalia\u00e7\u00e3o dos efeitos genot\u00f3xicos de metais pesados e compostos qu\u00edmicos<\/td>\n<td style=\"width: 34.2741%;text-align: center\">Andr\u00e9 Passaglia Schuch<\/td>\n<\/tr>\n<tr>\n<td style=\"width: 65.7259%\">Educa\u00e7\u00e3o em ci\u00eancias atrav\u00e9s do l\u00fadico<\/td>\n<td style=\"width: 34.2741%;text-align: center\">Maria Rosa Chitolina<\/td>\n<\/tr>\n<tr>\n<td style=\"width: 65.7259%\">Efeitos de produtos naturais e sint\u00e9ticos em modelos de doen\u00e7as<\/td>\n<td style=\"width: 34.2741%;text-align: center\">Sara Marchesan de Oliveira<\/td>\n<\/tr>\n<tr>\n<td style=\"width: 65.7259%\">Mecanismos bioqu\u00edmicos e moleculares envolvidos em diferentes modelos de dor, inflama\u00e7\u00e3o e infec\u00e7\u00e3o<\/td>\n<td style=\"width: 34.2741%;text-align: center\">Vera Maria Melchiors Morsch<\/td>\n<\/tr>\n<tr>\n<td style=\"width: 65.7259%\">Metodologias ativas para o ensino de Ci\u00eancias no Ensino M\u00e9dio e Superior<\/td>\n<td style=\"width: 34.2741%;text-align: center\">Ana Lucia Anversa Segatto<\/td>\n<\/tr>\n<tr>\n<td style=\"width: 65.7259%\">Rede ga\u00facha de pesquisa em m\u00e9todos alternativos<\/td>\n<td style=\"width: 34.2741%;text-align: center\">Denis Brook Rosemberg<\/td>\n<\/tr>\n<tr>\n<td style=\"width: 65.7259%\">Uso de modelos animais para estudo de estrat\u00e9gias terap\u00eauticas<\/td>\n<td style=\"width: 34.2741%;text-align: center\">F\u00e9lix Alexandre Antunes Soares<\/td>\n<\/tr>\n<\/tbody>\n<\/table>\t\t\t\t\t\t<\/div>\n\t\t\t\t<\/div>\n\t\t\t\t\t<\/div>\n\t\t<\/div>\n\t\t\t\t\t<\/div>\n\t\t<\/section>\n\t\t\t\t<\/div>\n\t\t","protected":false},"excerpt":{"rendered":"<p>Projetos de Pesquisa O Programa de P\u00f3s-Gradua\u00e7\u00e3o em Ci\u00eancias Biol\u00f3gicas: Bioqu\u00edmica Toxicol\u00f3gica (PPGBTox) possui nove projetos de pesquisa cadastrados na Plataforma Sucupira da CAPES. S\u00e3o eles: &nbsp; &nbsp; &nbsp; &nbsp; &nbsp; &nbsp; &nbsp; &nbsp; &nbsp; &nbsp; &nbsp; &nbsp; &nbsp; &nbsp; NOME DO PROJETO &nbsp; &nbsp; &nbsp; &nbsp;COORDENADOR (A) Altera\u00e7\u00f5es Bioqu\u00edmicas e Moleculares implicadas em vias [&hellip;]<\/p>\n","protected":false},"author":6783,"featured_media":0,"parent":0,"menu_order":0,"comment_status":"closed","ping_status":"closed","template":"","meta":{"footnotes":""},"categories":[],"tags":[],"class_list":["post-758","page","type-page","status-publish","hentry"],"acf":[],"_links":{"self":[{"href":"https:\/\/www.ufsm.br\/cursos\/pos-graduacao\/santa-maria\/ppgbtox\/wp-json\/wp\/v2\/pages\/758","targetHints":{"allow":["GET"]}}],"collection":[{"href":"https:\/\/www.ufsm.br\/cursos\/pos-graduacao\/santa-maria\/ppgbtox\/wp-json\/wp\/v2\/pages"}],"about":[{"href":"https:\/\/www.ufsm.br\/cursos\/pos-graduacao\/santa-maria\/ppgbtox\/wp-json\/wp\/v2\/types\/page"}],"author":[{"embeddable":true,"href":"https:\/\/www.ufsm.br\/cursos\/pos-graduacao\/santa-maria\/ppgbtox\/wp-json\/wp\/v2\/users\/6783"}],"replies":[{"embeddable":true,"href":"https:\/\/www.ufsm.br\/cursos\/pos-graduacao\/santa-maria\/ppgbtox\/wp-json\/wp\/v2\/comments?post=758"}],"version-history":[{"count":0,"href":"https:\/\/www.ufsm.br\/cursos\/pos-graduacao\/santa-maria\/ppgbtox\/wp-json\/wp\/v2\/pages\/758\/revisions"}],"wp:attachment":[{"href":"https:\/\/www.ufsm.br\/cursos\/pos-graduacao\/santa-maria\/ppgbtox\/wp-json\/wp\/v2\/media?parent=758"}],"wp:term":[{"taxonomy":"category","embeddable":true,"href":"https:\/\/www.ufsm.br\/cursos\/pos-graduacao\/santa-maria\/ppgbtox\/wp-json\/wp\/v2\/categories?post=758"},{"taxonomy":"post_tag","embeddable":true,"href":"https:\/\/www.ufsm.br\/cursos\/pos-graduacao\/santa-maria\/ppgbtox\/wp-json\/wp\/v2\/tags?post=758"}],"curies":[{"name":"wp","href":"https:\/\/api.w.org\/{rel}","templated":true}]}}