{"id":764,"date":"2023-09-04T14:33:15","date_gmt":"2023-09-04T17:33:15","guid":{"rendered":"https:\/\/www.ufsm.br\/cursos\/pos-graduacao\/santa-maria\/ppgbtox\/?page_id=764"},"modified":"2025-04-22T09:31:05","modified_gmt":"2025-04-22T12:31:05","slug":"processos-pen-sie","status":"publish","type":"page","link":"https:\/\/www.ufsm.br\/cursos\/pos-graduacao\/santa-maria\/ppgbtox\/processos-pen-sie","title":{"rendered":"Processos PEN\/SIE"},"content":{"rendered":"\t\t<div data-elementor-type=\"wp-page\" data-elementor-id=\"764\" class=\"elementor elementor-764\">\n\t\t\t\t\t\t<section class=\"elementor-section elementor-top-section elementor-element elementor-element-9a49cf0 elementor-section-boxed elementor-section-height-default elementor-section-height-default\" data-id=\"9a49cf0\" data-element_type=\"section\">\n\t\t\t\t\t\t<div class=\"elementor-container elementor-column-gap-default\">\n\t\t\t\t\t<div class=\"elementor-column elementor-col-100 elementor-top-column elementor-element elementor-element-004e731\" data-id=\"004e731\" data-element_type=\"column\">\n\t\t\t<div class=\"elementor-widget-wrap elementor-element-populated\">\n\t\t\t\t\t\t<div class=\"elementor-element elementor-element-83337bf elementor-widget__width-inherit elementor-widget elementor-widget-heading\" data-id=\"83337bf\" data-element_type=\"widget\" data-widget_type=\"heading.default\">\n\t\t\t\t<div class=\"elementor-widget-container\">\n\t\t\t<h2 class=\"elementor-heading-title elementor-size-default\">Processos PEN\/SIE<\/h2>\t\t<\/div>\n\t\t\t\t<\/div>\n\t\t\t\t\t<\/div>\n\t\t<\/div>\n\t\t\t\t\t<\/div>\n\t\t<\/section>\n\t\t\t\t<section class=\"elementor-section elementor-top-section elementor-element elementor-element-8371a22 elementor-section-boxed elementor-section-height-default elementor-section-height-default\" data-id=\"8371a22\" data-element_type=\"section\">\n\t\t\t\t\t\t<div class=\"elementor-container elementor-column-gap-default\">\n\t\t\t\t\t<div class=\"elementor-column elementor-col-100 elementor-top-column elementor-element elementor-element-f2874ba\" data-id=\"f2874ba\" data-element_type=\"column\">\n\t\t\t<div class=\"elementor-widget-wrap elementor-element-populated\">\n\t\t\t\t\t\t<div class=\"elementor-element elementor-element-505bd22 elementor-widget elementor-widget-text-editor\" data-id=\"505bd22\" data-element_type=\"widget\" data-widget_type=\"text-editor.default\">\n\t\t\t\t<div class=\"elementor-widget-container\">\n\t\t\t\t\t\t\t<p>O Processo Eletr\u00f4nico Nacional (PEN) na UFSM integra-se \u00e0 plataforma Web do Sistema de Informa\u00e7\u00f5es para o Ensino (SIE) e pode ser acessado atrav\u00e9s do<a href=\"https:\/\/portal.ufsm.br\/documentos\/publico\/consulta.html\"> Portal de Documentos.<\/a><\/p>\n<p>O sistema PEN\/SIE permite que todos os documentos relacionados aos processos administrativos da institui\u00e7\u00e3o sejam disponibilizados em formato digital, eliminando a necessidade de tramita\u00e7\u00e3o de documentos em papel, conforme estabelecido pelo Decreto n\u00ba 8.539\/2015.\u00a0<\/p>\t\t\t\t\t\t<\/div>\n\t\t\t\t<\/div>\n\t\t\t\t\t<\/div>\n\t\t<\/div>\n\t\t\t\t\t<\/div>\n\t\t<\/section>\n\t\t\t\t<section class=\"elementor-section elementor-top-section elementor-element elementor-element-cafae58 elementor-section-boxed elementor-section-height-default elementor-section-height-default\" data-id=\"cafae58\" data-element_type=\"section\">\n\t\t\t\t\t\t<div class=\"elementor-container elementor-column-gap-default\">\n\t\t\t\t\t<div class=\"elementor-column elementor-col-100 elementor-top-column elementor-element elementor-element-c9524ea\" data-id=\"c9524ea\" data-element_type=\"column\">\n\t\t\t<div class=\"elementor-widget-wrap elementor-element-populated\">\n\t\t\t\t\t\t<div class=\"elementor-element elementor-element-f747f21 elementor-widget elementor-widget-text-editor\" data-id=\"f747f21\" data-element_type=\"widget\" data-widget_type=\"text-editor.default\">\n\t\t\t\t<div class=\"elementor-widget-container\">\n\t\t\t\t\t\t\t<h5>ACESSE AS ORIENTA\u00c7\u00d5ES SOBRE OS PROCESSOS MAIS UTILIZADOS NA P\u00d3S-GRADUA\u00c7\u00c3O EM NOSSA INSTITUI\u00c7\u00c3O CLICANDO NO LINK:<\/h5>\n<p><a href=\"https:\/\/www.ufsm.br\/pro-reitorias\/prpgp\/servicos\/procedimentos-ao-preenchimento-do-plano-de-estudos-on-line\">Plano de estudos<\/a><\/p>\n<p><a href=\"https:\/\/www.ufsm.br\/pro-reitorias\/prpgp\/servicos\/dispensa-aproveitamento-de-disciplinas-de-pos-graduacao\">Aproveitamento\/dispensa de disciplinas<\/a><\/p>\n<p><a href=\"https:\/\/www.ufsm.br\/pro-reitorias\/prpgp\/servicos\/processo-de-docencia-orientada-estagio-de-docencia\">Doc\u00eancia Orientada<\/a><\/p>\n<p><a href=\"https:\/\/www.ufsm.br\/pro-reitorias\/prpgp\/servicos\/prorrogacao-de-prazo-para-defesa\">Prorroga\u00e7\u00e3o de prazo para defesa<\/a><\/p>\n<p><a href=\"https:\/\/www.ufsm.br\/pro-reitorias\/prograd\/cofre-corem\/solicitacao-de-cancelamento-de-curso\">Desligamento de curso<\/a><\/p>\n<p><a href=\"https:\/\/www.ufsm.br\/pro-reitorias\/prpgp\/servicos\/ajuste-de-matricula-de-pos-graduacao-fora-de-prazo\">Matr\u00edcula fora do prazo<\/a><\/p>\n<p><a href=\"https:\/\/www.ufsm.br\/pro-reitorias\/prpgp\/servicos\/procedimentos-para-o-processo-de-defesa-de-mdt-online\">Processo de defesa de MDT<\/a><\/p>\n<p><a href=\"https:\/\/www.ufsm.br\/orgaos-suplementares\/dag\/pen\/apoio-ao-usuario\/tutorial-ato-de-entrega-de-mdt\">Ato de entrega de MDT<\/a><\/p>\n<p><a href=\"https:\/\/www.ufsm.br\/pro-reitorias\/prpgp\/servicos\/programa-de-pos-doutorado-na-universidade-federal-de-santa-maria\">Matr\u00edcula de P\u00f3s-Doutorado<\/a><\/p>\n<p><a href=\"https:\/\/www.ufsm.br\/pro-reitorias\/progep\/servicos\/prestacao-de-servicos-voluntarios\">Processos de servi\u00e7o volunt\u00e1rio<\/a><\/p>\n<p>\u00a0<\/p>\n<p>\u00c9 poss\u00edvel acompanhar a tramita\u00e7\u00e3o dos processos atrav\u00e9s da p\u00e1gina<a href=\"https:\/\/portal.ufsm.br\/documentos\/publico\/processo\/consulta.html\"> Consulta de Processos.<\/a><\/p>\t\t\t\t\t\t<\/div>\n\t\t\t\t<\/div>\n\t\t\t\t\t<\/div>\n\t\t<\/div>\n\t\t\t\t\t<\/div>\n\t\t<\/section>\n\t\t\t\t<\/div>\n\t\t","protected":false},"excerpt":{"rendered":"<p>Processos PEN\/SIE O Processo Eletr\u00f4nico Nacional (PEN) na UFSM integra-se \u00e0 plataforma Web do Sistema de Informa\u00e7\u00f5es para o Ensino (SIE) e pode ser acessado atrav\u00e9s do Portal de Documentos. O sistema PEN\/SIE permite que todos os documentos relacionados aos processos administrativos da institui\u00e7\u00e3o sejam disponibilizados em formato digital, eliminando a necessidade de tramita\u00e7\u00e3o de [&hellip;]<\/p>\n","protected":false},"author":6783,"featured_media":0,"parent":0,"menu_order":0,"comment_status":"closed","ping_status":"closed","template":"","meta":{"footnotes":""},"categories":[],"tags":[],"class_list":["post-764","page","type-page","status-publish","hentry"],"acf":[],"_links":{"self":[{"href":"https:\/\/www.ufsm.br\/cursos\/pos-graduacao\/santa-maria\/ppgbtox\/wp-json\/wp\/v2\/pages\/764","targetHints":{"allow":["GET"]}}],"collection":[{"href":"https:\/\/www.ufsm.br\/cursos\/pos-graduacao\/santa-maria\/ppgbtox\/wp-json\/wp\/v2\/pages"}],"about":[{"href":"https:\/\/www.ufsm.br\/cursos\/pos-graduacao\/santa-maria\/ppgbtox\/wp-json\/wp\/v2\/types\/page"}],"author":[{"embeddable":true,"href":"https:\/\/www.ufsm.br\/cursos\/pos-graduacao\/santa-maria\/ppgbtox\/wp-json\/wp\/v2\/users\/6783"}],"replies":[{"embeddable":true,"href":"https:\/\/www.ufsm.br\/cursos\/pos-graduacao\/santa-maria\/ppgbtox\/wp-json\/wp\/v2\/comments?post=764"}],"version-history":[{"count":0,"href":"https:\/\/www.ufsm.br\/cursos\/pos-graduacao\/santa-maria\/ppgbtox\/wp-json\/wp\/v2\/pages\/764\/revisions"}],"wp:attachment":[{"href":"https:\/\/www.ufsm.br\/cursos\/pos-graduacao\/santa-maria\/ppgbtox\/wp-json\/wp\/v2\/media?parent=764"}],"wp:term":[{"taxonomy":"category","embeddable":true,"href":"https:\/\/www.ufsm.br\/cursos\/pos-graduacao\/santa-maria\/ppgbtox\/wp-json\/wp\/v2\/categories?post=764"},{"taxonomy":"post_tag","embeddable":true,"href":"https:\/\/www.ufsm.br\/cursos\/pos-graduacao\/santa-maria\/ppgbtox\/wp-json\/wp\/v2\/tags?post=764"}],"curies":[{"name":"wp","href":"https:\/\/api.w.org\/{rel}","templated":true}]}}