{"id":162,"date":"2019-04-08T14:26:46","date_gmt":"2019-04-08T17:26:46","guid":{"rendered":"https:\/\/www.ufsm.br\/cursos\/pos-graduacao\/santa-maria\/ppgcc\/?page_id=162"},"modified":"2024-09-13T12:34:46","modified_gmt":"2024-09-13T15:34:46","slug":"linhas-de-pesquisa","status":"publish","type":"page","link":"https:\/\/www.ufsm.br\/cursos\/pos-graduacao\/santa-maria\/ppgcc\/linhas-de-pesquisa","title":{"rendered":"Linhas de Pesquisa"},"content":{"rendered":"\t\t<div data-elementor-type=\"wp-post\" data-elementor-id=\"162\" class=\"elementor elementor-162\">\n\t\t\t\t\t\t<section class=\"elementor-section elementor-top-section elementor-element elementor-element-7fad1d5 elementor-section-boxed elementor-section-height-default elementor-section-height-default\" data-id=\"7fad1d5\" data-element_type=\"section\">\n\t\t\t\t\t\t<div class=\"elementor-container elementor-column-gap-default\">\n\t\t\t\t\t<div class=\"elementor-column elementor-col-100 elementor-top-column elementor-element elementor-element-47df3cb\" data-id=\"47df3cb\" data-element_type=\"column\">\n\t\t\t<div class=\"elementor-widget-wrap elementor-element-populated\">\n\t\t\t\t\t\t<div class=\"elementor-element elementor-element-3120cba elementor-widget elementor-widget-text-editor\" data-id=\"3120cba\" data-element_type=\"widget\" data-widget_type=\"text-editor.default\">\n\t\t\t\t<div class=\"elementor-widget-container\">\n\t\t\t\t\t\t\t<p>O Curso de Mestrado do PPGCC est\u00e1 estruturado a partir dos Grupos de Pesquisa que trabalham para a manuten\u00e7\u00e3o e amplia\u00e7\u00e3o da infraestrutura de pesquisa e produ\u00e7\u00e3o nas Linhas de Pesquisa. Atualmente, essas linhas s\u00e3o:<\/p>\t\t\t\t\t\t<\/div>\n\t\t\t\t<\/div>\n\t\t\t\t<div class=\"elementor-element elementor-element-8fb9c16 elementor-widget elementor-widget-text-editor\" data-id=\"8fb9c16\" data-element_type=\"widget\" data-widget_type=\"text-editor.default\">\n\t\t\t\t<div class=\"elementor-widget-container\">\n\t\t\t\t\t\t\t<h5><strong>Linguagens de Programa\u00e7\u00e3o e Bancos de Dados:<\/strong><\/h5>\n<p>Desenvolve trabalhos envolvendo a investiga\u00e7\u00e3o de conceitos te\u00f3ricos e pr\u00e1ticos abordados na especi\ufb01ca\u00e7\u00e3o e desenvolvimento de linguagens de programa\u00e7\u00e3o e na de\ufb01ni\u00e7\u00e3o e implementa\u00e7\u00e3o de sistemas de banco de dados. A linha \u00e9&nbsp;associada \u00e0 um grupo hom\u00f4nimo.<\/p>\n<p>Professores:&nbsp;<\/p>\n<p><a style=\"background-color: #ffffff\" href=\"https:\/\/ufsmpublica.ufsm.br\/docente\/16583\" target=\"_blank\" rel=\"noopener\">Alencar Machado<\/a><br><a style=\"font-size: 16px\" href=\"https:\/\/ufsmpublica.ufsm.br\/docente\/14683\">Celio Trois<\/a><br><a href=\"https:\/\/ufsmpublica.ufsm.br\/docente\/5168\" target=\"_blank\" rel=\"noopener\">Jo\u00e3o Carlos Damasceno Lima<\/a><br><a style=\"font-size: 16px\" href=\"https:\/\/ufsmpublica.ufsm.br\/docente\/17296\" target=\"_blank\" rel=\"noopener\">Jo\u00e3o Vicente Ferreira Lima<\/a><br><a style=\"font-size: 16px\" href=\"https:\/\/ufsmpublica.ufsm.br\/docente\/17303\">Vin\u00edcius Maran<\/a><span style=\"color: #222222\"><span style=\"font-family: Arial, Helvetica, sans-serif\"><span style=\"font-size: medium\"><br><\/span><\/span><\/span><\/p>\n<h5><strong>Computa\u00e7\u00e3o Aplicada:<br><\/strong><\/h5>\n<p>O objetivo da linha e explorar aplica\u00e7\u00f5es inovadoras dos sistemas de computa\u00e7\u00e3o, desenvolvendo pesquisa, inicialmente, nas \u00e1reas: Inform\u00e1tica na Educa\u00e7\u00e3o, Otimiza\u00e7\u00e3o, Computa\u00e7\u00e3o Gr\u00e1\ufb01ca, Processamento de Imagens, Intelig\u00eancia Arti\ufb01cial, Simula\u00e7\u00e3o e Engenharia de Software. A linha tem suporte dos grupos: LaCA &#8211; Laborat\u00f3rio de Computa\u00e7\u00e3o Aplicada; Heur\u00edsticas e Meta-Heur\u00edsticas: Desenvolvimento e Estrat\u00e9gias de Ensino Aprendizagem; e GRECA &#8211; Grupo de Redes e Computa\u00e7\u00e3o Aplicada.<\/p>\n<p>Professores:<\/p>\n<p><a style=\"font-size: 16px\" href=\"https:\/\/ufsmpublica.ufsm.br\/docente\/16441\">Daniel Fernando Tello Gamarra<\/a><br><a style=\"background-color: #ffffff\" href=\"https:\/\/ufsmpublica.ufsm.br\/docente\/17918\" target=\"_blank\" rel=\"noopener\">Daniel Welfer<\/a><br><a style=\"font-size: 16px\" href=\"http:\/\/ufsmpublica.ufsm.br\/docente\/25005\">Leonardo Ramos Emmendorfer<\/a><br><a style=\"background-color: #ffffff\" href=\"https:\/\/ufsmpublica.ufsm.br\/docente\/14514\" target=\"_blank\" rel=\"noopener\">Lisandra Manzoni Fontoura<\/a><br><a style=\"color: #0056b3;background-color: #ffffff\" href=\"https:\/\/ufsmpublica.ufsm.br\/docente\/15437\" target=\"_blank\" rel=\"noopener\">Lu\u00eds Alvaro de Lima Silva<\/a><br><a style=\"background-color: #ffffff\" href=\"https:\/\/ufsmpublica.ufsm.br\/docente\/4435\" target=\"_blank\" rel=\"noopener\">Roseclea Duarte Medina<\/a><\/p>\n<h5><strong>Microeletr\u00f4nica e Processamento de Sinais:<\/strong><\/h5>\n<p>A linha visa a forma\u00e7\u00e3o de recursos humanos de qualidade, seja para a academia ou setor industrial, na \u00e1rea de projeto de circuitos e sistemas integrados envolvendo solu\u00e7\u00f5es em hardware e software, bem como a pesquisa de t\u00e9cnicas avan\u00e7adas para processamento de sinais em sistemas de comunica\u00e7\u00e3o. A linha \u00e9 sustentada pelos grupos: GMicro &#8211; Grupo de Microeletr\u00f4nica; e GPSCom \u2013 Grupo de Pesquisa em Processamento de Sinais e Comunica\u00e7\u00f5es.<\/p>\n<p>Professores:<\/p>\n<p><a style=\"background-color: #ffffff\" href=\"https:\/\/ufsmpublica.ufsm.br\/docente\/16069\" target=\"_blank\" rel=\"noopener\">Mateus Beck Rutzig<\/a><br><a href=\"https:\/\/ufsmpublica.ufsm.br\/docente\/5253\" target=\"_blank\" rel=\"noopener\">Raul Ceretta Nunes<\/a><\/p>\n<h5><strong>Sistemas Paralelos e Distribu\u00eddos:<\/strong><\/h5>\n<p>A linha visa explorar os limites tecnol\u00f3gicos das redes de computadores e dos sistemas paralelos e distribu\u00eddos. Pesquisas envolvem aspectos de redes sem \ufb01os e ger\u00eancia de redes, grades e aglomerados, virtualiza\u00e7\u00e3o e sistemas pervasivos e ub\u00edquos. A linha \u00e9&nbsp;alicer\u00e7ada pelos grupos: GMob &#8211; Sistema de Computa\u00e7\u00e3o M\u00f3vel e Pervasiva; LSC &#8211; Laborat\u00f3rio de Sistemas de Computa\u00e7\u00e3o; e GTSeg &#8211; Gest\u00e3o e Tecnologia em Seguran\u00e7a da Informa\u00e7\u00e3o.<\/p>\n<p>Professores:<\/p>\n<p><a style=\"color: #0056b3;background-color: #ffffff\" href=\"https:\/\/ufsmpublica.ufsm.br\/docente\/17459\" target=\"_blank\" rel=\"noopener\">Carlos Raniery Paula dos Santos<\/a><br><a style=\"font-size: 16px\" href=\"https:\/\/ufsmpublica.ufsm.br\/docente\/14683\">Celio Trois<\/a><br><a style=\"color: #204c90;background-color: #ffffff;font-size: 16px\" href=\"https:\/\/ufsmpublica.ufsm.br\/docente\/5168\" target=\"_blank\" rel=\"noopener\">Jo\u00e3o Carlos Damasceno Lima<\/a><br><a href=\"https:\/\/ufsmpublica.ufsm.br\/docente\/17296\" target=\"_blank\" rel=\"noopener\">Jo\u00e3o Vicente Ferreira Lima<\/a><br><a href=\"https:\/\/ufsmpublica.ufsm.br\/docente\/5253\" target=\"_blank\" rel=\"noopener\">Raul Ceretta Nunes<\/a><\/p>\t\t\t\t\t\t<\/div>\n\t\t\t\t<\/div>\n\t\t\t\t\t<\/div>\n\t\t<\/div>\n\t\t\t\t\t<\/div>\n\t\t<\/section>\n\t\t\t\t<section class=\"elementor-section elementor-top-section elementor-element elementor-element-e246f3b elementor-section-boxed elementor-section-height-default elementor-section-height-default\" data-id=\"e246f3b\" data-element_type=\"section\">\n\t\t\t\t\t\t<div class=\"elementor-container elementor-column-gap-default\">\n\t\t\t\t\t<div class=\"elementor-column elementor-col-100 elementor-top-column elementor-element elementor-element-0d10c1c\" data-id=\"0d10c1c\" data-element_type=\"column\">\n\t\t\t<div class=\"elementor-widget-wrap elementor-element-populated\">\n\t\t\t\t\t\t\t<\/div>\n\t\t<\/div>\n\t\t\t\t\t<\/div>\n\t\t<\/section>\n\t\t\t\t<\/div>\n\t\t","protected":false},"excerpt":{"rendered":"<p>O Curso de Mestrado do PPGCC est\u00e1 estruturado a partir dos Grupos de Pesquisa que trabalham para a manuten\u00e7\u00e3o e amplia\u00e7\u00e3o da infraestrutura de pesquisa e produ\u00e7\u00e3o nas Linhas de Pesquisa. Atualmente, essas linhas s\u00e3o: Linguagens de Programa\u00e7\u00e3o e Bancos de Dados: Desenvolve trabalhos envolvendo a investiga\u00e7\u00e3o de conceitos te\u00f3ricos e pr\u00e1ticos abordados na especi\ufb01ca\u00e7\u00e3o [&hellip;]<\/p>\n","protected":false},"author":723,"featured_media":0,"parent":0,"menu_order":0,"comment_status":"closed","ping_status":"closed","template":"","meta":{"footnotes":""},"categories":[],"tags":[],"class_list":["post-162","page","type-page","status-publish","hentry"],"acf":[],"_links":{"self":[{"href":"https:\/\/www.ufsm.br\/cursos\/pos-graduacao\/santa-maria\/ppgcc\/wp-json\/wp\/v2\/pages\/162","targetHints":{"allow":["GET"]}}],"collection":[{"href":"https:\/\/www.ufsm.br\/cursos\/pos-graduacao\/santa-maria\/ppgcc\/wp-json\/wp\/v2\/pages"}],"about":[{"href":"https:\/\/www.ufsm.br\/cursos\/pos-graduacao\/santa-maria\/ppgcc\/wp-json\/wp\/v2\/types\/page"}],"author":[{"embeddable":true,"href":"https:\/\/www.ufsm.br\/cursos\/pos-graduacao\/santa-maria\/ppgcc\/wp-json\/wp\/v2\/users\/723"}],"replies":[{"embeddable":true,"href":"https:\/\/www.ufsm.br\/cursos\/pos-graduacao\/santa-maria\/ppgcc\/wp-json\/wp\/v2\/comments?post=162"}],"version-history":[{"count":0,"href":"https:\/\/www.ufsm.br\/cursos\/pos-graduacao\/santa-maria\/ppgcc\/wp-json\/wp\/v2\/pages\/162\/revisions"}],"wp:attachment":[{"href":"https:\/\/www.ufsm.br\/cursos\/pos-graduacao\/santa-maria\/ppgcc\/wp-json\/wp\/v2\/media?parent=162"}],"wp:term":[{"taxonomy":"category","embeddable":true,"href":"https:\/\/www.ufsm.br\/cursos\/pos-graduacao\/santa-maria\/ppgcc\/wp-json\/wp\/v2\/categories?post=162"},{"taxonomy":"post_tag","embeddable":true,"href":"https:\/\/www.ufsm.br\/cursos\/pos-graduacao\/santa-maria\/ppgcc\/wp-json\/wp\/v2\/tags?post=162"}],"curies":[{"name":"wp","href":"https:\/\/api.w.org\/{rel}","templated":true}]}}