{"id":163,"date":"2019-04-08T14:33:29","date_gmt":"2019-04-08T17:33:29","guid":{"rendered":"https:\/\/www.ufsm.br\/cursos\/pos-graduacao\/santa-maria\/ppgcc\/?page_id=163"},"modified":"2026-01-23T10:20:02","modified_gmt":"2026-01-23T13:20:02","slug":"alunos-regulares","status":"publish","type":"page","link":"https:\/\/www.ufsm.br\/cursos\/pos-graduacao\/santa-maria\/ppgcc\/alunos-regulares","title":{"rendered":"Alunos regulares"},"content":{"rendered":"\n<p>O ingresso no Mestrado em Ci\u00eancia da Computa\u00e7\u00e3o \u00e9 feito atrav\u00e9s de processo seletivo. A cada ano \u00e9 lan\u00e7ado um novo edital contendo as regras para classifica\u00e7\u00e3o. <span style=\"font-size: revert;color: initial\">Confira abaixo os editais dos \u00faltimos processos seletivos para a p\u00f3s-gradua\u00e7\u00e3o da UFSM:<\/span><\/p>\n<ul>\n<li><a href=\"https:\/\/www.ufsm.br\/cursos\/pos-graduacao\/santa-maria\/ppgcc\/2025\/10\/06\/processo-seletivo-para-pos-graduacao-com-ingresso-no-1o-semestre-de-2026\">Sele\u00e7\u00e3o para ingresso em 2026<\/a><\/li>\n<li><a href=\"https:\/\/www.ufsm.br\/pro-reitorias\/prpgp\/2024\/10\/01\/publicado-edital-de-selecao-de-pos-graduacao-para-ingresso-em-2025\">Sele\u00e7\u00e3o para ingresso em 2025<\/a><\/li>\n<li><a href=\"https:\/\/www.ufsm.br\/cursos\/pos-graduacao\/santa-maria\/ppgcc\/2023\/10\/30\/publicado-edital-de-selecao-de-pos-graduacao-para-ingresso-em-2024\">Sele\u00e7\u00e3o para ingresso em 2024<\/a><\/li>\n<li><a href=\"https:\/\/www.ufsm.br\/cursos\/pos-graduacao\/santa-maria\/ppgcc\/2022\/09\/30\/processo-seletivo-para-ingresso-na-pos-graduacao-da-ufsm-em-2023-1-edital-030-2022-prpgp-ufsm\">Sele\u00e7\u00e3o para ingresso em 2023\/01<\/a><\/li>\n<li><a href=\"https:\/\/www.ufsm.br\/cursos\/pos-graduacao\/santa-maria\/ppgcc\/2022\/01\/05\/processo-seletivo-para-ingresso-na-pos-graduacao-da-ufsm-edital-028-2021-prpgp-ufsm\/\">Sele\u00e7\u00e3o para ingresso em 2022\/01<\/a><\/li>\n<li><a href=\"https:\/\/www.ufsm.br\/cursos\/pos-graduacao\/santa-maria\/ppgcc\/2021\/04\/05\/edital-009-2021-prpgp-ufsm-processo-seletivo-para-ingresso-na-pos-graduacao-da-ufsm\/\">Sele\u00e7\u00e3o para ingresso em 2021\/01<\/a><\/li>\n<li><a href=\"https:\/\/www.ufsm.br\/cursos\/pos-graduacao\/santa-maria\/ppgcc\/2019\/09\/30\/edital-de-selecao-do-ppgcc-para-ingresso-em-2020-01\/\">Sele\u00e7\u00e3o para ingresso em 2020\/01<\/a><\/li>\n<li><a href=\"https:\/\/www.ufsm.br\/pro-reitorias\/prpgp\/wp-content\/uploads\/sites\/345\/2018\/10\/Edital-027-2018-1sem2019-publicado-28092018.pdf\">Sele\u00e7\u00e3o para ingresso em 2019\/01<\/a><\/li>\n<li><a href=\"https:\/\/www.ufsm.br\/pro-reitorias\/prpgp\/wp-content\/uploads\/sites\/345\/2017\/09\/55301c9f-3169-4afb-a7f8-e4edf2234fc0.pdf\">Sele\u00e7\u00e3o para ingresso em 2018\/01<\/a><\/li>\n<li><a href=\"https:\/\/www.ufsm.br\/cursos\/pos-graduacao\/santa-maria\/ppgh\/wp-content\/uploads\/sites\/510\/2019\/03\/edital_selecao_2017-1.pdf\">Sele\u00e7\u00e3o para ingresso em 2017\/01<\/a><strong><br \/><\/strong><\/li>\n<\/ul>\n","protected":false},"excerpt":{"rendered":"<p>O ingresso no Mestrado em Ci\u00eancia da Computa\u00e7\u00e3o \u00e9 feito atrav\u00e9s de processo seletivo. A cada ano \u00e9 lan\u00e7ado um novo edital contendo as regras para classifica\u00e7\u00e3o. Confira abaixo os editais dos \u00faltimos processos seletivos para a p\u00f3s-gradua\u00e7\u00e3o da UFSM: Sele\u00e7\u00e3o para ingresso em 2026 Sele\u00e7\u00e3o para ingresso em 2025 Sele\u00e7\u00e3o para ingresso em 2024 [&hellip;]<\/p>\n","protected":false},"author":723,"featured_media":0,"parent":0,"menu_order":0,"comment_status":"closed","ping_status":"closed","template":"","meta":{"footnotes":""},"categories":[],"tags":[],"class_list":["post-163","page","type-page","status-publish","hentry"],"acf":[],"_links":{"self":[{"href":"https:\/\/www.ufsm.br\/cursos\/pos-graduacao\/santa-maria\/ppgcc\/wp-json\/wp\/v2\/pages\/163","targetHints":{"allow":["GET"]}}],"collection":[{"href":"https:\/\/www.ufsm.br\/cursos\/pos-graduacao\/santa-maria\/ppgcc\/wp-json\/wp\/v2\/pages"}],"about":[{"href":"https:\/\/www.ufsm.br\/cursos\/pos-graduacao\/santa-maria\/ppgcc\/wp-json\/wp\/v2\/types\/page"}],"author":[{"embeddable":true,"href":"https:\/\/www.ufsm.br\/cursos\/pos-graduacao\/santa-maria\/ppgcc\/wp-json\/wp\/v2\/users\/723"}],"replies":[{"embeddable":true,"href":"https:\/\/www.ufsm.br\/cursos\/pos-graduacao\/santa-maria\/ppgcc\/wp-json\/wp\/v2\/comments?post=163"}],"version-history":[{"count":0,"href":"https:\/\/www.ufsm.br\/cursos\/pos-graduacao\/santa-maria\/ppgcc\/wp-json\/wp\/v2\/pages\/163\/revisions"}],"wp:attachment":[{"href":"https:\/\/www.ufsm.br\/cursos\/pos-graduacao\/santa-maria\/ppgcc\/wp-json\/wp\/v2\/media?parent=163"}],"wp:term":[{"taxonomy":"category","embeddable":true,"href":"https:\/\/www.ufsm.br\/cursos\/pos-graduacao\/santa-maria\/ppgcc\/wp-json\/wp\/v2\/categories?post=163"},{"taxonomy":"post_tag","embeddable":true,"href":"https:\/\/www.ufsm.br\/cursos\/pos-graduacao\/santa-maria\/ppgcc\/wp-json\/wp\/v2\/tags?post=163"}],"curies":[{"name":"wp","href":"https:\/\/api.w.org\/{rel}","templated":true}]}}