{"id":176,"date":"2019-04-08T17:29:27","date_gmt":"2019-04-08T20:29:27","guid":{"rendered":"https:\/\/www.ufsm.br\/cursos\/pos-graduacao\/santa-maria\/ppgcc\/?page_id=176"},"modified":"2025-11-25T18:23:09","modified_gmt":"2025-11-25T21:23:09","slug":"regulamentos-e-normas","status":"publish","type":"page","link":"https:\/\/www.ufsm.br\/cursos\/pos-graduacao\/santa-maria\/ppgcc\/regulamentos-e-normas","title":{"rendered":"Regulamento e Legisla\u00e7\u00e3o"},"content":{"rendered":"\n<p>\u00a0<\/p>\n<ul>\n<li style=\"text-align: left\"><a href=\"https:\/\/www.ufsm.br\/pro-reitorias\/prpgp\/legislacao\"><big>Legisla\u00e7\u00e3o da P\u00f3s-Gradua\u00e7\u00e3o da UFSM<\/big><\/a><\/li>\n<li style=\"text-align: left\"><a href=\"https:\/\/portal.ufsm.br\/documentos\/download.html?action=componente&amp;download=false&amp;id=6188110\"><big>Regulamento do PPGCC<\/big><\/a><\/li>\n<li style=\"text-align: left\"><a href=\"https:\/\/www.ufsm.br\/cursos\/pos-graduacao\/santa-maria\/ppgcc\/atos-deliberativos-do-colegiado-do-ppgcc\"><big>Atos Deliberativos do Colegiado do PPGCC<\/big><\/a><\/li>\n<li style=\"text-align: left\"><a href=\"https:\/\/www.ufsm.br\/cursos\/pos-graduacao\/santa-maria\/ppgcc\/atas-das-reunioes-de-colegiado-do-ppgcc\"><big>Atas das Reuni\u00f5es do Colegiado do PPGCC<\/big><\/a><\/li>\n<li style=\"text-align: left\"><big><a href=\"https:\/\/www.ufsm.br\/cursos\/pos-graduacao\/santa-maria\/ppgcc\/resolucoes-internas-do-ppgcc-2011-2023\">Resolu\u00e7\u00f5es Internas do PPGCC (2011-2023)<\/a><\/big><\/li>\n<li style=\"text-align: left\"><big><a href=\"https:\/\/www.ufsm.br\/cursos\/pos-graduacao\/santa-maria\/ppgcc\/wp-content\/uploads\/sites\/567\/2019\/04\/PPC-PGCC.pdf\">Projeto Pedag\u00f3gico do Curso de Mestrado em Ci\u00eancia da Computa\u00e7\u00e3o<\/a><br \/><\/big><\/li>\n<\/ul>\n<h3>\u00a0<\/h3>\n<div>\n<p>\u00a0<\/p>\n<\/div>\n","protected":false},"excerpt":{"rendered":"<p>\u00a0 Legisla\u00e7\u00e3o da P\u00f3s-Gradua\u00e7\u00e3o da UFSM Regulamento do PPGCC Atos Deliberativos do Colegiado do PPGCC Atas das Reuni\u00f5es do Colegiado do PPGCC Resolu\u00e7\u00f5es Internas do PPGCC (2011-2023) Projeto Pedag\u00f3gico do Curso de Mestrado em Ci\u00eancia da Computa\u00e7\u00e3o \u00a0 \u00a0<\/p>\n","protected":false},"author":723,"featured_media":0,"parent":0,"menu_order":0,"comment_status":"closed","ping_status":"closed","template":"","meta":{"footnotes":""},"categories":[],"tags":[],"class_list":["post-176","page","type-page","status-publish","hentry"],"acf":[],"_links":{"self":[{"href":"https:\/\/www.ufsm.br\/cursos\/pos-graduacao\/santa-maria\/ppgcc\/wp-json\/wp\/v2\/pages\/176","targetHints":{"allow":["GET"]}}],"collection":[{"href":"https:\/\/www.ufsm.br\/cursos\/pos-graduacao\/santa-maria\/ppgcc\/wp-json\/wp\/v2\/pages"}],"about":[{"href":"https:\/\/www.ufsm.br\/cursos\/pos-graduacao\/santa-maria\/ppgcc\/wp-json\/wp\/v2\/types\/page"}],"author":[{"embeddable":true,"href":"https:\/\/www.ufsm.br\/cursos\/pos-graduacao\/santa-maria\/ppgcc\/wp-json\/wp\/v2\/users\/723"}],"replies":[{"embeddable":true,"href":"https:\/\/www.ufsm.br\/cursos\/pos-graduacao\/santa-maria\/ppgcc\/wp-json\/wp\/v2\/comments?post=176"}],"version-history":[{"count":0,"href":"https:\/\/www.ufsm.br\/cursos\/pos-graduacao\/santa-maria\/ppgcc\/wp-json\/wp\/v2\/pages\/176\/revisions"}],"wp:attachment":[{"href":"https:\/\/www.ufsm.br\/cursos\/pos-graduacao\/santa-maria\/ppgcc\/wp-json\/wp\/v2\/media?parent=176"}],"wp:term":[{"taxonomy":"category","embeddable":true,"href":"https:\/\/www.ufsm.br\/cursos\/pos-graduacao\/santa-maria\/ppgcc\/wp-json\/wp\/v2\/categories?post=176"},{"taxonomy":"post_tag","embeddable":true,"href":"https:\/\/www.ufsm.br\/cursos\/pos-graduacao\/santa-maria\/ppgcc\/wp-json\/wp\/v2\/tags?post=176"}],"curies":[{"name":"wp","href":"https:\/\/api.w.org\/{rel}","templated":true}]}}