{"id":222,"date":"2019-04-09T14:46:59","date_gmt":"2019-04-09T17:46:59","guid":{"rendered":"https:\/\/www.ufsm.br\/cursos\/pos-graduacao\/santa-maria\/ppgcc\/?page_id=222"},"modified":"2022-04-26T10:30:41","modified_gmt":"2022-04-26T13:30:41","slug":"apresentacao-do-programa","status":"publish","type":"page","link":"https:\/\/www.ufsm.br\/cursos\/pos-graduacao\/santa-maria\/ppgcc\/apresentacao-do-programa","title":{"rendered":"Hist\u00f3rico"},"content":{"rendered":"\n<p>O Programa de P\u00f3s-Gradua\u00e7\u00e3o em Ci\u00eancia da Computa\u00e7\u00e3o, subunidade do Centro de Tecnologia, iniciou suas atividades como Programa de P\u00f3s-Gradua\u00e7\u00e3o em Inform\u00e1tica com a cria\u00e7\u00e3o do Curso Stricto Sensu de Mestrado em Computa\u00e7\u00e3o, homologado pela CAPES em agosto de 2006, n\u00edvel 3, e criado pelo Conselho Universit\u00e1rio da Universidade Federal de Santa Maria (UFSM) em 29 de setembro de 2006. As atividades did\u00e1tico-cient\u00edficas do PPGI iniciaram em mar\u00e7o de 2007. Ao longo dos anos o programa passou por uma s\u00e9rie de modifica\u00e7\u00f5es. Em 2012, o Mestrado em Computa\u00e7\u00e3o passou a se chamar Mestrado em Ci\u00eancia da Computa\u00e7\u00e3o. Em 2016, houve uma modifica\u00e7\u00e3o no Projeto Pedag\u00f3gico do Curso (PPC) e no nome do Programa de P\u00f3s-Gradua\u00e7\u00e3o em Inform\u00e1tica (PPGI), que passou a se chamar Programa de P\u00f3s-Gradua\u00e7\u00e3o em Ci\u00eancia da Computa\u00e7\u00e3o (PPGCC).<\/p>\n<p>Contando inicialmente com dez professores-orientadores, seu quadro docente era composto basicamente por professores que atendiam o curso de gradua\u00e7\u00e3o em Ci\u00eancia da Computa\u00e7\u00e3o, que na \u00e9poca ofertava apenas 30 vagas anuais. Com a ades\u00e3o ao Programa de Apoio a Planos de Restrutura\u00e7\u00e3o e Expans\u00e3o das Universidades Federais (REUNI) a UFSM expandiu significativamente o n\u00famero de vagas na gradua\u00e7\u00e3o. S\u00f3 no CT, foi expandido de 30 para 120 vagas anuais (40 em Ci\u00eancia da Computa\u00e7\u00e3o, 40 em Sistemas de Informa\u00e7\u00e3o e 40 em Engenharia de Computa\u00e7\u00e3o). Al\u00e9m disto, foram criados outros dois cursos superiores de tecnologia no campus Sede e um de Sistemas de Informa\u00e7\u00e3o no campus de Frederico Westphalen. Como resultado, em pouco mais de uma d\u00e9cada houve um aumento significativo no corpo discente na \u00e1rea de Computa\u00e7\u00e3o, com reflexo na p\u00f3s-gradua\u00e7\u00e3o. Consequentemente, o corpo docente do PPGCC tamb\u00e9m foi ampliado na \u00faltima d\u00e9cada com o ingresso de novos professores, os quais foram sendo alocados nos grupos de pesquisa do programa para desenvolver trabalhos integrados.\u00a0<\/p>\n<p>Posicionar a Computa\u00e7\u00e3o como \u00e1rea fim de pesquisa representa para a UFSM e seu PPGCC atender a uma demanda por inova\u00e7\u00e3o e por pesquisa acad\u00eamica espec\u00edfica e necess\u00e1ria \u00e0s organiza\u00e7\u00f5es, \u00e0 sociedade e ao pa\u00eds. Cabe mencionar que ter a Computa\u00e7\u00e3o como foco em programa de mestrado \u00e9 uma a\u00e7\u00e3o estrat\u00e9gica que est\u00e1 alinhada de forma coerente aos objetivos dos cursos de gradua\u00e7\u00e3o do CT, em especial os de <strong>Ci\u00eancia da Computa\u00e7\u00e3o, Sistemas de informa\u00e7\u00e3o <\/strong>e<strong> Engenharia da Computa\u00e7\u00e3o<\/strong>, atendidos pelo <strong>Departamento de Eletr\u00f4nica e Computa\u00e7\u00e3o<\/strong>, <strong>Departamento de Computa\u00e7\u00e3o Aplicada <\/strong>e<strong> Departamento de Linguagens e Sistemas de Computa\u00e7\u00e3o,<\/strong> bem como dos cursos de <strong>Tecn\u00f3logo em Sistemas para a Internet<\/strong> e <strong>Tecn\u00f3logo em Redes de Computadores<\/strong> de outras Unidades da UFSM, permitindo uma continuidade na forma\u00e7\u00e3o de profissionais.<\/p>\n<p>Finalmente, o Programa reconhece que a qualidade conquistada pelos cursos de gradua\u00e7\u00e3o em Ci\u00eancia da Computa\u00e7\u00e3o, Sistemas de Informa\u00e7\u00e3o e Engenharia da Computa\u00e7\u00e3o \u00e9 um fator constante nas atividades dos docentes da P\u00f3s-Gradua\u00e7\u00e3o. Todos os docentes est\u00e3o empenhados em apoiar os discentes e motivados para formar profissionais na \u00e1rea de interesse do programa.<\/p>\n","protected":false},"excerpt":{"rendered":"<p>O Programa de P\u00f3s-Gradua\u00e7\u00e3o em Ci\u00eancia da Computa\u00e7\u00e3o, subunidade do Centro de Tecnologia, iniciou suas atividades como Programa de P\u00f3s-Gradua\u00e7\u00e3o em Inform\u00e1tica com a cria\u00e7\u00e3o do Curso Stricto Sensu de Mestrado em Computa\u00e7\u00e3o, homologado pela CAPES em agosto de 2006, n\u00edvel 3, e criado pelo Conselho Universit\u00e1rio da Universidade Federal de Santa Maria (UFSM) em [&hellip;]<\/p>\n","protected":false},"author":723,"featured_media":0,"parent":0,"menu_order":0,"comment_status":"closed","ping_status":"closed","template":"","meta":{"footnotes":""},"categories":[],"tags":[],"class_list":["post-222","page","type-page","status-publish","hentry"],"acf":[],"_links":{"self":[{"href":"https:\/\/www.ufsm.br\/cursos\/pos-graduacao\/santa-maria\/ppgcc\/wp-json\/wp\/v2\/pages\/222","targetHints":{"allow":["GET"]}}],"collection":[{"href":"https:\/\/www.ufsm.br\/cursos\/pos-graduacao\/santa-maria\/ppgcc\/wp-json\/wp\/v2\/pages"}],"about":[{"href":"https:\/\/www.ufsm.br\/cursos\/pos-graduacao\/santa-maria\/ppgcc\/wp-json\/wp\/v2\/types\/page"}],"author":[{"embeddable":true,"href":"https:\/\/www.ufsm.br\/cursos\/pos-graduacao\/santa-maria\/ppgcc\/wp-json\/wp\/v2\/users\/723"}],"replies":[{"embeddable":true,"href":"https:\/\/www.ufsm.br\/cursos\/pos-graduacao\/santa-maria\/ppgcc\/wp-json\/wp\/v2\/comments?post=222"}],"version-history":[{"count":0,"href":"https:\/\/www.ufsm.br\/cursos\/pos-graduacao\/santa-maria\/ppgcc\/wp-json\/wp\/v2\/pages\/222\/revisions"}],"wp:attachment":[{"href":"https:\/\/www.ufsm.br\/cursos\/pos-graduacao\/santa-maria\/ppgcc\/wp-json\/wp\/v2\/media?parent=222"}],"wp:term":[{"taxonomy":"category","embeddable":true,"href":"https:\/\/www.ufsm.br\/cursos\/pos-graduacao\/santa-maria\/ppgcc\/wp-json\/wp\/v2\/categories?post=222"},{"taxonomy":"post_tag","embeddable":true,"href":"https:\/\/www.ufsm.br\/cursos\/pos-graduacao\/santa-maria\/ppgcc\/wp-json\/wp\/v2\/tags?post=222"}],"curies":[{"name":"wp","href":"https:\/\/api.w.org\/{rel}","templated":true}]}}