{"id":225,"date":"2019-04-15T10:51:16","date_gmt":"2019-04-15T13:51:16","guid":{"rendered":"https:\/\/www.ufsm.br\/cursos\/pos-graduacao\/santa-maria\/ppgcc\/?page_id=225"},"modified":"2025-02-10T09:35:11","modified_gmt":"2025-02-10T12:35:11","slug":"docentes","status":"publish","type":"page","link":"https:\/\/www.ufsm.br\/cursos\/pos-graduacao\/santa-maria\/ppgcc\/docentes","title":{"rendered":"Docentes"},"content":{"rendered":"\t\t<div data-elementor-type=\"wp-post\" data-elementor-id=\"225\" class=\"elementor elementor-225\">\n\t\t\t\t\t\t<section class=\"elementor-section elementor-top-section elementor-element elementor-element-67743f98 elementor-section-boxed elementor-section-height-default elementor-section-height-default\" data-id=\"67743f98\" data-element_type=\"section\">\n\t\t\t\t\t\t<div class=\"elementor-container elementor-column-gap-default\">\n\t\t\t\t\t<div class=\"elementor-column elementor-col-100 elementor-top-column elementor-element elementor-element-245a1da2\" data-id=\"245a1da2\" data-element_type=\"column\">\n\t\t\t<div class=\"elementor-widget-wrap elementor-element-populated\">\n\t\t\t\t\t\t<div class=\"elementor-element elementor-element-c9ea99b elementor-widget elementor-widget-text-editor\" data-id=\"c9ea99b\" data-element_type=\"widget\" data-widget_type=\"text-editor.default\">\n\t\t\t\t<div class=\"elementor-widget-container\">\n\t\t\t\t\t\t\t<p><span style=\"font-size: 11pt;font-family: Arial, sans-serif;color: black\">Todos os professores membros permanentes do programa s\u00e3o respons\u00e1veis por disciplinas em cursos de gradua\u00e7\u00e3o relacionados \u00e0 computa\u00e7\u00e3o, principalmente nos cursos de <strong>Ci\u00eancia da Computa\u00e7\u00e3o<\/strong>, <strong>Engenharia da Computa\u00e7\u00e3o<\/strong>, <strong>Engenharia de Telecomunica\u00e7\u00f5es<\/strong>, <strong>Sistemas de Informa\u00e7\u00e3o<\/strong> e <strong>Sistemas para Internet<\/strong>.\u00a0<\/span><\/p>\t\t\t\t\t\t<\/div>\n\t\t\t\t<\/div>\n\t\t\t\t<div class=\"elementor-element elementor-element-156f32e1 elementor-widget elementor-widget-text-editor\" data-id=\"156f32e1\" data-element_type=\"widget\" data-widget_type=\"text-editor.default\">\n\t\t\t\t<div class=\"elementor-widget-container\">\n\t\t\t\t\t\t\t<p><a href=\"https:\/\/ufsmpublica.ufsm.br\/docente\/16583\" target=\"_blank\" rel=\"noopener\">Alencar Machado<\/a><\/p>\n<p><a href=\"https:\/\/ufsmpublica.ufsm.br\/docente\/17459\" target=\"_blank\" rel=\"noopener\">Carlos Raniery Paula dos Santos<\/a><\/p>\n<p><a href=\"https:\/\/ufsmpublica.ufsm.br\/docente\/14683\">Celio Trois<\/a><\/p>\n<p><a href=\"https:\/\/ufsmpublica.ufsm.br\/docente\/16441\">Daniel Fernando Tello Gamarra<\/a><\/p>\n<p><a href=\"https:\/\/ufsmpublica.ufsm.br\/docente\/17918\" target=\"_blank\" rel=\"noopener\">Daniel Welfer<\/a><\/p>\n<p><a href=\"https:\/\/ufsmpublica.ufsm.br\/docente\/4423\">Jo\u00e3o Baptista dos Santos Martins<\/a>\u00a0(colaborador)<\/p>\n<p><a href=\"https:\/\/ufsmpublica.ufsm.br\/docente\/5168\" target=\"_blank\" rel=\"noopener\">Jo\u00e3o Carlos Damasceno Lima<\/a><\/p>\n<p><a href=\"https:\/\/ufsmpublica.ufsm.br\/docente\/17296\" target=\"_blank\" rel=\"noopener\">Jo\u00e3o Vicente Ferreira Lima<\/a><\/p>\n<p><a href=\"http:\/\/ufsmpublica.ufsm.br\/docente\/25005\">Leonardo Ramos Emmendorfer<\/a><\/p>\n<p><a href=\"https:\/\/ufsmpublica.ufsm.br\/docente\/14514\" target=\"_blank\" rel=\"noopener\">Lisandra Manzoni Fontoura<\/a><\/p>\n<p><a href=\"https:\/\/ufsmpublica.ufsm.br\/docente\/15437\" target=\"_blank\" rel=\"noopener\">Lu\u00eds Alvaro de Lima Silva<\/a><\/p>\n<p><a href=\"https:\/\/ufsmpublica.ufsm.br\/docente\/16069\" target=\"_blank\" rel=\"noopener\">Mateus Beck Rutzig<\/a><\/p>\n<p><a href=\"https:\/\/ufsmpublica.ufsm.br\/docente\/5253\" target=\"_blank\" rel=\"noopener\">Raul Ceretta Nunes<\/a><\/p>\n<p><a href=\"https:\/\/ufsmpublica.ufsm.br\/docente\/17303\">Vin\u00edcius Maran<\/a><\/p>\n<p><!-- \/wp:list --><\/p>\t\t\t\t\t\t<\/div>\n\t\t\t\t<\/div>\n\t\t\t\t\t<\/div>\n\t\t<\/div>\n\t\t\t\t\t<\/div>\n\t\t<\/section>\n\t\t\t\t<\/div>\n\t\t","protected":false},"excerpt":{"rendered":"<p>Todos os professores membros permanentes do programa s\u00e3o respons\u00e1veis por disciplinas em cursos de gradua\u00e7\u00e3o relacionados \u00e0 computa\u00e7\u00e3o, principalmente nos cursos de Ci\u00eancia da Computa\u00e7\u00e3o, Engenharia da Computa\u00e7\u00e3o, Engenharia de Telecomunica\u00e7\u00f5es, Sistemas de Informa\u00e7\u00e3o e Sistemas para Internet.\u00a0 Alencar Machado Carlos Raniery Paula dos Santos Celio Trois Daniel Fernando Tello Gamarra Daniel Welfer Jo\u00e3o Baptista [&hellip;]<\/p>\n","protected":false},"author":118,"featured_media":0,"parent":0,"menu_order":0,"comment_status":"closed","ping_status":"closed","template":"","meta":{"footnotes":""},"categories":[],"tags":[],"class_list":["post-225","page","type-page","status-publish","hentry"],"acf":[],"_links":{"self":[{"href":"https:\/\/www.ufsm.br\/cursos\/pos-graduacao\/santa-maria\/ppgcc\/wp-json\/wp\/v2\/pages\/225","targetHints":{"allow":["GET"]}}],"collection":[{"href":"https:\/\/www.ufsm.br\/cursos\/pos-graduacao\/santa-maria\/ppgcc\/wp-json\/wp\/v2\/pages"}],"about":[{"href":"https:\/\/www.ufsm.br\/cursos\/pos-graduacao\/santa-maria\/ppgcc\/wp-json\/wp\/v2\/types\/page"}],"author":[{"embeddable":true,"href":"https:\/\/www.ufsm.br\/cursos\/pos-graduacao\/santa-maria\/ppgcc\/wp-json\/wp\/v2\/users\/118"}],"replies":[{"embeddable":true,"href":"https:\/\/www.ufsm.br\/cursos\/pos-graduacao\/santa-maria\/ppgcc\/wp-json\/wp\/v2\/comments?post=225"}],"version-history":[{"count":0,"href":"https:\/\/www.ufsm.br\/cursos\/pos-graduacao\/santa-maria\/ppgcc\/wp-json\/wp\/v2\/pages\/225\/revisions"}],"wp:attachment":[{"href":"https:\/\/www.ufsm.br\/cursos\/pos-graduacao\/santa-maria\/ppgcc\/wp-json\/wp\/v2\/media?parent=225"}],"wp:term":[{"taxonomy":"category","embeddable":true,"href":"https:\/\/www.ufsm.br\/cursos\/pos-graduacao\/santa-maria\/ppgcc\/wp-json\/wp\/v2\/categories?post=225"},{"taxonomy":"post_tag","embeddable":true,"href":"https:\/\/www.ufsm.br\/cursos\/pos-graduacao\/santa-maria\/ppgcc\/wp-json\/wp\/v2\/tags?post=225"}],"curies":[{"name":"wp","href":"https:\/\/api.w.org\/{rel}","templated":true}]}}